{"id":15654,"date":"2025-10-20T12:53:10","date_gmt":"2025-10-20T12:53:10","guid":{"rendered":"http:\/\/bure3iqeqde7ynpluyuubochndt33wwsbkmo7kgf32bmli4zigjwvzid.onion\/?page_id=15654"},"modified":"2026-02-24T12:20:40","modified_gmt":"2026-02-24T12:20:40","slug":"brief-legal-en-contexte-burien","status":"publish","type":"page","link":"https:\/\/bureburebure.info\/de\/brief-legal-en-contexte-burien\/","title":{"rendered":"Rechtsberatung in Bure"},"content":{"rendered":"<p><em>In english<\/em>.<\/p>\n<p><em>Wenn Sie es ins Deutsche \u00fcbersetzen m\u00f6chten, w\u00fcrden wir uns sehr freuen. Schreiben Sie an : traductions-bureburebure(@)riseup.net<\/em><\/p>\n<p><a href=\"https:\/\/bureburebure.info\/wp-content\/uploads\/2026\/02\/Brief-Legal-janvier-2026-ENGLISH.pdf\">Legal brief in Bure<\/a> &#8211; updated in January 2026. Download the PDF version <a href=\"https:\/\/bureburebure.info\/wp-content\/uploads\/2026\/02\/Brief-Legal-janvier-2026-ENGLISH.pdf\">to read on screen<\/a>, or <a href=\"https:\/\/bureburebure.info\/wp-content\/uploads\/2026\/02\/Brief-Legal-janvier-2026-ENGLISH-conv.pdf\">the booklet version to print<\/a>.<\/p>\n<p><em>\u00a0<\/em><\/p>\n","protected":false},"excerpt":{"rendered":"<p>In english. Wenn Sie es ins Deutsche \u00fcbersetzen m\u00f6chten, w\u00fcrden wir uns sehr freuen. Schreiben Sie an : traductions-bureburebure(@)riseup.net Legal brief in Bure &#8211; updated in January 2026. Download the PDF version to read on screen, or the booklet version to print. \u00a0<\/p>\n","protected":false},"author":3,"featured_media":949,"parent":0,"menu_order":0,"comment_status":"closed","ping_status":"closed","template":"","meta":{"_locale":"de_DE","_original_post":"http:\/\/bure3iqeqde7ynpluyuubochndt33wwsbkmo7kgf32bmli4zigjwvzid.onion\/?page_id=948","footnotes":""},"class_list":["post-15654","page","type-page","status-publish","has-post-thumbnail","hentry","de-DE"],"_links":{"self":[{"href":"https:\/\/bureburebure.info\/wp-json\/wp\/v2\/pages\/15654","targetHints":{"allow":["GET"]}}],"collection":[{"href":"https:\/\/bureburebure.info\/wp-json\/wp\/v2\/pages"}],"about":[{"href":"https:\/\/bureburebure.info\/wp-json\/wp\/v2\/types\/page"}],"author":[{"embeddable":true,"href":"https:\/\/bureburebure.info\/wp-json\/wp\/v2\/users\/3"}],"replies":[{"embeddable":true,"href":"https:\/\/bureburebure.info\/wp-json\/wp\/v2\/comments?post=15654"}],"version-history":[{"count":7,"href":"https:\/\/bureburebure.info\/wp-json\/wp\/v2\/pages\/15654\/revisions"}],"predecessor-version":[{"id":16669,"href":"https:\/\/bureburebure.info\/wp-json\/wp\/v2\/pages\/15654\/revisions\/16669"}],"wp:featuredmedia":[{"embeddable":true,"href":"https:\/\/bureburebure.info\/wp-json\/wp\/v2\/media\/949"}],"wp:attachment":[{"href":"https:\/\/bureburebure.info\/wp-json\/wp\/v2\/media?parent=15654"}],"curies":[{"name":"wp","href":"https:\/\/api.w.org\/{rel}","templated":true}]}}