{"id":15836,"date":"2025-10-31T16:26:39","date_gmt":"2025-10-31T16:26:39","guid":{"rendered":"http:\/\/bure3iqeqde7ynpluyuubochndt33wwsbkmo7kgf32bmli4zigjwvzid.onion\/?page_id=15836"},"modified":"2025-10-31T16:43:57","modified_gmt":"2025-10-31T16:43:57","slug":"comment-publier","status":"publish","type":"page","link":"https:\/\/bureburebure.info\/de\/comment-publier\/","title":{"rendered":"Wie ver\u00f6ffentliche ich ?"},"content":{"rendered":"<h1>Wie ver\u00f6ffentliche ich ?<\/h1>\n<p>Die Website Bureburebure.info bietet allen Personen die M\u00f6glichkeit, Artikel einzureichen. Die Komitees des Kampfes k\u00f6nnen so einen Account haben, um in &#8222;m\u00e9moire d&#8217;ailleurs&#8220; zu ver\u00f6ffentlichen und eine eigene Einf\u00fcgung f\u00fcr alle ihre Artikel zu haben (<a href=\"https:\/\/bureburebure.info\/tag\/comite-lyon\/\">Beispiel f\u00fcr Lyon<\/a> (auf Franz\u00f6sisch)).<\/p>\n<p><strong>Wenn du ver\u00f6ffentlichen willst, gibt es mehrere M\u00f6glichkeiten :<br \/>\n<\/strong><\/p>\n<p>Du bist an einem Ort, der die M\u00f6glichkeit hat, auf der Website zu ver\u00f6ffentlichen, kannst du dich mit den Leuten in Verbindung setzen, die die Codes haben, um mit ihr auf der Website zu ver\u00f6ffentlichen (z\u00f6gere nicht zu sehen, ob es <a href=\"https:\/\/bureburebure.info\/comites\/\">ein Wrestling-Komitee in deiner N\u00e4he gibt<\/a>, oder wenn du in der Mahle bist, an einem der Orte des Kampfes vorbeizugehen)<\/p>\n<p><em>Du bist Teil eines Kampfkomitees, das aber noch keine Codes hat<\/em>. Senden Sie uns eine E-Mail an bureburebure (at) riseup (dot) net, um mit uns zu sehen, wie es geht. Am besten ist es doch, Personen aus dem Kampf physisch sehen zu k\u00f6nnen (Geschichte von einem Mindestma\u00df an Vertrauen). Wenn Sie also mit Ihrer Gruppe motiviert sind, sind die Interkomitees ein Moment, in dem Sie sich dar\u00fcber austauschen und um Codes bitten k\u00f6nnen.<\/p>\n<p><em>Du bist isoliert \/ Du m\u00f6chtest punktuell einen Artikel anbieten \/ andere Gr\u00fcnde<\/em>. Du kannst einen Artikel direkt an bureburebure (at) riseup (dot) net vorschlagen, damit er von unserer Seite ver\u00f6ffentlicht wird. Wenn du das tust, garantieren wir keine Reaktionsf\u00e4higkeit.<\/p>\n<p>In jedem Fall, wenn du m\u00f6chtest, dass deine E-Mails verschl\u00fcsselt werden, befindet sich ein \u00f6ffentlicher Schl\u00fcssel an burebure (at) riseup.net auf den Schl\u00fcsselservern mit dem folgenden Fingerabdruck : 9E48 D340 68C7 9CC2 93BC A989 C3B8 0FF3 CBCD 1BAF<\/p>\n<p><em>Du hast ein Login und einen Code?<\/em> <a href=\"http:\/\/bure3iqeqde7ynpluyuubochndt33wwsbkmo7kgf32bmli4zigjwvzid.onion\/wp-login.php?redirect_to=http%3A%2F%2Fbure3iqeqde7ynpluyuubochndt33wwsbkmo7kgf32bmli4zigjwvzid.onion%2Fwp-admin%2F&amp;reauth=1\">Hier kannst du dich einloggen<\/a>. Wenn du zum ersten Mal eingeloggt bist, lies die Nachricht unten.<\/p>\n<p><strong>Sicherheit :<\/strong><\/p>\n<p>Der Kampf gegen die Angst wird besonders \u00fcberwacht, sei vorsichtig mit dem, was du ver\u00f6ffentlichst (keine Spur auf deinem nicht verschl\u00fcsselten Computer des Artikels zu hinterlassen, der gerade geschrieben wird. Vorsicht bei Windows big brother, wenn du das TAILS-Betriebssystem zur Ver\u00f6ffentlichung hast). Die Verwaltung erfolgt zwangsl\u00e4ufig \u00fcber Tor (anders geht es nicht). Die Seite wurde in Bezug auf Sicherheit normalerweise gut durchdacht, selbst wenn du einen Ver\u00f6ffentlichungsaccount hast, gibt es viele Dinge, auf die du keinen Zugriff hast und das ist normal. Wenn Sie zum ersten Mal auf die Website kommen, denken Sie daran, den <strong>Ver\u00f6ffentlichungsleitfaden zu lesen<\/strong>. Und wenn du Fragen zu den Herausforderungen der IT-Sicherheit hast, oder wenn du technische Tipps\/ Schulungen vor Ort organisieren m\u00f6chtest, z\u00f6gere nicht dar\u00fcber zu sprechen\/ E-Mails senden. (und wenn du gerne liest, gibt es den digitalen <a href=\"https:\/\/guide.boum.org\/\">Leitfaden zur Selbstverteidigung<\/a> (auf Franz\u00f6sisch)).<\/p>\n<p>&nbsp;<\/p>\n<p><strong><del>Redaktionelle Linie<\/del> :<\/strong><\/p>\n<p>Auf dieser Seite gibt es keine redaktionelle Linie. Wenn du einen Account hast, wird es keine Moderation geben. Wir m\u00f6gen aber keine unterdr\u00fcckenden Inhalte und auch nicht, was Menschen gef\u00e4hrden kann, die daf\u00fcr nicht gewarnt wurden (in diesen F\u00e4llen k\u00f6nnen nachtr\u00e4glich \u00c4nderungen vorgenommen werden\/ Diskussionen werden stattfinden\/ der Account wird gel\u00f6scht, wenn es ernst ist)<\/p>\n","protected":false},"excerpt":{"rendered":"<p>Wie ver\u00f6ffentliche ich ? Die Website Bureburebure.info bietet allen Personen die M\u00f6glichkeit, Artikel einzureichen. Die Komitees des Kampfes k\u00f6nnen so einen Account haben, um in &#8222;m\u00e9moire d&#8217;ailleurs&#8220; zu ver\u00f6ffentlichen und eine eigene Einf\u00fcgung f\u00fcr alle ihre Artikel zu haben (Beispiel f\u00fcr Lyon (auf Franz\u00f6sisch)). Wenn du ver\u00f6ffentlichen willst, gibt es mehrere M\u00f6glichkeiten : Du bist&#8230;<\/p>\n","protected":false},"author":3,"featured_media":0,"parent":0,"menu_order":0,"comment_status":"closed","ping_status":"closed","template":"","meta":{"_locale":"de_DE","_original_post":"http:\/\/bure3iqeqde7ynpluyuubochndt33wwsbkmo7kgf32bmli4zigjwvzid.onion\/?page_id=783","footnotes":""},"class_list":["post-15836","page","type-page","status-publish","hentry","de-DE"],"_links":{"self":[{"href":"https:\/\/bureburebure.info\/wp-json\/wp\/v2\/pages\/15836","targetHints":{"allow":["GET"]}}],"collection":[{"href":"https:\/\/bureburebure.info\/wp-json\/wp\/v2\/pages"}],"about":[{"href":"https:\/\/bureburebure.info\/wp-json\/wp\/v2\/types\/page"}],"author":[{"embeddable":true,"href":"https:\/\/bureburebure.info\/wp-json\/wp\/v2\/users\/3"}],"replies":[{"embeddable":true,"href":"https:\/\/bureburebure.info\/wp-json\/wp\/v2\/comments?post=15836"}],"version-history":[{"count":3,"href":"https:\/\/bureburebure.info\/wp-json\/wp\/v2\/pages\/15836\/revisions"}],"predecessor-version":[{"id":15847,"href":"https:\/\/bureburebure.info\/wp-json\/wp\/v2\/pages\/15836\/revisions\/15847"}],"wp:attachment":[{"href":"https:\/\/bureburebure.info\/wp-json\/wp\/v2\/media?parent=15836"}],"curies":[{"name":"wp","href":"https:\/\/api.w.org\/{rel}","templated":true}]}}