{"id":15990,"date":"2025-11-01T11:15:08","date_gmt":"2025-11-01T11:15:08","guid":{"rendered":"http:\/\/bure3iqeqde7ynpluyuubochndt33wwsbkmo7kgf32bmli4zigjwvzid.onion\/?page_id=15990"},"modified":"2025-11-01T11:15:08","modified_gmt":"2025-11-01T11:15:08","slug":"les-monstres-de-cigeo","status":"publish","type":"page","link":"https:\/\/bureburebure.info\/de\/les-monstres-de-cigeo\/","title":{"rendered":"Die Monster von Cigeo"},"content":{"rendered":"<p><strong>Die Monster von CIGEO<\/strong><\/p>\n<p>Dieser Text wurde auf der Website ver\u00f6ffentlicht <a href=\"https:\/\/lesmonstresdecigeo.noblogs.org\/en-US\/\">https:\/\/lesmonstresdecigeo.noblogs.org\/en-US\/<\/a><\/p>\n<p><img loading=\"lazy\" decoding=\"async\" class=\"alignnone size-medium wp-image-683 img-fluid \" src=\"https:\/\/bureburebure.info\/wp-content\/uploads\/2018\/10\/monstre-700x450.jpg\" alt=\"\" width=\"700\" height=\"450\" \/><\/p>\n<p><strong>Der Erfolg von CIGEO h\u00e4ngt nicht nur von der Anlage des ANDRA ab, sondern auch von Hunderten anderer Unternehmen, die alle Subunternehmer des Projekts sind.<\/strong><\/p>\n<p>Deshalb rufen wir, die MONSTRES (Monster) von CIGEO (\u00dcbelt\u00e4ter, die den Schiffbruch der Unterauftragnehmer und Unterst\u00fctzer von CIGEO organisieren) auf, mit den MONSTERN von CIGEO in Aktion zu treten.<\/p>\n<p><strong>Wir schlagen vor, unsere Bem\u00fchungen zuerst auf das Unternehmen INGEROP zu konzentrieren, wegen seiner enormen Implikation in CIGEO und seinen verwandten Projekten<\/strong>. INGEROP ist ein franz\u00f6sisches Ingenieurb\u00fcro, das die Projektleitung f\u00fcr einige der schlechtesten Projekte in unserem Teil von Europa \u00fcbernimmt: Gro\u00dfraum Paris, ein Teil des Tunnels der Bahnlinie Lyon-Turin, die Rampe der gro\u00dfen westlichen Umgehungsstra\u00dfe von Stra\u00dfburg und somit CIGEO. Etwa 1700 Mitarbeiter. Rund 30 Unternehmen in Frankreich, Niederlassungen in anderen Teilen der Welt (Schweiz, Vereinigtes K\u00f6nigreich, S\u00fcdafrika, S\u00fcdamerika).<\/p>\n<p><strong>Alle Aktionsformen sind willkommen, Kreativit\u00e4t, Hartn\u00e4ckigkeit, Entschlossenheit, um von INGEROP den R\u00fcckzug aus dem CIGEO-Projekt und allen damit verbundenen Projekten zu erreichen.<\/strong><\/p>\n<p>Sie finden auf der Website lesmonstresdecigeo.noblogs.org alle n\u00fctzlichen Informationen f\u00fcr Ihre Aktion <em>(die Website ist in Franz\u00f6sisch und Englisch, derzeit gibt es keine deutsche \u00dcbersetzung) <\/em><\/p>\n<p><a href=\"https:\/\/lesmonstresdecigeo.noblogs.org\/en-US\/\">https:\/\/lesmonstresdecigeo.noblogs.org\/en-US\/<\/a><\/p>\n","protected":false},"excerpt":{"rendered":"<p>Die Monster von CIGEO Dieser Text wurde auf der Website ver\u00f6ffentlicht https:\/\/lesmonstresdecigeo.noblogs.org\/en-US\/ Der Erfolg von CIGEO h\u00e4ngt nicht nur von der Anlage des ANDRA ab, sondern auch von Hunderten anderer Unternehmen, die alle Subunternehmer des Projekts sind. Deshalb rufen wir, die MONSTRES (Monster) von CIGEO (\u00dcbelt\u00e4ter, die den Schiffbruch der Unterauftragnehmer und Unterst\u00fctzer von CIGEO&#8230;<\/p>\n","protected":false},"author":3,"featured_media":683,"parent":0,"menu_order":0,"comment_status":"closed","ping_status":"closed","template":"","meta":{"_locale":"de_DE","_original_post":"http:\/\/bure3iqeqde7ynpluyuubochndt33wwsbkmo7kgf32bmli4zigjwvzid.onion\/?page_id=612","footnotes":""},"class_list":["post-15990","page","type-page","status-publish","has-post-thumbnail","hentry","de-DE"],"_links":{"self":[{"href":"https:\/\/bureburebure.info\/wp-json\/wp\/v2\/pages\/15990","targetHints":{"allow":["GET"]}}],"collection":[{"href":"https:\/\/bureburebure.info\/wp-json\/wp\/v2\/pages"}],"about":[{"href":"https:\/\/bureburebure.info\/wp-json\/wp\/v2\/types\/page"}],"author":[{"embeddable":true,"href":"https:\/\/bureburebure.info\/wp-json\/wp\/v2\/users\/3"}],"replies":[{"embeddable":true,"href":"https:\/\/bureburebure.info\/wp-json\/wp\/v2\/comments?post=15990"}],"version-history":[{"count":1,"href":"https:\/\/bureburebure.info\/wp-json\/wp\/v2\/pages\/15990\/revisions"}],"predecessor-version":[{"id":15992,"href":"https:\/\/bureburebure.info\/wp-json\/wp\/v2\/pages\/15990\/revisions\/15992"}],"wp:featuredmedia":[{"embeddable":true,"href":"https:\/\/bureburebure.info\/wp-json\/wp\/v2\/media\/683"}],"wp:attachment":[{"href":"https:\/\/bureburebure.info\/wp-json\/wp\/v2\/media?parent=15990"}],"curies":[{"name":"wp","href":"https:\/\/api.w.org\/{rel}","templated":true}]}}