{"id":16003,"date":"2025-11-01T12:28:15","date_gmt":"2025-11-01T12:28:15","guid":{"rendered":"http:\/\/bure3iqeqde7ynpluyuubochndt33wwsbkmo7kgf32bmli4zigjwvzid.onion\/?page_id=16003"},"modified":"2025-11-01T13:50:01","modified_gmt":"2025-11-01T13:50:01","slug":"nous-soutenir","status":"publish","type":"page","link":"https:\/\/bureburebure.info\/de\/nous-soutenir\/","title":{"rendered":"Uns unterst\u00fctzen"},"content":{"rendered":"<h2>Spende<\/h2>\n<h3>Unterst\u00fctzt den Kampf<\/h3>\n<ul>\n<li>Unterst\u00fctzung der Website-Pflege, Einzahlung von Bitcoins in die Wallet : bitcoin:bc1qjglm0z3f5c7zkq5229sa2mexfsuj02kslwcef5<\/li>\n<li>Um das &#8222;Maison de R\u00e9sistance&#8220; (Haus des Widerstands zu unterst\u00fctzen), senden Sie bitte einen Scheck an die folgende Adresse :<\/li>\n<\/ul>\n<p>Bure Zone Libre<br \/>\n2, rue de l&#8217;\u00c9glise<br \/>\n55290 Bure<\/p>\n<p>Oder \u00dcberweisung an Bure Zone Libre : FR76 1027 8020 0100 0204 1640 115<\/p>\n<ul>\n<li>Unterst\u00fctzung des Augustine, Haus der landwirtschaftlichen T\u00e4tigkeit, anti-nuklear, feministisch : <a href=\"https:\/\/www.helloasso.com\/associations\/l-augustine\">https:\/\/www.helloasso.com\/associations\/l-augustine<\/a><\/li>\n<\/ul>\n<h3>Gegen Repression<\/h3>\n<p>Zur Bezahlung von Anw\u00e4lten und Gerichtskosten :<\/p>\n<ul>\n<li><a href=\"https:\/\/www.helloasso.com\/associations\/cacendr\/formulaires\/2\">Online spenden<\/a> (helloasso) f\u00fcr Cacendr.<\/li>\n<li>Scheck auf Bestellung von Cacendr. Adresse : c\/o Marie B\u00e9duneau, 12 rue de la Cure, 55170 Ancerville<\/li>\n<li><a href=\"https:\/\/cacendr.noblogs.org\/qui-sommes-nous\/\">Website von Cacendr<\/a>, auf der alle Informationen zu diesem Thema bereitgestellt werden.<\/li>\n<\/ul>\n<p>&nbsp;<\/p>\n<h2>Materielle zuwendung<\/h2>\n<p>F\u00fcr alle Fragen : sauvonslaforet [at] riseup.net<\/p>\n<p>Es ist m\u00f6glich, uns mit materiellen Spenden zu unterst\u00fctzen, hier ist eine Liste unserer Bed\u00fcrfnisse, die versucht, ersch\u00f6pfend zu sein :<\/p>\n<h3>K\u00fcche<\/h3>\n<ul>\n<li>Lebensmittelsiegel<\/li>\n<li>Flaschen und Gl\u00e4ser aus Glas<\/li>\n<li>K\u00e4sten, Koffer aus Metall<\/li>\n<li>Woks<\/li>\n<li>Grosse T\u00f6pfe (eher aus Gusseisen statt Teflon-Alu)<\/li>\n<li>Gro\u00dfe Kunststoffbeh\u00e4lter (f\u00fcr Autowash)<\/li>\n<li>Tortenplatten \/ Backformen<\/li>\n<li>Schneidebrett<\/li>\n<\/ul>\n<h3>Nahrung<\/h3>\n<ul>\n<li>Trocken: Getreide, Teigwaren, Reis, Mehl, Linsen usw.<\/li>\n<li>Caf\u00e9<\/li>\n<li>Kanister, Kanister<\/li>\n<li>Raps-, Sonnenblumen- und Oliven\u00f6l<\/li>\n<li>Gew\u00fcrze in grossen Mengen<\/li>\n<\/ul>\n<h3>Haushaltsw\u00e4sche<\/h3>\n<ul>\n<li>Bettw\u00e4sche<\/li>\n<li>Ohren + Kissenbez\u00fcge<\/li>\n<li>Matratze<\/li>\n<\/ul>\n<h3>Diverses<\/h3>\n<ul>\n<li>Lichterketten<\/li>\n<li>Gro\u00dfe Wandrahmen<\/li>\n<li>Werbebanner<\/li>\n<li>Kerzen<\/li>\n<li>Schlafsofa und Sofas<\/li>\n<li>Schrauber<\/li>\n<li>Dielen &#8211; Paletten &#8211; Baustoffe<\/li>\n<\/ul>\n<h2>Postkarten<\/h2>\n<p>Um uns s\u00fc\u00dfe Worte zu schreiben oder uns Lekt\u00fcre zu schicken&#8230;<\/p>\n<h3>Schreiben an die Maison de R\u00e9sistance :<\/h3>\n<p>Maison de R\u00e9sistance<br \/>\n2, rue de l&#8217;\u00c9glise<br \/>\n55290 Bure<\/p>\n<h3>Schreiben an die l&#8217;Affranchie :<\/h3>\n<p>L&#8217;Affranchie<\/p>\n<p>1 rue de la Croix<br \/>\n55290 Mandres-en-Barrois<\/p>\n<h2>Anderer<\/h2>\n<p>Um uns auf andere Weise zu unterst\u00fctzen, k\u00f6nnen Sie auch vor <a href=\"https:\/\/bureburebure.info\/de\/venir\/\">Ort kommen<\/a> oder einen Blick auf unsere <a href=\"https:\/\/bureburebure.info\/de\/groupes\/\">Gruppen und Projekte<\/a> werfen, um zu sehen, ob einige von ihnen Sie interessieren!<\/p>\n<h3>Mail-Liste der wichtigen Ereignisse<\/h3>\n<p>Es gibt eine Mailingliste &#8222;bloquonscigeo&#8220;, um wichtige Informationen \u00fcber den Kampf von Bure zu erhalten (und nicht zum Austausch). Darauf k\u00f6nnen wir einige E-Mails im Laufe der Jahre erhalten. Um dort registriert zu werden, senden Sie eine E-Mail an sauvonslaforet (at) riseup (dot) net mit dem Betreff : Hinzuf\u00fcgen zur Mailingliste &#8222;bloquons cigeo&#8220;.<\/p>\n<p>&nbsp;<\/p>\n","protected":false},"excerpt":{"rendered":"<p>Spende Unterst\u00fctzt den Kampf Unterst\u00fctzung der Website-Pflege, Einzahlung von Bitcoins in die Wallet : bitcoin:bc1qjglm0z3f5c7zkq5229sa2mexfsuj02kslwcef5 Um das &#8222;Maison de R\u00e9sistance&#8220; (Haus des Widerstands zu unterst\u00fctzen), senden Sie bitte einen Scheck an die folgende Adresse : Bure Zone Libre 2, rue de l&#8217;\u00c9glise 55290 Bure Oder \u00dcberweisung an Bure Zone Libre : FR76 1027 8020 0100&#8230;<\/p>\n","protected":false},"author":3,"featured_media":0,"parent":0,"menu_order":0,"comment_status":"closed","ping_status":"closed","template":"","meta":{"_locale":"de_DE","_original_post":"http:\/\/bure3iqeqde7ynpluyuubochndt33wwsbkmo7kgf32bmli4zigjwvzid.onion\/?page_id=869","footnotes":""},"class_list":["post-16003","page","type-page","status-publish","hentry","de-DE"],"_links":{"self":[{"href":"https:\/\/bureburebure.info\/wp-json\/wp\/v2\/pages\/16003","targetHints":{"allow":["GET"]}}],"collection":[{"href":"https:\/\/bureburebure.info\/wp-json\/wp\/v2\/pages"}],"about":[{"href":"https:\/\/bureburebure.info\/wp-json\/wp\/v2\/types\/page"}],"author":[{"embeddable":true,"href":"https:\/\/bureburebure.info\/wp-json\/wp\/v2\/users\/3"}],"replies":[{"embeddable":true,"href":"https:\/\/bureburebure.info\/wp-json\/wp\/v2\/comments?post=16003"}],"version-history":[{"count":2,"href":"https:\/\/bureburebure.info\/wp-json\/wp\/v2\/pages\/16003\/revisions"}],"predecessor-version":[{"id":16024,"href":"https:\/\/bureburebure.info\/wp-json\/wp\/v2\/pages\/16003\/revisions\/16024"}],"wp:attachment":[{"href":"https:\/\/bureburebure.info\/wp-json\/wp\/v2\/media?parent=16003"}],"curies":[{"name":"wp","href":"https:\/\/api.w.org\/{rel}","templated":true}]}}