{"id":16020,"date":"2025-11-01T13:48:17","date_gmt":"2025-11-01T13:48:17","guid":{"rendered":"http:\/\/bure3iqeqde7ynpluyuubochndt33wwsbkmo7kgf32bmli4zigjwvzid.onion\/?page_id=16020"},"modified":"2025-11-01T13:48:17","modified_gmt":"2025-11-01T13:48:17","slug":"groupes","status":"publish","type":"page","link":"https:\/\/bureburebure.info\/de\/groupes\/","title":{"rendered":"Gruppen und Projekte"},"content":{"rendered":"<h2 class=\"western\">Unsere Gruppen und Projekte<\/h2>\n<p>Hier sind einige Gruppen, die von verschiedenen Gravitanten* von Bure und anderen in der Kreation oder im Projekt getragen werden.<\/p>\n<p>*diejenigen, die leben, die manchmal oder oft in Bure vorbeikommen!<\/p>\n<p>&nbsp;<\/p>\n<div class=\"lightweight-accordion\"><details><summary class=\"lightweight-accordion-title\"><span>Die Koordination Stop-Cig\u00e9o<\/span><\/summary><div class=\"lightweight-accordion-body\"><p>\nDie Koordination Stop-Cig\u00e9o, die sich seit mehreren Jahren in Bar-le-Duc trifft, arbeitet kooptiert und bringt Vertreter der verschiedenen Vereinigungen zusammen, die gegen das Projekt Cig\u00e9o und andere Komponenten des Kampfes k\u00e4mpfen, sowie sehr engagierte und best\u00e4ndige Personen im Kampf, der manchmal seit mehreren Jahren andauert. Die Koordinationssitzungen haben einen vertraulichen Charakter und konzentrieren sich auf organisatorische und entscheidungsbezogene Aspekte der Komplementarit\u00e4t von Praktiken und Positionen im Kampf gegen Cig\u00e9o.-<\/p>\n<\/div><\/details><\/div>\n<div class=\"lightweight-accordion\"><details><summary class=\"lightweight-accordion-title\"><span>Die Versammlung des Kampfes<\/span><\/summary><div class=\"lightweight-accordion-body\"><p>\nDie Versammlung soll ein inklusiver und offener Raum f\u00fcr Neugierige sein, sowohl Einheimische als auch lokale\/lokale Oppositionelle wie manchmal entfernte (Unterst\u00fctzungskomitees und antinucle\u00e4re Gruppen \u00fcberall sonst). Die Versammlung des Kampfes ist nicht dazu bestimmt, Entscheidungen zu treffen, sondern vielmehr informativ und diskursiv: sie ist der Raum f\u00fcr die Zusammenlegung der Agenden, der Informationen der verschiedenen Komponenten des Kampfes und der Ort der inhaltlichen Diskussion \u00fcber die gro\u00dfen Anliegen<\/p>\n<\/div><\/details><\/div>\n<div class=\"lightweight-accordion\"><details><summary class=\"lightweight-accordion-title\"><span>Bure Juridique<\/span><\/summary><div class=\"lightweight-accordion-body\"><p>\nEine der best\u00e4ndigsten und aktivsten Arbeitsgruppen, an der Juristen und Anw\u00e4lte, Forstfachleute, Geologen, Naturforscher usw. sowie zahlreiche aktive Personen in den Vereinen und Kollektiven von Lalutte teilnehmen. Diese Gruppe konzentriert sich haupts\u00e4chlich auf administrative Beschwerden gegen das Cig\u00e9o-Projekt und andere nukleare Projekte im Territorium.<\/p>\n<\/div><\/details><\/div>\n<div class=\"lightweight-accordion\"><details><summary class=\"lightweight-accordion-title\"><span>Der GRADOC<\/span><\/summary><div class=\"lightweight-accordion-body\"><p>\nDie Studiengruppe f\u00fcr Rechts- und Verwaltungsdokumente der ANDRA und ihrer Tochtergesellschaften ist das Pendant von Bure Juridique, eine Arbeitsgruppe, die viertelj\u00e4hrlich zusammentritt, um die gegnerischen Dokumente zu bereinigen und Material sowohl f\u00fcr Rechtsmittel als auch f\u00fcr die Verbreitung technischer Informationen bereitzustellen<\/p>\n<\/div><\/details><\/div>\n<div class=\"lightweight-accordion\"><details><summary class=\"lightweight-accordion-title\"><span>Das Anti-Diebstahl \/ Legal Team<\/span><\/summary><div class=\"lightweight-accordion-body\"><p>Es gibt zwei Gruppen mit unterschiedlichen Aufgaben:<\/p>\n<h3>Die Bek\u00e4mpfung der l\u00e4ndlichen Repression (ARR)<\/h3>\n<p>Es handelt sich um eine Gruppe, die Menschen unterst\u00fctzt, die vor Gericht stehen. Um diese Personen zu unterst\u00fctzen und ihnen bei der Finanzierung ihres Prozesses zu helfen, senden Sie Ihre Spende an Cacendr, unsere Anti-Rep-Kasse (Sammelaktion gegen die Deponierung radioaktiver Abf\u00e4lle). Danke!<\/p>\n<p><a href=\"https:\/\/bureburebure.info\/de\/nous-soutenir\/\">Wie sende ich Spenden an die Anti-Rep?<\/a><\/p>\n<p>Wenn Sie eine Aufforderung erhalten oder Geb\u00fchren zu zahlen haben, wenden Sie sich bitte an <strong>arr (at) riseup (dot) net<\/strong>.<\/p>\n<h3>Das Legal Team<\/h3>\n<p>Als Reaktion auf die Repression haben wir ein st\u00e4ndiges Team von Rechtsberatern auf Bure eingerichtet. Sie hat zum Ziel, Informationen \u00fcber die Repression w\u00e4hrend und au\u00dferhalb der Proteste zu sammeln und Personen zu unterst\u00fctzen, die von der Polizei oder ihren Angeh\u00f6rigen festgenommen oder verh\u00f6rt werden. Das Legal-Team setzt sich nicht aus Profis zusammen und ist nicht dazu da, die Anw\u00e4lte zu ersetzen. Sie hat dagegen ein Netzwerk von Anw\u00e4lten eingerichtet, und f\u00fcr jede Aktion wird ein Name eines Anwalts bekannt gegeben, der im Falle einer Festnahme zu nennen ist.<\/p>\n<p>Ein <a href=\"https:\/\/bureburebure.info\/de\/brief-legal-en-contexte-burien\/\">Legal Brief<\/a> wurde vom Legal Team herausgegeben, es ist wichtig, ihn zu lesen. Hier finden Sie die wichtigsten Hinweise vor der Abreise, bei einer Identit\u00e4tskontrolle usw. An Mobilisierungstagen wird eine Telefonnummer eingerichtet, die am selben Tag ausgestrahlt wird, um Abschiebungen zu melden. Um diese Fragen weiter zu vertiefen, lesen Sie &#8222;<a href=\"https:\/\/infokiosques.net\/spip.php?article538\">Die Polizei und die Justiz<\/a>&#8222;.<\/p>\n<p><a href=\"https:\/\/bureburebure.info\/wp-content\/uploads\/2019\/09\/etat-des-lieux-de-la-repression-Bure-septembre-2019.pdf\">Brosch\u00fcre &#8222;Stand der Repression in Bure&#8220; (seit September 2019)<\/a><\/p>\n<\/div><\/details><\/div>\n<div class=\"lightweight-accordion\"><details><summary class=\"lightweight-accordion-title\"><span>Autoschule : La Roue Libre<\/span><\/summary><div class=\"lightweight-accordion-body\"><p>Autofahren im S\u00fcden ist ein schwieriges Problem. Zwischen den Stra\u00dfenkontrollen, der geographischen Abgeschiedenheit und dem Fehlen von Transportm\u00f6glichkeiten hat es eine praktische Seite.<\/p>\n<p>Um zu vermeiden, 2.000 \u20ac zu bezahlen und das Fahren mit einem Lehrer zu lernen, der manchmal eine zweifelhafte P\u00e4dagogik und begrenzte Affinit\u00e4ten hat, ist es m\u00f6glich, seinen Code und seine Lizenz als freien Kandidaten zu \u00fcbergeben.<\/p>\n<p>Um sich vorzubereiten, nichts einfacher als kollektive Code-Sitzungen wie in der Autoschule, aber zu Hause zwischen Copaines. F\u00fcr das Fahren wird ein Auto mit doppelter Steuerung ben\u00f6tigt (wir haben einen, wenn ja!) und eine. e.ice-Begleitperson mit mehr als 5 Jahren F\u00fchrerschein.<\/p>\n<p>Von dort aus m\u00fcssen wir nur noch die s\u00fcdm\u00e4sischen Stra\u00dfen verfolgen, w\u00e4hrend wir auf den D-Day warten, in der Hoffnung, nicht der Gei\u00dfel des Landes zu begegnen, die auch als Gendarmerie bekannt ist. In der Tat, auch wenn alles im oben genannten Rohr legal ist,. Die Gezeiten kennen nicht unbedingt die versteckten Ecken der &#8222;Macron-Reform&#8220; und tendieren dazu, in der N\u00e4he des Atomtoiletten-Vorhabens feinf\u00fchlig zu sein.<\/p>\n<p>Weitere Informationen in der Brosch\u00fcre, wo wir die Idee: &#8222;<a href=\"https:\/\/infokiosques.net\/spip.php?article1347\">Die Fahrschule Buissonni\u00e8re<\/a>&#8220; big-up zu denjenigen, die es getan haben.<\/p>\n<p><strong>Kontakt : larouelibre [at] riseup.net<\/strong><\/p>\n<\/div><\/details><\/div>\n\n<div class=\"lightweight-accordion\"><details><summary class=\"lightweight-accordion-title\"><span>Land von Bure<\/span><\/summary><div class=\"lightweight-accordion-body\"><p>Weil die Fragen des Bodens und der Landwirtschaft im Mittelpunkt des Kampfes stehen, aber auch unserer Lebens- und Installationsprojekte, haben wir das Kollektiv \u00abTerres de Bure\u00bb gegr\u00fcndet. Die Anliegen dieser sich wandelnden Gruppe sind vielf\u00e4ltig:<\/p>\n<ul>\n<li>Warnung vor den Praktiken der ANDRA auf der Ebene des Grundbesitzes (lesen Sie insbesondere die Brosch\u00fcre \u00fcber den Grundbesitz und das Gespr\u00e4ch mit Jean-Pierre)<\/li>\n<li>Verteidigung der Wiederaneignung des Landes durch diejenigen, die es kultivieren, durch eine Dynamik der landwirtschaftlichen Squat auf Land, das von der safer pour l&#8217;andra in Reserve gestellt wurde. Im Jahr 2017 werden die besetzten Felder in der N\u00e4he des alten Bahnhofs von Lum\u00e9ville mit Weizen, Kartoffeln und Zwiebeln bepflanzt.<\/li>\n<li>Auf lange Sicht die Mittel unserer ern\u00e4hrungstechnischen Selbstst\u00e4ndigkeit einsetzen.<\/li>\n<\/ul>\n<p><strong>Kontakt : terresdebure [at] riseup.net<\/strong><\/p>\n<\/div><\/details><\/div>\n<div class=\"lightweight-accordion\"><details><summary class=\"lightweight-accordion-title\"><span>Les Semeuses, kollektives G\u00e4rtnern<\/span><\/summary><div class=\"lightweight-accordion-body\"><p>&#8222;<strong>Bauern- und antinukleare Gem\u00fcse!<\/strong><\/p>\n<p>Les Semeuses ist ein Bauernkollektiv, das in der Region Meuse in der N\u00e4he von Bure ans\u00e4ssig ist. Unser Ziel ist es, dieses durch das CIGEO-Atomm\u00fcllprojekt bedrohte Gebiet zu bebauen, um konkret zu behaupten, dass die landwirtschaftlichen Fl\u00e4chen dazu bestimmt sind, die Bewohner zu ern\u00e4hren und nicht, die schlimmsten radioaktiven Abf\u00e4lle f\u00fcr Hunderttausende von Jahren zu sammeln. Dieses zentrale Ziel erm\u00f6glicht viele weitere Aktivit\u00e4ten innerhalb des Vereins: Schulungen zum \u00f6kologischen Landbau, Kochen, politische und kulturelle Diskussionen und Veranstaltungen rund um den Bauernhof.<\/p>\n<p>Wir vertreiben regelm\u00e4\u00dfig zu freien Preisen nach Nancy und in Meuse.<\/p>\n<p>Der freie Preis ist eine politische Entscheidung, um den Zugang zu hochwertigen Lebensmitteln f\u00fcr alle B\u00f6rsen zu erm\u00f6glichen und gleichzeitig Diskussionen und \u00dcberlegungen \u00fcber die tats\u00e4chlichen Herausforderungen und Kosten einer nachhaltigen Lebensmittelproduktion anzuregen. Wir schlagen einen Richtpreis vor, der mit unserer Anbauweise und den Preisen der lokalen Gem\u00fcsebauern im Direktverkauf \u00fcbereinstimmt.<\/p>\n<p>Wir organisieren auch kollektive Bauarbeiten jeden Donnerstag von 14.00 bis 18.00 Uhr im S\u00fcden der Meuse. Anmeldung auf alacampagne-subscribe@lists.riseup.net<\/p>\n<p>F\u00fcr weitere Infos \/ aktuelle Informationen : <a href=\"https:\/\/lessemeuses.noblogs.org\/\">https:\/\/lessemeuses.noblogs.org\/<\/a><\/p>\n<p>Wir freuen uns auf die Begegnung an den Orten der Verteilung, in den Feldern oder bei einer unserer Veranstaltungen!<\/p>\n<p>Les Semeuses.&#8220;<\/p>\n<\/div><\/details><\/div>\n<div class=\"lightweight-accordion\"><details><summary class=\"lightweight-accordion-title\"><span>Translat'Bure<\/span><\/summary><div class=\"lightweight-accordion-body\"><p>Wir ben\u00f6tigen Hilfe bei der \u00dcbersetzung der auf bureburebure.info ver\u00f6ffentlichten Artikel sowie einiger Flugbl\u00e4tter und Brosch\u00fcren, die wir hier schreiben und\/oder teilen. Die \u00dcbersetzungen k\u00f6nnen in jede beliebige Sprache erfolgen.<\/p>\n<p>Wir kommunizieren per E-Mail. Wenn Sie teilnehmen m\u00f6chten, sch\u00f6n! Senden Sie einfach eine E-Mail an <strong>traductions-bureburebure[a]riseup.net<\/strong><\/p>\n<p>Vielen herzlichen Dank f\u00fcr Ihre Hilfe!<\/p>\n<\/div><\/details><\/div>\n<div class=\"lightweight-accordion\"><details><summary class=\"lightweight-accordion-title\"><span>Die Medic<\/span><\/summary><div class=\"lightweight-accordion-body\"><p>\nDie Medic trifft sich haupts\u00e4chlich bei Mobilisierungen, bei denen Personen verletzt werden k\u00f6nnen. Sie sorgt f\u00fcr eine vertrauliche Erste-Hilfe-Betreuung und respektiert die Einwilligung der Personen.<\/p>\n<\/div><\/details><\/div>\n<div class=\"lightweight-accordion\"><details><summary class=\"lightweight-accordion-title\"><span>Anarchist Bure Cross<\/span><\/summary><div class=\"lightweight-accordion-body\"><p>\nIm Jahr 2016 gegr\u00fcndet, ist es eine Gruppe zur Unterst\u00fctzung der politischen Gefangenen und zum Kampf gegen die Gef\u00e4ngnisse, die sich in die politische Tradition des anarchistischen schwarzen Kreuzes einreiht, ein anarchistisches Netzwerk, das seit 1900 f\u00fcr die Abschaffung von Gef\u00e4ngnissen und die Unterst\u00fctzung politischer Gefangener k\u00e4mpft.<\/p>\n<p><a href=\"https:\/\/anarchistburecross.noblogs.org\/anarchist-bure-cross\/\">https:\/\/anarchistburecross.noblogs.org\/anarchist-bure-cross\/<\/a><\/p>\n<p><strong>Kontakt : aburecross [at] riseup.net<\/strong><\/p>\n<\/div><\/details><\/div>\n<div class=\"lightweight-accordion\"><details><summary class=\"lightweight-accordion-title\"><span>Automedia<\/span><\/summary><div class=\"lightweight-accordion-body\"><h3>Was ist Automedia?<\/h3>\n<p>Die Existenz einer Automedia-Gruppe, sowohl bei gro\u00dfen Veranstaltungen als auch im t\u00e4glichen Leben, hat mehrere Ziele:<\/p>\n<ul>\n<li>Wir produzieren unsere eigenen Informationsinhalte, ohne auf die Gunst der klassischen Medien angewiesen zu sein (oft von privatem Kapital gehalten)<\/li>\n<li>Die von einigen Journalisten verbreiteten Stereotypen \u00fcberwinden, indem wir selbst entscheiden, wie wir uns pr\u00e4sentieren<\/li>\n<li>Vermeidung der Klippe des Wortspiels (oft auferlegt durch die Formate Interviews der gro\u00dfen Medien) und Diversifizierung der Sprachaufnahmen<\/li>\n<li>Multiplizieren Sie die Formate (Texte, Videos, Fotos, Ton, Poster, Websites&#8230;)<\/li>\n<li>Kollektiv lernen, mit Informationen umzugehen, aus der Besorgnis herauskommen, die wir alle gegen\u00fcber den Medien und der Herausforderung der Kommunikation haben<\/li>\n<li>Medienbeobachtung, um zu erfahren, was in den Medien \u00fcber uns gesagt wird und bei Bedarf darauf reagieren zu k\u00f6nnen<\/li>\n<\/ul>\n<h3>\nWer ist das?<\/h3>\n<p>Diese Gruppe hat eine variable Geometrie: viele Menschen nehmen auf unterschiedliche Weise daran teil. Wir arbeiten daran, dass die automedia so breit und inklusiv wie m\u00f6glich ist, was nicht selbstverst\u00e4ndlich ist und eine permanente Infragestellung unserer eigenen Betriebsmodi erfordert! Das ist nicht immer einfach, aber so geht es voran. Diese Gruppe ist keine Zeit im Ruhezustand oder in der Pause.<\/p>\n<h3>Wie funktioniert das?<\/h3>\n<p>Um die etwas ehrgeizigen Ziele zu erreichen, die er sich gesetzt hat, hat sich die Bure automedia im Laufe der Zeit einige Werkzeuge angeeignet :<\/p>\n<ul>\n<li>Verbreitungswege : <strong>die Website bureburebure.info, Facebook Bure a Cuire, Twitter @ZIRAdies, E-Mail-Mailinglisten wie &#8222;bloquonscigeo&#8220;<\/strong><\/li>\n<li>Eine Schnittstelle f\u00fcr den Kontakt mit Journalisten, die so kollektiv wie m\u00f6glich verwendet wird, um das Wortspiel zu vermeiden: die E-Mail-Adresse <strong>automedia.bure [at] riseup.net<\/strong><\/li>\n<li>Ein etwas dickes Adressbuch, Netzwerke von Freunden und Freundinnen in Frankreich und auf der ganzen Welt, die uns helfen k\u00f6nnen, unsere Stimme zu h\u00f6ren<\/li>\n<li>Gewohnheiten der kollektiven Arbeit: Textkorrekturen mit mehreren, kollaborative Werkzeuge (Typ Online-Pad), gemeinsame Arbeit an Postern, Anrufen usw.<\/li>\n<li>Freie Software! zur Erstellung, Bearbeitung, Anonymisierung und Ver\u00f6ffentlichung von Inhalten.<\/li>\n<\/ul>\n<p>Bisher hat uns all dies erm\u00f6glicht, dem Kampf gegen Cig\u00e9o eine gute Sichtbarkeit zu geben. Aber man muss immer wachsam sein, um einen richtigen Kurs zu halten, den Sensationalismus zu vermeiden, unseren Ton zu erneuern, nicht die Sprache von Menschen, die unter Unterdr\u00fcckung leiden, nicht zu Geeks der sozialen Netzwerke werden usw. Wir lernen auch aus unseren Fehlern!<\/p>\n<\/div><\/details><\/div>\n<div class=\"lightweight-accordion\"><details><summary class=\"lightweight-accordion-title\"><span>Aber auch...<\/span><\/summary><div class=\"lightweight-accordion-body\"><p>\nDie B\u00e4ckerei, der Kr\u00e4uterhandel, die verschiedenen landwirtschaftlichen und Gem\u00fcseprojekte, die kollektiven Baustellen, die Hexen von Bure (Phyto-Gruppe)&#8230;<\/p>\n<\/div><\/details><\/div>\n<p>&nbsp;<\/p>\n","protected":false},"excerpt":{"rendered":"<p>Unsere Gruppen und Projekte Hier sind einige Gruppen, die von verschiedenen Gravitanten* von Bure und anderen in der Kreation oder im Projekt getragen werden. *diejenigen, die leben, die manchmal oder oft in Bure vorbeikommen! &nbsp; &nbsp;<\/p>\n","protected":false},"author":3,"featured_media":0,"parent":0,"menu_order":0,"comment_status":"closed","ping_status":"closed","template":"","meta":{"_locale":"de_DE","_original_post":"http:\/\/bure3iqeqde7ynpluyuubochndt33wwsbkmo7kgf32bmli4zigjwvzid.onion\/?page_id=924","footnotes":""},"class_list":["post-16020","page","type-page","status-publish","hentry","de-DE"],"_links":{"self":[{"href":"https:\/\/bureburebure.info\/wp-json\/wp\/v2\/pages\/16020","targetHints":{"allow":["GET"]}}],"collection":[{"href":"https:\/\/bureburebure.info\/wp-json\/wp\/v2\/pages"}],"about":[{"href":"https:\/\/bureburebure.info\/wp-json\/wp\/v2\/types\/page"}],"author":[{"embeddable":true,"href":"https:\/\/bureburebure.info\/wp-json\/wp\/v2\/users\/3"}],"replies":[{"embeddable":true,"href":"https:\/\/bureburebure.info\/wp-json\/wp\/v2\/comments?post=16020"}],"version-history":[{"count":2,"href":"https:\/\/bureburebure.info\/wp-json\/wp\/v2\/pages\/16020\/revisions"}],"predecessor-version":[{"id":16023,"href":"https:\/\/bureburebure.info\/wp-json\/wp\/v2\/pages\/16020\/revisions\/16023"}],"wp:attachment":[{"href":"https:\/\/bureburebure.info\/wp-json\/wp\/v2\/media?parent=16020"}],"curies":[{"name":"wp","href":"https:\/\/api.w.org\/{rel}","templated":true}]}}