{"id":16037,"date":"2025-11-01T14:19:34","date_gmt":"2025-11-01T14:19:34","guid":{"rendered":"http:\/\/bure3iqeqde7ynpluyuubochndt33wwsbkmo7kgf32bmli4zigjwvzid.onion\/?page_id=16037"},"modified":"2025-11-01T15:38:36","modified_gmt":"2025-11-01T15:38:36","slug":"enfouissons-poma-appel-a-actions","status":"publish","type":"page","link":"https:\/\/bureburebure.info\/de\/enfouissons-poma-appel-a-actions\/","title":{"rendered":"Vergraben POMA : aufruf zum handeln"},"content":{"rendered":"<p><em>[Diese Seite ist nicht mehr aktuell, aktualisierter Artikel : in <a href=\"https:\/\/bureburebure.info\/en\/enfouissons-poma-appel-a-actions2\/\">englischer<\/a> oder <a href=\"https:\/\/bureburebure.info\/enfouissons-poma-appel-a-actions2\/\">franz\u00f6sischer<\/a> Sprache]<\/em><\/p>\n<p>&nbsp;<\/p>\n<p><em>Ver\u00f6ffentlicht auf Indymedia Nantes am 28. November : <a href=\"https:\/\/nantes.indymedia.org\/articles\/54232\">https:\/\/nantes.indymedia.org\/articles\/54232<\/a><br \/>\n<\/em><\/p>\n<hr \/>\n<p><em>Zur Unterst\u00fctzung des Kampfes in Bure wird ein Aufruf zu dezentralen Ma\u00dfnahmen gegen einen wichtigen Subunternehmer des Atomm\u00fcllentsorgungsprojekts lanciert : POMA.<\/em><\/p>\n<p><a href=\"https:\/\/bureburebure.info\/wp-content\/uploads\/2020\/11\/poma_article_photo-medium.png\"><img loading=\"lazy\" decoding=\"async\" class=\"aligncenter size-full wp-image-4446 img-fluid \" src=\"https:\/\/bureburebure.info\/wp-content\/uploads\/2020\/11\/poma_article_photo-medium.png\" alt=\"\" width=\"480\" height=\"253\" \/><\/a><\/p>\n<p>Mehrere lokale und nationale Verb\u00e4nde, die gegen das Cig\u00e9o-Projekt sind, haben vor einigen Tagen einen Aufruf zur Mobilisierung gegen das Unternehmen POMA und seine Beteiligung am Projekt der Deponierung radioaktiver Abf\u00e4lle lanciert: &#8222;POMA entbindet sich!&#8220;<\/p>\n<p>Weit entfernt von der Maas und der Haute-Marne ist dieser Aufruf erh\u00f6rt worden, und wir antworten ihm mit diesem Aufruf zu gezielten und dezentralen Ma\u00dfnahmen. Der Kampf gegen das Cig\u00e9o-Projekt wird durch starke und mehrfache Initiativen gegen die komplizenhaften Unternehmen gewonnen, die wie POMA an diesem t\u00f6dlichen Projekt mitarbeiten.<\/p>\n<p><strong>Weitere Informationen, Ressourcen und Tools auf der Website : <a href=\"https:\/\/enfouissons-poma.info\"><strong>https:\/\/enfouissons-poma.info<\/strong><\/a><\/strong><\/p>\n<p>Vollst\u00e4ndiger Text des Aktionsaufrufs : <a href=\"https:\/\/enfouissons-poma.info\/Appel-a-actions-FR\">https:\/\/enfouissons-poma.info\/Appel-a-actions-FR<\/a><\/p>\n<p>[<span class=\"text__translation\" dir=\"ltr\">EXTRAKT<\/span>]<\/p>\n<p>Die ANDRA besch\u00e4ftigt sich heute mit der technischen Umsetzung dieses gigantischen und sehr riskanten Projekts. Zu diesem Zweck arbeitet sie mit den schlechtesten Unternehmen der Ingenieurskunst, der Luftfahrt oder des Bauwesens zusammen, um zu versuchen, die wundersamen technologischen Innovationen zu erfinden, die ihre Probleme l\u00f6sen w\u00fcrden.<br \/>\nDies ist der Fall bei einem der wichtigsten Elemente des Projekts: die &#8222;Abstammung&#8220;. Wie bringt man hochradioaktive Pakete 500 m unter die Erde, wo ein gigantischer Tunnel \u00fcber 5 km abf\u00e4llt? Um diese heikle Frage zu beantworten, hat ANDRA einen Vertrag mit einem noch unbekannten Unternehmen im Nukleargesch\u00e4ft abgeschlossen: POMA.<\/p>\n<p>Besser bekannt in den Alpen und in der Region Rh\u00f4ne-Alpes, pr\u00e4sentiert sich POMA gerne als ein kleines, lokales Familienunternehmen, das es vielen erm\u00f6glicht h\u00e4tte, dank seiner Skilifte den Berg zu erreichen. Die Realit\u00e4t ist eine andere: POMA ist ein weltweiter Kabeltransportgigant, der fast 80% seines Umsatzes im Export erzielt. Ob es sich um den Transport von Menschen f\u00fcr den Massentourismus oder den Materialtransport in Bergwerken und Zementfabriken auf der ganzen Welt handelt, POMA ist leidenschaftlich an \u00fcberdimensionalen Projekten und technologischen Innovationen interessiert. Sie befindet sich seit Mai 2000 im Besitz des italienischen Industriellen Michael Seeber \u00fcber die niederl\u00e4ndische Holding HTI BV, deren alleiniger Anteilseigner.<\/p>\n<p>Nachdem POMA die Berge entstellt hat, will sie den Untergrund vergiften. Und alle Mittel sind &#8222;gut&#8220;, um dies zu erreichen. Auf Wunsch der ANDRA hat sich POMA in Froncles, in der Haute-Marne, 40 km von Bure entfernt, niedergelassen, um dort ein &#8222;Modell&#8220; im Ma\u00dfstab 1:1 seines Abstiegsprojekts zu bauen. Das ist der Demonstrator. Dieses Modell und die dort durchgef\u00fchrten Tests &#8211; insbesondere der Bremsung &#8211; sind von entscheidender Bedeutung, denn durch sie will POMA die technische Machbarkeit seiner wissenschaftlichen Aberration demonstrieren. Aber wenn die Machbarkeit dieser Technologie im industriellen Ma\u00dfstab nicht nachgewiesen wird, kann das Downhill-Projekt &#8211; eines der Eckpfeiler des CIGEO-Projekts &#8211; nicht realisiert werden!<\/p>\n<p><strong>Sein Gr\u00f6\u00dfenwahn und seine Leidenschaft f\u00fcr technologische Herausforderungen haben POMA in das Nukleargesch\u00e4ft gef\u00fchrt. Lassen Sie uns ihm verst\u00e4ndlich machen, dass seine Mitarbeit am nuklearistischen Wahnsinn nicht ohne Folgen bleiben wird.<\/strong><\/p>\n<p>Die POMA und ihre Tochtergesellschaften m\u00fcssen sich sofort vom CIGEO-Projekt zur\u00fcckziehen. Bis sie ihren R\u00fcckzug angek\u00fcndigt haben, werden wir sie nicht aufgeben!<\/p>\n<p>Dies ist ein Aufruf zu dezentralen und entschlossenen Aktionen aller Art gegen die R\u00e4umlichkeiten, die Infrastruktur oder die Baustellen des Unternehmens POMA. Lassen Sie ihn nie in Ruhe, greifen wir immer und \u00fcberall an. Von der symbolischen Aktion zur direkten Aktion, von der P\u00e4dagogik zur Einsch\u00fcchterung, durch Wiederholung und Vielfalt werden wir sie biegen lassen.<\/p>\n<p><strong>POMA WIRD BEGRABEN !<\/strong><\/p>\n","protected":false},"excerpt":{"rendered":"<p>[Diese Seite ist nicht mehr aktuell, aktualisierter Artikel : in englischer oder franz\u00f6sischer Sprache] &nbsp; Ver\u00f6ffentlicht auf Indymedia Nantes am 28. November : https:\/\/nantes.indymedia.org\/articles\/54232 Zur Unterst\u00fctzung des Kampfes in Bure wird ein Aufruf zu dezentralen Ma\u00dfnahmen gegen einen wichtigen Subunternehmer des Atomm\u00fcllentsorgungsprojekts lanciert : POMA. Mehrere lokale und nationale Verb\u00e4nde, die gegen das Cig\u00e9o-Projekt sind,&#8230;<\/p>\n","protected":false},"author":3,"featured_media":0,"parent":0,"menu_order":0,"comment_status":"closed","ping_status":"closed","template":"","meta":{"_locale":"de_DE","_original_post":"http:\/\/bure3iqeqde7ynpluyuubochndt33wwsbkmo7kgf32bmli4zigjwvzid.onion\/?page_id=8654","footnotes":""},"class_list":["post-16037","page","type-page","status-publish","hentry","de-DE"],"_links":{"self":[{"href":"https:\/\/bureburebure.info\/wp-json\/wp\/v2\/pages\/16037","targetHints":{"allow":["GET"]}}],"collection":[{"href":"https:\/\/bureburebure.info\/wp-json\/wp\/v2\/pages"}],"about":[{"href":"https:\/\/bureburebure.info\/wp-json\/wp\/v2\/types\/page"}],"author":[{"embeddable":true,"href":"https:\/\/bureburebure.info\/wp-json\/wp\/v2\/users\/3"}],"replies":[{"embeddable":true,"href":"https:\/\/bureburebure.info\/wp-json\/wp\/v2\/comments?post=16037"}],"version-history":[{"count":4,"href":"https:\/\/bureburebure.info\/wp-json\/wp\/v2\/pages\/16037\/revisions"}],"predecessor-version":[{"id":16049,"href":"https:\/\/bureburebure.info\/wp-json\/wp\/v2\/pages\/16037\/revisions\/16049"}],"wp:attachment":[{"href":"https:\/\/bureburebure.info\/wp-json\/wp\/v2\/media?parent=16037"}],"curies":[{"name":"wp","href":"https:\/\/api.w.org\/{rel}","templated":true}]}}