{"id":16059,"date":"2025-11-01T16:09:30","date_gmt":"2025-11-01T16:09:30","guid":{"rendered":"http:\/\/bure3iqeqde7ynpluyuubochndt33wwsbkmo7kgf32bmli4zigjwvzid.onion\/?page_id=16059"},"modified":"2025-11-01T16:09:30","modified_gmt":"2025-11-01T16:09:30","slug":"lutte-a-la-gare-lumeville","status":"publish","type":"page","link":"https:\/\/bureburebure.info\/de\/lutte-a-la-gare-lumeville\/","title":{"rendered":"Kampf am La Gare (Lumeville)"},"content":{"rendered":"<p>Artikel <a href=\"https:\/\/lagaredelumeville.noblogs.org\/\">hier<\/a> gefunden (auf Franz\u00f6sisch) leicht neu gestaltet.<\/p>\n<p><strong>Kontakt des Bahnhofs von Lumeville :<\/strong> garealarevanche [at] riseup.net<\/p>\n<p><strong>K\u00fcrzlich wurde eine Brosch\u00fcre als der folgende Text ver\u00f6ffentlicht, um \u00fcber den Bahnhof zu sprechen :<\/strong> Der alte Bahnhof Lum\u00e9ville: eine rechtliche und physische Barrikade gegen CIGEO (2. Version : Fr\u00fchjahr 2024) : <a href=\"https:\/\/bureburebure.info\/wp-content\/uploads\/2024\/04\/brochure-gare-V1-english-conv.cleaned.pdf\">Notizbuchversion<\/a>, <a href=\"https:\/\/bureburebure.info\/wp-content\/uploads\/2024\/04\/brochure-gare-V1-english.cleaned.pdf\">Seitenversion in Serie<\/a> (auf Englisch)<\/p>\n<p>&#8212;<\/p>\n<h3>DER BAHNHOF, IN WENIGEN WORTEN<\/h3>\n<p>Der Ancienne Gare de Lum\u00e9ville (-en-Ornois) ist ein privater Ort und ein direkter militanter Ort gegen Cig\u00e9o, das <a href=\"https:\/\/bureburebure.info\/de\/qu-est-ce-qui-se-passe-a-bure\/\">Bestattungsprojekt f\u00fcr radioaktive Abf\u00e4lle in Bure<\/a> und Umgebung in der Maas und Haute-Marne. Es liegt 10 km vom Labor entfernt und an der Route der potenziellen Branched Terminal Installation (ITE) : der Eisenbahn, die ANDRA bauen und betreiben m\u00f6chte, um Atomm\u00fcll \u00fcber <a href=\"https:\/\/de.wikipedia.org\/wiki\/Castor_(Kerntechnik)\">CASTOR<\/a>-Konvois nach Cig\u00e9o zu transportieren. L&#8217;Ancienne Gare (hier nennen wir es aber lieber &#8222;La Gare&#8220;) ist durch dieses Projekt einer atomaren Mega-M\u00fclldose direkt bedroht.<\/p>\n<p>Es ist ein Ressourcenort der Organisation und des Empfangs f\u00fcr Neugierige, Kollektive, Aktivisten gegen Cig\u00e9o&#8230; aber nicht nur : Wir k\u00e4mpfen gegen alle Formen von Autoritarismus, Diskriminierung, Unterdr\u00fcckung, Zerst\u00f6rung des Lebens, die Hebel des Kapitalismus und Produktivismus&#8230; Und nat\u00fcrlich steht es Ihnen frei, zu kommen!<\/p>\n<p>Es wurde in den 2000er Jahren von einer Gruppe Aktivisten gekauft und ist eine Fl\u00e4che von etwa 8 Hektar zwischen den D\u00f6rfern Lum\u00e9ville-en-Ornois und Mandres-en-Barrois. Hier fanden zahlreiche Veranstaltungen statt, beispielsweise das zehnt\u00e4gige antiautorit\u00e4re und antikapitalistische VMC-Camp im August 2015, der Fr\u00fchling der Bauernk\u00e4mpfe im Jahr 2016, die Anti-Gef\u00e4ngnis-Woche des Anarchistischen Bure-Kreuzes 2020 und das Rayonnantes-Camp im August 2021&#8230;<\/p>\n<p>Adresse des ehemaligen Bahnhofs Lum\u00e9ville : RD138 in Lum\u00e9ville-en-Ornois 55130 Gondrecourt-le-Ch\u00e2teau<\/p>\n<p>Anreise mit dem Zug : Der n\u00e4chstgelegene Bahnhof befindet sich in Joinville (52300).<\/p>\n<p>&nbsp;<\/p>\n<h3>DIE ENDG\u00dcLTIGE INSTALLATION (ITE), KURZ GESAGT<\/h3>\n<p>Das ITE k\u00f6nnte eine der zugeh\u00f6rigen Infrastrukturen des Atom-Mega-Bin-Projekts Cig\u00e9o sein. Es w\u00e4re Teil des Netzwerks f\u00fcr den Transport von Atomm\u00fcll, das Andra aufbauen m\u00f6chte, wenn es das DUP-Dekret (Erkl\u00e4rung des \u00f6ffentlichen Nutzens) erh\u00e4lt, m\u00f6glicherweise im Laufe des Jahres 2022.<\/p>\n<p>F\u00fcr das Gebiet der Maas und der Haute-Marne plant die Agentur zwei gef\u00e4hrliche Projekte f\u00fcr den Schienentransport von Atomm\u00fcll nach Cig\u00e9o: das ITE und die Sanierung der Linie 027000. Ihre Arbeit w\u00fcrde mit der Erlangung der DUP beginnen, w\u00e4hrend Cig\u00e9o immer noch nicht autorisiert ist : Dies ist ein weiteres gutes Beispiel f\u00fcr die Politik der vollendeten Tatsachen der Atomindustrie.<\/p>\n<p>Installation des Embranch\u00e9e-Terminals : Zwischen Gondrecourt-le-Ch\u00e2teau und Saudron (wo sich das Labor befindet) sollen 14 km neue Eisenbahnstrecken gebaut werden, teilweise auf der Strecke, die inzwischen von der alten Strecke verschwunden ist. Der alte Bahnhof von Lum\u00e9ville liegt an der Route des ITE-Potenzials und nach der \u201eErkl\u00e4rung des \u00f6ffentlichen Nutzens\u201c durch Cig\u00e9o k\u00f6nnte ein Enteignungsverfahren stattfinden.<\/p>\n<p><img loading=\"lazy\" decoding=\"async\" class=\"alignnone size-large wp-image-8109 img-fluid \" src=\"https:\/\/bureburebure.info\/wp-content\/uploads\/2022\/01\/drilling-railway-3-1400x991.jpg\" alt=\"\" width=\"1400\" height=\"991\" srcset=\"https:\/\/bureburebure.info\/wp-content\/uploads\/2022\/01\/drilling-railway-3-1400x991.jpg 1400w, https:\/\/bureburebure.info\/wp-content\/uploads\/2022\/01\/drilling-railway-3-768x543.jpg 768w, https:\/\/bureburebure.info\/wp-content\/uploads\/2022\/01\/drilling-railway-3-1536x1087.jpg 1536w, https:\/\/bureburebure.info\/wp-content\/uploads\/2022\/01\/drilling-railway-3-2048x1449.jpg 2048w\" sizes=\"auto, (max-width: 1400px) 100vw, 1400px\" \/><\/p>\n<p>Die Strecke \u00fcberquert Gondrecourt und zweigt dann nach Westen in Richtung des bergab f\u00fchrenden Bereichs des CIGEO-Projekts ab.<\/p>\n<p><img loading=\"lazy\" decoding=\"async\" class=\"alignnone size-large wp-image-8111 img-fluid \" src=\"https:\/\/bureburebure.info\/wp-content\/uploads\/2022\/01\/drilling-railway-1-1400x991.jpg\" alt=\"\" width=\"1400\" height=\"991\" srcset=\"https:\/\/bureburebure.info\/wp-content\/uploads\/2022\/01\/drilling-railway-1-1400x991.jpg 1400w, https:\/\/bureburebure.info\/wp-content\/uploads\/2022\/01\/drilling-railway-1-768x543.jpg 768w, https:\/\/bureburebure.info\/wp-content\/uploads\/2022\/01\/drilling-railway-1-1536x1087.jpg 1536w, https:\/\/bureburebure.info\/wp-content\/uploads\/2022\/01\/drilling-railway-1-2048x1449.jpg 2048w\" sizes=\"auto, (max-width: 1400px) 100vw, 1400px\" \/><\/p>\n<p>Dieses Bild zeigt den Gleisabschnitt, der feld\u00fcbergreifend gebaut wird (lila), vom alten Gleis bis zur zuk\u00fcnftigen CIGEO-Projektstation (gelb).<\/p>\n<h3><\/h3>\n<h3>DIE GESCHICHTE DES GARE<\/h3>\n<p>Der militante Ort liegt an einem Abschnitt der Jessains-Sorcy-Linie, der heute gr\u00f6\u00dftenteils au\u00dfer Betrieb ist. Am alten Bahnhof von Lum\u00e9ville wurde in den 70er und 80er Jahren die gesamte Strecke abgebaut. Es gibt keine Spuren mehr von Balastern und Gleisanlagen, sondern nur noch Plattformen aus Ma\u00dfstein und einige kleine Geb\u00e4ude (Bahnhofshalle oder Absperrhaus).<\/p>\n<p><strong>Geschichte der alten Eisenbahnlinie :<\/strong> Der Abschnitt, auf dem sich der ehemalige Bahnhof Lum\u00e9ville befindet, wurde von 1892 bis Mitte des 20. Jahrhunderts haupts\u00e4chlich w\u00e4hrend des Ersten Weltkriegs und dann f\u00fcr den G\u00fctertransport betrieben. Die H\u00e4lfte dieser Strecke, von Montier-en-Der (52) bis zur Endstation Sorcy-Saint-Martin (55), wurde nach dem Deutsch-Franz\u00f6sischen Krieg von 1870 aus rein strategischen und milit\u00e4rischen Gr\u00fcnden angelegt.<\/p>\n<p><strong>La Gare in Sichtweite von Cig\u00e9o :<\/strong> 2006 markiert den Beginn des Cig\u00e9o-Projekts mit dem Gesetz vom 28. Juni 2006, das die Entscheidung f\u00fcr die Errichtung der Atomm\u00fclldeponie in Bure\/Saudron trifft. Das Labor-\/Trojanische Pferd gibt es bereits seit 2005. Dies bedeutet auch, dass die gesamte Aufmerksamkeit der franz\u00f6sischen Atomf\u00f6rderer auf die \u201etiefe geologische Endlagerung\u201c offen auf dieses Gebiet gerichtet wird, was im Widerspruch zum Bataille-Gesetz von 1991 steht, das mehrere Forschungsrichtungen empfiehlt.<\/p>\n<p>Eine Gruppe von Gegnern kauft das Land des Ancienne Gare de Lum\u00e9ville-en-Ornois und seiner Geb\u00e4ude.<\/p>\n<p>Dort werden mehrere Veranstaltungen organisiert, wie zum Beispiel :<\/p>\n<p>\u2013 Anti-Atomkraft-, Anti-Lab- und Anti-Cigeo-Aktionen, wie das <a href=\"http:\/\/burestop.free.fr\/spip\/spip.php?article48\">D\u00e9branche-Festival<\/a>!<\/p>\n<p>\u2013 Das <a href=\"http:\/\/hippiepest.herbesfolles.org\/\">Hippiepest<\/a>, ein Noise-Punk-Grindcore-Musikfestival, wird dann mit 4 Ausgaben vor Ort um die 2010 er Jahre organisiert.<\/p>\n","protected":false},"excerpt":{"rendered":"<p>Artikel hier gefunden (auf Franz\u00f6sisch) leicht neu gestaltet. Kontakt des Bahnhofs von Lumeville : garealarevanche [at] riseup.net K\u00fcrzlich wurde eine Brosch\u00fcre als der folgende Text ver\u00f6ffentlicht, um \u00fcber den Bahnhof zu sprechen : Der alte Bahnhof Lum\u00e9ville: eine rechtliche und physische Barrikade gegen CIGEO (2. Version : Fr\u00fchjahr 2024) : Notizbuchversion, Seitenversion in Serie (auf&#8230;<\/p>\n","protected":false},"author":3,"featured_media":0,"parent":0,"menu_order":0,"comment_status":"closed","ping_status":"closed","template":"","meta":{"_locale":"de_DE","_original_post":"http:\/\/bure3iqeqde7ynpluyuubochndt33wwsbkmo7kgf32bmli4zigjwvzid.onion\/?page_id=8108","footnotes":""},"class_list":["post-16059","page","type-page","status-publish","hentry","de-DE"],"_links":{"self":[{"href":"https:\/\/bureburebure.info\/wp-json\/wp\/v2\/pages\/16059","targetHints":{"allow":["GET"]}}],"collection":[{"href":"https:\/\/bureburebure.info\/wp-json\/wp\/v2\/pages"}],"about":[{"href":"https:\/\/bureburebure.info\/wp-json\/wp\/v2\/types\/page"}],"author":[{"embeddable":true,"href":"https:\/\/bureburebure.info\/wp-json\/wp\/v2\/users\/3"}],"replies":[{"embeddable":true,"href":"https:\/\/bureburebure.info\/wp-json\/wp\/v2\/comments?post=16059"}],"version-history":[{"count":1,"href":"https:\/\/bureburebure.info\/wp-json\/wp\/v2\/pages\/16059\/revisions"}],"predecessor-version":[{"id":16061,"href":"https:\/\/bureburebure.info\/wp-json\/wp\/v2\/pages\/16059\/revisions\/16061"}],"wp:attachment":[{"href":"https:\/\/bureburebure.info\/wp-json\/wp\/v2\/media?parent=16059"}],"curies":[{"name":"wp","href":"https:\/\/api.w.org\/{rel}","templated":true}]}}