{"id":16126,"date":"2025-11-04T10:23:37","date_gmt":"2025-11-04T10:23:37","guid":{"rendered":"http:\/\/bure3iqeqde7ynpluyuubochndt33wwsbkmo7kgf32bmli4zigjwvzid.onion\/?page_id=16126"},"modified":"2026-03-25T18:35:06","modified_gmt":"2026-03-25T18:35:06","slug":"comites","status":"publish","type":"page","link":"https:\/\/bureburebure.info\/de\/comites\/","title":{"rendered":"Kampfkomitees"},"content":{"rendered":"<h2>Kampfkomitees gegen Cig\u00e9o<\/h2>\n<p>Da der Kampf gegen Cig\u00e9o nicht nur ein lokaler Kampf, sondern ein nationales und internationales Thema ist, sind die Menschen an verschiedenen Orten in Frankreich und Europa dagegen und organisieren sich, um Informationen in ihren H\u00e4usern zu verbreiten.<\/p>\n<p>Diese Kampfkomitees bilden auch eine Arbeitsgruppe namens \u201eIntercos\u201c, die es ihnen erm\u00f6glicht, sich auf regionaler und nationaler Ebene zu organisieren. Diese Treffen finden im Laufe der Jahre einige Male statt und erm\u00f6glichen den Austausch der neuesten Informationen, den Austausch von M\u00f6glichkeiten, sich \u00fcberall gegen Cig\u00e9o zu stellen, und die Selbstschulung zu verschiedenen Themen.<\/p>\n<p>Wenn Sie dieser Arbeitsgruppe beitreten m\u00f6chten, k\u00f6nnen Sie eine E-Mail senden an : <strong>burepartout [at] riseup.net<\/strong><\/p>\n<p>Wenn Ihr Ausschuss nicht in der folgenden Liste aufgef\u00fchrt ist oder ein Fehler auftritt, senden Sie eine E-Mail an : <strong>burepartout [at] riseup.net<\/strong><\/p>\n<p>&nbsp;<\/p>\n<div class=\"lightweight-accordion\"><details><summary class=\"lightweight-accordion-title\"><span>Liste der Kampfkomitees gegen Cig\u00e9o<\/span><\/summary><div class=\"lightweight-accordion-body\"><p>Aktualisiert &#8211; Januar 2022<\/p>\n<p>&nbsp;<\/p>\n<p><iframe loading=\"lazy\" src=\"https:\/\/framacarte.org\/en\/map\/carte-des-comites-de-soutien-a-bure_73178?scaleControl=false&amp;miniMap=false&amp;scrollWheelZoom=true&amp;zoomControl=true&amp;allowEdit=false&amp;moreControl=true&amp;searchControl=null&amp;tilelayersControl=null&amp;embedControl=null&amp;datalayersControl=true&amp;onLoadPanel=undefined&amp;captionBar=false#6\/46.845\/1.626\" width=\"100%\" height=\"600px\" frameborder=\"0\" allowfullscreen=\"allowfullscreen\"><\/iframe><\/p>\n<p><a href=\"https:\/\/framacarte.org\/en\/map\/carte-des-comites-de-soutien-a-bure_73178\">Vollbild<\/a><\/p>\n<h2><strong>Deutschland<\/strong><\/h2>\n<p>Komitee Atomklo Bure nirgendwo !<\/p>\n<p>Kontakt : bure [at] eichhoernchen.fr<\/p>\n<p>Die Selbsthilfegruppe kann auch Personen koordinieren, die die Texte vom Franz\u00f6sischen ins Deutsche \u00fcbersetzen m\u00f6chten. Sie k\u00f6nnen sich gerne registrieren!<\/p>\n<h2><strong>Belgien<\/strong><\/h2>\n<p><strong>Comit\u00e9 Belgique Est<\/strong> : noelleon [at] riseup.net<\/p>\n<p><strong>Comit\u00e9 Resistance Namur Bure<\/strong> : burenamur [at] riseup.net \/ chaud7 [at] riseup.net<\/p>\n<h2><strong><span class=\"text__translation\" dir=\"ltr\">Schweiz<\/span><\/strong><\/h2>\n<p><strong>Gen\u00e8ve<\/strong> : comitezadge [at] riseup.net<\/p>\n<h2>Frankreich<\/h2>\n<p><strong>03 &#8211; Allier<\/strong><\/p>\n<p>buraliste03 [at] riseup [point] net<\/p>\n<p><strong>07 &#8211; Anonnay<\/strong><\/p>\n<p>arielle.bossuyt [at] hotmail [point] fr<\/p>\n<p><strong>08 &#8211; Charleville-M\u00e9zi\u00e8res<\/strong><\/p>\n<p class=\"moz-quote-pre\">chouettes_et_hiboux [at] riseup [point] net<\/p>\n<p><a href=\"https:\/\/www.facebook.com\/Collectif-Ardennais-de-soutien-%C3%A0-Bure-contre-la-poubelle-nucl%C3%A9aire-167132353996554\/\">https:\/\/www.facebook.com\/Collectif-Ardennais-de-soutien-%C3%A0-Bure-contre-la-poubelle-nucl%C3%A9aire-167132353996554\/<\/a><\/p>\n<p><strong>09 &#8211; Ari\u00e8ge<\/strong><\/p>\n<p>Un comit\u00e9 contre le projet d\u2019enfouissement de Bure et le nucl\u00e9aire en g\u00e9n\u00e9ral<\/p>\n<p>stopbure09 [at] riseup [point] net<\/p>\n<p><strong>13 &#8211; Marseille<\/strong><\/p>\n<p><a class=\"moz-txt-link-abbreviated\" href=\"mailto:Marseille-soutien-bure@systemli.org\">Marseille-soutien-bure[at]systemli.org<\/a><\/p>\n<p>Ancien groupe de soutien de marseille:<\/p>\n<p><a href=\"https:\/\/www.facebook.com\/pacabure13\">https:\/\/www.facebook.com\/pacabure13<\/a><\/p>\n<h4><strong>18 &#8211; Cher<\/strong><\/h4>\n<p>soutienbure18 [at] riseup [point] net<\/p>\n<h4><strong>21 &#8211; Dijon<\/strong><\/h4>\n<p>comitedijonbure [at] riseup [point] net<\/p>\n<h4><strong>22-29 &#8211; Tr\u00e9gor Finist\u00e8re\/C\u00f4tes d&#8217;Armor : R\u00e9seau Sortir du Nucl\u00e9aire Tr\u00e9gor<\/strong><\/h4>\n<p><a href=\"https:\/\/sdntregor.wordpress.com\/\">https:\/\/sdntregor.wordpress.com\/<\/a><\/p>\n<p>antifuts [at] riseup.net<\/p>\n<h4><strong>25 &#8211; Besan\u00e7on<\/strong><\/h4>\n<p>revecavale [at] riseup [point] net<\/p>\n<h4><strong>26 &#8211; Dr\u00f4me<\/strong><\/h4>\n<p>collectif_bure26 [at] riseup [point] net<\/p>\n<h4><strong>30 &#8211; Al\u00e8s<\/strong><\/h4>\n<p>comitealesbure [at] riseup [point] net<\/p>\n<h4><strong>30 &#8211; N\u00eemes<\/strong><\/h4>\n<p>comitenimesbure [at] riseup [point] net<\/p>\n<h4><strong>31 \u2013 Toulouse (Haute-Garonne)<\/strong><\/h4>\n<p>\u00ab Bure Partout, Nucl\u00e9aire Nulle Part ! \u00bb<\/p>\n<p>Contact : <span style=\"color: #333333;\">burepartoutnnp [at] riseup [point] net<\/span><\/p>\n<p>Liste de diffusion : <span style=\"color: #333333;\">burepartoutnnp-info [at] lists.riseup [point] net<\/span><\/p>\n<p><a href=\"https:\/\/www.facebook.com\/BurePartoutNucleaireNullePart31\/\">https:\/\/www.facebook.com\/BurePartoutNucleaireNullePart31\/<\/a><\/p>\n<h4><strong>34 &#8211; H\u00e9rault<\/strong><\/h4>\n<p>Comit\u00e9 de soutien\u00a0 Bure 34 : contactcomitebure34 ]at[ riseup ]point[ net<\/p>\n<h4><strong>35 &#8211; Guerand &#8211; Redon (Finist\u00e8re)<\/strong><\/h4>\n<p>bagus7 [at] wanadoo [point] fr<\/p>\n<h4><strong>35 &#8211; Foug\u00e8res (Finistr\u00e8re)<\/strong><\/h4>\n<p>djpapillon [at] riseup [point] net<\/p>\n<h4><strong>37 &#8211; Tours<\/strong><\/h4>\n<p>collectifs bure-nddl: nddl37 [at] riseup [point] net<\/p>\n<h4><strong>37 &#8211; Loches<\/strong><\/h4>\n<p>zadnddl.loches37 [at] riseup [point] net<\/p>\n<h4><strong>38 &#8211; Grenoble<\/strong><\/h4>\n<p>antinukpartout (at) riseup (point) net<\/p>\n<h4><strong>39 \u2013 Jura<\/strong><\/h4>\n<p>bure-stop-jura [at] riseup [point] net<\/p>\n<h4><strong>42 &#8211; Saint-\u00c9tienne (Loire)<\/strong><\/h4>\n<p>LACAB : LA Clique des Amies de Bure<\/p>\n<p>cliquedesamiesdebure [at] riseup [point] net<\/p>\n<h4><strong>44 &#8211; Gu\u00e9rande<\/strong><\/h4>\n<p>comitesoutien.guerande [at] gmail [point] com<\/p>\n<h4><strong>44 &#8211; Nantes<\/strong><\/h4>\n<p>comiteburenantais [at] riseup [point] net<\/p>\n<h4><strong>44 &#8211; Pays de Retz<\/strong><\/h4>\n<p>comite-stopbure-en-retz [at] riseup [point] net<\/p>\n<p>facebook : <a href=\"https:\/\/www.facebook.com\/enretz.bure.1\">https:\/\/www.facebook.com\/enretz.bure.1<\/a><\/p>\n<p>Site : Comparaison entre Cig\u00e9o et Stocamine : 2 catastrophes voulues.<br \/>\n<a href=\"https:\/\/bure-en-retz.retzien.fr\/\">https:\/\/bure-en-retz.retzien.fr\/<\/a><\/p>\n<h4><strong>47 &#8211; Lot et Garonne<\/strong><\/h4>\n<p>Association Vivre sans le danger du nucl\u00e9aire \u00e0 Golfech constitu\u00e9e dans le sillage de la forte lutte contre l\u2019implantation de la centrale de Golfech fin 70\u2019s d\u00e9but 80\u2019s.<\/p>\n<p><a href=\"http:\/\/stopgolfech.org\">http:\/\/stopgolfech.org<\/a><\/p>\n<h4><strong>48 \u2013 Loz\u00e8re<\/strong><\/h4>\n<p>Un savant m\u00e9lange de la conf\u00e9d\u00e9ration paysanne Loz\u00e8re et de Sortir du Nucl\u00e9aire Loz\u00e8re<\/p>\n<p>carolfreche [at] laposte [point] net<\/p>\n<h4><strong>49 &#8211; Angers<\/strong><\/h4>\n<p>soutien-bure49 [at] riseup [point] net<\/p>\n<p><a href=\"https:\/\/www.facebook.com\/Angers.Bure.Solidarite\">https:\/\/www.facebook.com\/Angers.Bure.Solidarite<\/a><\/p>\n<h4><strong>49 \u2013 Segr\u00e9 (Maine-et-Loire)<\/strong><\/h4>\n<p>La CADSA, association qui avait organis\u00e9 la r\u00e9sistance d\u00e9termin\u00e9e aux premiers projets de poubelle \u00e0 la fin des ann\u00e9es 80, se r\u00e9unit pour reconstituer un groupe de soutien.<\/p>\n<p>hclhoussais [at] wanadoo [point] fr<\/p>\n<h4>50 &#8211; Manche: Grange de Montabot<\/h4>\n<p>montabot[at]riseup.net<\/p>\n<h4>50 &#8211; La Hague \/ nord cotentin<\/h4>\n<p>Comit\u00e9s de lutte contre le projet de piscine nucl\u00e9aire<\/p>\n<p>piscinenucleairestop(at)riseup.net<\/p>\n<h4><strong>51 &#8211; Chalons, Reims, Epernay, Vitry (Marne)<\/strong><\/h4>\n<p>sichuan [at] riseup [point] net<\/p>\n<h4><strong>54 \u2013 Longwy &amp; Pays Haut (Meurthe-et-Moselle)<\/strong><\/h4>\n<p>collectifsoutienburepayshaut [at] gmail [point] com<\/p>\n<p><a href=\"https:\/\/www.facebook.com\/Comit\u00e9-de-soutien-Bure-Longwy-200502940490765\">https:\/\/www.facebook.com\/Comit\u00e9-de-soutien-Bure-Longwy-200502940490765<\/a><\/p>\n<h4><strong>54 &#8211; Lun\u00e9ville (Meurthe-et-Moselle)<\/strong><\/h4>\n<p>bureluneville [at] riseup [point] net<\/p>\n<h4><strong>54 &#8211; Nancy (Meurthe-et-Moselle)<\/strong><\/h4>\n<p>nancy_soutien_bure [at] riseup [point] net<\/p>\n<h4><strong>55 \u2013 Bar-le-Duc (Meuse)<\/strong><\/h4>\n<p>comitebarbure [at] riseup [point] net<\/p>\n<h4><strong>55 &#8211; Montm\u00e9dy (Meuse)<\/strong><\/h4>\n<p>comite.montmedy [at] riseup [point] net<\/p>\n<h4><strong>55 &#8211; Verdun (Meuse)<\/strong><\/h4>\n<p>verdun-stop-nucleaire [at] riseup [point] net<\/p>\n<h4><strong>56 &#8211; Morbihan<\/strong><\/h4>\n<p>bure (at) stop-nucleaire56 (point) org<\/p>\n<p>Stop nucl\u00e9aire 56 Trawalc&#8217;h 31 rue Guillaume Le Bartz \u0096 56000 VANNES (<a href=\"http:\/\/www.stop-nucleaire56.org\/\">site internet<\/a>)<\/p>\n<p>http:\/\/www.stop-nucleaire56.org\/<\/p>\n<p>tel 06 65 72 31 66<\/p>\n<h4><strong>57 &#8211; Metz<\/strong><\/h4>\n<p>soutienbure57 [at] riseup [point] net<\/p>\n<p><a href=\"https:\/\/www.facebook.com\/La-Moselle-Voisine-de-la-Poubelle-Nucl%C3%A9aire-1725961457461965\/\">https:\/\/www.facebook.com\/La-Moselle-Voisine-de-la-Poubelle-Nucl%C3%A9aire-1725961457461965\/<\/a><\/p>\n<h4><strong>58 &#8211; Morvan<\/strong><\/h4>\n<p>comite-bure-morvan [at] protonmail [point] com<\/p>\n<p><a href=\"https:\/\/www.facebook.com\/buremorvan\">https:\/\/www.facebook.com\/buremorvan<\/a><\/p>\n<h4><strong>59 \u2013 Lille<\/strong><\/h4>\n<p>lilleradiee [at] riseup [point] net<\/p>\n<h4><strong>64 &#8211; Bayonne (Pays Basque)<\/strong><\/h4>\n<p>pb.nddl [at] gmail [point] com<\/p>\n<h4><strong>68 &#8211; Colmar<\/strong><\/h4>\n<p>buredecolmar [at] riseup [point] net<\/p>\n<h4><strong>68 &#8211; Mulhouse<\/strong><\/h4>\n<p>comitemulhousebure [at] riseup [point] net<\/p>\n<h4><strong>69 \u2013 Lyon (Rh\u00f4ne)<\/strong><\/h4>\n<p>LACAB : LA Clique des Amies de Bure<\/p>\n<p>cliquedesamiesdebure [at] riseup [point] net<\/p>\n<p><a href=\"https:\/\/www.facebook.com\/La-Clique-des-Amies-de-Bure-348582262238359\/\">https:\/\/www.facebook.com\/La-Clique-des-Amies-de-Bure-348582262238359\/<\/a><\/p>\n<h4><strong>72 &#8211; Sarthe<\/strong><\/h4>\n<p>burestop72 [at] riseup [point] net<\/p>\n<h4><strong>73 &#8211; Le comit\u00e9 des hiboux de chartreuse<\/strong><\/h4>\n<p>hiboux-chartreuse [at] riseup [point] net<\/p>\n<h4><strong>73 &#8211; Comit\u00e9 sur la Savoie<\/strong><\/h4>\n<p>Le comit\u00e9 ZAD73 : comitebure73 [at] riseup [point] net<\/p>\n<h4><strong>74 &#8211; Haute Savoie<\/strong><\/h4>\n<p>comitezadge [at] riseup [point] net<\/p>\n<h4><strong>75 \u2013 Paris\/Ile-de-France<\/strong><\/h4>\n<p>Contact : comitebureparisidf [at] riseup [point] net<\/p>\n<p>Liste de discussion : stopcigeo-parisidf [at] lists.riseup [point] net<\/p>\n<h4><strong>76 &#8211; Rouen<\/strong><\/h4>\n<p>siegmeyer [at] riseup [point] net<\/p>\n<h4><strong>80 &#8211; Amiens<\/strong><\/h4>\n<p>comitedesoutien80 [at] riseup [point] net<\/p>\n<h4><strong>81 \u2013 Albi (Tarn)<\/strong><\/h4>\n<p>Contact : stopbure-hibouxtarnais [at] riseup [point] net<\/p>\n<h4>88 &#8211; Vosges<\/h4>\n<p>vosgesenlutte [at] riseup.net<\/p>\n<h4><strong>89 &#8211; Toucy (Yonne)<\/strong><\/h4>\n<p>buretoucy [at] riseup [point] net<\/p>\n<h4><strong>Centre de la france<\/strong><\/h4>\n<p><a href=\"https:\/\/www.ki6col.com\/actualites\/stop-bure\/\">https:\/\/www.ki6col.com\/actualites\/stop-bure\/<\/a><\/p>\n<p>comitecentralbure [at] riseup [point] net<\/p>\n<\/div><\/details><\/div>\n","protected":false},"excerpt":{"rendered":"<p>Kampfkomitees gegen Cig\u00e9o Da der Kampf gegen Cig\u00e9o nicht nur ein lokaler Kampf, sondern ein nationales und internationales Thema ist, sind die Menschen an verschiedenen Orten in Frankreich und Europa dagegen und organisieren sich, um Informationen in ihren H\u00e4usern zu verbreiten. Diese Kampfkomitees bilden auch eine Arbeitsgruppe namens \u201eIntercos\u201c, die es ihnen erm\u00f6glicht, sich auf&#8230;<\/p>\n","protected":false},"author":3,"featured_media":0,"parent":0,"menu_order":0,"comment_status":"closed","ping_status":"closed","template":"","meta":{"_locale":"de_DE","_original_post":"http:\/\/bureburebure.info\/?page_id=97","footnotes":""},"class_list":["post-16126","page","type-page","status-publish","hentry","de-DE"],"_links":{"self":[{"href":"https:\/\/bureburebure.info\/wp-json\/wp\/v2\/pages\/16126","targetHints":{"allow":["GET"]}}],"collection":[{"href":"https:\/\/bureburebure.info\/wp-json\/wp\/v2\/pages"}],"about":[{"href":"https:\/\/bureburebure.info\/wp-json\/wp\/v2\/types\/page"}],"author":[{"embeddable":true,"href":"https:\/\/bureburebure.info\/wp-json\/wp\/v2\/users\/3"}],"replies":[{"embeddable":true,"href":"https:\/\/bureburebure.info\/wp-json\/wp\/v2\/comments?post=16126"}],"version-history":[{"count":2,"href":"https:\/\/bureburebure.info\/wp-json\/wp\/v2\/pages\/16126\/revisions"}],"predecessor-version":[{"id":16868,"href":"https:\/\/bureburebure.info\/wp-json\/wp\/v2\/pages\/16126\/revisions\/16868"}],"wp:attachment":[{"href":"https:\/\/bureburebure.info\/wp-json\/wp\/v2\/media?parent=16126"}],"curies":[{"name":"wp","href":"https:\/\/api.w.org\/{rel}","templated":true}]}}