{"id":8469,"date":"2022-04-01T10:47:18","date_gmt":"2022-04-01T10:47:18","guid":{"rendered":"http:\/\/bure3iqeqde7ynpluyuubochndt33wwsbkmo7kgf32bmli4zigjwvzid.onion\/?page_id=8469"},"modified":"2026-02-11T22:09:41","modified_gmt":"2026-02-11T22:09:41","slug":"qu-est-ce-qui-se-passe-a-bure","status":"publish","type":"page","link":"https:\/\/bureburebure.info\/de\/qu-est-ce-qui-se-passe-a-bure\/","title":{"rendered":"Was passiert in Bure?"},"content":{"rendered":"<h1>Was passiert in Bure?<\/h1>\n<div class=\"entry\">\n<div class=\"ob-section ob-section-html\">\n<div class=\"ob-section ob-section-html\">\n<p>Seit 1994 laufen die Arbeiten um ein riesiges Atomm\u00fcll-Lager mit dem Namen <span class=\"caps\">CIGEO<\/span> zu bauen. Die Gesetzeslage die den Umgang mit Atomm\u00fcll regelt stammt aus dem Jahr 1991.<\/p>\n<p>Im Jahr 2006 wurde gesetzlich festgelegt dass das Lager in Bure sein soll, welches im Departement Meuse liegt. Der Boden besteht hier haupts\u00e4chlich aus Lehm\/Ton.<\/p>\n<p>Unter dem Deckmantel, ein Labor f\u00fcr geologische Studien zu bauen wurde so der Weg f\u00fcr <span class=\"caps\">CIGEO<\/span> juristisch frei gemacht.<\/p>\n<p><img loading=\"lazy\" decoding=\"async\" class=\"alignnone size-medium wp-image-771 img-fluid \" src=\"https:\/\/bureburebure.info\/wp-content\/uploads\/2018\/11\/plan_cigeo-700x450.png\" alt=\"\" width=\"700\" height=\"450\" \/><\/p>\n<p>Ein drittes Gesetz von 2016 erlaubte den Beginn von <span class=\"caps\">CIGEO<\/span> in einer sogenannten Pilotphase, die allerdings nichts mit Forschung zu tun hat. Es ist die erste industrielle Phase des Projekts, welche sch\u00e4tzungsweise 25% der Gesamtkosten in Anspruch nimmt.<\/p>\n<p>Laut Planung soll <span class=\"caps\">ANDRA<\/span> (Nationale Institution fuer den Umgang mit Atomm\u00fcll) im Jahr 2019 die Erlaubnis beantragen <span class=\"caps\">CIGEO<\/span> zu bauen und mit dem Bau beginnen sobald die Zulassung offiziell gegeben wurde.<\/p>\n<p>Allerdings wurden seit 2015 bereits Vorbereitungen getroffen die von st\u00e4ndigem Protest begleitet wurden.<\/p>\n<p>Direkt betroffen von dem Bau von <span class=\"caps\">CIGEO<\/span> w\u00e4ren 5 D\u00f6rfer in den Departements Meuse und Haute-Marne : Bure, Saudron, Ribeaucourt, Bonnet and Mandres.<\/p>\n<p>270ha \u00fcberirdische Bauarbeiten und 300km unterirdische Tunnel sollen gebaut werden um hochradioaktive Abf\u00e4lle zu lagern. Die Kosten werden auf mindestens 40Milliarden Euro gerechnet.<\/p>\n<p>Ein zuk\u00fcnftiges Niemandsland? Wer wuerde hier leben wollen?<\/p>\n<p>Zwar ist die Umsetzung von <span class=\"caps\">CIGEO<\/span> noch nicht offiziell zugelassen, aber es ist abzusehen dass es dazu kommen wird. Alternative Vorschlaege werden gar nicht in Erw\u00e4gung gezogen.<\/p>\n<p>Bisher ist kein radioaktiver M\u00fcll in Bure und die ersten Transporte werden wohl erst im Jahr 2025 stattfinden.<\/p>\n<p>Dennoch kauft <span class=\"caps\">ANDRA<\/span> Land auf (bereits 3000ha in Meuse und Haute-Marne), baut Infrastruktur (Bahngleise, Stra\u00dfen, Stromtrassen etc.) und verbreitet Propaganda.<\/p>\n<\/div>\n<\/div>\n<\/div>\n<h2 class=\"entry-title\">Ein Haus im Widerstand<\/h2>\n<div class=\"entry-content\">\n<div class=\"ob-section ob-section-html\">\n<div class=\"ob-section ob-section-html\">\n<p align=\"justify\">Im Jahr 2004 gr\u00fcndeten einige Menschen aud Frankreich und Deutschland, die gegen den Atomstaat vorgehen wollten einen Verein namens <span class=\"caps\">BZL<\/span> (Bure Zone Libre\/ Freies Gebiet Bure). Ein Jahr sp\u00e4ter kauften sie ein Haus und begannen es zu renovieren.<\/p>\n<p align=\"justify\"><img loading=\"lazy\" decoding=\"async\" class=\"alignnone size-medium wp-image-767 img-fluid \" src=\"https:\/\/bureburebure.info\/wp-content\/uploads\/2018\/11\/maison-de-r\u00e9sistances-2013-700x450.png\" alt=\"\" width=\"700\" height=\"450\" \/><\/p>\n<p>Zur Zeit ist das Haus ein Ort zum Leben der offen ist f\u00fcr alle. Es gibt Platz f\u00fcr Treffen und Konzerte, zahlreiche Schlafpl\u00e4tze, eine Werkstatt, einen Computerraum und einen Garten.<\/p>\n<p>Das Haus m\u00f6chte Raum bieten um<\/p>\n<ul>\n<li>kritische Informationen \u00fcber die Atomindustrie und Atommuell zu verbreiten<\/li>\n<li>Aktionen gegen die Atomindustrie zu organisieren<\/li>\n<li>hierachiefreie Formen des Zusammenlebens und der Organisierung zu versuchen<\/li>\n<\/ul>\n<p>Das Haus ist immer offen. Du kannst anrufen <strong>(+33) 9 54 10 57 11<\/strong> oder eine email schreiben an: sauvonslaforet[at]riseup.net.<\/p>\n<p>Die Ausgaben werden kollektiv getragen und alle sind gleicherma\u00dfen f\u00fcr die t\u00e4glichen Aufgaben verantwortlich.<br \/>\nIdeen und Eigeninitiativen sind stets willkommen!<\/p>\n<p>La Maison de R\u00e9sistance<br \/>\n2 rue de l\u2019\u00e9glise<br \/>\n55290 <span class=\"caps\">BURE\u00a0 \u00a0 \u00a0 \u00a0 \u00a0 \u00a0 \u00a0 \u00a0 \u00a0 \u00a0 \u00a0 \u00a0 \u00a0 \u00a0 \u00a0 \u00a0 \u00a0 \u00a0 \u00a0 \u00a0 \u00a0 \u00a0 \u00a0 \u00a0 \u00a0 \u00a0 \u00a0 \u00a0 \u00a0 \u00a0 \u00a0 \u00a0 \u00a0 \u00a0 \u00a0 \u00a0 \u00a0 \u00a0 \u00a0 \u00a0 \u00a0 \u00a0 \u00a0 \u00a0 \u00a0 \u00a0 \u00a0 \u00a0 \u00a0 \u00a0 \u00a0 \u00a0 \u00a0 \u00a0 \u00a0 \u00a0 \u00a0 \u00a0 \u00a0 \u00a0 \u00a0 \u00a0 \u00a0 \u00a0 \u00a0 \u00a0 \u00a0 \u00a0 \u00a0 \u00a0 \u00a0 \u00a0 \u00a0 <\/span>\u00a0 \u00a0(+33) 9 54 10 57 11<\/p>\n<\/div>\n<h2>Andere (kollektive) Orte<\/h2>\n<p>In der Umgebung von Bure gibt es zahlreiche Orte an denen Menschen leben die sich gegen <span class=\"caps\">CIGEO<\/span> organisieren. Seit 2018 existriert ein weiteres kollektives Haus in Mandres-en-Barrois (2 km from Bure) namens l\u2019Affranchie.<\/p>\n<h2>Karte<\/h2>\n<p>F\u00fcr weitere Informationen siehe <a href=\"https:\/\/bureburebure.info\/karten\">Karten<\/a>.<\/p>\n<p><img loading=\"lazy\" decoding=\"async\" class=\"alignnone size-full wp-image-915 img-fluid \" src=\"https:\/\/bureburebure.info\/wp-content\/uploads\/2018\/11\/carte.png\" alt=\"\" width=\"722\" height=\"536\" \/><\/p>\n<p>Gruen : Labor der <span class=\"caps\">ANDRA<\/span><br \/>\nLila : Wiederaufbau von 40km Bahngleisen au denen der Atomm\u00fcll transportiert werden soll<br \/>\nBlau : Geplante \u00fcberirdische Bauten<br \/>\nOrange : Maschienen die den Muell unter die Erden bringen sollen<br \/>\nGelb : <span class=\"caps\">ZIRA<\/span> geplante Tunnelssysteme<br \/>\nRot : Wald Lejuc,geplante Bel\u00fcftungssysteme, bis 2018 war der Wald besetzt.<br \/>\nSchwarz : Einige kollektiven Orte<\/p>\n<\/div>\n<\/div>\n","protected":false},"excerpt":{"rendered":"<p>Was passiert in Bure? Seit 1994 laufen die Arbeiten um ein riesiges Atomm\u00fcll-Lager mit dem Namen CIGEO zu bauen. Die Gesetzeslage die den Umgang mit Atomm\u00fcll regelt stammt aus dem Jahr 1991. Im Jahr 2006 wurde gesetzlich festgelegt dass das Lager in Bure sein soll, welches im Departement Meuse liegt. Der Boden besteht hier haupts\u00e4chlich&#8230;<\/p>\n","protected":false},"author":3,"featured_media":0,"parent":0,"menu_order":0,"comment_status":"closed","ping_status":"closed","template":"","meta":{"_locale":"de_DE","_original_post":"http:\/\/bure3iqeqde7ynpluyuubochndt33wwsbkmo7kgf32bmli4zigjwvzid.onion\/?page_id=899","footnotes":""},"class_list":["post-8469","page","type-page","status-publish","hentry","de-DE"],"_links":{"self":[{"href":"https:\/\/bureburebure.info\/wp-json\/wp\/v2\/pages\/8469","targetHints":{"allow":["GET"]}}],"collection":[{"href":"https:\/\/bureburebure.info\/wp-json\/wp\/v2\/pages"}],"about":[{"href":"https:\/\/bureburebure.info\/wp-json\/wp\/v2\/types\/page"}],"author":[{"embeddable":true,"href":"https:\/\/bureburebure.info\/wp-json\/wp\/v2\/users\/3"}],"replies":[{"embeddable":true,"href":"https:\/\/bureburebure.info\/wp-json\/wp\/v2\/comments?post=8469"}],"version-history":[{"count":6,"href":"https:\/\/bureburebure.info\/wp-json\/wp\/v2\/pages\/8469\/revisions"}],"predecessor-version":[{"id":16616,"href":"https:\/\/bureburebure.info\/wp-json\/wp\/v2\/pages\/8469\/revisions\/16616"}],"wp:attachment":[{"href":"https:\/\/bureburebure.info\/wp-json\/wp\/v2\/media?parent=8469"}],"curies":[{"name":"wp","href":"https:\/\/api.w.org\/{rel}","templated":true}]}}