{"id":8499,"date":"2022-04-01T12:10:14","date_gmt":"2022-04-01T12:10:14","guid":{"rendered":"http:\/\/bure3iqeqde7ynpluyuubochndt33wwsbkmo7kgf32bmli4zigjwvzid.onion\/?page_id=8499"},"modified":"2026-02-11T22:17:49","modified_gmt":"2026-02-11T22:17:49","slug":"le-bois-lejuc","status":"publish","type":"page","link":"https:\/\/bureburebure.info\/de\/le-bois-lejuc\/","title":{"rendered":"Der Wald Bois Lejuc"},"content":{"rendered":"<h1>Der Wald Bois Lejuc<\/h1>\n<p><a href=\"https:\/\/bureburebure.info\/wp-content\/uploads\/2018\/11\/barricade.jpeg\" rel=\"attachment wp-att-880\"><img loading=\"lazy\" decoding=\"async\" class=\"wp-image-880 aligncenter img-fluid \" src=\"https:\/\/bureburebure.info\/wp-content\/uploads\/2018\/11\/barricade.jpeg\" alt=\"\" width=\"445\" height=\"250\" \/><\/a><\/p>\n<p>Vom 19. Juni bis 07.Juli 2016 und vom 15. Juli 2016 bis zum 22.Februar 2018 war der Wald namens Bois Lejuc besetzt. Die Besetzung sollte Verhindern dass Arbeiten (Rodungen und Probebohrungen) zur Vorbereitungen von <span class=\"caps\">CIGEO<\/span> dort stattfinden k\u00f6nnen. Laut ANDRAs Pl\u00e4nen sollen Bel\u00fcftungssch\u00e4chte und Stollen zur Lagerung des hoch-radioaktiven Abfalls unter dem Wald gebaut werden.<\/p>\n<p>Im Sommer 2016 begann <span class=\"caps\">ANDRA<\/span> ohne Genemigung den Wald zu roden. Am 19. Juni fand ein \u201cEndloses Picknick\u201d statt, welches den Beginn der Besetzung darstellte und in dessen Verlauf die Z\u00e4une von <span class=\"caps\">ANDRA<\/span> zerst\u00f6rt wurden.<\/p>\n<p>3 Wochen sp\u00e4ter, am 7. Juni um 6 Uhr morgens wurde die Besetzung ger\u00e4umt.<\/p>\n<div id=\"attachment_881\" style=\"width: 310px\" class=\"wp-caption aligncenter\"><a href=\"https:\/\/bureburebure.info\/wp-content\/uploads\/2018\/11\/r\u00e9ocup.jpg\"><img loading=\"lazy\" decoding=\"async\" aria-describedby=\"caption-attachment-881\" class=\"wp-image-881 img-fluid \" src=\"https:\/\/bureburebure.info\/wp-content\/uploads\/2018\/11\/r\u00e9ocup.jpg\" alt=\"\" width=\"300\" height=\"380\" srcset=\"https:\/\/bureburebure.info\/wp-content\/uploads\/2018\/11\/r\u00e9ocup.jpg 808w, https:\/\/bureburebure.info\/wp-content\/uploads\/2018\/11\/r\u00e9ocup-768x973.jpg 768w\" sizes=\"auto, (max-width: 300px) 100vw, 300px\" \/><\/a><p id=\"caption-attachment-881\" class=\"wp-caption-text\">Am 16. Juli 2016 gab es den ersten Aufruf zur Wiederbesetzung<\/p><\/div>\n<p>Die Demonstration zur Wiederbesetzung wurde begleitet von massiver Repression. Zwar gelang es Menschen den Wald zu erreichen, allerdings entschieden sie sich nach 5 Tagen diesen wieder zu verlassen.<\/p>\n<p><iframe loading=\"lazy\" title=\"Manif de re\u0301occupation du bois Lejuc\" width=\"500\" height=\"281\" src=\"https:\/\/www.youtube.com\/embed\/G0sVHaBRRvk?feature=oembed\" frameborder=\"0\" allow=\"accelerometer; autoplay; clipboard-write; encrypted-media; gyroscope; picture-in-picture; web-share\" referrerpolicy=\"strict-origin-when-cross-origin\" allowfullscreen><\/iframe><\/p>\n<p>Darauf hin begann <span class=\"caps\">ANDRA<\/span> eine Mauer um den Wald zu bauen um zu verhindern, dass Menschen diesen betreten. Der Bau dieser Mauer erfolgte ohne Erlaubnis.<\/p>\n<div id=\"attachment_883\" style=\"width: 210px\" class=\"wp-caption aligncenter\"><a href=\"https:\/\/bureburebure.info\/wp-content\/uploads\/2018\/11\/mur-debout.jpg\"><img loading=\"lazy\" decoding=\"async\" aria-describedby=\"caption-attachment-883\" class=\"wp-image-883 img-fluid \" src=\"https:\/\/bureburebure.info\/wp-content\/uploads\/2018\/11\/mur-debout.jpg\" alt=\"\" width=\"200\" height=\"300\" \/><\/a><p id=\"caption-attachment-883\" class=\"wp-caption-text\">Die Mauer, bebaut von <span class=\"caps\">ANDRA<\/span><\/p><\/div>\n<p><span class=\"caps\">ANDRA<\/span> wurde f\u00fcr den illegalen Bau der Mauer verurteilt und musste diese r\u00fcckbauen. Am 15.August betrat eine Demo den Wald und begann erfolgreich mit der Zerst\u00f6rung der Mauer<\/p>\n<p><iframe loading=\"lazy\" title=\"\u00c0 Bure-les-Bains, on bois Lejuc sans mod\u00e9ration !\" src=\"https:\/\/player.vimeo.com\/video\/194173016?dnt=1&amp;app_id=122963\" width=\"500\" height=\"281\" frameborder=\"0\" allow=\"autoplay; fullscreen; picture-in-picture; clipboard-write; encrypted-media; web-share\" referrerpolicy=\"strict-origin-when-cross-origin\"><\/iframe><\/p>\n<div id=\"attachment_884\" style=\"width: 385px\" class=\"wp-caption aligncenter\"><a href=\"https:\/\/bureburebure.info\/wp-content\/uploads\/2018\/11\/mur.jpg\"><img loading=\"lazy\" decoding=\"async\" aria-describedby=\"caption-attachment-884\" class=\"wp-image-884 img-fluid \" src=\"https:\/\/bureburebure.info\/wp-content\/uploads\/2018\/11\/mur-640x480.jpg\" alt=\"\" width=\"375\" height=\"250\" srcset=\"https:\/\/bureburebure.info\/wp-content\/uploads\/2018\/11\/mur-768x512.jpg 768w, https:\/\/bureburebure.info\/wp-content\/uploads\/2018\/11\/mur.jpg 1024w\" sizes=\"auto, (max-width: 375px) 100vw, 375px\" \/><\/a><p id=\"caption-attachment-884\" class=\"wp-caption-text\">Mauerst\u00fccke nach der Demo des 15. Augusts 2016<\/p><\/div>\n<p>Daraufhin blieb die Besetzung im Wald und ein Bewohner \u201cSven Lindstrom\u201d erkl\u00e4rte den Wald offiziell zu seinem Wohnsitz. Im M\u00e4rz 2017 erkl\u00e4rte ein Gericht, dass die Besetzung illegal und somit eine R\u00e4umung m\u00f6glich ist. Unten sind einige Bilder von Wohnorten die w\u00e4hrend der zweiten Besetzung gebaut wurden.<\/p>\n<div id=\"attachment_639\" style=\"width: 454px\" class=\"wp-caption aligncenter\"><a href=\"https:\/\/bureburebure.info\/wp-content\/uploads\/2018\/10\/foret-3.jpg\"><img loading=\"lazy\" decoding=\"async\" aria-describedby=\"caption-attachment-639\" class=\"wp-image-639 img-fluid \" src=\"https:\/\/bureburebure.info\/wp-content\/uploads\/2018\/10\/foret-3.jpg\" alt=\"\" width=\"444\" height=\"250\" \/><\/a><p id=\"caption-attachment-639\" class=\"wp-caption-text\">Das Kommunal-Haus, Wohnort von \u201cSven Lindstrom\u201d<\/p><\/div>\n<p>&nbsp;<\/p>\n<div id=\"attachment_637\" style=\"width: 455px\" class=\"wp-caption aligncenter\"><a href=\"https:\/\/bureburebure.info\/wp-content\/uploads\/2018\/10\/foret-1.jpg\"><img loading=\"lazy\" decoding=\"async\" aria-describedby=\"caption-attachment-637\" class=\"wp-image-637 img-fluid \" src=\"https:\/\/bureburebure.info\/wp-content\/uploads\/2018\/10\/foret-1.jpg\" alt=\"\" width=\"445\" height=\"250\" \/><\/a><p id=\"caption-attachment-637\" class=\"wp-caption-text\">Ein Baumhaus<\/p><\/div>\n<p>&nbsp;<\/p>\n<div id=\"attachment_887\" style=\"width: 310px\" class=\"wp-caption aligncenter\"><a href=\"https:\/\/bureburebure.info\/wp-content\/uploads\/2018\/11\/piraterie.jpg\"><img loading=\"lazy\" decoding=\"async\" aria-describedby=\"caption-attachment-887\" class=\"wp-image-887 size-full img-fluid \" src=\"https:\/\/bureburebure.info\/wp-content\/uploads\/2018\/11\/piraterie.jpg\" alt=\"\" width=\"300\" height=\"168\" \/><\/a><p id=\"caption-attachment-887\" class=\"wp-caption-text\">Die \u201cpiraterie\u201d, ein kollektiver Wohnort im S\u00fcden des Waldes<\/p><\/div>\n<p>&nbsp;<\/p>\n<div id=\"attachment_888\" style=\"width: 343px\" class=\"wp-caption aligncenter\"><a href=\"https:\/\/bureburebure.info\/wp-content\/uploads\/2018\/11\/BN2.jpg\"><img loading=\"lazy\" decoding=\"async\" aria-describedby=\"caption-attachment-888\" class=\"wp-image-888 img-fluid \" src=\"https:\/\/bureburebure.info\/wp-content\/uploads\/2018\/11\/BN2.jpg\" alt=\"\" width=\"333\" height=\"250\" srcset=\"https:\/\/bureburebure.info\/wp-content\/uploads\/2018\/11\/BN2.jpg 3648w, https:\/\/bureburebure.info\/wp-content\/uploads\/2018\/11\/BN2-640x480.jpg 640w, https:\/\/bureburebure.info\/wp-content\/uploads\/2018\/11\/BN2-768x576.jpg 768w, https:\/\/bureburebure.info\/wp-content\/uploads\/2018\/11\/BN2-1400x1050.jpg 1400w\" sizes=\"auto, (max-width: 333px) 100vw, 333px\" \/><\/a><p id=\"caption-attachment-888\" class=\"wp-caption-text\">Die Nord-Barrikade<\/p><\/div>\n<p>&nbsp;<\/p>\n<div id=\"attachment_889\" style=\"width: 343px\" class=\"wp-caption aligncenter\"><a href=\"https:\/\/bureburebure.info\/wp-content\/uploads\/2018\/11\/dracab2.jpg\"><img loading=\"lazy\" decoding=\"async\" aria-describedby=\"caption-attachment-889\" class=\"wp-image-889 img-fluid \" src=\"https:\/\/bureburebure.info\/wp-content\/uploads\/2018\/11\/dracab2.jpg\" alt=\"\" width=\"333\" height=\"250\" srcset=\"https:\/\/bureburebure.info\/wp-content\/uploads\/2018\/11\/dracab2.jpg 3648w, https:\/\/bureburebure.info\/wp-content\/uploads\/2018\/11\/dracab2-640x480.jpg 640w, https:\/\/bureburebure.info\/wp-content\/uploads\/2018\/11\/dracab2-768x576.jpg 768w, https:\/\/bureburebure.info\/wp-content\/uploads\/2018\/11\/dracab2-1400x1050.jpg 1400w\" sizes=\"auto, (max-width: 333px) 100vw, 333px\" \/><\/a><p id=\"caption-attachment-889\" class=\"wp-caption-text\">Das &#8222;Dracab&#8220;<\/p><\/div>\n<p>&nbsp;<\/p>\n<div id=\"attachment_890\" style=\"width: 188px\" class=\"wp-caption aligncenter\"><a href=\"https:\/\/bureburebure.info\/wp-content\/uploads\/2018\/11\/affiche-occupation.jpg\"><img loading=\"lazy\" decoding=\"async\" aria-describedby=\"caption-attachment-890\" class=\"wp-image-890 img-fluid \" src=\"https:\/\/bureburebure.info\/wp-content\/uploads\/2018\/11\/affiche-occupation.jpg\" alt=\"\" width=\"178\" height=\"250\" \/><\/a><p id=\"caption-attachment-890\" class=\"wp-caption-text\">Apr\u00e8s l&#8217;annonce de la d\u00e9cision d&#8217;expulsion, une affiche \u00e9tait parue en r\u00e9ponse.<\/p><\/div>\n<p>Unten ist ein Film aus dem Sommer 2017 der den Wald ein bisschen zeigt.<\/p>\n<p><iframe loading=\"lazy\" title=\"Bogues !\" width=\"500\" height=\"281\" src=\"https:\/\/www.youtube.com\/embed\/P5UVHaWDbfQ?feature=oembed\" frameborder=\"0\" allow=\"accelerometer; autoplay; clipboard-write; encrypted-media; gyroscope; picture-in-picture; web-share\" referrerpolicy=\"strict-origin-when-cross-origin\" allowfullscreen><\/iframe><\/p>\n<p>Neben der Besetzung liefen Gerichtsverfahren um die Frage ob <span class=\"caps\">ANDRA<\/span> Eigent\u00fcmerin des Waldes ist. Am 18.Mai 2017 stimmte das Gemeindeparlament von Mandres-en-Barrois erneut f\u00fcr den Verkauf des Waldes an <span class=\"caps\">ANDRA<\/span>. Das Dorf mit 130 Einwohner_innen sah an jenem Tag aus wie ein internationaler Gegengipfel. Der Einspruch gegen die Entscheidung, unterschrieben von 30 Bewohner_innen, ist noch in Verhandlung.<\/p>\n<div id=\"attachment_891\" style=\"width: 343px\" class=\"wp-caption aligncenter\"><a href=\"https:\/\/bureburebure.info\/wp-content\/uploads\/2018\/11\/mandres.jpg\"><img loading=\"lazy\" decoding=\"async\" aria-describedby=\"caption-attachment-891\" class=\"wp-image-891 img-fluid \" src=\"https:\/\/bureburebure.info\/wp-content\/uploads\/2018\/11\/mandres.jpg\" alt=\"\" width=\"333\" height=\"250\" srcset=\"https:\/\/bureburebure.info\/wp-content\/uploads\/2018\/11\/mandres.jpg 768w, https:\/\/bureburebure.info\/wp-content\/uploads\/2018\/11\/mandres-640x480.jpg 640w\" sizes=\"auto, (max-width: 333px) 100vw, 333px\" \/><\/a><p id=\"caption-attachment-891\" class=\"wp-caption-text\">Polizei rund um das Gemeindehaus von Mandres-en-Barrois am 18.Mai 2017<\/p><\/div>\n<p>Am 22. Februar 2018 wurde der Wald von 500 Bullen ger\u00e4umt. Am selben Tag wurde das Widerstandshaus in Bure von Bullen gest\u00fcrmt.<\/p>\n<p><iframe loading=\"lazy\" title=\"BURE - Expulsions du 22 f\u00e9vrier 2018\" width=\"500\" height=\"281\" src=\"https:\/\/www.youtube.com\/embed\/Xr3bWTX0uM8?feature=oembed\" frameborder=\"0\" allow=\"accelerometer; autoplay; clipboard-write; encrypted-media; gyroscope; picture-in-picture; web-share\" referrerpolicy=\"strict-origin-when-cross-origin\" allowfullscreen><\/iframe><\/p>\n<p>F\u00fcr den 3. und 4. M\u00e4rz 2018 war ein \u201cInter-commitee\u201d \/ Vernetzungs-Wochenende im Wald geplant. Da der Wald bereits gr\u00e4umt war, fand eine Demo in Richtung des Waldes statt, unringt von einer immensen Anzahl Polizei. Seit der R\u00e4umung ist der Wald stets von Bullen besetzt.<\/p>\n<p>Unten ist eine Karte des Bois Lejuc; die Baumh\u00e4user die auf der Karte verzeichnet sind wurden w\u00e4hrend der R\u00e4umung vollst\u00e4ndig zerst\u00f6rt.<\/p>\n<p><a href=\"https:\/\/bureburebure.info\/wp-content\/uploads\/2018\/11\/plan-bois-lejuc.jpg\"><img loading=\"lazy\" decoding=\"async\" class=\"aligncenter wp-image-977 size-thumbnail img-fluid \" src=\"https:\/\/bureburebure.info\/wp-content\/uploads\/2018\/11\/plan-bois-lejuc-640x480.jpg\" alt=\"\" width=\"640\" height=\"480\" \/><\/a><\/p>\n<p>Im Juli 2019 wurde <a href=\"https:\/\/bureburebure.info\/communique18july-de\/\">der Wald Lejuc zum 3. Mal besetzt<\/a>, f\u00fcr ein paar Tage&#8230;<\/p>\n<p>Seit Anfang 2021 sind Bewegungsmelder vorhanden, die die Gendarmerie vor der Ankunft von Spazierg\u00e4nger*innen warnen. ANDRA plant den Bau von Stollen und L\u00fcftungssch\u00e4chten in diesem Bereich\u2026<\/p>\n<p>Im Dezember 2025 werden im Rahmen der Vorbereitungsarbeiten f\u00fcr CIG\u00c9O (DR0) <a href=\"https:\/\/bureburebure.info\/en\/ballade-nocturne-sur-les-travaux-en-cours-au-bois-lejuc\/\">Bohrungen<\/a> in Bois Lejuc durchgef\u00fchrt<\/p>\n","protected":false},"excerpt":{"rendered":"<p>Der Wald Bois Lejuc Vom 19. Juni bis 07.Juli 2016 und vom 15. Juli 2016 bis zum 22.Februar 2018 war der Wald namens Bois Lejuc besetzt. Die Besetzung sollte Verhindern dass Arbeiten (Rodungen und Probebohrungen) zur Vorbereitungen von CIGEO dort stattfinden k\u00f6nnen. Laut ANDRAs Pl\u00e4nen sollen Bel\u00fcftungssch\u00e4chte und Stollen zur Lagerung des hoch-radioaktiven Abfalls unter&#8230;<\/p>\n","protected":false},"author":3,"featured_media":0,"parent":0,"menu_order":0,"comment_status":"closed","ping_status":"closed","template":"","meta":{"_locale":"de_DE","_original_post":"http:\/\/bure3iqeqde7ynpluyuubochndt33wwsbkmo7kgf32bmli4zigjwvzid.onion\/?page_id=877","footnotes":""},"class_list":["post-8499","page","type-page","status-publish","hentry","de-DE"],"_links":{"self":[{"href":"https:\/\/bureburebure.info\/wp-json\/wp\/v2\/pages\/8499","targetHints":{"allow":["GET"]}}],"collection":[{"href":"https:\/\/bureburebure.info\/wp-json\/wp\/v2\/pages"}],"about":[{"href":"https:\/\/bureburebure.info\/wp-json\/wp\/v2\/types\/page"}],"author":[{"embeddable":true,"href":"https:\/\/bureburebure.info\/wp-json\/wp\/v2\/users\/3"}],"replies":[{"embeddable":true,"href":"https:\/\/bureburebure.info\/wp-json\/wp\/v2\/comments?post=8499"}],"version-history":[{"count":2,"href":"https:\/\/bureburebure.info\/wp-json\/wp\/v2\/pages\/8499\/revisions"}],"predecessor-version":[{"id":16624,"href":"https:\/\/bureburebure.info\/wp-json\/wp\/v2\/pages\/8499\/revisions\/16624"}],"wp:attachment":[{"href":"https:\/\/bureburebure.info\/wp-json\/wp\/v2\/media?parent=8499"}],"curies":[{"name":"wp","href":"https:\/\/api.w.org\/{rel}","templated":true}]}}