{"id":8553,"date":"2022-04-01T13:22:31","date_gmt":"2022-04-01T13:22:31","guid":{"rendered":"http:\/\/bure3iqeqde7ynpluyuubochndt33wwsbkmo7kgf32bmli4zigjwvzid.onion\/?page_id=8553"},"modified":"2026-04-14T07:15:40","modified_gmt":"2026-04-14T07:15:40","slug":"venir","status":"publish","type":"page","link":"https:\/\/bureburebure.info\/de\/venir\/","title":{"rendered":"In und um Bure ankommen"},"content":{"rendered":"<h1>In und um Bure ankommen<\/h1>\n<div class=\"lightweight-accordion\"><details><summary class=\"lightweight-accordion-title\"><span>Ort<\/span><\/summary><div class=\"lightweight-accordion-body\"><p>Bei der Ankunft gibt es mehrere offene Aufnahmeorte :<\/p>\n<ul>\n<li><strong>Das &#8222;Maison de R\u00e9sistance&#8220; (Haus des Widerstands gegen den Atomm\u00fcll), 2 rue de l&#8217;\u00c9glise, 55290 Bure<\/strong>. Es ist ein Ort der Begr\u00fc\u00dfung und der Information \u00fcber den Kampf. Die Unterkunft ist in sleeping, vor Ort gibt es Strom, Dusche mit hei\u00dfem Wasser, Internet. Jederzeit erreichbar unter <strong>+33(0)9.54.10.57.11<\/strong> (Polizei-Abh\u00f6rnummer). Wenn er nicht antwortet, ruft er lieber zur\u00fcck, da die Mailbox nicht abgerufen wird. Es ist m\u00f6glich, im Voraus zu fragen, ob Sie vor Ort kommen m\u00f6chten, indem Sie eine E-Mail an <strong>burezonelibre (at) riseup (dot) net<\/strong> senden<\/li>\n<\/ul>\n<p><strong>Achtung, zwei Katzen, die ziemlich Angst vor anderen Nicht-Menschen haben, wohnen vor Ort. Es ist cool, das zu ber\u00fccksichtigen, wenn du mit Hunden oder Katzen kommen m\u00f6chtest, und entsprechend zu handeln \ud83d\ude42<\/strong><\/p>\n<p>&nbsp;<\/p>\n<ul>\n<li><strong>L&#8217;Affranchie, 1 rue de la Croix, 55290 Mandres-en-Barrois<\/strong>. Es handelt sich um ein Kollektivhaus mit mehreren Schlafs\u00e4len. Es gibt kein flie\u00dfendes Wasser und der Strom von den Sonnenkollektoren erm\u00f6glicht es, einige LEDs und ein paar Computer zu versorgen. Es gibt Internet im Ort. Die Andra versuchte ein Verfahren zur Wiedererlangung des Ortes, verlor dieses <a href=\"https:\/\/bureburebure.info\/victoire-des-opposant-e-s-pour-laffranchie\/\">Verfahren jedoch im Jahr 2021<\/a>.<\/li>\n<\/ul>\n<p>&nbsp;<\/p>\n<ul>\n<li><strong>&#8222;La Gare&#8220; (Der alte Bahnhof von Lum\u00e9ville)<\/strong> (6 km von Bure, zwischen den St\u00e4dten Lum\u00e9ville en Ornois und Mandres en Barrois), der ein privater Ort ist, der vor einem Jahr von Gegnern des Cig\u00e9o-Projekts gekauft wurde. Dieser Ort ist derzeit ein Besetzungsort, der von einer Vertreibung bedroht ist : mehr Informationen auf dieser <a href=\"https:\/\/bureburebure.info\/en\/risque_expulsion_gare\/\">Seite<\/a>. Dieser Ort hat kein flie\u00dfendes Wasser, das Wasser ist in Tonnen von Wasser, und der Strom aus Sonnenkollektoren ist begrenzt (aber ausreichend zum Aufladen von Batterien). Es gibt auch einen Internetzugang. Dieser Ort ist bekannt daf\u00fcr, dass er mehrere Veranstaltungen beherbergt hat, wie das <a href=\"https:\/\/bureburebure.info\/les-archives-du-site-de-vmc-le-9-aout-2016\/\">VMC-Camp<\/a> im Jahr 2025, das <a href=\"https:\/\/rayonnantes2021.noblogs.org\/\">Rayonnantes-Camp<\/a> im Jahr 2021, die <a href=\"https:\/\/bureburebure.info\/de\/exposition-trainstopping\/\">trainstopping<\/a>&#8230; Mehr Informationen hier auf <a href=\"https:\/\/bureburebure.info\/lutte-a-la-gare-lumeville\/\">dieser Seite<\/a>.<\/li>\n<\/ul>\n<p>&nbsp;<\/p>\n<ul>\n<li><strong>L&#8217;Augustine<\/strong>, Haus der landwirtschaftlichen T\u00e4tigkeit, anti-nuklear und feministisch. Es handelt sich um <strong>einen (aber nicht nur!) antiatomaren Ort<\/strong>, der den Gruppen offen steht, die ihn beantragen, eine <strong>logistische Basis f\u00fcr b\u00e4uerliche Aktivit\u00e4ten<\/strong>, insbesondere das Gem\u00fcsebauern-Kollektiv der S\u00e4maschinen, das 3 ha am Rande der zuk\u00fcnftigen Eisenbahnstrecke f\u00fcr den Transport von Atomm\u00fcll anbaut, einen <strong>Ort der Geselligkeit im Dorf er\u00f6ffnet<\/strong>, in dem man gerne Verbindungen zwischen verschiedenen Welten w\u00e4hrend einer Pflanzenmesse kn\u00fcpfen sehen w\u00fcrde, einer Projektion, eines Getr\u00e4nks oder eines Konzerts. Am Donnerstagabend \u00f6ffnet bereits eine Asso-Bar ihre T\u00fcren. Hier erfahren Sie mehr dar\u00fcber, was dort stattgefunden <a href=\"https:\/\/bureburebure.info\/search\/augustine\">hat<\/a>. ==&gt; 2 rue de Vinelle, 55290 Mandres-en-Barrois. Kontakt : laugustine (at) herbesfolles.org<\/li>\n<\/ul>\n<\/div><\/details><\/div>\n<div class=\"lightweight-accordion\"><details><summary class=\"lightweight-accordion-title\"><span>Anreise<\/span><\/summary><div class=\"lightweight-accordion-body\"><h3>Trampen<\/h3>\n<p>Aus der Richtung Joinville: Die Stadt in Richtung Thonnance-L\u00e8s-Joinville verlassen und der Stra\u00dfe folgen, am letzten Kreisverkehr in Richtung Andra Labor abbiegen. Der Weg f\u00fchrt durch die D\u00f6rfer Montreuil sur Thonnance und Saudron. Dann Richtung Bure oder Mandres-en-Barrois.<\/p>\n<p>Trampen aus der Richtung Paris : Richtung Nancy auf der N4, Abfahrt Saint-Dizier, entweder Richtung Joinville (siehe oben) oder weiter auf der N4 bis Ligny-en-Barrois dann weiter durch die D\u00f6rfer Longeaux, H\u00e9viliers, Biencourt, Ribeaucourt, Bure (dannach Mandres-en-Barrois).<br \/>\nAlternativ \u00fcber die Autobahn von Paris Richtung Reims, bei der Abfahrt Ch\u00e2lons runter Richtung Saint-Dizier, Joinville.<br \/>\n\u00dcber die Autobahn Richtung Troyes bei der Abfahrt Chaumont Richtung Joinville.<\/p>\n<p>Trampen aus Nancy: Richtung Toul, dann auf der N4 Richtung Paris. Abbfahrt Void-Vacon, der Stra\u00dfe durch die D\u00f6rfer Sauvoy, Mauvages, Delouze, Houdelaincourt, Bonnet, Mandres-en-Barrois, Bure.<br \/>\nfolgen<\/p>\n<p>Bei Bedarf eine partizipative Karte guter Tramperpl\u00e4tze : <a href=\"https:\/\/hitchmap.com\/\">https:\/\/hitchmap.com\/<\/a><\/p>\n<p>Wenn du irgentwann gar nicht mehr weiter kommst (je mehr du dich Bure n\u00e4herst , desdo weniger Autos sind auf den Strassen unterwegs) kannst du im Widerstandshaus anrufen <strong>(+33) 9.54.10.57.11<\/strong>, meistens sollte es m\u00f6glich sein dich abzuholen. Falls beim ersten Versuch niemand rangeht, versuch es einfach sp\u00e4ter nochmal. Manchmal kann es auch ein bisschen Zeit dauern bis wir ein Auto gefunden haben.<\/p>\n<h3>By car<\/h3>\n<p>Aus Sueden (via Lyon \/Dijon) Richtung Chaumont und Joinville (Abfahrt Joinville Est auf die N67) dann Richtung Vaucouleurs auf der D60. Hinter Saudron nach links abbiegen Richtung Bure oder gradeaus nach Mandres-en-Barrois)<\/p>\n<p>Aus Westen (\u00fcber Paris) die N4 Richtung Nancy fahren bis Saint-Dizier, dann der N67 Richtung Chaumont\/Joinville folgen, bis zur Abfahrt Chevillon, dann weiter Richtung Montier-sur-Saulx, Bure, (dann Mandres-en-Barrois)<\/p>\n<p>Aus Osten (ueber Nancy), Richtung Toul, dann weiter auf der N4 Richtung Paris, Abfahrt Void-Vacon, weiter durch die D\u00f6rfer Sauvoy dann Houdelaincourt, Bonnet, Mandres-en-Barrois and Bure.<\/p>\n<h3>Mitfahrgelegenheit<\/h3>\n<p>Und ja, es gibt eine Alternative zum Blablacar, das \u00fcber deine Reisen spekuliert. Du kannst versuchen, \u00fcber mobicoop zu fahren, eine kostenlose Mitfahrgelegenheit-Seite, um Fahrg\u00e4ste abzusetzen \/ zu checken, wenn es keine Fahrten gibt:<\/p>\n<p><a href=\"https:\/\/www.mobicoop.fr\/\">https:\/\/www.mobicoop.fr\/<\/a><\/p>\n<p>Es ist auch m\u00f6glich zu sehen :<\/p>\n<p>Mitfahrgelegenheiten nach Bure <a href=\"https:\/\/www.mobicoop.fr\/communes\/covoiturages\/*\/bure\">https:\/\/www.mobicoop.fr\/communes\/covoiturages\/*\/bure<\/a><br \/>\nMitfahrgelegenheiten ab Bure <a href=\"https:\/\/www.mobicoop.fr\/communes\/covoiturages\/bure\">https:\/\/www.mobicoop.fr\/communes\/covoiturages\/bure<\/a><\/p>\n<h3>Mit dem Zug<\/h3>\n<p>Die n\u00e4hesten Bahnstationen sind Joinville (20 km), Bar-le-Duc (35 km), Saint-Dizier (40 km), Pagny-sur-Meuse (40 km).<\/p>\n<p>Wenn du in Bar-le-Duc ankommst, gibt es Buslinien, die sich Bure n\u00e4hern, insbesondere die Linie L18, die bis nach Gondrecourt-le-Ch\u00e2teau (13 km) und die Linie 1, die bis nach Ligny-en-Barrois (25 km) f\u00e4hrt. Achtung, es gibt sehr wenige Busse dieser beiden Linien und man muss sich die Fahrpl\u00e4ne genau ansehen. Die Haltestelle Houdelaincourt der L18 befindet sich 12 km von Bure entfernt und ist die n\u00e4chstgelegene Haltestelle des \u00f6ffentlichen Nahverkehrs nach Bure.<\/p>\n<p>Rufen Sie im Voraus an, wenn Sie m\u00f6chten, dass jemand Sie am Bahnhof oder an der Bushaltestelle abholt, um zu sehen, ob Leute nach Ihnen suchen k\u00f6nnen, oder damit wir zum Beispiel Besorgungen machen k\u00f6nnen.<\/p>\n<p><div id=\"attachment_875\" style=\"width: 379px\" class=\"wp-caption aligncenter\"><a href=\"https:\/\/bureburebure.info\/wp-content\/uploads\/2018\/11\/Carte.jpg\"><img loading=\"lazy\" decoding=\"async\" aria-describedby=\"caption-attachment-875\" class=\"wp-image-875 img-fluid \" src=\"https:\/\/bureburebure.info\/wp-content\/uploads\/2018\/11\/Carte.jpg\" alt=\"\" width=\"369\" height=\"250\" srcset=\"https:\/\/bureburebure.info\/wp-content\/uploads\/2018\/11\/Carte.jpg 770w, https:\/\/bureburebure.info\/wp-content\/uploads\/2018\/11\/Carte-768x521.jpg 768w\" sizes=\"auto, (max-width: 369px) 100vw, 369px\" \/><\/a><\/p>\n<p id=\"caption-attachment-875\" class=\"wp-caption-text\">(zum vergr\u00f6\u00dfern auf das Bild klicken)<\/p>\n<\/div>\n<p>&nbsp;<\/p>\n<p><div id=\"attachment_912\" style=\"width: 410px\" class=\"wp-caption aligncenter\"><a href=\"https:\/\/bureburebure.info\/wp-content\/uploads\/2018\/11\/Capture-du-2018-11-18-18-46-40.png\"><img loading=\"lazy\" decoding=\"async\" aria-describedby=\"caption-attachment-912\" class=\"wp-image-912 img-fluid \" src=\"https:\/\/bureburebure.info\/wp-content\/uploads\/2018\/11\/Capture-du-2018-11-18-18-46-40.png\" alt=\"\" width=\"400\" height=\"250\" srcset=\"https:\/\/bureburebure.info\/wp-content\/uploads\/2018\/11\/Capture-du-2018-11-18-18-46-40.png 841w, https:\/\/bureburebure.info\/wp-content\/uploads\/2018\/11\/Capture-du-2018-11-18-18-46-40-768x480.png 768w\" sizes=\"auto, (max-width: 400px) 100vw, 400px\" \/><\/a><\/p>\n<p id=\"caption-attachment-912\" class=\"wp-caption-text\">(zum vergr\u00f6\u00dfern auf das Bild klicken)<\/p>\n<\/div>\n<\/div><\/details><\/div>\n<div class=\"lightweight-accordion\"><details><summary class=\"lightweight-accordion-title\"><span>Unterbringung<\/span><\/summary><div class=\"lightweight-accordion-body\"><p>Im Widerstandshaus ist es m\u00f6glich in Gemeinschaftsr\u00e4umen zu \u00fcbernachten (nimm deinen Schlafsack und eine Kopflampe mit) oder in einem Zelt im Garten. Wenn du mit einem Truck oder Wohnwagen kommst kannst du nebem dem Haus parken.<\/p>\n<\/div><\/details><\/div>\n<div class=\"lightweight-accordion\"><details><summary class=\"lightweight-accordion-title\"><span>Alltag<\/span><\/summary><div class=\"lightweight-accordion-body\"><p>Jeden Tag wird vegan gekocht und es gibt stets Dinge zu tun: Gartenarbeit, Spazierg\u00e4nge, Aufr\u00e4umen, Bauen, Musik, Gemeinschaftsspiele, Treffen\/Plenum.<\/p>\n<\/div><\/details><\/div>\n<div class=\"lightweight-accordion\"><details><summary class=\"lightweight-accordion-title\"><span>Rechtliche situation<\/span><\/summary><div class=\"lightweight-accordion-body\"><p>Nach Bure zu kommen beinhaltet das Risiko mit Polizei konfrontiert zu sein. Deshalb empfehlen wir euch diese Zusammenfassung der rechtlichen Lage zu lesen : <a href=\"https:\/\/bureburebure.info\/de\/brief-legal-en-contexte-burien\/\">link<\/a>.<\/p>\n<\/div><\/details><\/div>\n","protected":false},"excerpt":{"rendered":"<p>In und um Bure ankommen<\/p>\n","protected":false},"author":3,"featured_media":0,"parent":0,"menu_order":0,"comment_status":"closed","ping_status":"closed","template":"","meta":{"_locale":"de_DE","_original_post":"http:\/\/bureburebure.info\/?page_id=51","footnotes":""},"class_list":["post-8553","page","type-page","status-publish","hentry","de-DE"],"_links":{"self":[{"href":"https:\/\/bureburebure.info\/wp-json\/wp\/v2\/pages\/8553","targetHints":{"allow":["GET"]}}],"collection":[{"href":"https:\/\/bureburebure.info\/wp-json\/wp\/v2\/pages"}],"about":[{"href":"https:\/\/bureburebure.info\/wp-json\/wp\/v2\/types\/page"}],"author":[{"embeddable":true,"href":"https:\/\/bureburebure.info\/wp-json\/wp\/v2\/users\/3"}],"replies":[{"embeddable":true,"href":"https:\/\/bureburebure.info\/wp-json\/wp\/v2\/comments?post=8553"}],"version-history":[{"count":9,"href":"https:\/\/bureburebure.info\/wp-json\/wp\/v2\/pages\/8553\/revisions"}],"predecessor-version":[{"id":16950,"href":"https:\/\/bureburebure.info\/wp-json\/wp\/v2\/pages\/8553\/revisions\/16950"}],"wp:attachment":[{"href":"https:\/\/bureburebure.info\/wp-json\/wp\/v2\/media?parent=8553"}],"curies":[{"name":"wp","href":"https:\/\/api.w.org\/{rel}","templated":true}]}}