{"id":8598,"date":"2022-04-01T14:51:07","date_gmt":"2022-04-01T14:51:07","guid":{"rendered":"http:\/\/bure3iqeqde7ynpluyuubochndt33wwsbkmo7kgf32bmli4zigjwvzid.onion\/?page_id=8598"},"modified":"2025-10-31T17:48:18","modified_gmt":"2025-10-31T17:48:18","slug":"textes-audios-videos","status":"publish","type":"page","link":"https:\/\/bureburebure.info\/de\/textes-audios-videos\/","title":{"rendered":"Texte, audio und videos"},"content":{"rendered":"<h1>Texte, audio und videos<\/h1>\n<p><em>Es gibt viele weitere Ressourcen auf Franz\u00f6sisch: <a href=\"https:\/\/bureburebure.info\/fr\/brochures\/\">Texte<\/a>, <a href=\"https:\/\/bureburebure.info\/fr\/audio\/\">Audio<\/a> und <a href=\"https:\/\/bureburebure.info\/fr\/videos\/\">Video<\/a>. Wenn Sie Pamphlete, Filmuntertitel oder Artikel von der Website ins Deutsche \u00fcbersetzen m\u00f6chten, schreiben Sie bitte an<strong> traductions-bureburebure [at] riseup [dot] net<\/strong><\/em><\/p>\n<p><em>Auch wenn Sie andere Dokumente auf Deutsch \u00fcber Cig\u00e9o oder Atomkraft haben, die Sie hier teilen m\u00f6chten, k\u00f6nnen Sie sie uns schicken!<\/em><\/p>\n<p>If you speak english, <a href=\"https:\/\/bureburebure.info\/en\/textes-audios-videos\/\">more texts and videos here<\/a>.<\/p>\n<h2>Texte<\/h2>\n<p>&#8211; <a href=\"https:\/\/bureburebure.info\/de\/brochure-quand-rosatom-et-framatome-sont-sur-le-meme-bateau\/\">Wenn Rosatom und Framatome im selben Boot sitzen\u2026<\/a> &#8211; Die engen Verbindungen zwischen den beiden globalen Atomm\u00e4chten: Russland und Frankreich, mitten im Krieg in der Ukraine. (Juni 2024)<\/p>\n<p>&#8211; <a href=\"https:\/\/bureburebure.info\/broschure-geschichte-und-kontext-des-kampfes-in-bure\/\">Geschichte und Kontext des Kampfes in Bure<\/a> &#8211; Geographie eines nuklearisierten Raumes (mit einer Karte der Umgebung des Labors) und Chronologie der K\u00e4mpfe (von 1987 bis zu aktuellen DUP-Ausgaben)<\/p>\n<p>&#8211; <a href=\"https:\/\/bureburebure.info\/dupes-einsatze-fur-cigeo\/\">DUPes-Eins\u00e4tze f\u00fcr CIGEO<\/a> : Entschl\u00fcsselung den letztenVerwaltungsverfahren von der ANDRA (juin 2021)<\/p>\n<p>&#8211; <a href=\"https:\/\/bureburebure.info\/zwischen-mafia-kolonialismus-die-last-der-italienischen-atomkraft\/\">Zwischen Mafia &amp; Kolonialismus : Die Last der italienischen Atomkraft.<\/a> Sammlung von Texten \u00fcber Atomm\u00fcll in Italien (2021)<\/p>\n<p>&#8211; <a href=\"https:\/\/bureburebure.info\/praktische-anleitung-zum-tripod-bau\/\">Praktische Anleitung zum Tripod-Bau<\/a><\/p>\n<p>&#8211; <a href=\"https:\/\/bureburebure.info\/wp-content\/uploads\/2021\/08\/PEUR_DEU.cleaned.pdf\">Sie machen mir weniger Angst als Cig\u00e9o :<\/a> Erkl\u00e4rung, die Lo\u00efc am 4. M\u00e4rz 2021 vor dem Berufungsgericht von Nancy (Frankreich) h\u00e4tte verlesen sollen, verurteilt f\u00fcr den kollektiven Angriff auf die Tore von Andra im Februar 2017 w\u00e4hrend einer Massendemonstration (<a href=\"https:\/\/bureburebure.info\/wp-content\/uploads\/2024\/04\/PEUR_DEU_BOOKLET.cleaned.pdf\">Brosch\u00fcre Format<\/a>)<\/p>\n<p>&#8211; <a href=\"https:\/\/infokiosques.net\/IMG\/pdf\/Trainstopping-DE-fil-80p.pdf\">Trainstopping : brochure &amp; manual. Eingriff in den Schienenverkehr. Blockade &amp; Sabotage von Bahnverkehr im Kontext der Anti-Atom-Bewegung<\/a> (September 2019 &#8211; auf Franz\u00f6sisch, Deutsch und Englisch)<\/p>\n<p><a href=\"https:\/\/bureburebure.info\/wp-content\/uploads\/2021\/09\/2018_cigeo_stoppen.pdf\">&#8211; 2018_cigeo_stoppen.<\/a> Wir sagen nein! Argumente gegen das geplante Atomm\u00fcllager in Bure<\/p>\n<p>&#8211; <a href=\"https:\/\/bureburebure.info\/de\/atommull-und-ihr-was-schlagt-ihr-vor\/\">Atomm\u00fcll : Und ihr, was schlagt ihr vor ?<\/a> (August 2016)<\/p>\n<h2>Audio<\/h2>\n<p>&#8211;<a href=\"https:\/\/rdl.de\/beitrag\/der-zirkus-der-gerechtigkeit\"> Der Zirkus der Gerechtigkeit<\/a> : Eine szenische Lesung, die das absurde Spiel der Justiz darstellt und den Gerichtsprozess eines Betroffenen widerspiegelt, der an einer militanten Demonstration gegen das \u201eForschungslabor\u201c f\u00fcr Atomm\u00fcll teilnahm (Freiburg, 10.2020 ; 53 min).<\/p>\n<h2><b>Videos<\/b><\/h2>\n<h3>&#8211; <a href=\"https:\/\/kolektiva.media\/w\/4UzuRQsdMj1TqoZext4Jc1\">Bure \u00e9t\u00e9 2016 \u2013 automne 2017<\/a> (35 min)<\/h3>\n<p><i>Bure Sommer 2016 &#8211; Herbst 2017<\/i><\/p>\n<p>Montage, die einige Schl\u00fcsseldaten im Kampf gegen Cigeo von Sommer 2016 bis Herbst 2017 nachzeichnet.<\/p>\n<p>Englische, italienische, deutsche und franz\u00f6sische Untertitel verf\u00fcgbar.<\/p>\n<p><iframe loading=\"lazy\" class=\"wp-embedded-content\" sandbox=\"allow-scripts\" security=\"restricted\" title=\"Bure : \u00e9t\u00e9 2016 - automne 2017\" width=\"500\" height=\"315\" src=\"https:\/\/kolektiva.media\/videos\/embed\/4UzuRQsdMj1TqoZext4Jc1#?secret=Ht6vzgEW2H\" data-secret=\"Ht6vzgEW2H\"><\/iframe><\/p>\n<h3>&#8211; <a href=\"https:\/\/kolektiva.media\/w\/pXBrKmHgTWh8nNhobdzyyZ\">Bogues<\/a>\u00a0! (Juni 2017 ; 12 min)<\/h3>\n<p>Film, geschrieben und gedreht von allen verr\u00fcckten Eulen, die mitmachen wollten.<\/p>\n<p>(Das Video ist ohne Sprache)<\/p>\n<p><iframe loading=\"lazy\" class=\"wp-embedded-content\" sandbox=\"allow-scripts\" security=\"restricted\" title=\"Bogues !\" width=\"500\" height=\"315\" src=\"https:\/\/kolektiva.media\/videos\/embed\/pXBrKmHgTWh8nNhobdzyyZ#?secret=OCAkx3QwRD\" data-secret=\"OCAkx3QwRD\"><\/iframe><\/p>\n<p>Auch auf <a href=\"http:\/\/www.youtube.com\/watch?v=P5UVHaWDbfQ\">youtube<\/a>.<\/p>\n<h3>&#8211; <a href=\"https:\/\/kolektiva.media\/w\/hkuXH5tHDUWuTkVzVt553m\">\u00c0 Bure-les-Bains, on bois Lejus sans mod\u00e9ration<\/a> ! (August 2016 ; 2 min 30)<\/h3>\n<p><i>In Bure-les-Bains trinken wir Lejuc ohne M\u00e4\u00dfigung! <\/i>(Wortspiel aus f\u00fcr Trink-Saft und Bois Lejuc).<\/p>\n<p>Ein Film, der an einem inspirierten Nachmittag gemeinsam geschrieben und aufgef\u00fchrt wurde. Bois Lejuc. August 2016<\/p>\n<p>(Das Video ist ohne Sprache)<\/p>\n<p><iframe loading=\"lazy\" class=\"wp-embedded-content\" sandbox=\"allow-scripts\" security=\"restricted\" title=\"\u00c0 Bure-les-Bains, on bois Lejuc sans mod\u00e9ration !\" width=\"500\" height=\"315\" src=\"https:\/\/kolektiva.media\/videos\/embed\/hkuXH5tHDUWuTkVzVt553m#?secret=VbMH7JV6Uw\" data-secret=\"VbMH7JV6Uw\"><\/iframe><\/p>\n<p>Auch auf <a href=\"https:\/\/vimeo.com\/194173016\">vimeo<\/a>.<\/p>\n<h3>&#8211; <a href=\"https:\/\/kolektiva.media\/w\/fguxkmBTvcjea6oArQ2aDQ\">Bure \u2013 Tous n\u2019ont pas dit oui<\/a> (2013 ; 25 min)<\/h3>\n<p>Ein Film von Alain Ries, mit Musik von Patricia Dallio.<\/p>\n<p><i>Tous n&#8217;ont pas dit oui <\/i>(Nicht alle haben ja gesagt) zeichnet den Kampf all derer nach, die sich seit 1994 in einer kleinen abgelegenen Ecke Ostfrankreichs hartn\u00e4ckig gegen die Dampfwalze der Atomlobby wehren.<\/p>\n<p><em>Englische, italienische, deutsche und franz\u00f6sische Untertitel verf\u00fcgbar.<\/em><\/p>\n<p><iframe loading=\"lazy\" class=\"wp-embedded-content\" sandbox=\"allow-scripts\" security=\"restricted\" title=\"Bure : Tous n&#039;ont pas dit oui\" width=\"500\" height=\"315\" src=\"https:\/\/kolektiva.media\/videos\/embed\/fguxkmBTvcjea6oArQ2aDQ#?secret=pwA2sWPTOz\" data-secret=\"pwA2sWPTOz\"><\/iframe><\/p>\n<p>Auch auf <a href=\"https:\/\/tube.piweb.be\/videos\/watch\/f4e6c92f-04f3-4110-a83a-beb1024c072b\">piweb.be<\/a>.<\/p>\n<h3>&#8211; <a href=\"https:\/\/kolektiva.media\/w\/tkAUuDyvK4WsJAFtjG8QWz\">Bure ou les ruines toxiques de la modernit\u00e9<\/a> (2016 ; 23 min)<\/h3>\n<p><i>Bure oder die giftigen Ruinen der Moderne<\/i><\/p>\n<p>Ein Dokumentarfilm \u00fcber die Wiederbesetzung und den Widerstand im Wald von Lejuc im Juli-August 2016, gedreht von DOC du r\u00e9el.<\/p>\n<p><em>Englische, italienische, deutsche und franz\u00f6sische Untertitel verf\u00fcgbar.<\/em><\/p>\n<p><iframe loading=\"lazy\" class=\"wp-embedded-content\" sandbox=\"allow-scripts\" security=\"restricted\" title=\"Bure ou les ruines toxiques de la modernit\u00e9\" width=\"500\" height=\"315\" src=\"https:\/\/kolektiva.media\/videos\/embed\/tkAUuDyvK4WsJAFtjG8QWz#?secret=Wee7zU4dfW\" data-secret=\"Wee7zU4dfW\"><\/iframe><\/p>\n<p>Auch auf <a href=\"https:\/\/tube.piweb.be\/w\/cc57aef8-b20c-4ad4-b99b-516d145d873e\">piweb.be<\/a>.<\/p>\n<h3>&#8211; <a href=\"https:\/\/kolektiva.media\/videos\/watch\/a7f1b4c8-df63-4139-b9cd-89adc1c5ca74\">Les grilles de l\u2019Andra sont tomb\u00e9es<\/a> ! (Februar 2017; 5 min)<\/h3>\n<p><i>Die <\/i><i>Z\u00e4une<\/i><i> von Andra sind gefallen<\/i><\/p>\n<p>Am 18. Februar 2017 verlie\u00df eine riesige Prozession den Lejuc-Wald, um in Richtung Andra zu ziehen. Eine Menge von mehreren hundert Menschen umzingelte daraufhin eines der Geb\u00e4ude, die \u00d6kothek, und lie\u00df deren Za\u00fcne in einem Regen aus Tr\u00e4nengas und Schockgranaten niederfallen. Dieses Video erinnert an einen Moment von seltener Intensit\u00e4t, als die atomare Festung pl\u00f6tzlich nicht mehr so uneinnehmbar schien. Mehrere Freunde wurden an diesem Tag von der Polizei schwer verletzt&#8230;<\/p>\n<p>(Das Video ist ohne Sprache)<\/p>\n<p><iframe loading=\"lazy\" class=\"wp-embedded-content\" sandbox=\"allow-scripts\" security=\"restricted\" title=\"Bure : les grilles de l&#039;Andra sont tomb\u00e9es !\" width=\"500\" height=\"315\" src=\"https:\/\/kolektiva.media\/videos\/embed\/mJQbG6zVsbwckQYjF7NFuQ#?secret=VUKmiZu0uq\" data-secret=\"VUKmiZu0uq\"><\/iframe><\/p>\n<p>Auch auf <a href=\"http:\/\/www.youtube.com\/watch?v=u23hqajNbBo\">youtube<\/a>.<\/p>\n<h3>&#8211; <a href=\"https:\/\/kolektiva.media\/videos\/watch\/c135df42-4118-4c8f-a706-c64f2c5933f4\">D\u00e9clare ta flamme \u00e0 l\u2019ANDRA<\/a> (Februar 2017 ; 3 min)<\/h3>\n<p><i>Erkl\u00e4ren Sie Ihre Flamme zu ANDRA<\/i><\/p>\n<p>Fackelumzug zum ANDRA labor 2017.<\/p>\n<p>(Das Video ist ohne Sprache)<\/p>\n<p><iframe loading=\"lazy\" class=\"wp-embedded-content\" sandbox=\"allow-scripts\" security=\"restricted\" title=\"Marche aux flambeaux vers l&#039;ANDRA !\" width=\"500\" height=\"315\" src=\"https:\/\/kolektiva.media\/videos\/embed\/pRMPBR5tEuCSX5PEoxxVe7#?secret=SDg4XbFW9Q\" data-secret=\"SDg4XbFW9Q\"><\/iframe><\/p>\n<p>Auch auf <a href=\"https:\/\/youtu.be\/ztBOPVnMAZs\">youtube<\/a>.<\/p>\n<h3>&#8211; <a href=\"https:\/\/kolektiva.media\/w\/mA8bVvXkBVCoHYATYXaSGf\">Pump up the Riot!<\/a> (2005, 4 min)<\/h3>\n<p>Protest vor dem ANDRA-Labor im Jahr 2005.<\/p>\n<p>(Das Video ist ohne Sprache)<\/p>\n<p><iframe loading=\"lazy\" class=\"wp-embedded-content\" sandbox=\"allow-scripts\" security=\"restricted\" title=\"Pump up the riot\" width=\"500\" height=\"315\" src=\"https:\/\/kolektiva.media\/videos\/embed\/mA8bVvXkBVCoHYATYXaSGf#?secret=fpRn09wL70\" data-secret=\"fpRn09wL70\"><\/iframe><\/p>\n<p>Auch auf <a href=\"https:\/\/youtu.be\/AE0Cpdaqv7w\">youtube<\/a>.<\/p>\n","protected":false},"excerpt":{"rendered":"<p>Texte, audio und videos Es gibt viele weitere Ressourcen auf Franz\u00f6sisch: Texte, Audio und Video. Wenn Sie Pamphlete, Filmuntertitel oder Artikel von der Website ins Deutsche \u00fcbersetzen m\u00f6chten, schreiben Sie bitte an traductions-bureburebure [at] riseup [dot] net Auch wenn Sie andere Dokumente auf Deutsch \u00fcber Cig\u00e9o oder Atomkraft haben, die Sie hier teilen m\u00f6chten, k\u00f6nnen&#8230;<\/p>\n","protected":false},"author":3,"featured_media":0,"parent":0,"menu_order":0,"comment_status":"closed","ping_status":"closed","template":"","meta":{"_locale":"de_DE","_original_post":"http:\/\/bure3iqeqde7ynpluyuubochndt33wwsbkmo7kgf32bmli4zigjwvzid.onion\/?page_id=8593","footnotes":""},"class_list":["post-8598","page","type-page","status-publish","hentry","de-DE"],"_links":{"self":[{"href":"https:\/\/bureburebure.info\/wp-json\/wp\/v2\/pages\/8598","targetHints":{"allow":["GET"]}}],"collection":[{"href":"https:\/\/bureburebure.info\/wp-json\/wp\/v2\/pages"}],"about":[{"href":"https:\/\/bureburebure.info\/wp-json\/wp\/v2\/types\/page"}],"author":[{"embeddable":true,"href":"https:\/\/bureburebure.info\/wp-json\/wp\/v2\/users\/3"}],"replies":[{"embeddable":true,"href":"https:\/\/bureburebure.info\/wp-json\/wp\/v2\/comments?post=8598"}],"version-history":[{"count":8,"href":"https:\/\/bureburebure.info\/wp-json\/wp\/v2\/pages\/8598\/revisions"}],"predecessor-version":[{"id":15878,"href":"https:\/\/bureburebure.info\/wp-json\/wp\/v2\/pages\/8598\/revisions\/15878"}],"wp:attachment":[{"href":"https:\/\/bureburebure.info\/wp-json\/wp\/v2\/media?parent=8598"}],"curies":[{"name":"wp","href":"https:\/\/api.w.org\/{rel}","templated":true}]}}