{"id":8615,"date":"2022-04-01T15:05:02","date_gmt":"2022-04-01T15:05:02","guid":{"rendered":"http:\/\/bure3iqeqde7ynpluyuubochndt33wwsbkmo7kgf32bmli4zigjwvzid.onion\/?page_id=8615"},"modified":"2022-04-01T15:05:02","modified_gmt":"2022-04-01T15:05:02","slug":"exposition-trainstopping","status":"publish","type":"page","link":"https:\/\/bureburebure.info\/de\/exposition-trainstopping\/","title":{"rendered":"Ausstellung &#8222;Trainstopping&#8220;"},"content":{"rendered":"<h2>Sabotage von Bahnverkehr im Kontext der Anti-Atom-Bewegung<\/h2>\n<p>Seit dem 3. August 2019, dem Tag der Er\u00f6ffnung, findet die Open-Air-Ausstellung &#8222;Trainstopping&#8220; auf dem Bahnhof in Lum\u00e9ville (6 km von Bure entfernt) statt. Sie wurde urspr\u00fcnglich von dem politisch-k\u00fcnstlerischen Kollektiv &#8222;Bure\/Gorleben&#8220; geschaffen. Es wurde bereits in Meuchefitz im Wendland im Rahmen der &#8222;Kulturellen Landpartie&#8220; ausgestellt. Diese Ausstellung wird auf dem Gel\u00e4nde des Bahnhofs von Lum\u00e9ville-en-Ornois verbleiben und kann jederzeit besucht werden. Alle Texte sind in franz\u00f6sischer Sprache, aber es gibt auch Begleitbrosch\u00fcren zur Ausstellung, die demn\u00e4chst in Deutsch, Englisch und Franz\u00f6sisch online sein werden.<\/p>\n<h3>Warum wurde der Bahnhof von Lum\u00e9ville-en-Ornois als Ausstellungsort gew\u00e4hlt?<\/h3>\n<p>Die CIGEO-Baustelle befindet sich in und um Bure &#8211; hier soll die franz\u00f6sische Atomm\u00fclldeponie entstehen. Der Bahnhof in Lumeville (&#8222;La Gare&#8220;) ist seit langem ein Ort des Lebens f\u00fcr viele Menschen und ein wichtiger Ort des Widerstands &#8211; auch strategisch. Er ist nur ein paar Kilometer von Bure und Bois Lejuc entfernt. Au\u00dferdem liegt der alte Bahnhof an der geplanten Bahnstrecke f\u00fcr den zuk\u00fcnftigen Transport von Atomm\u00fcll. \u00dcber diese Bahnlinie werden in naher Zukunft gigantische Mengen an Atomm\u00fcll in die Tiefen des Endlagers transportiert werden. Damit ist klar, dass es zu einer Enteignung des Gel\u00e4ndes und einem Kampf um La Gare kommen wird. Der Kampf gegen zuk\u00fcnftige Atomtransporte k\u00f6nnte ein wichtiger (und sehr interessanter) neuer strategischer Punkt im Kampf gegen die CIGEO und ihre Welt werden. Als politisches Kunstkollektiv wollten wir die Erfahrungen vergangener Anti-Atom-K\u00e4mpfe in Form einer Ausstellung an diesen besonderen Ort transportieren und damit einen kleinen Beitrag zur Debatte \u00fcber zuk\u00fcnftige Strategien leisten. Die Wahl des Ortes hing auch mit der langj\u00e4hrigen Verbundenheit der deutsch-franz\u00f6sischen Anti-Atom-K\u00e4mpfe zusammen, die seit jeher von der Internationalit\u00e4t und Solidarit\u00e4t \u00fcber die Grenze und mit den dort lebenden Menschen lebt.<\/p>\n<p>Lassen Sie uns diese und andere Verbindungen st\u00e4rken. Lasst uns der Repression und der Atomlobby trotzen. Mit kreativen und vielf\u00e4ltigen Ideen k\u00f6nnen wir ein Sandkorn in das nukleare Getriebe streuen!<\/p>\n<h3>Weitere Informationen zur Ausstellung:<\/h3>\n<p>Die Ausstellung widmet sich dem vielf\u00e4ltigen Thema der Blockade und Sabotage von Gleisen; dem Widerstand an einem der sensibelsten Punkte atomwirtschaft-licher Logistik. Auf k\u00fcnstlerische Weise dokumentieren wir verschiedene Aktions-formen sowie Techniken, die im Laufe der Zeit von widerst\u00e4ndigen Menschen aus-get\u00fcftelt und weiterentwickelt wurden. Die Ausstellung streift auch Fragen wie dieder Sicherheit, Verantwortung oder Vermittelbarkeit solcher Aktionen.<\/p>\n<p>Ausdr\u00fccklich weisen wir darauf hin, dass dies nicht als Versuch angesehen werdensoll, irgend jemanden anzustiften, solcherlei Dinge nach zu machen! Es handeltsich also um KEINE Anleitung zu Straftaten&#8230; doch vielleicht springt ja ein F\u00fcnkchen Inspiration auf euch \u00fcber, weckt Interesse und sorgt f\u00fcr eine weitergehendeBesch\u00e4ftigung mit dem Thema.<\/p>\n<p>Sie k\u00f6nnen die Ausstellung im La Gare jederzeit besuchen. Machen Sie sich ein Bild von der Situation vor Ort und unterst\u00fctzen Sie den Widerstand gegen die CIGEO und ihre Welt!<\/p>\n<p>Adresse: Lum\u00e9ville-en-Ornois, 55130 Gondrecourt-le-Ch\u00e2teau (von Gondrecourt in Lumeville kommend rechts abbiegen in Richtung Mandres-en-Barrios, nach ca. 1km auf der linken Seite etwas versteckt hinter den B\u00e4umen ist das Gel\u00e4nde)<\/p>\n<p>\u2014\u2014\u2014\u2014\u2014\u2014\u2014\u2014\u2014\u2014\u2014\u2014\u2014\u2014-<\/p>\n<p><b>Begleitbrosch\u00fcre &amp; Handbuch\u00a0: Blockade &amp; Sabotage von Bahnverkehr im Kontext der Anti-Atom-Bewegung<\/b><\/p>\n<p>Die Blockade und Sabotage von Eisenbahnen und Eisenbahninfrastruktur, ein Markenzeichen der Anti-Atomkraft-Bewegung, liegt nun in Form einer Brosch\u00fcre in Deutsch, Englisch und Franz\u00f6sisch vor. Tats\u00e4chlich war es &#8222;nur&#8220; die Brosch\u00fcre zur TRAINSTOPPING-Ausstellung in Bure, Frankreich. Die Ausstellung ist dort immer noch zu sehen. (siehe hier: <a href=\"https:\/\/de.indymedia.org\/node\/36075\">https:\/\/de.indymedia.org\/node\/36075<\/a>)<\/p>\n<p>Es ist nun mehr ein Handbuch, das auch \u00fcber das Interesse an Anti-Atom-K\u00e4mpfen hinaus eine spannende Lekt\u00fcre sein soll. Die Brosch\u00fcren sind in Deutsch, Englisch und Franz\u00f6sisch erh\u00e4ltlich und k\u00f6nnen auch als pdf-Dateien heruntergeladen werden.<\/p>\n<p>Sie k\u00f6nnen Kopien auch direkt bestellen bei: <strong>trainstopping (at) riseup.net<\/strong> (PGP-Schl\u00fcssel siehe unten)<\/p>\n<p><strong><a href=\"https:\/\/infokiosques.net\/spip.php?article1744\">Deutsche, franz\u00f6sische und englische Version unter diesem Link.<\/a><\/strong><\/p>\n<p>&nbsp;<\/p>\n<p><a href=\"https:\/\/bureburebure.info\/wp-content\/uploads\/2019\/09\/41547.jpg\"><img loading=\"lazy\" decoding=\"async\" class=\"alignnone size-full wp-image-2278 img-fluid  img-fluid \" src=\"https:\/\/bureburebure.info\/wp-content\/uploads\/2019\/09\/41547.jpg\" sizes=\"auto, (max-width: 1000px) 100vw, 1000px\" srcset=\"https:\/\/bureburebure.info\/wp-content\/uploads\/2019\/09\/41547.jpg 1000w, https:\/\/bureburebure.info\/wp-content\/uploads\/2019\/09\/41547-768x513.jpg 768w\" alt=\"\" width=\"1000\" height=\"668\" \/><\/a><\/p>\n<p><em>Der Bahnhof von Lum\u00e9ville-en-Ornois<\/em><\/p>\n<p><a href=\"https:\/\/bureburebure.info\/wp-content\/uploads\/2019\/09\/41546.jpg\"><img loading=\"lazy\" decoding=\"async\" class=\"alignnone size-full wp-image-2277 img-fluid  img-fluid \" src=\"https:\/\/bureburebure.info\/wp-content\/uploads\/2019\/09\/41546.jpg\" sizes=\"auto, (max-width: 800px) 100vw, 800px\" srcset=\"https:\/\/bureburebure.info\/wp-content\/uploads\/2019\/09\/41546.jpg 800w, https:\/\/bureburebure.info\/wp-content\/uploads\/2019\/09\/41546-768x513.jpg 768w\" alt=\"\" width=\"800\" height=\"534\" \/><\/a><\/p>\n<p><em>Eingang der Ausstellung<\/em><\/p>\n<p><a href=\"https:\/\/bureburebure.info\/wp-content\/uploads\/2019\/09\/41548.jpg\"><img loading=\"lazy\" decoding=\"async\" class=\"alignnone size-full wp-image-2279 img-fluid  img-fluid \" src=\"https:\/\/bureburebure.info\/wp-content\/uploads\/2019\/09\/41548.jpg\" sizes=\"auto, (max-width: 800px) 100vw, 800px\" srcset=\"https:\/\/bureburebure.info\/wp-content\/uploads\/2019\/09\/41548.jpg 800w, https:\/\/bureburebure.info\/wp-content\/uploads\/2019\/09\/41548-768x513.jpg 768w\" alt=\"\" width=\"800\" height=\"534\" \/><\/a> <a href=\"https:\/\/bureburebure.info\/wp-content\/uploads\/2019\/09\/41549.jpg\"><img loading=\"lazy\" decoding=\"async\" class=\"alignnone size-full wp-image-2280 img-fluid  img-fluid \" src=\"https:\/\/bureburebure.info\/wp-content\/uploads\/2019\/09\/41549.jpg\" sizes=\"auto, (max-width: 800px) 100vw, 800px\" srcset=\"https:\/\/bureburebure.info\/wp-content\/uploads\/2019\/09\/41549.jpg 800w, https:\/\/bureburebure.info\/wp-content\/uploads\/2019\/09\/41549-768x513.jpg 768w\" alt=\"\" width=\"800\" height=\"534\" \/><\/a> <a href=\"https:\/\/bureburebure.info\/wp-content\/uploads\/2019\/09\/41550.jpg\"><img loading=\"lazy\" decoding=\"async\" class=\"alignnone size-full wp-image-2281 img-fluid  img-fluid \" src=\"https:\/\/bureburebure.info\/wp-content\/uploads\/2019\/09\/41550.jpg\" alt=\"\" width=\"534\" height=\"800\" \/><\/a> <a href=\"https:\/\/bureburebure.info\/wp-content\/uploads\/2019\/09\/41551.jpg\"><img loading=\"lazy\" decoding=\"async\" class=\"alignnone size-full wp-image-2282 img-fluid  img-fluid \" src=\"https:\/\/bureburebure.info\/wp-content\/uploads\/2019\/09\/41551.jpg\" sizes=\"auto, (max-width: 800px) 100vw, 800px\" srcset=\"https:\/\/bureburebure.info\/wp-content\/uploads\/2019\/09\/41551.jpg 800w, https:\/\/bureburebure.info\/wp-content\/uploads\/2019\/09\/41551-768x513.jpg 768w\" alt=\"\" width=\"800\" height=\"534\" \/><\/a> <a href=\"https:\/\/bureburebure.info\/wp-content\/uploads\/2019\/09\/41552.jpg\"><img loading=\"lazy\" decoding=\"async\" class=\"alignnone size-full wp-image-2283 img-fluid  img-fluid \" src=\"https:\/\/bureburebure.info\/wp-content\/uploads\/2019\/09\/41552.jpg\" alt=\"\" width=\"534\" height=\"800\" \/><\/a> <a href=\"https:\/\/bureburebure.info\/wp-content\/uploads\/2019\/09\/41553.jpg\"><img loading=\"lazy\" decoding=\"async\" class=\"alignnone size-full wp-image-2284 img-fluid  img-fluid \" src=\"https:\/\/bureburebure.info\/wp-content\/uploads\/2019\/09\/41553.jpg\" alt=\"\" width=\"534\" height=\"800\" \/><\/a> <a href=\"https:\/\/bureburebure.info\/wp-content\/uploads\/2019\/09\/41554.jpg\"><img loading=\"lazy\" decoding=\"async\" class=\"alignnone size-full wp-image-2285 img-fluid  img-fluid \" src=\"https:\/\/bureburebure.info\/wp-content\/uploads\/2019\/09\/41554.jpg\" alt=\"\" width=\"534\" height=\"800\" \/><\/a> <a href=\"https:\/\/bureburebure.info\/wp-content\/uploads\/2019\/09\/41555.jpg\"><img loading=\"lazy\" decoding=\"async\" class=\"alignnone size-full wp-image-2286 img-fluid  img-fluid \" src=\"https:\/\/bureburebure.info\/wp-content\/uploads\/2019\/09\/41555.jpg\" sizes=\"auto, (max-width: 800px) 100vw, 800px\" srcset=\"https:\/\/bureburebure.info\/wp-content\/uploads\/2019\/09\/41555.jpg 800w, https:\/\/bureburebure.info\/wp-content\/uploads\/2019\/09\/41555-768x513.jpg 768w\" alt=\"\" width=\"800\" height=\"534\" \/><\/a> <a href=\"https:\/\/bureburebure.info\/wp-content\/uploads\/2019\/09\/41556.jpg\"><img loading=\"lazy\" decoding=\"async\" class=\"alignnone size-full wp-image-2287 img-fluid  img-fluid \" src=\"https:\/\/bureburebure.info\/wp-content\/uploads\/2019\/09\/41556.jpg\" sizes=\"auto, (max-width: 800px) 100vw, 800px\" srcset=\"https:\/\/bureburebure.info\/wp-content\/uploads\/2019\/09\/41556.jpg 800w, https:\/\/bureburebure.info\/wp-content\/uploads\/2019\/09\/41556-768x513.jpg 768w\" alt=\"\" width=\"800\" height=\"534\" \/><\/a><\/p>\n","protected":false},"excerpt":{"rendered":"<p>Sabotage von Bahnverkehr im Kontext der Anti-Atom-Bewegung Seit dem 3. August 2019, dem Tag der Er\u00f6ffnung, findet die Open-Air-Ausstellung &#8222;Trainstopping&#8220; auf dem Bahnhof in Lum\u00e9ville (6 km von Bure entfernt) statt. Sie wurde urspr\u00fcnglich von dem politisch-k\u00fcnstlerischen Kollektiv &#8222;Bure\/Gorleben&#8220; geschaffen. Es wurde bereits in Meuchefitz im Wendland im Rahmen der &#8222;Kulturellen Landpartie&#8220; ausgestellt. Diese Ausstellung&#8230;<\/p>\n","protected":false},"author":3,"featured_media":0,"parent":0,"menu_order":0,"comment_status":"closed","ping_status":"closed","template":"","meta":{"_locale":"de_DE","_original_post":"http:\/\/bure3iqeqde7ynpluyuubochndt33wwsbkmo7kgf32bmli4zigjwvzid.onion\/?page_id=2276","footnotes":""},"class_list":["post-8615","page","type-page","status-publish","hentry","de-DE"],"_links":{"self":[{"href":"https:\/\/bureburebure.info\/wp-json\/wp\/v2\/pages\/8615","targetHints":{"allow":["GET"]}}],"collection":[{"href":"https:\/\/bureburebure.info\/wp-json\/wp\/v2\/pages"}],"about":[{"href":"https:\/\/bureburebure.info\/wp-json\/wp\/v2\/types\/page"}],"author":[{"embeddable":true,"href":"https:\/\/bureburebure.info\/wp-json\/wp\/v2\/users\/3"}],"replies":[{"embeddable":true,"href":"https:\/\/bureburebure.info\/wp-json\/wp\/v2\/comments?post=8615"}],"version-history":[{"count":1,"href":"https:\/\/bureburebure.info\/wp-json\/wp\/v2\/pages\/8615\/revisions"}],"predecessor-version":[{"id":8616,"href":"https:\/\/bureburebure.info\/wp-json\/wp\/v2\/pages\/8615\/revisions\/8616"}],"wp:attachment":[{"href":"https:\/\/bureburebure.info\/wp-json\/wp\/v2\/media?parent=8615"}],"curies":[{"name":"wp","href":"https:\/\/api.w.org\/{rel}","templated":true}]}}