{"id":8633,"date":"2022-04-01T15:44:49","date_gmt":"2022-04-01T15:44:49","guid":{"rendered":"http:\/\/bure3iqeqde7ynpluyuubochndt33wwsbkmo7kgf32bmli4zigjwvzid.onion\/?page_id=8633"},"modified":"2025-10-28T16:51:28","modified_gmt":"2025-10-28T16:51:28","slug":"contact","status":"publish","type":"page","link":"https:\/\/bureburebure.info\/de\/contact\/","title":{"rendered":"Kontakt"},"content":{"rendered":"<h2>Liste der verschiedenen Kontakte des Kampfes von Bure :<\/h2>\n<p>&nbsp;<\/p>\n<ul>\n<li><strong>Mail Kontakt<\/strong> (au\u00dfer f\u00fcr Journalist_innen \u2013 siehe unten) : <strong>sauvonslaforet [at] riseup (dot) net<\/strong><\/li>\n<li><strong>Kontakt, um in das Gebiet von Bure zu kommen : burezonelibre (at) riseup (dot) net<\/strong><\/li>\n<\/ul>\n<p>Tastenabdruck : 6767 CAF9 9E21 D1CC FD0F 6F8A 65FB 9CE9 BB8B D135<\/p>\n<ul>\n<li><strong>Telefonnummer des &#8222;Maison de R\u00e9sistance&#8220; (Widerstandshaus) : +33(0)9.54.10.57.11. <\/strong>Falls niemand rangeht, versuche es sp\u00e4ter noch einmal. Der Anrufbeantworter wird nicht regelm\u00e4\u00dfig geh\u00f6rt. Diese Nummer wird von den Bullen abgeh\u00f6rt, also: <span class=\"caps\">KEINE<\/span> <span class=\"caps\">NAMEN<\/span> am Telefon)<\/li>\n<\/ul>\n<p>=&gt; Es ist auch m\u00f6glich, das &#8222;Maison de R\u00e9sistance&#8220; <strong>per Signal<\/strong> zu kontaktieren : bzl.1312<\/p>\n<div class=\"module--translations-translatedtext js-module--translations-translatedtext\">\n<ul>\n<li class=\"module--translations-translatedtext js-module--translations-translatedtext js-module--translations-outdated\"><strong>Kontakt Signal zum La Gare<\/strong> (alten Lum\u00e9ville Bahnhofs) : garealarevanche [at] riseup [dot] net \/ <strong>Signal<\/strong> : @garealarevanche13.12<\/li>\n<li class=\"module--translations-translatedtext js-module--translations-translatedtext js-module--translations-outdated\"><strong>Presse Kontakt<\/strong> (nur f\u00fcr Journalist_innen) :\u00a0<strong>medias-bure [at] riseup [dot] net<\/strong><\/li>\n<li class=\"module--translations-translatedtext js-module--translations-translatedtext js-module--translations-outdated\"><strong>Kontakt f\u00fcr Widerstandskomitees<\/strong> : <strong>burepartout [at] riseup [dot] net <\/strong>(\u00d6ffentlicher PGP-Schl\u00fcssel auf Schl\u00fcsselservern)<\/li>\n<\/ul>\n<\/div>\n<p>Tastenabdruck : <span class=\"fingerprint\">B4DC 7CB7 57DD 39D1 A984 3F34 E465 B5F0 DA21 3912<\/span><\/p>\n<ul>\n<li><strong>Anti-repression Kontakt :<\/strong> <strong>arr [at] riseup [dot] net<\/strong> (\u00d6ffentlicher PGP-Schl\u00fcssel auf Schl\u00fcsselservern)<\/li>\n<\/ul>\n<p>Tastenabdruck : 0EB6 0DCC F821 C330 89AF DB4A 8B85 56EC D648 B3E2<\/p>\n<ul>\n<li><strong>Andere Kontakte von Menschen die gegen <span class=\"caps\">CIGEO<\/span> agieren <\/strong>: <a href=\"https:\/\/coordstopcigeo.noblogs.org\/\">https:\/\/coordstopcigeo.noblogs.org\/<\/a><\/li>\n<li><strong>Website-Kontakt <\/strong>: Wenn du einen Text auf der Webseite ver\u00f6ffentlichen willst und keinen Zugang hast oder technische Fragen hast (z.B. wie Widerstandskomitees einen Account er\u00f6ffnen k\u00f6nnen : <strong>bureburebure [at] riseup [dot] net<\/strong><\/li>\n<\/ul>\n<p>Du kannst verschl\u00fcsselt schreiben. Unseren \u00f6ffentlichen Key findest du auf dem Key-Server(der Fingerabdruck ist 9E48 D340 68C7 9CC2 93BC A989 C3B8 0FF3 <span class=\"caps\">CBCD<\/span> 1BAF) Oder Sie k\u00f6nnen es \u00fcber diesen Link herunterladen : <a href=\"https:\/\/bureburebure.info\/wp-content\/uploads\/2021\/05\/bureburebure-bureburebure@riseup.net-0xC3B80FF3CBCD1BAF-public.zip\">bureburebure@riseup.net-(0xC3B80FF3CBCD1BAF)-public<\/a><\/p>\n<ul>\n<li><strong>Kontakt f\u00fcr \u00dcbersetzungen :<\/strong> Wenn Sie bei der \u00dcbersetzung der Texte der Website helfen wollen (Artikel, Brosch\u00fcren, Untertitel von Filmen,&#8230;)<a href=\"https:\/\/bureburebure.info\/appel-a-traductions-bureburebure\/\"> Mehr Informationen hier<\/a> (auf franz\u00f6sisch) : <strong>traductions-bureburebure [at] riseup [dot] net<\/strong><\/li>\n<li class=\"Output INFO\" dir=\"ltr\"><strong><span id=\"[0,6]\" class=\"word\">Lokale<\/span> <span id=\"[7,21]\" class=\"word\">Zusammenlegung<\/span> <span id=\"[22,25]\" class=\"word\">von<\/span> <span id=\"[26,34]\" class=\"word\">Material <\/span><\/strong>: <a href=\"https:\/\/lamatmouth.noblogs.org\/\">https:\/\/lamatmouth.noblogs.org\/<\/a> ; lamatmouth [at] riseup [.] net<\/li>\n<\/ul>\n<div dir=\"ltr\"><\/div>\n<hr \/>\n<h2>Mail-Liste mit wichtigen Ereignissen<\/h2>\n<p>Es gibt eine Informations-Mailingliste &#8222;bloquonscigeo&#8220;, um wichtige Informationen \u00fcber den Bure-Kampf zu erhalten (nicht zum Austausch). Darauf k\u00f6nnen Sie ein paar E-Mails im Jahr erhalten. Um der Liste beizutreten, senden Sie eine E-Mail an sauvonslaforet (at) riseup (dot) net mit dem Betreff : add to the bloquons cigeo email list.<\/p>\n","protected":false},"excerpt":{"rendered":"<p>Liste der verschiedenen Kontakte des Kampfes von Bure : &nbsp; Mail Kontakt (au\u00dfer f\u00fcr Journalist_innen \u2013 siehe unten) : sauvonslaforet [at] riseup (dot) net Kontakt, um in das Gebiet von Bure zu kommen : burezonelibre (at) riseup (dot) net Tastenabdruck : 6767 CAF9 9E21 D1CC FD0F 6F8A 65FB 9CE9 BB8B D135 Telefonnummer des &#8222;Maison de&#8230;<\/p>\n","protected":false},"author":3,"featured_media":0,"parent":0,"menu_order":0,"comment_status":"closed","ping_status":"closed","template":"","meta":{"_locale":"de_DE","_original_post":"http:\/\/bure3iqeqde7ynpluyuubochndt33wwsbkmo7kgf32bmli4zigjwvzid.onion\/?page_id=757","footnotes":""},"class_list":["post-8633","page","type-page","status-publish","hentry","de-DE"],"_links":{"self":[{"href":"https:\/\/bureburebure.info\/wp-json\/wp\/v2\/pages\/8633","targetHints":{"allow":["GET"]}}],"collection":[{"href":"https:\/\/bureburebure.info\/wp-json\/wp\/v2\/pages"}],"about":[{"href":"https:\/\/bureburebure.info\/wp-json\/wp\/v2\/types\/page"}],"author":[{"embeddable":true,"href":"https:\/\/bureburebure.info\/wp-json\/wp\/v2\/users\/3"}],"replies":[{"embeddable":true,"href":"https:\/\/bureburebure.info\/wp-json\/wp\/v2\/comments?post=8633"}],"version-history":[{"count":13,"href":"https:\/\/bureburebure.info\/wp-json\/wp\/v2\/pages\/8633\/revisions"}],"predecessor-version":[{"id":15800,"href":"https:\/\/bureburebure.info\/wp-json\/wp\/v2\/pages\/8633\/revisions\/15800"}],"wp:attachment":[{"href":"https:\/\/bureburebure.info\/wp-json\/wp\/v2\/media?parent=8633"}],"curies":[{"name":"wp","href":"https:\/\/api.w.org\/{rel}","templated":true}]}}