{"id":15935,"date":"2025-10-31T20:45:15","date_gmt":"2025-10-31T20:45:15","guid":{"rendered":"http:\/\/bure3iqeqde7ynpluyuubochndt33wwsbkmo7kgf32bmli4zigjwvzid.onion\/?page_id=15935"},"modified":"2025-11-05T10:40:33","modified_gmt":"2025-11-05T10:40:33","slug":"le-transport-des-dechets-nucleaires-pour-cigeo","status":"publish","type":"page","link":"https:\/\/bureburebure.info\/en\/le-transport-des-dechets-nucleaires-pour-cigeo\/","title":{"rendered":"The transport of nuclear waste for Cig\u00e9o"},"content":{"rendered":"<p>The <a href=\"https:\/\/bureburebure.info\/lutte-a-la-gare-lumeville\/\">old train station of Lum\u00e9ville<\/a> (La Gare) is located on the railway line that would be used by shipments of nuclear waste for Cig\u00e9o. It could be threatened with expropriation if the atomic bin project is recognized as a public utility, probably from 2022. How many <a href=\"https:\/\/en.wikipedia.org\/wiki\/Dry_cask_storage\">CASTOR<\/a> trains will pass through our place and for how long? What is line 027000? And what is the ITE? Here are answers to the challenges of potential rail transport of nuclear waste to Bure. These elements are mostly taken from the <a href=\"https:\/\/lagaredelumeville.noblogs.org\/manuel-sur-le-transport-des-dechets-nucleaires-de-cigeo\/\">manual on nuclear waste transport of the &#8220;Tchou tchou&#8221; collective<\/a>.<\/p>\n<h2>The nuclear transports for Cig\u00e9o<\/h2>\n<p><img loading=\"lazy\" decoding=\"async\" class=\"alignnone size-full wp-image-8116 img-fluid \" src=\"https:\/\/bureburebure.info\/wp-content\/uploads\/2022\/01\/carte-convois-dechets-nucleaires-pour-cigeo.cleaned-300x294-1.png\" alt=\"\" width=\"300\" height=\"294\" \/><\/p>\n<p>In the case of Cig\u00e9o, ANDRA planned that the majority of radioactive waste would be transported by train from their current storage sites, located mainly at La Hague (Haute-Normandie), Marcoule (Gard) and Bugey (Ain). It is primarily HA-MAVL waste (high activity to medium activity with a long life), radioactive for hundreds of thousands or even millions of years.<\/p>\n<p>At the peak of Cig\u00e9o\u2019s activity, ANDRA is expecting about 60 CASTOR trains to pass through each year (5 per month or 1 to 2 per week), to which 110 trucks would need to be added to transport the radioactive waste resulting from the manufacture of atomic bombs, from the CEA factory located in Valduc (C\u00f4te d&#8217;Or).<\/p>\n<p>&nbsp;<\/p>\n<h2>The transport related to the work<\/h2>\n<p>For this project, which has been operating <strong>for at least 130 years<\/strong>, transport would not be limited to radioactive waste transported by rail or road. The staff, the excavated soil, the equipment and materials necessary for the construction of Cig\u00e9o\u2019s infrastructure and its operation would from the start involve constant transport (cars, trucks, construction machinery, exceptional convoys, etc.). At the peak of the construction phase, Andra plans to move 210 trucks per day, which would lead to premature road wear, dust clouds, air pollution and high noise levels.<\/p>\n<p><img loading=\"lazy\" decoding=\"async\" class=\"alignnone size-full wp-image-8117 img-fluid \" src=\"https:\/\/bureburebure.info\/wp-content\/uploads\/2022\/01\/voie-chemin-fer-cigeo-meuse.cleaned.png\" alt=\"\" width=\"606\" height=\"665\" \/><\/p>\n<h2>More than a century of heavy work to be expected<\/h2>\n<p>As the transport of this waste is mainly by train, two major projects would take place to connect Cig\u00e9o to the national rail network. Although the entire territory is concerned, these municipalities would be greatly impacted by the passage of rail and road convoys near Cig\u00e9o :<br \/>\nNan\u00e7ois-sur-Ornain &gt; Velaines &gt; Ligny-en-Barrois &gt; Givrauval &gt; Longeaux &gt; Menaucourt &gt; Nantois &gt; Naix-aux-Forges &gt; Saint-Amand-sur-Ornain &gt; Tr\u00e9veray &gt; Laneuville &gt; Saint-Joire &gt; Demange-aux-Eaux &gt; Baudignecourt &gt; Houdelaincourt &gt; Abainville &gt; Gondrecourt-le-Ch\u00e2teau &gt; Horville-en-Ornois &gt; Lum\u00e9ville-en-Ornois &gt; Chassey-Beaupr\u00e9 &gt; Cirfontaines-en-Ornois &gt; Guillaum\u00e9 &gt; Saudron<\/p>\n<h2>Renovation of line 027000<\/h2>\n<p>Work should take place by the end of 2020 to connect Cig\u00e9o to the national network via the Nan\u00e7ois-Tronville station, located on the Paris-Strasbourg line. SNCF R\u00e9seau is to carry out the renovation of the section of the railway line from Nan\u00e7ois-Tronville to Gondrecourt-le-Ch\u00e2teau (closed for decades), <strong>36 kilometers of tracks<\/strong> currently comprising 59 level crossings.<\/p>\n<p><strong>Many dwellings are located along this segment<\/strong> of line 027000. The residents would therefore suffer significant nuisances from the rehabilitation of this section of line. The nuclear convoys would pass over the level of windows and gardens for many houses.<\/p>\n<p>&nbsp;<\/p>\n<p><img loading=\"lazy\" decoding=\"async\" class=\"alignnone wp-image-8118 img-fluid \" src=\"https:\/\/bureburebure.info\/wp-content\/uploads\/2022\/01\/velaines1.cleaned-300x281-1.png\" alt=\"\" width=\"223\" height=\"209\" \/> <img loading=\"lazy\" decoding=\"async\" class=\"alignnone wp-image-8119 img-fluid \" src=\"https:\/\/bureburebure.info\/wp-content\/uploads\/2022\/01\/velaines-2.cleaned-300x288-1.png\" alt=\"\" width=\"219\" height=\"211\" \/> <img loading=\"lazy\" decoding=\"async\" class=\"alignnone wp-image-8120 img-fluid \" src=\"https:\/\/bureburebure.info\/wp-content\/uploads\/2022\/01\/treveray.cleaned-300x248-1.png\" alt=\"\" width=\"254\" height=\"210\" \/><\/p>\n<p>The line already belonging to the SNCF, ANDRA has planned to launch the construction site without any prior authorization : a way to put the population in front of the accomplished fact?<\/p>\n<p>Update 2025 : the <strong>first works (drillings) are just starting<\/strong> : <a href=\"https:\/\/bureburebure.info\/en\/inspection-surprise-des-forages-sur-la-voie-ferree\/\">https:\/\/bureburebure.info\/en\/inspection-surprise-des-forages-sur-la-voie-ferree\/<\/a><\/p>\n<h2>Creation of a new route (ITE)<\/h2>\n<p>To connect Gondrecourt-le-Ch\u00e2teau to the storage center itself in Saudron, the Embranch\u00e9e Terminal Installation (ITE) would be created. This 14-kilometre railway would allow the construction materials needed for the work to be transported directly to the Cig\u00e9o site, followed by the packages of nuclear waste during operation. The old station of Lum\u00e9ville is located on the route of the ITE potential and an expropriation procedure could take place, if Cig\u00e9o is one day recognized as a public utility.<\/p>\n<p><img loading=\"lazy\" decoding=\"async\" class=\"alignnone size-large wp-image-8109 img-fluid \" src=\"https:\/\/bureburebure.info\/wp-content\/uploads\/2022\/01\/drilling-railway-3-1400x991.jpg\" alt=\"\" width=\"1400\" height=\"991\" srcset=\"https:\/\/bureburebure.info\/wp-content\/uploads\/2022\/01\/drilling-railway-3-1400x991.jpg 1400w, https:\/\/bureburebure.info\/wp-content\/uploads\/2022\/01\/drilling-railway-3-768x543.jpg 768w, https:\/\/bureburebure.info\/wp-content\/uploads\/2022\/01\/drilling-railway-3-1536x1087.jpg 1536w, https:\/\/bureburebure.info\/wp-content\/uploads\/2022\/01\/drilling-railway-3-2048x1449.jpg 2048w\" sizes=\"auto, (max-width: 1400px) 100vw, 1400px\" \/><\/p>\n<p>The track crosses Gondrecourt then forks to the west to head towards the downhill area of the CIGEO project.<\/p>\n<p><img loading=\"lazy\" decoding=\"async\" class=\"alignnone size-large wp-image-8111 img-fluid \" src=\"https:\/\/bureburebure.info\/wp-content\/uploads\/2022\/01\/drilling-railway-1-1400x991.jpg\" alt=\"\" width=\"1400\" height=\"991\" srcset=\"https:\/\/bureburebure.info\/wp-content\/uploads\/2022\/01\/drilling-railway-1-1400x991.jpg 1400w, https:\/\/bureburebure.info\/wp-content\/uploads\/2022\/01\/drilling-railway-1-768x543.jpg 768w, https:\/\/bureburebure.info\/wp-content\/uploads\/2022\/01\/drilling-railway-1-1536x1087.jpg 1536w, https:\/\/bureburebure.info\/wp-content\/uploads\/2022\/01\/drilling-railway-1-2048x1449.jpg 2048w\" sizes=\"auto, (max-width: 1400px) 100vw, 1400px\" \/><\/p>\n<p>This image shows the section of track that will be built through fields (purple), from the old track to the future CIGEO project station (yellow)<\/p>\n<h2>Reinforcement of roads and deviation of agglomeration<\/h2>\n<p>The territory\u2019s road traffic would be greatly intensified, both for the needs of the colossal construction site in anticipation and for the transport of multiple waste packages to Cig\u00e9o. A large part of the road network would be profoundly modified, even deviated for certain agglomerations.<\/p>\n","protected":false},"excerpt":{"rendered":"<p>The old train station of Lum\u00e9ville (La Gare) is located on the railway line that would be used by shipments of nuclear waste for Cig\u00e9o. It could be threatened with expropriation if the atomic bin project is recognized as a public utility, probably from 2022. How many CASTOR trains will pass through our place and&#8230;<\/p>\n","protected":false},"author":3,"featured_media":0,"parent":0,"menu_order":0,"comment_status":"closed","ping_status":"closed","template":"","meta":{"_locale":"en_GB","_original_post":"http:\/\/bure3iqeqde7ynpluyuubochndt33wwsbkmo7kgf32bmli4zigjwvzid.onion\/?page_id=8115","footnotes":""},"class_list":["post-15935","page","type-page","status-publish","hentry","en-GB"],"_links":{"self":[{"href":"https:\/\/bureburebure.info\/wp-json\/wp\/v2\/pages\/15935","targetHints":{"allow":["GET"]}}],"collection":[{"href":"https:\/\/bureburebure.info\/wp-json\/wp\/v2\/pages"}],"about":[{"href":"https:\/\/bureburebure.info\/wp-json\/wp\/v2\/types\/page"}],"author":[{"embeddable":true,"href":"https:\/\/bureburebure.info\/wp-json\/wp\/v2\/users\/3"}],"replies":[{"embeddable":true,"href":"https:\/\/bureburebure.info\/wp-json\/wp\/v2\/comments?post=15935"}],"version-history":[{"count":3,"href":"https:\/\/bureburebure.info\/wp-json\/wp\/v2\/pages\/15935\/revisions"}],"predecessor-version":[{"id":16156,"href":"https:\/\/bureburebure.info\/wp-json\/wp\/v2\/pages\/15935\/revisions\/16156"}],"wp:attachment":[{"href":"https:\/\/bureburebure.info\/wp-json\/wp\/v2\/media?parent=15935"}],"curies":[{"name":"wp","href":"https:\/\/api.w.org\/{rel}","templated":true}]}}