{"id":16051,"date":"2025-11-01T15:52:32","date_gmt":"2025-11-01T15:52:32","guid":{"rendered":"http:\/\/bure3iqeqde7ynpluyuubochndt33wwsbkmo7kgf32bmli4zigjwvzid.onion\/?page_id=16051"},"modified":"2025-11-01T15:56:05","modified_gmt":"2025-11-01T15:56:05","slug":"lutte-a-la-gare-lumeville","status":"publish","type":"page","link":"https:\/\/bureburebure.info\/en\/lutte-a-la-gare-lumeville\/","title":{"rendered":"Struggle at La Gare (Lumeville)"},"content":{"rendered":"<p style=\"text-align: left;\"><em>Article found <a href=\"https:\/\/lagaredelumeville.noblogs.org\/\">here<\/a> (in french) slightly redesigned.<\/em><\/p>\n<p><strong>Contact of the Gare of Lumeville<\/strong> : garealarevanche [at] riseup.net<\/p>\n<p><strong>A brochure was published more recently than the following text to talk about the Gare<\/strong> : The old Lum\u00e9ville station : a legal and physical barricade against CIGEO (2nd version : spring 2024): <a href=\"https:\/\/bureburebure.info\/wp-content\/uploads\/2024\/04\/brochure-gare-V1-english-conv.cleaned.pdf\">notebook version<\/a>, <a href=\"https:\/\/bureburebure.info\/wp-content\/uploads\/2024\/04\/brochure-gare-V1-english.cleaned.pdf\">page version in series<\/a><\/p>\n<p>&#8212;<\/p>\n<h3>THE STATION, IN A FEW WORDS<\/h3>\n<p>The Ancienne Gare de Lum\u00e9ville (-en-Ornois) is a private site and a direct militant place against Cig\u00e9o, <a href=\"https:\/\/bureburebure.info\/en\/qu-est-ce-qui-se-passe-a-bure\/\">the radioactive waste burial project in Bure<\/a> and its surroundings in Meuse and Haute-Marne. It is located 10 km from the laboratory and is on the route of the potential Branched Terminal Installation (ITE) : the railway that ANDRA wishes to create and operate to transport nuclear waste to Cig\u00e9o via <a href=\"https:\/\/en.wikipedia.org\/wiki\/Dry_cask_storage\">CASTOR<\/a> convoys. L&#8217;Ancienne Gare (but here we prefer to call it &#8220;La Gare&#8221;) is directly threatened by this project of an atomic mega-garbage can.<\/p>\n<p>It is a resource place, of organization and reception for the curious, the collectives, the activists against Cig\u00e9o&#8230; but not only : we fight against all forms of authoritarianism, discrimination, oppression, the destruction of life, the levers of capitalism and productivism&#8230; And of course, you are free to come!<\/p>\n<p>Bought in the 2000s by a group of activists, it is a space of about 8 ha between the villages of Lum\u00e9ville-en-Ornois and Mandres-en-Barrois. It has hosted many events such as the ten-day anti-authoritarian and anti-capitalist VMC camp in August 2015, the Spring of Peasant Struggles in 2016, the anti-prison week of the Anarchist Bure Cross 2020, the Rayonnantes camp in August 2021&#8230;<\/p>\n<p>Address of the Former Lum\u00e9ville Station : RD138 in Lum\u00e9ville-en-Ornois 55130 Gondrecourt-le-Ch\u00e2teau<\/p>\n<p>To come by train : the nearest station is in Joinville (52300).<\/p>\n<p>&nbsp;<\/p>\n<h3>THE FINAL INSTALLATION (ITE), IN SHORT<\/h3>\n<p>The ITE could be one of the related infrastructures of the Cig\u00e9o atomic mega-bin project. It would be part of the network for the transport of nuclear waste that Andra wants to deploy if it obtains the DUP decree (declaration of public utility), perhaps during 2022.<\/p>\n<p>For the territory of Meuse and Haute-Marne, the agency plans 2 dangerous projects for the rail transport of nuclear waste to Cig\u00e9o : the ITE and the rehabilitation of line 027000. Their work would be launched upon obtaining the DUP, while Cig\u00e9o is still not authorized: this is another good example of the policy of the nuclear industry\u2019s fait accompli.<\/p>\n<p>The Embranch\u00e9e Terminal Installation: between Gondrecourt-le-Ch\u00e2teau and Saudron (where the laboratory is located), 14 km of new railway would be built, partly on the route now disappeared from the old line. The old station of Lum\u00e9ville is located on the route of the ITE potential and a expropriation procedure could take place, after the &#8220;declaration of public utility&#8221; by Cig\u00e9o.<\/p>\n<p><img loading=\"lazy\" decoding=\"async\" class=\"alignnone size-large wp-image-8109 img-fluid \" src=\"https:\/\/bureburebure.info\/wp-content\/uploads\/2022\/01\/drilling-railway-3-1400x991.jpg\" alt=\"\" width=\"1400\" height=\"991\" srcset=\"https:\/\/bureburebure.info\/wp-content\/uploads\/2022\/01\/drilling-railway-3-1400x991.jpg 1400w, https:\/\/bureburebure.info\/wp-content\/uploads\/2022\/01\/drilling-railway-3-768x543.jpg 768w, https:\/\/bureburebure.info\/wp-content\/uploads\/2022\/01\/drilling-railway-3-1536x1087.jpg 1536w, https:\/\/bureburebure.info\/wp-content\/uploads\/2022\/01\/drilling-railway-3-2048x1449.jpg 2048w\" sizes=\"auto, (max-width: 1400px) 100vw, 1400px\" \/><\/p>\n<p>The track crosses Gondrecourt then branches off to the west towards the downhill area of the CIGEO project.<\/p>\n<p><img loading=\"lazy\" decoding=\"async\" class=\"alignnone size-large wp-image-8111 img-fluid \" src=\"https:\/\/bureburebure.info\/wp-content\/uploads\/2022\/01\/drilling-railway-1-1400x991.jpg\" alt=\"\" width=\"1400\" height=\"991\" srcset=\"https:\/\/bureburebure.info\/wp-content\/uploads\/2022\/01\/drilling-railway-1-1400x991.jpg 1400w, https:\/\/bureburebure.info\/wp-content\/uploads\/2022\/01\/drilling-railway-1-768x543.jpg 768w, https:\/\/bureburebure.info\/wp-content\/uploads\/2022\/01\/drilling-railway-1-1536x1087.jpg 1536w, https:\/\/bureburebure.info\/wp-content\/uploads\/2022\/01\/drilling-railway-1-2048x1449.jpg 2048w\" sizes=\"auto, (max-width: 1400px) 100vw, 1400px\" \/><\/p>\n<p>This image shows the section of track that will be built across fields (purple), from the old track to the future CIGEO project station (yellow).<\/p>\n<h3><\/h3>\n<h3><strong>THE HISTORY OF THE GARE<\/strong><\/h3>\n<p>The militant place is located on a section of the Jessains-Sorcy line, today largely out of service. At the old station of Lum\u00e9ville, the entire line was dismantled in the 70s and 80s. There are no more traces of balastres and track devices but only platforms in dimension stone and a few small buildings (station hall or barrier house).<\/p>\n<p><strong>History of the old railway line :<\/strong> The section where the former Lum\u00e9ville station is located was operated from 1892 until the mid-20th century, mainly during the First World War, then for the transport of goods. Half of this line, from Montier-en-Der (52) to Sorcy-Saint-Martin terminus (55), was created for purely strategic and military reasons, following the Franco-German war of 1870.<\/p>\n<p><strong>La Gare in the sight of Cig\u00e9o :<\/strong> 2006 marks the start of the Cig\u00e9o project, with the law of 28 June 2006 that makes the choice of setting up the atomic waste landfill site in Bure\/Saudron. There is already the laboratory\/Trojan horse since 2005. This also means that all the attention of the French nuclear promoters on &#8220;deep geological disposal&#8221; will be openly placed on this territory, contrary to the Bataille law of 1991 which recommends several lines of research.<\/p>\n<p>A group of opponents buys the land of the Ancienne Gare de Lum\u00e9ville-en-Ornois and its buildings.<\/p>\n<p>Several events are organized there, such as:<\/p>\n<p>\u2013 Anti-nuclear, anti-lab and anti-Cigeo actions, like the <a href=\"http:\/\/burestop.free.fr\/spip\/spip.php?article48\">D\u00e9branche festival<\/a>!<\/p>\n<p>\u2013 The <a href=\"http:\/\/hippiepest.herbesfolles.org\/\">Hippiepest<\/a>, a noise-punk-grindcore music festival, is then organized with 4 editions on site around the 2010s.<\/p>\n","protected":false},"excerpt":{"rendered":"<p>Article found here (in french) slightly redesigned. Contact of the Gare of Lumeville : garealarevanche [at] riseup.net A brochure was published more recently than the following text to talk about the Gare : The old Lum\u00e9ville station : a legal and physical barricade against CIGEO (2nd version : spring 2024): notebook version, page version in&#8230;<\/p>\n","protected":false},"author":3,"featured_media":0,"parent":0,"menu_order":0,"comment_status":"closed","ping_status":"closed","template":"","meta":{"_locale":"en_GB","_original_post":"http:\/\/bure3iqeqde7ynpluyuubochndt33wwsbkmo7kgf32bmli4zigjwvzid.onion\/?page_id=8108","footnotes":""},"class_list":["post-16051","page","type-page","status-publish","hentry","en-GB"],"_links":{"self":[{"href":"https:\/\/bureburebure.info\/wp-json\/wp\/v2\/pages\/16051","targetHints":{"allow":["GET"]}}],"collection":[{"href":"https:\/\/bureburebure.info\/wp-json\/wp\/v2\/pages"}],"about":[{"href":"https:\/\/bureburebure.info\/wp-json\/wp\/v2\/types\/page"}],"author":[{"embeddable":true,"href":"https:\/\/bureburebure.info\/wp-json\/wp\/v2\/users\/3"}],"replies":[{"embeddable":true,"href":"https:\/\/bureburebure.info\/wp-json\/wp\/v2\/comments?post=16051"}],"version-history":[{"count":4,"href":"https:\/\/bureburebure.info\/wp-json\/wp\/v2\/pages\/16051\/revisions"}],"predecessor-version":[{"id":16058,"href":"https:\/\/bureburebure.info\/wp-json\/wp\/v2\/pages\/16051\/revisions\/16058"}],"wp:attachment":[{"href":"https:\/\/bureburebure.info\/wp-json\/wp\/v2\/media?parent=16051"}],"curies":[{"name":"wp","href":"https:\/\/api.w.org\/{rel}","templated":true}]}}