{"id":8474,"date":"2022-04-01T10:48:50","date_gmt":"2022-04-01T10:48:50","guid":{"rendered":"http:\/\/bure3iqeqde7ynpluyuubochndt33wwsbkmo7kgf32bmli4zigjwvzid.onion\/?page_id=8474"},"modified":"2026-02-11T22:08:40","modified_gmt":"2026-02-11T22:08:40","slug":"qu-est-ce-qui-se-passe-a-bure","status":"publish","type":"page","link":"https:\/\/bureburebure.info\/en\/qu-est-ce-qui-se-passe-a-bure\/","title":{"rendered":"What is happening in Bure?"},"content":{"rendered":"<h1 class=\"western\">What is happening in Bure ?<\/h1>\n<p>The project of building a huge nuclear dump called CIGEO is ongoing since 1994, due to a french law from 1991 about the management of nuclear waste. A second law in 2006 decided to focus on Bure, in the department of the Meusen which has a clay based underground. This law was passed under the disguise of building \u201claboratory\u201d for geological research. A third law in 2016 starts the beginning of CIGEO, under a so-called \u201cpilot phase\u201d which has nothing to do with research. This is the first industrial phase of the project (costing approximately 25% of the estimated total!).<\/p>\n<p>The public declaration of interests (DUP) was filed in 2020. Its goal is to approve the interest of the project, especially to justify expropriations of necessary lands and new preparatory works. In the years to come, ANDRA (national agency for managing nuclear waste), the engineer of CIGEO, is supposed to ask for the authorization to create CIGEO and then, if approved, construction should start. However, some preparation works have been happening since 2015, and face ongoing protests.<\/p>\n<div style=\"width: 710px\" class=\"wp-caption alignnone\"><img loading=\"lazy\" decoding=\"async\" src=\"https:\/\/bureburebure.info\/wp-content\/uploads\/2018\/11\/plan_cigeo-700x450.png\" alt=\"\" width=\"700\" height=\"450\" \/><p class=\"wp-caption-text\">Cig\u00e9o : plan of the nuclear trash<\/p><\/div>\n<p>Cig\u00e9o would be spread over five villages in Meuse and Haute-Marne departments : Bure, Saudron, Ribeaucourt, Bonnet and Mandres. It would be 270 ha if surface nuclear installations and 300 km of underground tunnels, which would provide storage for the most radioactive products of the nuclear industry. All that for at least 40 billion euros.<\/p>\n<p>A future no man\u2019s land? Who would want to live next to that?<\/p>\n<p>For the moment it is just a project. At this point in time there is no nuclear waste in Bure, and the first arrivals are not due before 2025.<\/p>\n<p>However, ANDRA continues to buy land (already 3000 ha in the Meuse and Haute-Marne departments), and to build infrastructure (railway, roads, electricity lines, etc) and their propaganda keeps spreading\u2026<\/p>\n<p>&nbsp;<\/p>\n<p>In order to make CIGEO and opposition to the project understandable by as many people as possinle, popularization sheets were created in French. You can download them below :<\/p>\n<p><a href=\"https:\/\/bureburebure.info\/wp-content\/uploads\/2020\/05\/20200116-Desserte-ferroviaire-ligne-027000-et-ITE.cleaned.pdf\">Sheet n\u00b03 \u2013 Railway facilities<\/a> (french) (january 2020)<\/p>\n<p><a href=\"https:\/\/bureburebure.info\/wp-content\/uploads\/2020\/01\/20200104-Calendrier-de-Cig\u00e9o-Fiche-2p.cleaned.pdf\">Sheet n\u00b04 \u2013 Cig\u00e9o&#8217;s schedule<\/a> (french) (january 2020)<\/p>\n<p><a href=\"https:\/\/bureburebure.info\/wp-content\/uploads\/2020\/01\/20200105-Stockage-souterrain-des-d\u00e9chets-Fiche-gradoc-8p-1.pdf\">Sheet n\u00b05 \u2013 Cig\u00e9o underground waste storage facility<\/a> (french) (january 2020)<\/p>\n<p><a href=\"https:\/\/bureburebure.info\/wp-content\/uploads\/2020\/06\/20200601-RTE-Fiche-Gradoc.cleaned.pdf\">Sheet n\u00b06 \u2013 Cig\u00e9o electrical connection<\/a> (french) (june 2020)<\/p>\n<p><a href=\"https:\/\/bureburebure.info\/wp-content\/uploads\/2020\/01\/20200103-Les-besoins-\u00e9nerg\u00e9tiques-de-Cig\u00e9o-et-du-territoire-Fiche-2p.cleaned.pdf\">Sheet n\u00b08 \u2013 Cig\u00e9o heating needs<\/a> (french) (january 2020)<\/p>\n<h2 class=\"entry-title\">The house of resistance<\/h2>\n<div class=\"entry-content\">\n<div class=\"ob-section ob-section-html\">\n<div class=\"ob-section ob-section-html\">\n<p align=\"justify\">In 2004, some people against the nuclear state from France and Germany created an association called BZL (Bure Zone Libre \/ Bure Free Area). The year after, they bought an old farmhouse to renovate in the Meuse region in the heart of the small village of Bure, in the form of a non-trading property company (SCI) with the Sortir Du Nucl\u00e9aire network. This ruined farm will become the &#8220;House of resistance to nuclear waste&#8221; (&#8220;Maison de r\u00e9sistance \u00e0 la poubelle nucl\u00e9aire&#8221;).<\/p>\n<p align=\"justify\"><img loading=\"lazy\" decoding=\"async\" class=\"alignnone size-medium wp-image-767 img-fluid \" src=\"https:\/\/bureburebure.info\/wp-content\/uploads\/2018\/11\/maison-de-r\u00e9sistances-2013-700x450.png\" alt=\"\" width=\"700\" height=\"450\" \/><\/p>\n<p>At this point in time, this house is a living place open to everybody throughout the year. It has a meeting\/concert space, insulated space for many people to sleep, a kitchen, a workshop, a computer room and a garden. It is a place to :<\/p>\n<ul>\n<li>provide critical information about the nuclear industry and nuclear waste<\/li>\n<li>have a place to organize actions against the nuclear industry<\/li>\n<li>experiment way of organizing and living without hierarchy<\/li>\n<\/ul>\n<p>The house is always open.<\/p>\n<\/div>\n<p class=\"ob-section ob-section-html\">You can send an email to <strong>burezonelibre[at]riseup.net<\/strong> or call <strong>(+33) 9 54 10 57 11<\/strong> : if nobody answers the phone, please try to call back because the messages are not checked. (This number is wiretapped by police, we don&#8217;t like to say too many names on the phone.)<\/p>\n<\/div>\n<\/div>\n<p>The closest shop is 10 km away, the nearest train station (Joinville) and supermarket are 20 km away.<\/p>\n<div class=\"entry-content\">\n<div class=\"ob-section ob-section-html\">\n<div class=\"ob-section ob-section-html\">\n<p>The food purchases are made with the free participation of everyone. You can also bring food to share! (please prefer vegan food)<\/p>\n<p>The good functioning and the maintenance of the place are managed by all, regulars as well as newcomers (don&#8217;t hesitate to ask what to do and how to participate, and to propose your initiatives!)<\/p>\n<p>The house welcomes people with different sensibilities, opinions and practices. These encounters are very enriching, and require kindness and openness!<\/p>\n<p>The fight against the burial of nuclear waste is carried by many individuals, groups and associations, and joins multiple social and environmental struggles. The house of resistance belongs to the fight against nuclear waste as a whole with all these components.<\/p>\n<p>The association Bure Zone Libre takes care of the administrative management and a long term follow-up of the house of resistance. It is autonomous and independent. It relies only on the donations from its members and sympathizers as well as from friendly associations and partners.<\/p>\n<\/div>\n<p>La Maison de R\u00e9sistance<br \/>\n2 rue de l\u2019\u00e9glise<br \/>\n55290 BURE<br \/>\n(+33) 9 54 10 57 11<\/p>\n<h2>Other friendly places<\/h2>\n<p>Other people live around Bure, whether in collective places or not. A collective house, l\u2019Affranchie, exists since 2018 in Mandres-en-Barrois (2 km from Bure).<\/p>\n<h2>CARTOGRAPHY<\/h2>\n<p>For more informations, see the page <a href=\"https:\/\/bureburebure.info\/cartography\">Cartography<\/a>.<\/p>\n<p><img loading=\"lazy\" decoding=\"async\" class=\"alignnone size-full wp-image-915 img-fluid \" src=\"https:\/\/bureburebure.info\/wp-content\/uploads\/2018\/11\/carte.png\" alt=\"\" width=\"722\" height=\"536\" \/><\/p>\n<p>Green : ANDRA lab<br \/>\nPurple : project of renovating 40km of old railway to bring the nuclear waste<br \/>\nBlue : future surface nuclear installations<br \/>\nOrange : area with the installation to carry the waste underground<br \/>\nYellow : ZIRA area under which they plan to build the underground tunnels<br \/>\nRed : Bois Lejuc, where they plan to put the ventilation pipes. This forest was occupied until february 2018.<br \/>\nBlack : Some of the collective places of resistance.<\/p>\n<\/div>\n<\/div>\n","protected":false},"excerpt":{"rendered":"<p>What is happening in Bure ? The project of building a huge nuclear dump called CIGEO is ongoing since 1994, due to a french law from 1991 about the management of nuclear waste. A second law in 2006 decided to focus on Bure, in the department of the Meusen which has a clay based underground&#8230;.<\/p>\n","protected":false},"author":3,"featured_media":0,"parent":0,"menu_order":0,"comment_status":"closed","ping_status":"closed","template":"","meta":{"_locale":"en_GB","_original_post":"http:\/\/bure3iqeqde7ynpluyuubochndt33wwsbkmo7kgf32bmli4zigjwvzid.onion\/?page_id=899","footnotes":""},"class_list":["post-8474","page","type-page","status-publish","hentry","en-GB"],"_links":{"self":[{"href":"https:\/\/bureburebure.info\/wp-json\/wp\/v2\/pages\/8474","targetHints":{"allow":["GET"]}}],"collection":[{"href":"https:\/\/bureburebure.info\/wp-json\/wp\/v2\/pages"}],"about":[{"href":"https:\/\/bureburebure.info\/wp-json\/wp\/v2\/types\/page"}],"author":[{"embeddable":true,"href":"https:\/\/bureburebure.info\/wp-json\/wp\/v2\/users\/3"}],"replies":[{"embeddable":true,"href":"https:\/\/bureburebure.info\/wp-json\/wp\/v2\/comments?post=8474"}],"version-history":[{"count":4,"href":"https:\/\/bureburebure.info\/wp-json\/wp\/v2\/pages\/8474\/revisions"}],"predecessor-version":[{"id":16613,"href":"https:\/\/bureburebure.info\/wp-json\/wp\/v2\/pages\/8474\/revisions\/16613"}],"wp:attachment":[{"href":"https:\/\/bureburebure.info\/wp-json\/wp\/v2\/media?parent=8474"}],"curies":[{"name":"wp","href":"https:\/\/api.w.org\/{rel}","templated":true}]}}