{"id":8513,"date":"2022-04-01T12:17:00","date_gmt":"2022-04-01T12:17:00","guid":{"rendered":"http:\/\/bure3iqeqde7ynpluyuubochndt33wwsbkmo7kgf32bmli4zigjwvzid.onion\/?page_id=8513"},"modified":"2026-02-11T22:16:53","modified_gmt":"2026-02-11T22:16:53","slug":"le-bois-lejuc","status":"publish","type":"page","link":"https:\/\/bureburebure.info\/en\/le-bois-lejuc\/","title":{"rendered":"The Bois Lejuc"},"content":{"rendered":"<h1>The Bois Lejuc<\/h1>\n<p><a href=\"https:\/\/bureburebure.info\/wp-content\/uploads\/2018\/11\/barricade.jpeg\" rel=\"attachment wp-att-880\"><img loading=\"lazy\" decoding=\"async\" class=\"wp-image-880 aligncenter img-fluid \" src=\"https:\/\/bureburebure.info\/wp-content\/uploads\/2018\/11\/barricade.jpeg\" alt=\"\" width=\"445\" height=\"250\" \/><\/a><\/p>\n<p>From june 2016 to july 7th 2016 ; from august 15th 2016 to february 22th 2018 and in july 2019, the bois Lejuc was occupied by people, preventing preparation work (clear cutting the forest and drilling to test the ground). ANDRA is planning to put the ventilation pipes here, and storage of radioactive waste would be under the forest.<\/p>\n<p>In summer 2016, ANDRA started to cut the forest without authorization. An \u201cinfinite picnic\u201d took place in june 19th starting the occupation and destroying ANDRA\u2019s fences.<\/p>\n<p>After 3 weeks, the occupation was evicted at 6 am on july 7th.<\/p>\n<div id=\"attachment_881\" style=\"width: 310px\" class=\"wp-caption aligncenter\"><a href=\"https:\/\/bureburebure.info\/wp-content\/uploads\/2018\/11\/r\u00e9ocup.jpg\"><img loading=\"lazy\" decoding=\"async\" aria-describedby=\"caption-attachment-881\" class=\"wp-image-881 img-fluid \" src=\"https:\/\/bureburebure.info\/wp-content\/uploads\/2018\/11\/r\u00e9ocup.jpg\" alt=\"\" width=\"300\" height=\"380\" srcset=\"https:\/\/bureburebure.info\/wp-content\/uploads\/2018\/11\/r\u00e9ocup.jpg 808w, https:\/\/bureburebure.info\/wp-content\/uploads\/2018\/11\/r\u00e9ocup-768x973.jpg 768w\" sizes=\"auto, (max-width: 300px) 100vw, 300px\" \/><\/a><p id=\"caption-attachment-881\" class=\"wp-caption-text\">On july 16th 2016, first call to reoccupation<\/p><\/div>\n<p>The reoccupation demo was met with severe repression. People managed to get in the forest but decided to leave it after 5 days.<\/p>\n<p><iframe loading=\"lazy\" title=\"Manif de re\u0301occupation du bois Lejuc\" width=\"500\" height=\"281\" src=\"https:\/\/www.youtube.com\/embed\/G0sVHaBRRvk?feature=oembed\" frameborder=\"0\" allow=\"accelerometer; autoplay; clipboard-write; encrypted-media; gyroscope; picture-in-picture; web-share\" referrerpolicy=\"strict-origin-when-cross-origin\" allowfullscreen><\/iframe><\/p>\n<p>After that, ANDRA built a wall around the forest to prevent people from entering. This wall was built without authorisation.<\/p>\n<div id=\"attachment_883\" style=\"width: 210px\" class=\"wp-caption aligncenter\"><a href=\"https:\/\/bureburebure.info\/wp-content\/uploads\/2018\/11\/mur-debout.jpg\"><img loading=\"lazy\" decoding=\"async\" aria-describedby=\"caption-attachment-883\" class=\"wp-image-883 img-fluid \" src=\"https:\/\/bureburebure.info\/wp-content\/uploads\/2018\/11\/mur-debout.jpg\" alt=\"\" width=\"200\" height=\"300\" \/><\/a><p id=\"caption-attachment-883\" class=\"wp-caption-text\">Wall built by ANDRA<\/p><\/div>\n<p>ANDRA is condemned for building without authorization and on august 15th a demonstration went inside the forest to destroy the wall and succeeded completely.<\/p>\n<p><iframe loading=\"lazy\" title=\"\u00c0 Bure-les-Bains, on bois Lejuc sans mod\u00e9ration !\" src=\"https:\/\/player.vimeo.com\/video\/194173016?dnt=1&amp;app_id=122963\" width=\"500\" height=\"281\" frameborder=\"0\" allow=\"autoplay; fullscreen; picture-in-picture; clipboard-write; encrypted-media; web-share\" referrerpolicy=\"strict-origin-when-cross-origin\"><\/iframe><\/p>\n<div id=\"attachment_884\" style=\"width: 385px\" class=\"wp-caption aligncenter\"><a href=\"https:\/\/bureburebure.info\/wp-content\/uploads\/2018\/11\/mur.jpg\"><img loading=\"lazy\" decoding=\"async\" aria-describedby=\"caption-attachment-884\" class=\"wp-image-884 img-fluid \" src=\"https:\/\/bureburebure.info\/wp-content\/uploads\/2018\/11\/mur-640x480.jpg\" alt=\"\" width=\"375\" height=\"250\" srcset=\"https:\/\/bureburebure.info\/wp-content\/uploads\/2018\/11\/mur-768x512.jpg 768w, https:\/\/bureburebure.info\/wp-content\/uploads\/2018\/11\/mur.jpg 1024w\" sizes=\"auto, (max-width: 375px) 100vw, 375px\" \/><\/a><p id=\"caption-attachment-884\" class=\"wp-caption-text\">Pieces of the wall destroyed after the demo on august 15th 2016<\/p><\/div>\n<p>After this, the occupation settled in the forest and one inhabitant \u201cSven Lindstrom\u201d officially declared living in the forest. The eviction is pronounced by the court in march 2017. Below are somes images of the living places that were built in the forest during the second occupation.<\/p>\n<div id=\"attachment_639\" style=\"width: 454px\" class=\"wp-caption aligncenter\"><a href=\"https:\/\/bureburebure.info\/wp-content\/uploads\/2018\/10\/foret-3.jpg\"><img loading=\"lazy\" decoding=\"async\" aria-describedby=\"caption-attachment-639\" class=\"wp-image-639 img-fluid \" src=\"https:\/\/bureburebure.info\/wp-content\/uploads\/2018\/10\/foret-3.jpg\" alt=\"\" width=\"444\" height=\"250\" \/><\/a><p id=\"caption-attachment-639\" class=\"wp-caption-text\">The communale, house of Sven Lindstrom<\/p><\/div>\n<p>&nbsp;<\/p>\n<div id=\"attachment_637\" style=\"width: 455px\" class=\"wp-caption aligncenter\"><a href=\"https:\/\/bureburebure.info\/wp-content\/uploads\/2018\/10\/foret-1.jpg\"><img loading=\"lazy\" decoding=\"async\" aria-describedby=\"caption-attachment-637\" class=\"wp-image-637 img-fluid \" src=\"https:\/\/bureburebure.info\/wp-content\/uploads\/2018\/10\/foret-1.jpg\" alt=\"\" width=\"445\" height=\"250\" \/><\/a><p id=\"caption-attachment-637\" class=\"wp-caption-text\">A treehouse<\/p><\/div>\n<p>&nbsp;<\/p>\n<div id=\"attachment_887\" style=\"width: 310px\" class=\"wp-caption aligncenter\"><a href=\"https:\/\/bureburebure.info\/wp-content\/uploads\/2018\/11\/piraterie.jpg\"><img loading=\"lazy\" decoding=\"async\" aria-describedby=\"caption-attachment-887\" class=\"wp-image-887 size-full img-fluid \" src=\"https:\/\/bureburebure.info\/wp-content\/uploads\/2018\/11\/piraterie.jpg\" alt=\"\" width=\"300\" height=\"168\" \/><\/a><p id=\"caption-attachment-887\" class=\"wp-caption-text\">The \u201cpiraterie\u201d, a collective living place in the south of the forest<\/p><\/div>\n<p>&nbsp;<\/p>\n<div id=\"attachment_888\" style=\"width: 343px\" class=\"wp-caption aligncenter\"><a href=\"https:\/\/bureburebure.info\/wp-content\/uploads\/2018\/11\/BN2.jpg\"><img loading=\"lazy\" decoding=\"async\" aria-describedby=\"caption-attachment-888\" class=\"wp-image-888 img-fluid \" src=\"https:\/\/bureburebure.info\/wp-content\/uploads\/2018\/11\/BN2.jpg\" alt=\"\" width=\"333\" height=\"250\" srcset=\"https:\/\/bureburebure.info\/wp-content\/uploads\/2018\/11\/BN2.jpg 3648w, https:\/\/bureburebure.info\/wp-content\/uploads\/2018\/11\/BN2-640x480.jpg 640w, https:\/\/bureburebure.info\/wp-content\/uploads\/2018\/11\/BN2-768x576.jpg 768w, https:\/\/bureburebure.info\/wp-content\/uploads\/2018\/11\/BN2-1400x1050.jpg 1400w\" sizes=\"auto, (max-width: 333px) 100vw, 333px\" \/><\/a><p id=\"caption-attachment-888\" class=\"wp-caption-text\">The north barricade<\/p><\/div>\n<p>&nbsp;<\/p>\n<div id=\"attachment_889\" style=\"width: 343px\" class=\"wp-caption aligncenter\"><a href=\"https:\/\/bureburebure.info\/wp-content\/uploads\/2018\/11\/dracab2.jpg\"><img loading=\"lazy\" decoding=\"async\" aria-describedby=\"caption-attachment-889\" class=\"wp-image-889 img-fluid \" src=\"https:\/\/bureburebure.info\/wp-content\/uploads\/2018\/11\/dracab2.jpg\" alt=\"\" width=\"333\" height=\"250\" srcset=\"https:\/\/bureburebure.info\/wp-content\/uploads\/2018\/11\/dracab2.jpg 3648w, https:\/\/bureburebure.info\/wp-content\/uploads\/2018\/11\/dracab2-640x480.jpg 640w, https:\/\/bureburebure.info\/wp-content\/uploads\/2018\/11\/dracab2-768x576.jpg 768w, https:\/\/bureburebure.info\/wp-content\/uploads\/2018\/11\/dracab2-1400x1050.jpg 1400w\" sizes=\"auto, (max-width: 333px) 100vw, 333px\" \/><\/a><p id=\"caption-attachment-889\" class=\"wp-caption-text\">The &#8220;Dracab&#8221;<\/p><\/div>\n<p>&nbsp;<\/p>\n<div id=\"attachment_890\" style=\"width: 188px\" class=\"wp-caption aligncenter\"><a href=\"https:\/\/bureburebure.info\/wp-content\/uploads\/2018\/11\/affiche-occupation.jpg\"><img loading=\"lazy\" decoding=\"async\" aria-describedby=\"caption-attachment-890\" class=\"wp-image-890 img-fluid \" src=\"https:\/\/bureburebure.info\/wp-content\/uploads\/2018\/11\/affiche-occupation.jpg\" alt=\"\" width=\"178\" height=\"250\" \/><\/a><p id=\"caption-attachment-890\" class=\"wp-caption-text\">Apr\u00e8s l&#8217;annonce de la d\u00e9cision d&#8217;expulsion, une affiche \u00e9tait parue en r\u00e9ponse.<\/p><\/div>\n<p>Below is a movie from summer 2017 that shows the forest a bit.<\/p>\n<p><iframe loading=\"lazy\" title=\"Bogues !\" width=\"500\" height=\"281\" src=\"https:\/\/www.youtube.com\/embed\/P5UVHaWDbfQ?feature=oembed\" frameborder=\"0\" allow=\"accelerometer; autoplay; clipboard-write; encrypted-media; gyroscope; picture-in-picture; web-share\" referrerpolicy=\"strict-origin-when-cross-origin\" allowfullscreen><\/iframe><\/p>\n<p>Besides the occupation there is a judicial case about ANDRA legally owning the forest. On May 18th, 2017, the town council voted again to sell the forest to ANDRA. The village of 130 inhabitants looked like there was a international counter summit on that day.<\/p>\n<div id=\"attachment_891\" style=\"width: 343px\" class=\"wp-caption aligncenter\"><a href=\"https:\/\/bureburebure.info\/wp-content\/uploads\/2018\/11\/mandres.jpg\"><img loading=\"lazy\" decoding=\"async\" aria-describedby=\"caption-attachment-891\" class=\"wp-image-891 img-fluid \" src=\"https:\/\/bureburebure.info\/wp-content\/uploads\/2018\/11\/mandres.jpg\" alt=\"\" width=\"333\" height=\"250\" srcset=\"https:\/\/bureburebure.info\/wp-content\/uploads\/2018\/11\/mandres.jpg 768w, https:\/\/bureburebure.info\/wp-content\/uploads\/2018\/11\/mandres-640x480.jpg 640w\" sizes=\"auto, (max-width: 333px) 100vw, 333px\" \/><\/a><p id=\"caption-attachment-891\" class=\"wp-caption-text\">Cops around the town council on 18th may 2017 in Mandres-en-Barrois<\/p><\/div>\n<p>This case, supported by 30 inhabitants, is still ongoing.<\/p>\n<p>On february 22th 2018 at 6 am, the bois Lejuc is evicted by 500 cops. On the same day the house of resistance in Bure is invaded by the cops.<\/p>\n<p><iframe loading=\"lazy\" title=\"BURE - Expulsions du 22 f\u00e9vrier 2018\" width=\"500\" height=\"281\" src=\"https:\/\/www.youtube.com\/embed\/Xr3bWTX0uM8?feature=oembed\" frameborder=\"0\" allow=\"accelerometer; autoplay; clipboard-write; encrypted-media; gyroscope; picture-in-picture; web-share\" referrerpolicy=\"strict-origin-when-cross-origin\" allowfullscreen><\/iframe><\/p>\n<p>On 3-4 march 2018, an \u201cinter-commitee\u201d week-end was supposed to be organized in the forest. During this week-end, a demo went towards the forest, cornered by a huge number of cops. Since 22th february 2018, the cops continuously occupy the bois Lejuc\u2026<\/p>\n<p>Below is a map of the bois Lejuc, the treehouses shown on the map were entirely destroyed since the eviction.<\/p>\n<p><a href=\"https:\/\/bureburebure.info\/wp-content\/uploads\/2018\/11\/plan-bois-lejuc.jpg\"><img loading=\"lazy\" decoding=\"async\" class=\"aligncenter wp-image-977 size-thumbnail img-fluid \" src=\"https:\/\/bureburebure.info\/wp-content\/uploads\/2018\/11\/plan-bois-lejuc-640x480.jpg\" alt=\"\" width=\"640\" height=\"480\" \/><\/a><\/p>\n<p>In July 2019,<a href=\"https:\/\/bureburebure.info\/communique18july-en\/\"> the bois Lejuc was occupied for the 3rd time<\/a>, for a few days&#8230;<\/p>\n<p>At the beginning of 2021, there are movement detectors to warn the Gendarmerie of the arrival of walkers. ANDRA is still planning to build its galleries and other ventilation pipes in this area&#8230;<\/p>\n<p>In December 2025, as part of the preparatory work for CIG\u00c9O (DR0), <a href=\"https:\/\/bureburebure.info\/en\/ballade-nocturne-sur-les-travaux-en-cours-au-bois-lejuc\/\">drilling<\/a> is underway in Lejuc Wood<\/p>\n","protected":false},"excerpt":{"rendered":"<p>The Bois Lejuc From june 2016 to july 7th 2016 ; from august 15th 2016 to february 22th 2018 and in july 2019, the bois Lejuc was occupied by people, preventing preparation work (clear cutting the forest and drilling to test the ground). ANDRA is planning to put the ventilation pipes here, and storage of&#8230;<\/p>\n","protected":false},"author":3,"featured_media":0,"parent":0,"menu_order":0,"comment_status":"closed","ping_status":"closed","template":"","meta":{"_locale":"en_GB","_original_post":"http:\/\/bure3iqeqde7ynpluyuubochndt33wwsbkmo7kgf32bmli4zigjwvzid.onion\/?page_id=877","footnotes":""},"class_list":["post-8513","page","type-page","status-publish","hentry","en-GB"],"_links":{"self":[{"href":"https:\/\/bureburebure.info\/wp-json\/wp\/v2\/pages\/8513","targetHints":{"allow":["GET"]}}],"collection":[{"href":"https:\/\/bureburebure.info\/wp-json\/wp\/v2\/pages"}],"about":[{"href":"https:\/\/bureburebure.info\/wp-json\/wp\/v2\/types\/page"}],"author":[{"embeddable":true,"href":"https:\/\/bureburebure.info\/wp-json\/wp\/v2\/users\/3"}],"replies":[{"embeddable":true,"href":"https:\/\/bureburebure.info\/wp-json\/wp\/v2\/comments?post=8513"}],"version-history":[{"count":2,"href":"https:\/\/bureburebure.info\/wp-json\/wp\/v2\/pages\/8513\/revisions"}],"predecessor-version":[{"id":16623,"href":"https:\/\/bureburebure.info\/wp-json\/wp\/v2\/pages\/8513\/revisions\/16623"}],"wp:attachment":[{"href":"https:\/\/bureburebure.info\/wp-json\/wp\/v2\/media?parent=8513"}],"curies":[{"name":"wp","href":"https:\/\/api.w.org\/{rel}","templated":true}]}}