{"id":14445,"date":"2025-04-03T13:51:09","date_gmt":"2025-04-03T13:51:09","guid":{"rendered":"http:\/\/bure3iqeqde7ynpluyuubochndt33wwsbkmo7kgf32bmli4zigjwvzid.onion\/?page_id=14445"},"modified":"2025-04-03T13:51:09","modified_gmt":"2025-04-03T13:51:09","slug":"flux-rss-de-bureburebure-info","status":"publish","type":"page","link":"https:\/\/bureburebure.info\/es\/flux-rss-de-bureburebure-info\/","title":{"rendered":"Alimentaci\u00f3n rss"},"content":{"rendered":"<p>Siga los art\u00edculos publicados en espa\u00f1ol: <a href=\"https:\/\/bureburebure.info\/category\/castellano\/feed\">https:\/\/bureburebure.info\/es\/feed<\/a><\/p>\n","protected":false},"excerpt":{"rendered":"<p>Siga los art\u00edculos publicados en espa\u00f1ol: https:\/\/bureburebure.info\/es\/feed<\/p>\n","protected":false},"author":3,"featured_media":0,"parent":0,"menu_order":0,"comment_status":"closed","ping_status":"closed","template":"","meta":{"_locale":"es_ES","_original_post":"http:\/\/bure3iqeqde7ynpluyuubochndt33wwsbkmo7kgf32bmli4zigjwvzid.onion\/?page_id=2870","footnotes":""},"class_list":["post-14445","page","type-page","status-publish","hentry","es-ES"],"_links":{"self":[{"href":"https:\/\/bureburebure.info\/wp-json\/wp\/v2\/pages\/14445","targetHints":{"allow":["GET"]}}],"collection":[{"href":"https:\/\/bureburebure.info\/wp-json\/wp\/v2\/pages"}],"about":[{"href":"https:\/\/bureburebure.info\/wp-json\/wp\/v2\/types\/page"}],"author":[{"embeddable":true,"href":"https:\/\/bureburebure.info\/wp-json\/wp\/v2\/users\/3"}],"replies":[{"embeddable":true,"href":"https:\/\/bureburebure.info\/wp-json\/wp\/v2\/comments?post=14445"}],"version-history":[{"count":1,"href":"https:\/\/bureburebure.info\/wp-json\/wp\/v2\/pages\/14445\/revisions"}],"predecessor-version":[{"id":14454,"href":"https:\/\/bureburebure.info\/wp-json\/wp\/v2\/pages\/14445\/revisions\/14454"}],"wp:attachment":[{"href":"https:\/\/bureburebure.info\/wp-json\/wp\/v2\/media?parent=14445"}],"curies":[{"name":"wp","href":"https:\/\/api.w.org\/{rel}","templated":true}]}}