{"id":15844,"date":"2025-10-31T16:43:08","date_gmt":"2025-10-31T16:43:08","guid":{"rendered":"http:\/\/bure3iqeqde7ynpluyuubochndt33wwsbkmo7kgf32bmli4zigjwvzid.onion\/?page_id=15844"},"modified":"2025-10-31T16:43:08","modified_gmt":"2025-10-31T16:43:08","slug":"comment-publier","status":"publish","type":"page","link":"https:\/\/bureburebure.info\/es\/comment-publier\/","title":{"rendered":"\u00bfC\u00f3mo publicar?"},"content":{"rendered":"<h1>\u00a0\u00bfC\u00f3mo publicar?<\/h1>\n<p>El sitio Bureburebure.info ofrece la posibilidad a todas las personas de proponer art\u00edculos. Los comit\u00e9s de lucha pueden as\u00ed tener una cuenta para publicar en \u00abmemoria de otra parte\u00bb y tener un inserto asignado para todos sus art\u00edculos (<a href=\"https:\/\/bureburebure.info\/tag\/comite-lyon\/\">ejemplo para Lyon<\/a> (en franc\u00e9s)).<\/p>\n<p><strong>Si quieres publicar hay varias posibilidades :<\/strong><\/p>\n<p>Est\u00e1s alrededor de un lugar que tiene la posibilidad de publicar en el sitio, puedes acercarte a las personas que tienen los c\u00f3digos para ver con ellos para publicar en el sitio (no dudes en ver si <a href=\"https:\/\/bureburebure.info\/comites\/\">hay un comit\u00e9 de lucha cerca de tu casa<\/a>, o si est\u00e1s en medio de pasar por uno de los lugares de lucha)<\/p>\n<p><em>Eres parte de un comit\u00e9 de lucha pero que a\u00fan no tiene c\u00f3digos<\/em>. Env\u00edanos un mail a bureburebure (at) riseup (punto) net para ver con nosotros c\u00f3mo hacerlo. Lo mejor es a\u00fan poder ver f\u00edsicamente a personas de la lucha (historia de un m\u00ednimo de confianza), as\u00ed que si con tu grupo est\u00e1s motivado, los intercomit\u00e9s son un momento que puede permitir intercambiar sobre este tema y pedir c\u00f3digos.<\/p>\n<p><em>Est\u00e1s aislad@ \/ quieres proponer un art\u00edculo puntualmente \/ otras razones<\/em>. Puedes proponer un art\u00edculo directamente a bureburebure (at) riseup (punto) net para que se publique por nuestra parte. Si lo haces no garantizamos una reactividad a todas las pruebas.<\/p>\n<p>En cualquier caso si quieres que tus mails sean cifrados, una clave p\u00fablica a burebure (at) riseup.net se encuentra en los servidores de claves con como huella : 9E48 D340 68C7 9CC2 93BC A989 C3B8 0FF3 CBCD 1BAF<\/p>\n<p><em>Tienes un nombre de usuario y un c\u00f3digo?<\/em> <a href=\"http:\/\/bure3iqeqde7ynpluyuubochndt33wwsbkmo7kgf32bmli4zigjwvzid.onion\/wp-login.php?redirect_to=http%3A%2F%2Fbure3iqeqde7ynpluyuubochndt33wwsbkmo7kgf32bmli4zigjwvzid.onion%2Fwp-admin%2F&amp;reauth=1\">As\u00ed que aqu\u00ed es donde puedes iniciar sesi\u00f3n<\/a>. Si es la primera vez que te conectas, lee el siguiente mensaje.<\/p>\n<p><strong>Seguridad :<\/strong><\/p>\n<p>La lucha en Bure es particularmente vigilada, ten cuidado con lo que publicas (no dejar rastro en tu ordenador sin cifrar del art\u00edculo que se est\u00e1 escribiendo, cuidado con Windows big brother, si tienes el sistema operativo TAILS para publicar es lo mejor). La administraci\u00f3n se hace necesariamente por Tor (no es posible hacerlo de otra manera). El sitio ha sido normalmente bien pensado en t\u00e9rminos de seguridad, incluso si tienes una cuenta de publicaci\u00f3n, hay muchas cosas a las que no tendr\u00e1s acceso y eso es normal. Cuando llegues a la administraci\u00f3n del sitio por primera vez, piensa en <strong>consultar la gu\u00eda de publicaci\u00f3n<\/strong>. Y si te haces preguntas sobre los retos de la seguridad inform\u00e1tica, o si quieres consejos t\u00e9cnicos \/ organizar formaciones localmente no dude en hablar de ello \/ enviar correos electr\u00f3nicos (y si te gusta leer, hay una <a href=\"https:\/\/guide.boum.org\/\">gu\u00eda de autodefensa digital<\/a> (en franc\u00e9s)).<\/p>\n<p><strong><del>L\u00ednea editorial<\/del> :<\/strong><\/p>\n<p>En este sitio no hay l\u00ednea editorial. Si tienes una cuenta no habr\u00e1 moderaci\u00f3n. Por el contrario no nos gusta los contenidos opresivos ni lo que puede poner en peligro a las personas que no han sido advertidos para ello (en estos casos se pueden realizar modificaciones despu\u00e9s del hecho \/ discusiones tendr\u00e1n lugar \/ la cuenta eliminada si es grave)<\/p>\n<p>&nbsp;<\/p>\n","protected":false},"excerpt":{"rendered":"<p>\u00a0\u00bfC\u00f3mo publicar? El sitio Bureburebure.info ofrece la posibilidad a todas las personas de proponer art\u00edculos. Los comit\u00e9s de lucha pueden as\u00ed tener una cuenta para publicar en \u00abmemoria de otra parte\u00bb y tener un inserto asignado para todos sus art\u00edculos (ejemplo para Lyon (en franc\u00e9s)). Si quieres publicar hay varias posibilidades : Est\u00e1s alrededor de&#8230;<\/p>\n","protected":false},"author":3,"featured_media":0,"parent":0,"menu_order":0,"comment_status":"closed","ping_status":"closed","template":"","meta":{"_locale":"es_ES","_original_post":"http:\/\/bure3iqeqde7ynpluyuubochndt33wwsbkmo7kgf32bmli4zigjwvzid.onion\/?page_id=783","footnotes":""},"class_list":["post-15844","page","type-page","status-publish","hentry","es-ES"],"_links":{"self":[{"href":"https:\/\/bureburebure.info\/wp-json\/wp\/v2\/pages\/15844","targetHints":{"allow":["GET"]}}],"collection":[{"href":"https:\/\/bureburebure.info\/wp-json\/wp\/v2\/pages"}],"about":[{"href":"https:\/\/bureburebure.info\/wp-json\/wp\/v2\/types\/page"}],"author":[{"embeddable":true,"href":"https:\/\/bureburebure.info\/wp-json\/wp\/v2\/users\/3"}],"replies":[{"embeddable":true,"href":"https:\/\/bureburebure.info\/wp-json\/wp\/v2\/comments?post=15844"}],"version-history":[{"count":1,"href":"https:\/\/bureburebure.info\/wp-json\/wp\/v2\/pages\/15844\/revisions"}],"predecessor-version":[{"id":15846,"href":"https:\/\/bureburebure.info\/wp-json\/wp\/v2\/pages\/15844\/revisions\/15846"}],"wp:attachment":[{"href":"https:\/\/bureburebure.info\/wp-json\/wp\/v2\/media?parent=15844"}],"curies":[{"name":"wp","href":"https:\/\/api.w.org\/{rel}","templated":true}]}}