{"id":15879,"date":"2025-10-31T17:49:56","date_gmt":"2025-10-31T17:49:56","guid":{"rendered":"http:\/\/bure3iqeqde7ynpluyuubochndt33wwsbkmo7kgf32bmli4zigjwvzid.onion\/?page_id=15879"},"modified":"2025-11-02T08:59:32","modified_gmt":"2025-11-02T08:59:32","slug":"textes-audios-videos","status":"publish","type":"page","link":"https:\/\/bureburebure.info\/es\/textes-audios-videos\/","title":{"rendered":"Folletos y propaganda"},"content":{"rendered":"<h1>Folletos<\/h1>\n<p>&nbsp;<\/p>\n<p>&#8211; ?Como se lucha en Bure? (2025) : <a href=\"https:\/\/bureburebure.info\/wp-content\/uploads\/2025\/07\/\u00bfComo-se-lucha-en-Bure-_cahier.pdf\">Formato de folleto<\/a>, <a href=\"https:\/\/bureburebure.info\/wp-content\/uploads\/2025\/07\/\u00bfComo-se-lucha-en-Bure-.pdf\">formato p\u00e1gina por p\u00e1gina<\/a><\/p>\n<p>&#8211; <a href=\"https:\/\/bureburebure.info\/wp-content\/uploads\/2025\/11\/CASTELLANO_su_ecologia_10pA4_cuaderno.pdf\">Su ecolog\u00eda es un desastre desconnect\u00e9mosla<\/a> (2021)<\/p>\n<p>&#8211; <a href=\"https:\/\/bureburebure.info\/wp-content\/uploads\/2020\/02\/resistencia-historique-bure-en-espagnol.pdf\">Descargar resistencia<\/a> (~2018)<\/p>\n","protected":false},"excerpt":{"rendered":"<p>Folletos &nbsp; &#8211; ?Como se lucha en Bure? (2025) : Formato de folleto, formato p\u00e1gina por p\u00e1gina &#8211; Su ecolog\u00eda es un desastre desconnect\u00e9mosla (2021) &#8211; Descargar resistencia (~2018)<\/p>\n","protected":false},"author":3,"featured_media":0,"parent":0,"menu_order":0,"comment_status":"closed","ping_status":"closed","template":"","meta":{"_locale":"es_ES","_original_post":"http:\/\/bure3iqeqde7ynpluyuubochndt33wwsbkmo7kgf32bmli4zigjwvzid.onion\/?page_id=8593","footnotes":""},"class_list":["post-15879","page","type-page","status-publish","hentry","es-ES"],"_links":{"self":[{"href":"https:\/\/bureburebure.info\/wp-json\/wp\/v2\/pages\/15879","targetHints":{"allow":["GET"]}}],"collection":[{"href":"https:\/\/bureburebure.info\/wp-json\/wp\/v2\/pages"}],"about":[{"href":"https:\/\/bureburebure.info\/wp-json\/wp\/v2\/types\/page"}],"author":[{"embeddable":true,"href":"https:\/\/bureburebure.info\/wp-json\/wp\/v2\/users\/3"}],"replies":[{"embeddable":true,"href":"https:\/\/bureburebure.info\/wp-json\/wp\/v2\/comments?post=15879"}],"version-history":[{"count":5,"href":"https:\/\/bureburebure.info\/wp-json\/wp\/v2\/pages\/15879\/revisions"}],"predecessor-version":[{"id":16088,"href":"https:\/\/bureburebure.info\/wp-json\/wp\/v2\/pages\/15879\/revisions\/16088"}],"wp:attachment":[{"href":"https:\/\/bureburebure.info\/wp-json\/wp\/v2\/media?parent=15879"}],"curies":[{"name":"wp","href":"https:\/\/api.w.org\/{rel}","templated":true}]}}