{"id":15983,"date":"2025-11-01T10:58:47","date_gmt":"2025-11-01T10:58:47","guid":{"rendered":"http:\/\/bure3iqeqde7ynpluyuubochndt33wwsbkmo7kgf32bmli4zigjwvzid.onion\/?page_id=15983"},"modified":"2025-11-01T10:58:47","modified_gmt":"2025-11-01T10:58:47","slug":"les-monstres-de-cigeo","status":"publish","type":"page","link":"https:\/\/bureburebure.info\/es\/les-monstres-de-cigeo\/","title":{"rendered":"Los monstruos de Cigeo"},"content":{"rendered":"<p style=\"text-align: left;\" align=\"right\"><strong>Los monstruos de CIGEO<\/strong><\/p>\n<p style=\"text-align: left;\" align=\"right\"><em>Este texto est\u00e1 publicado en el sitio <a href=\"https:\/\/lesmonstresdecigeo.noblogs.org\/\">https:\/\/lesmonstresdecigeo.noblogs.org\/<\/a><\/em><\/p>\n<p><img loading=\"lazy\" decoding=\"async\" class=\"alignnone size-medium wp-image-683 img-fluid  img-fluid \" src=\"https:\/\/bureburebure.info\/wp-content\/uploads\/2018\/10\/monstre-700x450.jpg\" alt=\"\" width=\"700\" height=\"450\" \/><\/p>\n<p><strong>El \u00e9xito de CIGEO depende de la instalaci\u00f3n no solo del ANDRA sino tambi\u00e9n de cientos de otras empresas, todas ellas subcontratistas del proyecto.<\/strong><\/p>\n<p>Por eso, nosotros, los MONSTRES (monstruos) de CIGEO (Malhechores Organizando el Naufragio de los Subcontratistas Y Soportes de CIGEO) llamamos a ponerse en acci\u00f3n con los MONSTRUOS de CIGEO.<\/p>\n<p><strong>Proponemos concentrar nuestros esfuerzos primero en la empresa INGEROP, por su implicaci\u00f3n enorme en CIGEO y sus proyectos relacionados<\/strong>. INGEROP es una empresa francesa de ingenier\u00eda que asegura la gesti\u00f3n de proyectos en algunos de los peores proyectos de nuestro pedazo de Europa : el Gran Par\u00eds, una parte del t\u00fanel de la l\u00ednea de tren Lyon-Tur\u00edn, la rampa de la gran tangencial oeste de Estrasburgo, y luego CIGEO. Unas 1700 empleadas. Una treintena de empresas en Francia, filiales en otras partes del mundo (Suiza, Reino Unido, \u00c1frica del Sur, Am\u00e9rica del Sur).<\/p>\n<p><strong>Todas las formas de acci\u00f3n son bienvenidas, creatividad, terquedad, determinaci\u00f3n, para conseguir que INGEROP se retire del proyecto CIGEO y de todos los proyectos relacionados.<\/strong><\/p>\n<p>Encontrar\u00e9is en el sitio lesmonstresdecigeo.noblogs.org toda la informaci\u00f3n \u00fatil para hacer vuestra acci\u00f3n <em>(el sitio est\u00e1 en franc\u00e9s e ingl\u00e9s, por el momento no hay traducci\u00f3n espa\u00f1ola)<\/em><\/p>\n<p><a href=\"https:\/\/lesmonstresdecigeo.noblogs.org\">https:\/\/lesmonstresdecigeo.noblogs.org<\/a><\/p>\n","protected":false},"excerpt":{"rendered":"<p>Los monstruos de CIGEO Este texto est\u00e1 publicado en el sitio https:\/\/lesmonstresdecigeo.noblogs.org\/ El \u00e9xito de CIGEO depende de la instalaci\u00f3n no solo del ANDRA sino tambi\u00e9n de cientos de otras empresas, todas ellas subcontratistas del proyecto. Por eso, nosotros, los MONSTRES (monstruos) de CIGEO (Malhechores Organizando el Naufragio de los Subcontratistas Y Soportes de CIGEO)&#8230;<\/p>\n","protected":false},"author":3,"featured_media":683,"parent":0,"menu_order":0,"comment_status":"closed","ping_status":"closed","template":"","meta":{"_locale":"es_ES","_original_post":"http:\/\/bure3iqeqde7ynpluyuubochndt33wwsbkmo7kgf32bmli4zigjwvzid.onion\/?page_id=612","footnotes":""},"class_list":["post-15983","page","type-page","status-publish","has-post-thumbnail","hentry","es-ES"],"_links":{"self":[{"href":"https:\/\/bureburebure.info\/wp-json\/wp\/v2\/pages\/15983","targetHints":{"allow":["GET"]}}],"collection":[{"href":"https:\/\/bureburebure.info\/wp-json\/wp\/v2\/pages"}],"about":[{"href":"https:\/\/bureburebure.info\/wp-json\/wp\/v2\/types\/page"}],"author":[{"embeddable":true,"href":"https:\/\/bureburebure.info\/wp-json\/wp\/v2\/users\/3"}],"replies":[{"embeddable":true,"href":"https:\/\/bureburebure.info\/wp-json\/wp\/v2\/comments?post=15983"}],"version-history":[{"count":2,"href":"https:\/\/bureburebure.info\/wp-json\/wp\/v2\/pages\/15983\/revisions"}],"predecessor-version":[{"id":15988,"href":"https:\/\/bureburebure.info\/wp-json\/wp\/v2\/pages\/15983\/revisions\/15988"}],"wp:featuredmedia":[{"embeddable":true,"href":"https:\/\/bureburebure.info\/wp-json\/wp\/v2\/media\/683"}],"wp:attachment":[{"href":"https:\/\/bureburebure.info\/wp-json\/wp\/v2\/media?parent=15983"}],"curies":[{"name":"wp","href":"https:\/\/api.w.org\/{rel}","templated":true}]}}