{"id":15999,"date":"2025-11-01T12:13:14","date_gmt":"2025-11-01T12:13:14","guid":{"rendered":"http:\/\/bure3iqeqde7ynpluyuubochndt33wwsbkmo7kgf32bmli4zigjwvzid.onion\/?page_id=15999"},"modified":"2025-11-01T13:25:26","modified_gmt":"2025-11-01T13:25:26","slug":"nous-soutenir","status":"publish","type":"page","link":"https:\/\/bureburebure.info\/es\/nous-soutenir\/","title":{"rendered":"Apoyarnos"},"content":{"rendered":"<h2>Donaci\u00f3n financiera<\/h2>\n<h3>Apoyar la lucha<\/h3>\n<ul>\n<li>Apoyar el mantenimiento del sitio web, depositar bitcoins en la cartera : bitcoin:bc1qjglm0z3f5c7zkq5229sa2mexfsuj02kslwcef5<\/li>\n<li>Para apoyar la Casa de Resistencia, env\u00ede un cheque a BZL a esta direcci\u00f3n :<\/li>\n<\/ul>\n<p>Bure Zone Libre<br \/>\n2, Rue de l&#8217;\u00c9glise<br \/>\n55290 Bure<\/p>\n<p>O hacer una transferencia a Bure Zone Libre : FR76 1027 8020 0100 0204 1640 115<\/p>\n<ul>\n<li>Apoyar a Augustine, casa de actividad agr\u00edcola, antinuclear, feminista : <a href=\"https:\/\/www.helloasso.com\/associations\/l-augustine\">https:\/\/www.helloasso.com\/associations\/l-augustine<\/a><\/li>\n<\/ul>\n<h3>Contra la represi\u00f3n<\/h3>\n<p>Para pagar los abogad@s y las costas judiciales :<\/p>\n<ul>\n<li>Hacer una <a href=\"https:\/\/www.helloasso.com\/associations\/cacendr\/formulaires\/2\">donaci\u00f3n en l\u00ednea<\/a> (helloasso) para Cacendr<\/li>\n<li>Cheque a la orden de Cacendr. Direcci\u00f3n : c\/o Marie B\u00e9duneau, 12 rue de la Cure, 55170 Ancerville<\/li>\n<li><a href=\"https:\/\/cacendr.noblogs.org\/qui-sommes-nous\/\">P\u00e1gina web<\/a> de Cacendr que da toda la informaci\u00f3n al respecto.<\/li>\n<\/ul>\n<p>&nbsp;<\/p>\n<h2>Donaci\u00f3n material<\/h2>\n<p>Para cualquier pregunta : sauvonslaforet [at] riseup.net<\/p>\n<p>Es posible apoyarnos con donaciones materiales, aqu\u00ed hay una lista de nuestras necesidades que intenta ser exhaustiva :<\/p>\n<h3>Cocina<\/h3>\n<ul>\n<li>Sellos de alimentos<\/li>\n<li>Botellas y frascos de vidrio<\/li>\n<li>Cajones, ba\u00fales met\u00e1licos<\/li>\n<li>Woks<\/li>\n<li>Cacerolas grandes (m\u00e1s bien de hierro fundido, no de tefl\u00f3n-aluminio)<\/li>\n<li>Grandes bandejas de pl\u00e1stico (para autowash)<\/li>\n<li>Platos para tartas\/ moldes para pasteles<\/li>\n<li>Tabla de cortar<\/li>\n<\/ul>\n<h3>Comida<\/h3>\n<ul>\n<li>Seco: cereales, pastas, arroz, harina, lentejas, etc.<\/li>\n<li>Caf\u00e9<\/li>\n<li>Jerricanes, bidones<\/li>\n<li>Aceite de colza, girasol y oliva<\/li>\n<li>Especias en grandes cantidades<\/li>\n<\/ul>\n<h3>Ropa de casa<\/h3>\n<ul>\n<li>S\u00e1banas<\/li>\n<li>Orejas + fundas de almohada<\/li>\n<li>Colch\u00f3n<\/li>\n<\/ul>\n<h3>Varios<\/h3>\n<ul>\n<li>Guirnaldas de luces<\/li>\n<li>Grandes marcos de pared<\/li>\n<li>Pancartas publicitarias<\/li>\n<li>Velas<\/li>\n<li>Sof\u00e1 cama y sof\u00e1s<\/li>\n<li>Atornilladora<\/li>\n<li>Tablones &#8211; paletas &#8211; materiales de construcci\u00f3n<\/li>\n<\/ul>\n<h2>Postales<\/h2>\n<p>Para escribirnos palabras dulces o enviarnos lecturas&#8230;<\/p>\n<h3>Escribir a la Maison de R\u00e9sistance :<\/h3>\n<p>Maison de R\u00e9sistance<br \/>\n2, rue de l&#8217;\u00c9glise<br \/>\n55290 Bure<\/p>\n<h3>Escribir a l&#8217;Affranchie :<\/h3>\n<p>L&#8217;Affranchie<\/p>\n<p>1 rue de la Croix<br \/>\n55290 Mandres-en-Barrois<\/p>\n<h2>Otro<\/h2>\n<p>Para apoyarnos de otra manera, tambi\u00e9n puedes <a href=\"https:\/\/bureburebure.info\/es\/venir\/\">venir al lugar<\/a> o echar un vistazo a nuestros <a href=\"https:\/\/bureburebure.info\/es\/groupes\/\">grupos y proyectos<\/a> para ver si alguno de ellos te interesa!<\/p>\n<h3>Lista de correo de eventos importantes<\/h3>\n<p>Existe una lista de correo de informaci\u00f3n \u00abbloquonscigeo\u00bb para recibir las informaciones importantes de la lucha en Bure (y no para intercambiar). En \u00e9l se puede recibir algunos correos electr\u00f3nicos en los a\u00f1os. Para ser inscrito env\u00ede un correo electr\u00f3nico a sauvonslaforet (at) riseup (punto) net con el objeto : a\u00f1adir a la lista de correo \u00abbloquons cigeo\u00bb.<\/p>\n<p>&nbsp;<\/p>\n","protected":false},"excerpt":{"rendered":"<p>Donaci\u00f3n financiera Apoyar la lucha Apoyar el mantenimiento del sitio web, depositar bitcoins en la cartera : bitcoin:bc1qjglm0z3f5c7zkq5229sa2mexfsuj02kslwcef5 Para apoyar la Casa de Resistencia, env\u00ede un cheque a BZL a esta direcci\u00f3n : Bure Zone Libre 2, Rue de l&#8217;\u00c9glise 55290 Bure O hacer una transferencia a Bure Zone Libre : FR76 1027 8020 0100&#8230;<\/p>\n","protected":false},"author":3,"featured_media":0,"parent":0,"menu_order":0,"comment_status":"closed","ping_status":"closed","template":"","meta":{"_locale":"es_ES","_original_post":"http:\/\/bure3iqeqde7ynpluyuubochndt33wwsbkmo7kgf32bmli4zigjwvzid.onion\/?page_id=869","footnotes":""},"class_list":["post-15999","page","type-page","status-publish","hentry","es-ES"],"_links":{"self":[{"href":"https:\/\/bureburebure.info\/wp-json\/wp\/v2\/pages\/15999","targetHints":{"allow":["GET"]}}],"collection":[{"href":"https:\/\/bureburebure.info\/wp-json\/wp\/v2\/pages"}],"about":[{"href":"https:\/\/bureburebure.info\/wp-json\/wp\/v2\/types\/page"}],"author":[{"embeddable":true,"href":"https:\/\/bureburebure.info\/wp-json\/wp\/v2\/users\/3"}],"replies":[{"embeddable":true,"href":"https:\/\/bureburebure.info\/wp-json\/wp\/v2\/comments?post=15999"}],"version-history":[{"count":3,"href":"https:\/\/bureburebure.info\/wp-json\/wp\/v2\/pages\/15999\/revisions"}],"predecessor-version":[{"id":16018,"href":"https:\/\/bureburebure.info\/wp-json\/wp\/v2\/pages\/15999\/revisions\/16018"}],"wp:attachment":[{"href":"https:\/\/bureburebure.info\/wp-json\/wp\/v2\/media?parent=15999"}],"curies":[{"name":"wp","href":"https:\/\/api.w.org\/{rel}","templated":true}]}}