{"id":16013,"date":"2025-11-01T13:22:38","date_gmt":"2025-11-01T13:22:38","guid":{"rendered":"http:\/\/bure3iqeqde7ynpluyuubochndt33wwsbkmo7kgf32bmli4zigjwvzid.onion\/?page_id=16013"},"modified":"2025-11-01T13:22:38","modified_gmt":"2025-11-01T13:22:38","slug":"groupes","status":"publish","type":"page","link":"https:\/\/bureburebure.info\/es\/groupes\/","title":{"rendered":"Grupos y proyectos"},"content":{"rendered":"<h2 class=\"western\">Nuestros grupos y proyectos<\/h2>\n<p>Estos son algunos grupos llevados por diferentes gravitatori@s* de Bure y otros en creaci\u00f3n o proyecto.<\/p>\n<p>*l@s que viven, l@s que pasan a veces o a menudo en Bure!<\/p>\n<p>&nbsp;<\/p>\n<div class=\"lightweight-accordion\"><details><summary class=\"lightweight-accordion-title\"><span>La coordinaci\u00f3n Stop-Cig\u00e9o<\/span><\/summary><div class=\"lightweight-accordion-body\"><p>\nLa coordinaci\u00f3n Stop-Cig\u00e9o que se re\u00fane desde hace varios a\u00f1os en Bar-le-Duc, funciona en cooptaci\u00f3n y re\u00fane a representantes de las diferentes asociaciones en lucha contra el proyecto Cig\u00e9o y los dem\u00e1s componentes de la lucha, as\u00ed como individuos muy comprometidos y constantes en la lucha desde hace a veces varios a\u00f1os. Las reuniones de coordinaci\u00f3n tienen un car\u00e1cter confidencial y concentran los aspectos organizativos y decisorios sobre la complementariedad de las pr\u00e1cticas y desposicionamientos en el seno de la lucha contra Cig\u00e9o.-<\/p>\n<\/div><\/details><\/div>\n<div class=\"lightweight-accordion\"><details><summary class=\"lightweight-accordion-title\"><span>La asamblea de lucha<\/span><\/summary><div class=\"lightweight-accordion-body\"><p>\nLa asamblea quiere ser un espacio inclusivo y abierto a los curios@s, tanto ribere\u00f1@s como a los opositores locales como a veces lejan@s (comit\u00e9s de apoyos y grupos antinucleares en todas partes). La asamblea de lucha no tiene vocaci\u00f3n de ser decisoria sino m\u00e1s bien informativa y discursiva : es el espacio de puesta en com\u00fan de las agendas, de las informaciones de los diferentes componentes de la lucha y el lugar de discusi\u00f3n de fondo de las grandes preocupaciones<\/p>\n<\/div><\/details><\/div>\n<div class=\"lightweight-accordion\"><details><summary class=\"lightweight-accordion-title\"><span>Bure Jur\u00eddico<\/span><\/summary><div class=\"lightweight-accordion-body\"><p>\nUno de los grupos de trabajo m\u00e1s constantes y activos, con la participaci\u00f3n de juristas y abogadas, profesionales forestales, ge\u00f3log@s, naturalistas, etc. as\u00ed como un buen n\u00famero de individuos activos en las asociaciones y colectivos de lucha. Este grupo se centra principalmente en las quejas administrativas contra el proyecto Cig\u00e9o y otros proyectos nucleares en el territorio.<\/p>\n<\/div><\/details><\/div>\n<div class=\"lightweight-accordion\"><details><summary class=\"lightweight-accordion-title\"><span>Le GRADOC<\/span><\/summary><div class=\"lightweight-accordion-body\"><p>\nGrupo de estudio de los documentos jur\u00eddicos y administrativos de la ANDRA y afiliados es el hom\u00f3logo de Bure Jur\u00eddico, un grupo de trabajo que se re\u00fane cada trimestre para desbrozar los documentos contrarios y proporcionar el material tanto a recursos jur\u00eddicos como a una divulgaci\u00f3n de la informaci\u00f3n t\u00e9cnica<\/p>\n<\/div><\/details><\/div>\n<div class=\"lightweight-accordion\"><details><summary class=\"lightweight-accordion-title\"><span>La antirepresi\u00f3n \/ Legal Team<\/span><\/summary><div class=\"lightweight-accordion-body\"><p>\nDeux groupes existent, aux r\u00f4les distincts :<\/p>\n<h3>La antirepresi\u00f3n rural (ARR)<\/h3>\n<p>Es un grupo que act\u00faa en apoyo de las personas que se enfrentan a la justicia. Para apoyar a estas personas y ayudarles a financiar su juicio, env\u00ede sus donaciones a Cacendr, nuestra caja anti-rep (colectivo de acci\u00f3n contra el enterramiento de residuos radiactivos). Gracias!<\/p>\n<p><a href=\"https:\/\/bureburebure.info\/es\/nous-soutenir\/\">\u00bfC\u00f3mo enviar donaciones a la anti-rep?<\/a><\/p>\n<p>Si usted recibe una citaci\u00f3n o tiene que pagar gastos, por favor p\u00f3ngase en contacto con <strong>arr (at) riseup (punto) net<\/strong>.<\/p>\n<h3>La Legal Team<\/h3>\n<p>En respuesta a la represi\u00f3n, hemos creado un equipo de apoyo legal con presencia permanente en Bure. Su objetivo es reunir informaci\u00f3n relativa a la represi\u00f3n, durante las manifestaciones o fuera de ellas, y apoyar a las personas detenidas o o\u00eddas por la polic\u00eda y sus familiares. El equipo legal no est\u00e1 compuesto por profesionales.les y no tiene vocaci\u00f3n de sustituir a los abogados.es. En cambio, ha creado una red de abogados y se difundir\u00e1 un nombre de abogado para cada acci\u00f3n.<\/p>\n<p>Un <a href=\"https:\/\/bureburebure.info\/es\/brief-legal-en-contexte-burien\/\">brief legal<\/a> ha sido editado por el Legal Team, es primordial leerlo. All\u00ed encontrar\u00e1 los principales consejos antes de partir a la acci\u00f3n, en caso de control de identidad, etc. En los d\u00edas de movilizaci\u00f3n, se establece un n\u00famero de tel\u00e9fono difundido el mismo d\u00eda para comunicar las interpelaciones. Para ahondar m\u00e1s en estas cuestiones, lea \u00ab<a href=\"https:\/\/infokiosques.net\/spip.php?article538\">Frente a la polic\u00eda, frente a la justicia<\/a> (en franc\u00e9s)\u00bb.<\/p>\n<p><a href=\"https:\/\/bureburebure.info\/wp-content\/uploads\/2019\/09\/etat-des-lieux-de-la-repression-Bure-septembre-2019.pdf\">Folleto \u00abEstado de la represi\u00f3n en Bure\u00bb (desde septiembre de 2019)<\/a> (en franc\u00e9s)<\/p>\n<\/div><\/details><\/div>\n<div class=\"lightweight-accordion\"><details><summary class=\"lightweight-accordion-title\"><span>Autoescuela : La Roue Libre<\/span><\/summary><div class=\"lightweight-accordion-body\"><p>Conducir en el sur de Francia es un problema espinoso. Entre los controles de carretera, el aislamiento geogr\u00e1fico y la falta de transporte, tener el permiso tiene un lado pr\u00e1ctico.<\/p>\n<p>Para evitar pagar 2000\u20ac y aprender a conducir con un@ monitor@ a veces pedagog\u00eda dudosa y afinidades limitadas, es posible pasar su c\u00f3digo y su licencia como candidato libre.<\/p>\n<p>Para prepararse, nada m\u00e1s simple, sesiones de c\u00f3digo colectivo como en la autoescuela pero en casa entre copaines. Para la conducci\u00f3n, se necesita un coche de doble mando (uno tiene, si!) y un. acompa\u00f1ante.ice con m\u00e1s de 5 a\u00f1os de licencia.<\/p>\n<p>A partir de ah\u00ed, no hay m\u00e1s que ir a acechar las carreteras del sur de Meuse en espera del d\u00eda D con la esperanza de no cruzar el flagelo de los campos tambi\u00e9n conocido como gendarmer\u00eda. De hecho, incluso si todo es legal en el tubo expuesto anteriormente,. la marea baja no necesariamente conoce los rincones ocultos de la \u00abreforma Macron\u00bb y tienden a ser finamente puntillosos cerca del proyecto de retretes nucleares.<\/p>\n<p>M\u00e1s informaci\u00f3n en el folleto donde hemos cogido la idea : \u00ab<a href=\"https:\/\/infokiosques.net\/spip.php?article1347\">L&#8217;auto\u00e9cole buissonni\u00e8re<\/a>\u00bb (en franc\u00e9s) big-up a l@s que lo han hecho.<\/p>\n<p><strong>Contacto : larouelibre [at] riseup.net<\/strong><\/p>\n<\/div><\/details><\/div>\n<div class=\"lightweight-accordion\"><details><summary class=\"lightweight-accordion-title\"><span>Inform\u00e1tico<\/span><\/summary><div class=\"lightweight-accordion-body\"><p>\nUn proverbio famoso dice \u00abUn buen ordenador es un ordenador que arde\u00bb. A veces, nos arriesgamos a usar el ordenador, los internets etc. No es nuestra \u00fanica contradicci\u00f3n, sin embargo intentamos en la medida de lo posible utilizar de manera segura software libre. Nuestros ordenadores giran m\u00e1s bien bajo Debian o Tails, navegamos con Tor y Bitmask gira en el fondo, congestionamos los servidores de riseup etc. Para m\u00e1s informaci\u00f3n, lea \u00ab<a href=\"https:\/\/infokiosques.net\/lire.php?id_article=1045\">Inform\u00e1tica, defenderse y atacar<\/a>\u00bb y la \u00ab<a href=\"https:\/\/guide.boum.org\/\">gu\u00eda de autodefensa digital<\/a>\u00bb (en franc\u00e9s).<\/p>\n<\/div><\/details><\/div>\n<div class=\"lightweight-accordion\"><details><summary class=\"lightweight-accordion-title\"><span>Tierras de Bure<\/span><\/summary><div class=\"lightweight-accordion-body\"><p>Porque las cuestiones de la tierra y la agricultura est\u00e1n en el centro de la lucha, pero tambi\u00e9n de nuestros proyectos de vida e instalaci\u00f3n, hemos fundado el colectivo \u00abTerres de Bure\u00bb. Las preocupaciones de este grupo de composici\u00f3n cambiante son m\u00faltiples :<\/p>\n<ul>\n<li>Alertar sobre las pr\u00e1cticas del Andra a nivel de la tierra (leer en particular el folleto sobre el acaparamiento de tierras, y la entrevista con Jean-Pierre)<\/li>\n<li>Defender la reapropiaci\u00f3n de la tierra por quienes la cultivan, a trav\u00e9s de una din\u00e1mica de ocupaci\u00f3n agr\u00edcola en tierras reservadas por la safer pour l&#8217;andra. En 2017, los campos ocupados cerca de la antigua estaci\u00f3n de Lum\u00e9ville est\u00e1n plantados con trigo, patatas y cebollas.<\/li>\n<li>Establecer a largo plazo los medios de nuestra autonom\u00eda alimentaria.<\/li>\n<\/ul>\n<p>&nbsp;<\/p>\n<p><strong>Contacto : terresdebure [at] riseup.net<\/strong><\/p>\n<\/div><\/details><\/div>\n<div class=\"lightweight-accordion\"><details><summary class=\"lightweight-accordion-title\"><span>Les Semeuses, jardiner\u00eda colectiva<\/span><\/summary><div class=\"lightweight-accordion-body\"><p>\u00ab<strong>\u00a1Verduras campesinas y antinucleares!<\/strong><\/p>\n<p>Les Semeuses es un colectivo campesino instalado en la Meuse, cerca de Bure. Nuestro objetivo es cultivar este territorio amenazado por el proyecto de basura nuclear CIGEO para afirmar concretamente que las tierras agr\u00edcolas est\u00e1n destinadas a alimentar a los habitantes y no a recoger los peores residuos radiactivos durante cientos de miles de a\u00f1os. Este objetivo central permite muchas otras actividades dentro de la asociaci\u00f3n: las formaciones en agricultura ecol\u00f3gica, la cocina, los debates y eventos pol\u00edticos y culturales alrededor de la granja.<\/p>\n<p>Distribuimos regularmente a precio libre en Nancy y en la Meuse.<\/p>\n<p>El precio libre es una opci\u00f3n pol\u00edtica para permitir el acceso a alimentos de calidad para todas las bolsas, al mismo tiempo que genera discusiones y reflexiones sobre los desaf\u00edos y los costos reales de una producci\u00f3n alimentaria sostenible. Ofrecemos un precio indicativo coherente con nuestra forma de cultivar y con los precios de los agricultores locales en venta directa.<\/p>\n<p>Tambi\u00e9n organizamos talleres colectivos todos los jueves de 14h a 18h, en el sur de la Meuse. Inscripci\u00f3n en alacampagne-subscribe@lists.riseup.net<\/p>\n<p>Para m\u00e1s informaci\u00f3n\/informaci\u00f3n actualizada en : <a href=\"https:\/\/lessemeuses.noblogs.org\/\">https:\/\/lessemeuses.noblogs.org\/<\/a><\/p>\n<p>Esperamos encontrarnos en los lugares de distribuci\u00f3n, en los campos o en uno de nuestros eventos!<br \/>\nLes Semeuses.\u00bb<\/p>\n<\/div><\/details><\/div>\n<div class=\"lightweight-accordion\"><details><summary class=\"lightweight-accordion-title\"><span>Traduc'Bure<\/span><\/summary><div class=\"lightweight-accordion-body\"><p>Necesitamos ayuda para traducir los art\u00edculos publicados en bureburebure.info, as\u00ed como algunos panfletos y folletos que escribimos y\/o compartimos aqu\u00ed. Las traducciones se pueden hacer en cualquier idioma.<\/p>\n<p>Nos comunicamos a trav\u00e9s de un buz\u00f3n de correo. Si quieres participar, \u00a1genial! Solo tienes que enviar un correo electr\u00f3nico a <strong>traductions-bureburebure[a]riseup.net<\/strong><\/p>\n<p>Muchas gracias por tu ayuda!<\/p>\n<\/div><\/details><\/div>\n<div class=\"lightweight-accordion\"><details><summary class=\"lightweight-accordion-title\"><span>La m\u00e9dico<\/span><\/summary><div class=\"lightweight-accordion-body\"><p>\nLa medic se re\u00fane principalmente en el acercamiento de movilizaciones donde son susceptibles de ser heridas personas. Garantiza una atenci\u00f3n de primeros auxilios confidencial y respetando el consentimiento de las personas.<\/p>\n<\/div><\/details><\/div>\n<div class=\"lightweight-accordion\"><details><summary class=\"lightweight-accordion-title\"><span>Anarchist Bure Cross<\/span><\/summary><div class=\"lightweight-accordion-body\"><p>\nCreado en 2016, es un grupo de apoyo a l@s pres@s pol\u00edtic@s y de lucha contra las c\u00e1rceles que se inscribe en la tradici\u00f3n pol\u00edtica-carcelaria del anarchist black cross, una red anarquista que lucha desde 1900 por la abolici\u00f3n de las prisiones y el apoyo a l@s pres@s pol\u00edtic@s.<\/p>\n<p><a href=\"https:\/\/anarchistburecross.noblogs.org\/anarchist-bure-cross\/\">https:\/\/anarchistburecross.noblogs.org\/anarchist-bure-cross\/<\/a><\/p>\n<p><strong>Contacto : aburecross [at] riseup.net<\/strong><\/p>\n<\/div><\/details><\/div>\n<div class=\"lightweight-accordion\"><details><summary class=\"lightweight-accordion-title\"><span>Automedia<\/span><\/summary><div class=\"lightweight-accordion-body\"><h3>\u00bfQu\u00e9 es automedia?<\/h3>\n<p>La existencia de un grupo automedia, tanto durante los grandes eventos como en el d\u00eda a d\u00eda, tiene varios objetivos :<\/p>\n<ul>\n<li>Producir nuestros propios contenidos informativos sin depender de la buena voluntad de los medios cl\u00e1sicos (a menudo pose\u00eddos por capitales privados)<\/li>\n<li>Liberarnos de los estereotipos que transmiten algunos periodistas, decidiendo nosotros mismos c\u00f3mo nos presentamos<\/li>\n<li>Evitar el escollo del portavocado (a menudo impuesto por los formatos entrevistas de los grandes medios) y diversificar las tomas de palabra<\/li>\n<li>Multiplicar los formatos (textos, videos, fotos, sonido, carteles, sitios web&#8230;)<\/li>\n<li>Aprender colectivamente a gestionar la informaci\u00f3n, salir de la aprehensi\u00f3n que todos tenemos frente a los medios y al reto de la comunicaci\u00f3n<\/li>\n<li>Hacer un seguimiento de los medios, para saber lo que se dice de nosotros en los medios y poder reaccionar si es necesario<\/li>\n<\/ul>\n<h3>\u00bfQui\u00e9n es?<\/h3>\n<p>Este grupo es de geometr\u00eda variable : muchas personas participan en \u00e9l desde m\u00e1s o menos lejos, de una manera u otra. Trabajamos para que el automedia sea lo m\u00e1s amplio e inclusivo posible, lo cual no es algo obvio y requiere cuestionamientos permanentes de nuestros propios modos de funcionamiento! Esto no siempre es f\u00e1cil, pero as\u00ed es como se avanza. Este grupo no est\u00e1 en espera o fuera de servicio.<\/p>\n<h3>\u00bfC\u00f3mo funciona esto?<\/h3>\n<p>Para alcanzar los objetivos un poco ambiciosos que se fija, el automedia de Bure se ha dotado con el paso del tiempo de algunas herramientas :<\/p>\n<ul>\n<li>Medios de difusi\u00f3n : <strong>el sitio bureburebure.info, facebook Bure a Cuire, twitter @ZIRAdies, listas de correo como \u00abbloquonscigeo\u00bb<\/strong><\/li>\n<li>Una interfaz de contacto con los periodistas, utilizada lo m\u00e1s colectivamente posible para evitar el portafolio: la direcci\u00f3n de correo electr\u00f3nico <strong>automedia.bure [at] riseup.net<\/strong><\/li>\n<li>Una libreta de direcciones un poco tupida, redes de amigos y novias en lucha en toda Francia y en el mundo que nos pueden ayudar a hacer o\u00edr nuestra voz<\/li>\n<li>H\u00e1bitos de trabajo colectivo : relecturas de texto en grupo, herramientas colaborativas (tipo pad en l\u00ednea), trabajo en com\u00fan sobre carteles, llamadas, etc.<\/li>\n<li>Software libre! para producir, modificar, anonimizar, publicar contenidos.<\/li>\n<\/ul>\n<p>Hasta ahora, todo esto nos ha permitido dar una buena visibilidad a la lucha contra Cig\u00e9o. Pero siempre hay que ser vigilantes para mantener un rumbo correcto, evitar el sensacionalismo, renovar nuestro tono, no privar de la palabra a personas sometidas a opresiones, no convertirse en geeks de las redes sociales etc. Tambi\u00e9n aprendemos de nuestros errores!<\/p>\n<\/div><\/details><\/div>\n<div class=\"lightweight-accordion\"><details><summary class=\"lightweight-accordion-title\"><span>Pero tambi\u00e9n...<\/span><\/summary><div class=\"lightweight-accordion-body\"><p>\nLa panader\u00eda, la herborister\u00eda, los diferentes proyectos agr\u00edcolas y de horticultura, las obras colectivas, las brujas de Bure (grupo fito)&#8230;<\/p>\n<\/div><\/details><\/div>\n<p>&nbsp;<\/p>\n","protected":false},"excerpt":{"rendered":"<p>Nuestros grupos y proyectos Estos son algunos grupos llevados por diferentes gravitatori@s* de Bure y otros en creaci\u00f3n o proyecto. *l@s que viven, l@s que pasan a veces o a menudo en Bure! &nbsp; &nbsp;<\/p>\n","protected":false},"author":3,"featured_media":0,"parent":0,"menu_order":0,"comment_status":"closed","ping_status":"closed","template":"","meta":{"_locale":"es_ES","_original_post":"http:\/\/bure3iqeqde7ynpluyuubochndt33wwsbkmo7kgf32bmli4zigjwvzid.onion\/?page_id=924","footnotes":""},"class_list":["post-16013","page","type-page","status-publish","hentry","es-ES"],"_links":{"self":[{"href":"https:\/\/bureburebure.info\/wp-json\/wp\/v2\/pages\/16013","targetHints":{"allow":["GET"]}}],"collection":[{"href":"https:\/\/bureburebure.info\/wp-json\/wp\/v2\/pages"}],"about":[{"href":"https:\/\/bureburebure.info\/wp-json\/wp\/v2\/types\/page"}],"author":[{"embeddable":true,"href":"https:\/\/bureburebure.info\/wp-json\/wp\/v2\/users\/3"}],"replies":[{"embeddable":true,"href":"https:\/\/bureburebure.info\/wp-json\/wp\/v2\/comments?post=16013"}],"version-history":[{"count":1,"href":"https:\/\/bureburebure.info\/wp-json\/wp\/v2\/pages\/16013\/revisions"}],"predecessor-version":[{"id":16015,"href":"https:\/\/bureburebure.info\/wp-json\/wp\/v2\/pages\/16013\/revisions\/16015"}],"wp:attachment":[{"href":"https:\/\/bureburebure.info\/wp-json\/wp\/v2\/media?parent=16013"}],"curies":[{"name":"wp","href":"https:\/\/api.w.org\/{rel}","templated":true}]}}