{"id":16066,"date":"2025-11-01T16:20:02","date_gmt":"2025-11-01T16:20:02","guid":{"rendered":"http:\/\/bure3iqeqde7ynpluyuubochndt33wwsbkmo7kgf32bmli4zigjwvzid.onion\/?page_id=16066"},"modified":"2025-11-01T16:21:58","modified_gmt":"2025-11-01T16:21:58","slug":"lutte-a-la-gare-lumeville","status":"publish","type":"page","link":"https:\/\/bureburebure.info\/es\/lutte-a-la-gare-lumeville\/","title":{"rendered":"Lucha en La Gare (Lumeville)"},"content":{"rendered":"<p><em>Art\u00edculo encontrado <a href=\"https:\/\/lagaredelumeville.noblogs.org\/\">aqu\u00ed<\/a> (en franc\u00e9s) ligeramente redise\u00f1ado.<\/em><\/p>\n<p><strong>Contacto de la Gare de Lumeville :<\/strong> garealarevanche [at] riseup.net<\/p>\n<p><strong>Se public\u00f3 un folleto m\u00e1s reciente que el texto siguiente para hablar de la Gare :<\/strong> La antigua estaci\u00f3n de Lum\u00e9ville : una barricada legal y f\u00edsica contra CIGEO (2a versi\u00f3n: primavera 2024) : versi\u00f3n <a href=\"https:\/\/bureburebure.info\/wp-content\/uploads\/2024\/04\/brochure-gare-V1-english-conv.cleaned.pdf\">cuaderno<\/a>, <a href=\"https:\/\/bureburebure.info\/wp-content\/uploads\/2024\/04\/brochure-gare-V1-english.cleaned.pdf\">versi\u00f3n p\u00e1gina en serie<\/a> (en ingl\u00e9s)<\/p>\n<p>&#8212;<\/p>\n<h3>LA ESTACI\u00d3N EN POCAS PALABRAS<\/h3>\n<p>La Ancienne Gare de Lum\u00e9ville (-en-Ornois) es un sitio privado y un lugar militante directo contra Cig\u00e9o, el <a href=\"https:\/\/bureburebure.info\/es\/qu-est-ce-qui-se-passe-a-bure\/\">proyecto de enterramiento de residuos radiactivos en Bure<\/a> y sus alrededores en Meuse y Haute-Marne. Se encuentra a 10 km del laboratorio y en la ruta de la posible Instalaci\u00f3n Terminal Ramificada (ITE) : el ferrocarril que ANDRA desea crear y explotar para transportar los residuos nucleares hasta Cig\u00e9o mediante convoyes <a href=\"https:\/\/es.wikipedia.org\/wiki\/Almacenaje_nuclear_en_contenedores_secos\">CASTOR<\/a>. L&#8217;Ancienne Gare (pero aqu\u00ed preferimos llamarla \u00abLa Gare\u00bb) est\u00e1 directamente amenazada por este proyecto de un mega-cubo at\u00f3mico.<\/p>\n<p>Es un lugar de recurso, de organizaci\u00f3n y recepci\u00f3n para l@s curios@s, los colectivos, los activistas contra Cig\u00e9o&#8230; pero no solo : luchamos contra todas las formas de autoritarismo, discriminaci\u00f3n, opresi\u00f3n, destrucci\u00f3n de la vida, las palancas del capitalismo y el productivismo&#8230; Y por supuesto, \u00a1eres libre de venir!<\/p>\n<p>Comprado en la d\u00e9cada de 2000 por un grupo de activistas, es un espacio de aproximadamente 8 hect\u00e1reas entre los pueblos de Lum\u00e9ville-en-Ornois y Mandres-en-Barrois. Ha acogido muchos eventos como el campamento VMC antiautoritario y anticapitalista de diez d\u00edas en agosto de 2015, la Primavera de las Luchas Campesinas en 2016, la semana anti-prisi\u00f3n de la Cruz Anarquista Bure 2020, el campamento Rayonnantes en agosto 2021&#8230;<\/p>\n<p>Direcci\u00f3n de la antigua estaci\u00f3n de Lum\u00e9ville : RD138 en Lum\u00e9ville-en-Ornois 55130 Gondrecourt-le-Ch\u00e2teau<\/p>\n<p>Para venir en tren : la estaci\u00f3n m\u00e1s cercana est\u00e1 en Joinville (52300).<\/p>\n<p>&nbsp;<\/p>\n<h3>LA INSTALACI\u00d3N FINAL (ITE)<\/h3>\n<p>El ITE podr\u00eda ser una de las infraestructuras relacionadas del proyecto de mega-bin at\u00f3mico Cig\u00e9o. Ser\u00eda parte de la red para el transporte de residuos nucleares que Andra quiere desplegar si obtiene el decreto DUP (declaraci\u00f3n de utilidad p\u00fablica), tal vez durante 2022.<\/p>\n<p>Para el territorio de Meuse y Haute-Marne, la agencia prev\u00e9 2 proyectos peligrosos para el transporte ferroviario de residuos nucleares a Cig\u00e9o : el ITE y la rehabilitaci\u00f3n de la l\u00ednea 027000. Su trabajo se iniciar\u00eda una vez obtenido el DUP, mientras que Cig\u00e9o sigue sin estar autorizado: este es otro buen ejemplo de la pol\u00edtica del hecho consumado de la industria nuclear.<\/p>\n<p>La instalaci\u00f3n de la terminal de Embranch\u00e9e: entre Gondrecourt-le-Ch\u00e2teau y Saudron (donde se encuentra el laboratorio), se construir\u00edan 14 km de nueva v\u00eda f\u00e9rrea, parte de la cual ha desaparecido de la antigua l\u00ednea. La antigua estaci\u00f3n de Lum\u00e9ville se encuentra en la ruta del potencial ITE y un procedimiento de expropiaci\u00f3n podr\u00eda tener lugar, despu\u00e9s de la \u00abdeclaraci\u00f3n de utilidad p\u00fablica\u00bb por Cig\u00e9o.<\/p>\n<p><img loading=\"lazy\" decoding=\"async\" class=\"alignnone size-large wp-image-8109 img-fluid \" src=\"https:\/\/bureburebure.info\/wp-content\/uploads\/2022\/01\/drilling-railway-3-1400x991.jpg\" alt=\"\" width=\"1400\" height=\"991\" srcset=\"https:\/\/bureburebure.info\/wp-content\/uploads\/2022\/01\/drilling-railway-3-1400x991.jpg 1400w, https:\/\/bureburebure.info\/wp-content\/uploads\/2022\/01\/drilling-railway-3-768x543.jpg 768w, https:\/\/bureburebure.info\/wp-content\/uploads\/2022\/01\/drilling-railway-3-1536x1087.jpg 1536w, https:\/\/bureburebure.info\/wp-content\/uploads\/2022\/01\/drilling-railway-3-2048x1449.jpg 2048w\" sizes=\"auto, (max-width: 1400px) 100vw, 1400px\" \/><\/p>\n<p>La v\u00eda cruza Gondrecourt y luego se bifurca hacia el oeste hacia la zona de descenso del proyecto CIGEO.<\/p>\n<p><img loading=\"lazy\" decoding=\"async\" class=\"alignnone size-large wp-image-8111 img-fluid \" src=\"https:\/\/bureburebure.info\/wp-content\/uploads\/2022\/01\/drilling-railway-1-1400x991.jpg\" alt=\"\" width=\"1400\" height=\"991\" srcset=\"https:\/\/bureburebure.info\/wp-content\/uploads\/2022\/01\/drilling-railway-1-1400x991.jpg 1400w, https:\/\/bureburebure.info\/wp-content\/uploads\/2022\/01\/drilling-railway-1-768x543.jpg 768w, https:\/\/bureburebure.info\/wp-content\/uploads\/2022\/01\/drilling-railway-1-1536x1087.jpg 1536w, https:\/\/bureburebure.info\/wp-content\/uploads\/2022\/01\/drilling-railway-1-2048x1449.jpg 2048w\" sizes=\"auto, (max-width: 1400px) 100vw, 1400px\" \/><\/p>\n<p>Esta imagen muestra la secci\u00f3n de v\u00eda que se construir\u00e1 a trav\u00e9s de campos (p\u00farpura), desde la antigua v\u00eda hasta la futura estaci\u00f3n del proyecto CIGEO (amarillo).<\/p>\n<h3><\/h3>\n<h3>LA HISTORIA DE LA GARE<\/h3>\n<p>El lugar militante est\u00e1 situado en un tramo de la l\u00ednea Jessains-Sorcy, hoy en gran parte fuera de servicio. En la antigua estaci\u00f3n de Lum\u00e9ville, toda la l\u00ednea fue desmantelada en los a\u00f1os 70 y 80. No hay m\u00e1s trazas de balastros y dispositivos de v\u00eda, pero solo plataformas en piedra de dimensi\u00f3n y unos pocos edificios peque\u00f1os (sala de estaci\u00f3n o casa de barrera).<\/p>\n<p><strong>Historia de la antigua l\u00ednea ferroviaria :<\/strong> El tramo en que se encuentra la antigua estaci\u00f3n de Lum\u00e9ville fue explotado desde 1892 hasta mediados del siglo XX, principalmente durante la Primera Guerra Mundial, entonces para el transporte de mercanc\u00edas. La mitad de esta l\u00ednea, desde Montier-en-Der (52) hasta Sorcy-Saint-Martin terminus (55), se cre\u00f3 por razones puramente estrat\u00e9gicas y militares, tras la guerra franco-alemana de 1870.<\/p>\n<p><strong>La Gare a la vista de Cig\u00e9o :<\/strong> 2006 marca el inicio del proyecto Cig\u00e9o, con la ley del 28 de junio de 2006 que hace la elecci\u00f3n de establecer el vertedero de residuos at\u00f3micos en Bure\/Saudron. Ya existe el laboratorio\/troyano desde 2005. Esto significa tambi\u00e9n que toda la atenci\u00f3n de los promotores nucleares franceses sobre el \u00abalmacenamiento geol\u00f3gico profundo\u00bb se pondr\u00e1 abiertamente en este territorio, contrariamente a la ley Bataille de 1991 que recomienda varias l\u00edneas de investigaci\u00f3n.<\/p>\n<p>Un grupo de adversarios compra el terreno de la Ancienne Gare de Lum\u00e9ville-en-Ornois y sus edificios.<\/p>\n<p>Se organizan varios eventos, tales como:<\/p>\n<p>&#8211; Acciones antinucleares, anti-laboratorio y anti-Cigeo, como el <a href=\"http:\/\/burestop.free.fr\/spip\/spip.php?article48\">Festival D\u00e9branche<\/a>!<\/p>\n<p>&#8211; El <a href=\"http:\/\/hippiepest.herbesfolles.org\/\">Hippiepest<\/a>, un festival de m\u00fasica noise-punk-grindcore, se organiza con 4 ediciones en el sitio alrededor del 2010.<\/p>\n","protected":false},"excerpt":{"rendered":"<p>Art\u00edculo encontrado aqu\u00ed (en franc\u00e9s) ligeramente redise\u00f1ado. Contacto de la Gare de Lumeville : garealarevanche [at] riseup.net Se public\u00f3 un folleto m\u00e1s reciente que el texto siguiente para hablar de la Gare : La antigua estaci\u00f3n de Lum\u00e9ville : una barricada legal y f\u00edsica contra CIGEO (2a versi\u00f3n: primavera 2024) : versi\u00f3n cuaderno, versi\u00f3n p\u00e1gina&#8230;<\/p>\n","protected":false},"author":3,"featured_media":0,"parent":0,"menu_order":0,"comment_status":"closed","ping_status":"closed","template":"","meta":{"_locale":"es_ES","_original_post":"http:\/\/bure3iqeqde7ynpluyuubochndt33wwsbkmo7kgf32bmli4zigjwvzid.onion\/?page_id=8108","footnotes":""},"class_list":["post-16066","page","type-page","status-publish","hentry","es-ES"],"_links":{"self":[{"href":"https:\/\/bureburebure.info\/wp-json\/wp\/v2\/pages\/16066","targetHints":{"allow":["GET"]}}],"collection":[{"href":"https:\/\/bureburebure.info\/wp-json\/wp\/v2\/pages"}],"about":[{"href":"https:\/\/bureburebure.info\/wp-json\/wp\/v2\/types\/page"}],"author":[{"embeddable":true,"href":"https:\/\/bureburebure.info\/wp-json\/wp\/v2\/users\/3"}],"replies":[{"embeddable":true,"href":"https:\/\/bureburebure.info\/wp-json\/wp\/v2\/comments?post=16066"}],"version-history":[{"count":3,"href":"https:\/\/bureburebure.info\/wp-json\/wp\/v2\/pages\/16066\/revisions"}],"predecessor-version":[{"id":16072,"href":"https:\/\/bureburebure.info\/wp-json\/wp\/v2\/pages\/16066\/revisions\/16072"}],"wp:attachment":[{"href":"https:\/\/bureburebure.info\/wp-json\/wp\/v2\/media?parent=16066"}],"curies":[{"name":"wp","href":"https:\/\/api.w.org\/{rel}","templated":true}]}}