{"id":8461,"date":"2022-04-01T10:30:26","date_gmt":"2022-04-01T10:30:26","guid":{"rendered":"http:\/\/bure3iqeqde7ynpluyuubochndt33wwsbkmo7kgf32bmli4zigjwvzid.onion\/?page_id=8461"},"modified":"2026-02-11T22:11:10","modified_gmt":"2026-02-11T22:11:10","slug":"qu-est-ce-qui-se-passe-a-bure","status":"publish","type":"page","link":"https:\/\/bureburebure.info\/es\/qu-est-ce-qui-se-passe-a-bure\/","title":{"rendered":"\u00bf Qu\u00e9 pasa en Bure ?"},"content":{"rendered":"<h1>\u00bf Qu\u00e9 pasa en Bure ?<\/h1>\n<p>El proyecto de inmenso vertedero subterr\u00e1neo at\u00f3mico llamado Cig\u00e9o existe desde el a\u00f1o 1994, como consecuencia de la ley de 1991 relativa a la gesti\u00f3n de los residuos nucleares. La segunda ley de junio de 2006 concentr\u00f3 el proyecto cerca de Bure (sitio arcilloso de la Meuse cerca de la Haute-Marne) con un pseudo-laboratorio de investigaciones geol\u00f3gicas. Una tercera ley en 2016 inicia Cig\u00e9o gracias a una \u201cfase experimental\u201d que no tiene nada que ver con la investigaci\u00f3n. Es la primera fase industrial de proyecto (representa aproximadamente el 25% del precio total).<\/p>\n<p>En 2019, la Andra (Agencia nacional de gesti\u00f3n de los residuos radiactivos) tiene que presentar su solicitud de permiso de creaci\u00f3n (<span class=\"caps\">DAC<\/span>) y las obras se iniciar\u00edan si esta es aceptada. Sin embargo, parte de las obras preparatorias, muy criticadas localmente, ya han empezado desde 2015.<\/p>\n<p><img loading=\"lazy\" decoding=\"async\" class=\"alignnone size-medium wp-image-771 img-fluid \" src=\"https:\/\/bureburebure.info\/wp-content\/uploads\/2018\/11\/plan_cigeo-700x450.png\" alt=\"\" width=\"700\" height=\"450\" \/><\/p>\n<p>Cig\u00e9o ser\u00eda construido en los l\u00edmites de 5 pueblos de los departamentos de Meuse y Haute-Marne : Bure, Saudron, Ribeaucourt, Bonnet et Mandres. Ser\u00edan 270 ha de instalaciones nucleares en la superficie y 300 km de galer\u00edas subterr\u00e1neas a 500 metros de profundidad, para recibir los residuos m\u00e1s radiactivos de la industria nuclear. Todo eso costar\u00eda algunas decenas de billones de euros.<\/p>\n<p>\u00bf Una futura tierra de nadie ? \u00bf Qui\u00e9n quiere vivir cerca de un sitio as\u00ed ?<\/p>\n<p>Ese proyecto desarrollado por la Andra y los productores de residuos (EdF, Areva, <span class=\"caps\">CEA<\/span>) todav\u00eda no es m\u00e1s que un proyecto. Ya est\u00e1 avanzado pero \u00a1 nada est\u00e1 hecho ! \u00a1 No hay ning\u00fan residuo radiactivo en Bure ! La llegada de los primeros \u201cpaquetes\u201d est\u00e1 prevista para 2025.<\/p>\n<p>Sin embargo la adquisici\u00f3n de tierras por la Andra (ya 3000 ha en Meuse y Haute-Marne) sigue, la planificaci\u00f3n del territorio (l\u00ednea f\u00e9rrea, excavaciones, l\u00edneas el\u00e9ctricas\u2026) ya ha empezado, la propaganda se transmite\u2026<\/p>\n<p><em>M\u00e1s informaci\u00f3n :<\/em> <a href=\"http:\/\/www.stopcigeo-bure.eu\">www.stopcigeo-bure.eu<\/a><\/p>\n<h2 class=\"entry-title\"><strong>La \u201cmaison de r\u00e9sistance\u201d (casa de resistencia)<\/strong><\/h2>\n<div class=\"entry-content\">\n<div class=\"ob-section ob-section-html\">\n<div class=\"ob-section ob-section-html\">\n<p align=\"justify\">En 2004, militantes antinucleares de Francia et de Alemania crean la asociaci\u00f3n Bure Zone Libre (<span class=\"caps\">BZL<\/span>). Bajo la forma de una <span class=\"caps\">SCI<\/span> (sociedad civil inmobiliaria) con el \u201cR\u00e9seau Sortir du Nucl\u00e9aire\u201d (otra asociaci\u00f3n) compran el a\u00f1o siguiente un viejo caser\u00edo en el pueblito de Bure. Esa ruina se convierte en la \u201cCasa de resistencia al basurero nuclear\u201d.<\/p>\n<p align=\"justify\"><img loading=\"lazy\" decoding=\"async\" class=\"alignnone size-medium wp-image-767 img-fluid \" src=\"https:\/\/bureburebure.info\/wp-content\/uploads\/2018\/11\/maison-de-r\u00e9sistances-2013-700x450.png\" alt=\"\" width=\"700\" height=\"450\" \/><\/p>\n<p>Hoy la casa esta habitada todo el a\u00f1o y abierta a todas y todos. Con su gran sala de reuniones y espect\u00e1culos, su dormitorio aislado, su cocina, sus herramientas inform\u00e1ticas, su taller, su jard\u00edn, es un lugar de acogida, de encuentro, de organizaci\u00f3n et de intercambios.<\/p>\n<p>La casa de resistencia tiene como objetivos principales :<\/p>\n<ul>\n<li>dar una informaci\u00f3n critica sobre lo nuclear y los residuos ;<\/li>\n<li>ofrecer una base log\u00edstica para acciones antinucleares ;<\/li>\n<li>experimentar maneras de organizarse y vivir juntes en autogesti\u00f3n y horizontalmente.<\/li>\n<\/ul>\n<p><strong>Informaciones pr\u00e1cticas :<\/strong><\/p>\n<p>La casa siempre est\u00e1 abierta y es posible avisar de su llegada por e-mail (sauvonslaforet (arroba) riseup.net) o por tel\u00e9fono <strong>(+33) 9 54 10 57 11<\/strong>.<\/p>\n<p>La primera tienda est\u00e1 situada a 10km de Bure. La estaci\u00f3n m\u00e1s cercana (Joinville) y los primeros negocios importantes a 20km.<\/p>\n<p>La compra de comida se hace con participaci\u00f3n libre de cada uno\/a. Tambi\u00e9n es posible traer comida (vegana) para compartir.<\/p>\n<p>El buen funcionamiento y mantenimiento del lugar es responsabilidad de todas y todos, ya est\u00e9n en la casa desde hace mucho tiempo o no (no dudeis en preguntar qu\u00e9 podeis hacer y c\u00f3mo para participar, y en proponer ideas).<\/p>\n<p>La casa recibe personas con sensibilidades, opiniones y pr\u00e1cticas distintas. \u00a1 Estos encuentros enriquecen y necesitan amabilidad, indulgencia y una mentalidad abierta !<\/p>\n<p>La lucha contra el enterramiento de los residuos radiactivos est\u00e1 compuesta por muchos individuos, grupos y asociaciones y confluye con varias luchas sociales y ambientales. La casa de resistencia pertenece a la lucha contra lo nuclear en ese conjunto.<\/p>\n<p>Desde 2004 la casa pertenece a una red de contactos locales. Tiene v\u00ednculos con habitantes y con otros lugares de vida y actividades.<\/p>\n<p>La asociaci\u00f3n Bure Zone Libre asegura la gesti\u00f3n administrativa y un seguimiento a largo plazo de la casa de resistencia. Es aut\u00f3noma e independiente. Funciona s\u00f3lo con las donaciones de sus miembrxs y simpatizantes y tambi\u00e9n de asociaciones amigas.<\/p>\n<p>La Maison de R\u00e9sistance<br \/>\n2 rue de l\u2019\u00e9glise<br \/>\n55290 <span class=\"caps\">BURE\u00a0 \u00a0 \u00a0 \u00a0 \u00a0 \u00a0 \u00a0 \u00a0 \u00a0 \u00a0 \u00a0 \u00a0 \u00a0 \u00a0 \u00a0 \u00a0 \u00a0 \u00a0 \u00a0 \u00a0 \u00a0 \u00a0 \u00a0 \u00a0 \u00a0 \u00a0 \u00a0 \u00a0 \u00a0 \u00a0 \u00a0 \u00a0 \u00a0 \u00a0 \u00a0 \u00a0 \u00a0 \u00a0 \u00a0 \u00a0 \u00a0 \u00a0 \u00a0 \u00a0 \u00a0 \u00a0 \u00a0 \u00a0 \u00a0 \u00a0 \u00a0 \u00a0 \u00a0 \u00a0 \u00a0 \u00a0 \u00a0 \u00a0 \u00a0 \u00a0 \u00a0 \u00a0 \u00a0 \u00a0 \u00a0 \u00a0 \u00a0 \u00a0 \u00a0 \u00a0 \u00a0 \u00a0 \u00a0 \u00a0 (+33) 9 54 10 57 11<\/span><\/p>\n<\/div>\n<h2><strong>Otros lugares<\/strong><\/h2>\n<p>Otra gente se mud\u00f3 cerca de Bure en lugares colectivos o no. Una casa colectiva, l\u2019Affranchie, existe desde el principio de 2018 en Mandres-en-Barrois. Si quieren venir, pueden consultar la p\u00e1gina <a href=\"https:\/\/bureburebure.info\/venir-a-bure-y-alrededores-y-vivir-aqui\">Venir a Bure y vivir aqu\u00ed<\/a>.<\/p>\n<h2><a id=\"carto\" class=\"anchor\"><\/a>Cartograf\u00eda<\/h2>\n<p><img loading=\"lazy\" decoding=\"async\" class=\"alignnone size-full wp-image-915 img-fluid \" src=\"https:\/\/bureburebure.info\/wp-content\/uploads\/2018\/11\/carte.png\" alt=\"\" width=\"722\" height=\"536\" \/><\/p>\n<p>En verde, el actual lugar del laboratorio de la <span class=\"caps\">ANDRA<\/span>.<br \/>\nEn violeta, el proyecto de v\u00eda f\u00e9rrea (renovaci\u00f3n de los 40 km de v\u00eda f\u00e9rrea entre Nan\u00e7ois-Tronville \u00e0 Saudron) para llegar a la linea Par\u00eds-Estrasburgo.<br \/>\nEn azul, la zona de las potenciales instalaciones de la superficie.<br \/>\nEn naranja, la zona de la potencial \u201czone de descenderie\u201d (zona por d\u00f3nde ser\u00edan bajados los residuos).<br \/>\nEn amarillo, la <span class=\"caps\">ZIRA<\/span>, \u201czone d\u2019int\u00e9r\u00eat pour la recherche approfondie\u201d (zona de inter\u00e9s para la investigacion exhaustiva). Aqu\u00ed es d\u00f3nde se considera la construcci\u00f3n de galer\u00edas subterr\u00e1neas.<br \/>\nEn rojo, el \u201cbois Lejuc\u201d (bosque Lejuc) situado arriba de los potenciales pozos de ventilaci\u00f3n de las galer\u00edas subterr\u00e1neas. Lugar estrat\u00e9gico que fue ocupado hasta febrero de 2018.<br \/>\nEn negro, algunos lugares de resistencia a Cig\u00e9o.<\/p>\n<\/div>\n<\/div>\n","protected":false},"excerpt":{"rendered":"<p>\u00bf Qu\u00e9 pasa en Bure ? El proyecto de inmenso vertedero subterr\u00e1neo at\u00f3mico llamado Cig\u00e9o existe desde el a\u00f1o 1994, como consecuencia de la ley de 1991 relativa a la gesti\u00f3n de los residuos nucleares. La segunda ley de junio de 2006 concentr\u00f3 el proyecto cerca de Bure (sitio arcilloso de la Meuse cerca de&#8230;<\/p>\n","protected":false},"author":10,"featured_media":0,"parent":0,"menu_order":0,"comment_status":"closed","ping_status":"closed","template":"","meta":{"_locale":"es_ES","_original_post":"http:\/\/bure3iqeqde7ynpluyuubochndt33wwsbkmo7kgf32bmli4zigjwvzid.onion\/?page_id=899","footnotes":""},"class_list":["post-8461","page","type-page","status-publish","hentry","es-ES"],"_links":{"self":[{"href":"https:\/\/bureburebure.info\/wp-json\/wp\/v2\/pages\/8461","targetHints":{"allow":["GET"]}}],"collection":[{"href":"https:\/\/bureburebure.info\/wp-json\/wp\/v2\/pages"}],"about":[{"href":"https:\/\/bureburebure.info\/wp-json\/wp\/v2\/types\/page"}],"author":[{"embeddable":true,"href":"https:\/\/bureburebure.info\/wp-json\/wp\/v2\/users\/10"}],"replies":[{"embeddable":true,"href":"https:\/\/bureburebure.info\/wp-json\/wp\/v2\/comments?post=8461"}],"version-history":[{"count":7,"href":"https:\/\/bureburebure.info\/wp-json\/wp\/v2\/pages\/8461\/revisions"}],"predecessor-version":[{"id":16619,"href":"https:\/\/bureburebure.info\/wp-json\/wp\/v2\/pages\/8461\/revisions\/16619"}],"wp:attachment":[{"href":"https:\/\/bureburebure.info\/wp-json\/wp\/v2\/media?parent=8461"}],"curies":[{"name":"wp","href":"https:\/\/api.w.org\/{rel}","templated":true}]}}