{"id":8506,"date":"2022-04-01T12:11:51","date_gmt":"2022-04-01T12:11:51","guid":{"rendered":"http:\/\/bure3iqeqde7ynpluyuubochndt33wwsbkmo7kgf32bmli4zigjwvzid.onion\/?page_id=8506"},"modified":"2026-02-11T22:18:26","modified_gmt":"2026-02-11T22:18:26","slug":"le-bois-lejuc","status":"publish","type":"page","link":"https:\/\/bureburebure.info\/es\/le-bois-lejuc\/","title":{"rendered":"El bosque Lejuc"},"content":{"rendered":"<h1>El Bois Lejuc<\/h1>\n<p><a href=\"https:\/\/bureburebure.info\/wp-content\/uploads\/2018\/11\/barricade.jpeg\" rel=\"attachment wp-att-880\"><img loading=\"lazy\" decoding=\"async\" class=\"wp-image-880 aligncenter img-fluid \" src=\"https:\/\/bureburebure.info\/wp-content\/uploads\/2018\/11\/barricade.jpeg\" alt=\"\" width=\"445\" height=\"250\" \/><\/a><\/p>\n<p>Durante junio de 2016 y del 15 de agosto de 2016 al 22 de febrero de 2018, el bosque \u00ab<em>bois Lejuc<\/em>\u00bb fue habitado por personas, impidiendo as\u00ed parte de las obras preparatorias de Cig\u00e9o : el desbroce del bosque en el que deben instalarse los pozos de ventilaci\u00f3n y bajo el cual deber\u00edan pasar las galer\u00edas subterr\u00e0neas y las perforaciones para probar el subsuelo.<\/p>\n<p>En el verano 2016, la ANDRA estaba a punto de empezar el desbroce del bosque, sin los permisos necesarios. Un \u00abpic-nic interminable\u00bb del 19 de junio marc\u00f3 el principio de la primera ocupaci\u00f3n. Durante este evento, fueron tambi\u00e9n abatidas las vallas de la ANDRA.<\/p>\n<p>Despu\u00e9s de tres semanas de ocupaci\u00f3n, el bosque fue expulsado a las 6 de la ma\u00f1ana del 17 de julio.<\/p>\n<div id=\"attachment_881\" style=\"width: 310px\" class=\"wp-caption aligncenter\"><a href=\"https:\/\/bureburebure.info\/wp-content\/uploads\/2018\/11\/r\u00e9ocup.jpg\"><img loading=\"lazy\" decoding=\"async\" aria-describedby=\"caption-attachment-881\" class=\"wp-image-881 img-fluid \" src=\"https:\/\/bureburebure.info\/wp-content\/uploads\/2018\/11\/r\u00e9ocup.jpg\" alt=\"\" width=\"300\" height=\"380\" srcset=\"https:\/\/bureburebure.info\/wp-content\/uploads\/2018\/11\/r\u00e9ocup.jpg 808w, https:\/\/bureburebure.info\/wp-content\/uploads\/2018\/11\/r\u00e9ocup-768x973.jpg 768w\" sizes=\"auto, (max-width: 300px) 100vw, 300px\" \/><\/a><p id=\"caption-attachment-881\" class=\"wp-caption-text\">El 16 de julio, primera llamada a la reocupaci\u00f3n<\/p><\/div>\n<p>La manifestaci\u00f3n fue reprimida muy severamente, y aunque se consigue entrar en el bosque, se toma la decisi\u00f3n de replegarse.<\/p>\n<p><iframe loading=\"lazy\" title=\"Manif de re\u0301occupation du bois Lejuc\" width=\"500\" height=\"281\" src=\"https:\/\/www.youtube.com\/embed\/G0sVHaBRRvk?feature=oembed\" frameborder=\"0\" allow=\"accelerometer; autoplay; clipboard-write; encrypted-media; gyroscope; picture-in-picture; web-share\" referrerpolicy=\"strict-origin-when-cross-origin\" allowfullscreen><\/iframe><\/p>\n<p>Mientras tanto, la ANDRA construye un muro para cercar el acceso al bosque, tambi\u00e9n sin el permiso de construcci\u00f3n correspondiente.<\/p>\n<div id=\"attachment_883\" style=\"width: 210px\" class=\"wp-caption aligncenter\"><a href=\"https:\/\/bureburebure.info\/wp-content\/uploads\/2018\/11\/mur-debout.jpg\"><img loading=\"lazy\" decoding=\"async\" aria-describedby=\"caption-attachment-883\" class=\"wp-image-883 img-fluid \" src=\"https:\/\/bureburebure.info\/wp-content\/uploads\/2018\/11\/mur-debout.jpg\" alt=\"\" width=\"200\" height=\"300\" \/><\/a><p id=\"caption-attachment-883\" class=\"wp-caption-text\">Muro constru\u00eddo por la ANDRA<\/p><\/div>\n<p>Despu\u00e9s de que la ANDRA fue condenada por la ilegalidad de las obras, tuvo lugar una manifestaci\u00f3n para tumbar el muro, el 15 de agosto de 2016, que se sold\u00f3 por un logro absoluto.<\/p>\n<p><iframe loading=\"lazy\" title=\"\u00c0 Bure-les-Bains, on bois Lejuc sans mod\u00e9ration !\" src=\"https:\/\/player.vimeo.com\/video\/194173016?dnt=1&amp;app_id=122963\" width=\"500\" height=\"281\" frameborder=\"0\" allow=\"autoplay; fullscreen; picture-in-picture; clipboard-write; encrypted-media; web-share\" referrerpolicy=\"strict-origin-when-cross-origin\"><\/iframe><\/p>\n<div id=\"attachment_884\" style=\"width: 385px\" class=\"wp-caption aligncenter\"><a href=\"https:\/\/bureburebure.info\/wp-content\/uploads\/2018\/11\/mur.jpg\"><img loading=\"lazy\" decoding=\"async\" aria-describedby=\"caption-attachment-884\" class=\"wp-image-884 img-fluid \" src=\"https:\/\/bureburebure.info\/wp-content\/uploads\/2018\/11\/mur-640x480.jpg\" alt=\"\" width=\"375\" height=\"250\" srcset=\"https:\/\/bureburebure.info\/wp-content\/uploads\/2018\/11\/mur-768x512.jpg 768w, https:\/\/bureburebure.info\/wp-content\/uploads\/2018\/11\/mur.jpg 1024w\" sizes=\"auto, (max-width: 375px) 100vw, 375px\" \/><\/a><p id=\"caption-attachment-884\" class=\"wp-caption-text\">Pedazos del muro abatidos tras la manifestaci\u00f3n del 15 de agosto<\/p><\/div>\n<p>Despu\u00e9s de este episodio, se perpet\u00faa la ocupaci\u00f3n del bosque. Un habitante \u00abSven Lindstrom\u00bb declara habitar en el bosque, el tribunal de <em>Bar-le-Duc<\/em> ordena su expulsi\u00f3n en marzo de 2017. Aqu\u00ed os dejamos algunas im\u00e1genes de los lugares de vida que florecieron durante la segunda ocupaci\u00f3n.<\/p>\n<div id=\"attachment_639\" style=\"width: 454px\" class=\"wp-caption aligncenter\"><a href=\"https:\/\/bureburebure.info\/wp-content\/uploads\/2018\/10\/foret-3.jpg\"><img loading=\"lazy\" decoding=\"async\" aria-describedby=\"caption-attachment-639\" class=\"wp-image-639 img-fluid \" src=\"https:\/\/bureburebure.info\/wp-content\/uploads\/2018\/10\/foret-3.jpg\" alt=\"\" width=\"444\" height=\"250\" \/><\/a><p id=\"caption-attachment-639\" class=\"wp-caption-text\">La <em>communale<\/em>, la casa de Sven Lindstrom<\/p><\/div>\n<p>&nbsp;<\/p>\n<div id=\"attachment_637\" style=\"width: 455px\" class=\"wp-caption aligncenter\"><a href=\"https:\/\/bureburebure.info\/wp-content\/uploads\/2018\/10\/foret-1.jpg\"><img loading=\"lazy\" decoding=\"async\" aria-describedby=\"caption-attachment-637\" class=\"wp-image-637 img-fluid \" src=\"https:\/\/bureburebure.info\/wp-content\/uploads\/2018\/10\/foret-1.jpg\" alt=\"\" width=\"445\" height=\"250\" \/><\/a><p id=\"caption-attachment-637\" class=\"wp-caption-text\">Una caba\u00f1a a\u00e9rea<\/p><\/div>\n<p>&nbsp;<\/p>\n<div id=\"attachment_887\" style=\"width: 310px\" class=\"wp-caption aligncenter\"><a href=\"https:\/\/bureburebure.info\/wp-content\/uploads\/2018\/11\/piraterie.jpg\"><img loading=\"lazy\" decoding=\"async\" aria-describedby=\"caption-attachment-887\" class=\"wp-image-887 size-full img-fluid \" src=\"https:\/\/bureburebure.info\/wp-content\/uploads\/2018\/11\/piraterie.jpg\" alt=\"\" width=\"300\" height=\"168\" \/><\/a><p id=\"caption-attachment-887\" class=\"wp-caption-text\">La pirater\u00eda (<em>piraterie<\/em>), un lugar de vida colectiva en el sur del bosque<\/p><\/div>\n<p>&nbsp;<\/p>\n<div id=\"attachment_888\" style=\"width: 343px\" class=\"wp-caption aligncenter\"><a href=\"https:\/\/bureburebure.info\/wp-content\/uploads\/2018\/11\/BN2.jpg\"><img loading=\"lazy\" decoding=\"async\" aria-describedby=\"caption-attachment-888\" class=\"wp-image-888 img-fluid \" src=\"https:\/\/bureburebure.info\/wp-content\/uploads\/2018\/11\/BN2.jpg\" alt=\"\" width=\"333\" height=\"250\" srcset=\"https:\/\/bureburebure.info\/wp-content\/uploads\/2018\/11\/BN2.jpg 3648w, https:\/\/bureburebure.info\/wp-content\/uploads\/2018\/11\/BN2-640x480.jpg 640w, https:\/\/bureburebure.info\/wp-content\/uploads\/2018\/11\/BN2-768x576.jpg 768w, https:\/\/bureburebure.info\/wp-content\/uploads\/2018\/11\/BN2-1400x1050.jpg 1400w\" sizes=\"auto, (max-width: 333px) 100vw, 333px\" \/><\/a><p id=\"caption-attachment-888\" class=\"wp-caption-text\">La Barricada Norte (<em>Barricade Nord<\/em>)<\/p><\/div>\n<p>&nbsp;<\/p>\n<div id=\"attachment_889\" style=\"width: 343px\" class=\"wp-caption aligncenter\"><a href=\"https:\/\/bureburebure.info\/wp-content\/uploads\/2018\/11\/dracab2.jpg\"><img loading=\"lazy\" decoding=\"async\" aria-describedby=\"caption-attachment-889\" class=\"wp-image-889 img-fluid \" src=\"https:\/\/bureburebure.info\/wp-content\/uploads\/2018\/11\/dracab2.jpg\" alt=\"\" width=\"333\" height=\"250\" srcset=\"https:\/\/bureburebure.info\/wp-content\/uploads\/2018\/11\/dracab2.jpg 3648w, https:\/\/bureburebure.info\/wp-content\/uploads\/2018\/11\/dracab2-640x480.jpg 640w, https:\/\/bureburebure.info\/wp-content\/uploads\/2018\/11\/dracab2-768x576.jpg 768w, https:\/\/bureburebure.info\/wp-content\/uploads\/2018\/11\/dracab2-1400x1050.jpg 1400w\" sizes=\"auto, (max-width: 333px) 100vw, 333px\" \/><\/a><p id=\"caption-attachment-889\" class=\"wp-caption-text\">El <em>Dracab <\/em>(contracci\u00f3n de drakkar y ACAB)<em><br \/><\/em><\/p><\/div>\n<p>&nbsp;<\/p>\n<div id=\"attachment_890\" style=\"width: 188px\" class=\"wp-caption aligncenter\"><a href=\"https:\/\/bureburebure.info\/wp-content\/uploads\/2018\/11\/affiche-occupation.jpg\"><img loading=\"lazy\" decoding=\"async\" aria-describedby=\"caption-attachment-890\" class=\"wp-image-890 img-fluid \" src=\"https:\/\/bureburebure.info\/wp-content\/uploads\/2018\/11\/affiche-occupation.jpg\" alt=\"\" width=\"178\" height=\"250\" \/><\/a><p id=\"caption-attachment-890\" class=\"wp-caption-text\">Cartel producido en respuesta al anuncio de la decisi\u00f3n de expulsi\u00f3n (mensaje : si la ANDRA y sus \u00abperros guardianes\u00bb ocupan, les expulsamos).<\/p><\/div>\n<p>Aqu\u00ed una pel\u00edcula rodada en el verano de 2017, que ofrece un peque\u00f1o paseo por el <em>bois Lejuc.<\/em><\/p>\n<p><iframe loading=\"lazy\" title=\"Bogues !\" width=\"500\" height=\"281\" src=\"https:\/\/www.youtube.com\/embed\/P5UVHaWDbfQ?feature=oembed\" frameborder=\"0\" allow=\"accelerometer; autoplay; clipboard-write; encrypted-media; gyroscope; picture-in-picture; web-share\" referrerpolicy=\"strict-origin-when-cross-origin\" allowfullscreen><\/iframe><\/p>\n<p>En paralelo a la ocupaci\u00f3n del bosque, un procedimiento legal cuestiona la propiedad legal de la ANDRA sobre el <em>bois Lejuc<\/em>. El 18 de mayo de 2017 en <em>Mandres-en-Barrois<\/em>, el consejo municipal vuelve a confirmar que cede el bosque communal a la ANDRA. El dispotivo policial desplegado alrededor de este consejo es impresionante, teniendo en cuenta el tama\u00f1o del pueblo.<\/p>\n<div id=\"attachment_891\" style=\"width: 343px\" class=\"wp-caption aligncenter\"><a href=\"https:\/\/bureburebure.info\/wp-content\/uploads\/2018\/11\/mandres.jpg\"><img loading=\"lazy\" decoding=\"async\" aria-describedby=\"caption-attachment-891\" class=\"wp-image-891 img-fluid \" src=\"https:\/\/bureburebure.info\/wp-content\/uploads\/2018\/11\/mandres.jpg\" alt=\"\" width=\"333\" height=\"250\" srcset=\"https:\/\/bureburebure.info\/wp-content\/uploads\/2018\/11\/mandres.jpg 768w, https:\/\/bureburebure.info\/wp-content\/uploads\/2018\/11\/mandres-640x480.jpg 640w\" sizes=\"auto, (max-width: 333px) 100vw, 333px\" \/><\/a><p id=\"caption-attachment-891\" class=\"wp-caption-text\">Dispositivo policial alrededor del consejo municipal de <em>Mandres-en-Barrois<\/em> del 18 de mayo de 2017&#8230;<\/p><\/div>\n<p>Una treintena de habitantes del pueblo presentaron un recurso de apelaci\u00f3n contra esta decisi\u00f3n, a d\u00eda de hoy no ha sido todavia tratado&#8230;<\/p>\n<p>El 22 de febrero de 2018 a las 6 de la ma\u00f1ana, el <em>bois Lejuc<\/em> es expulsado por 500 gendarmes, y en el mismo d\u00eda la <em>maison de la R\u00e9sistance<\/em> es atacada por la gendarmer\u00eda.<\/p>\n<p><iframe loading=\"lazy\" title=\"BURE - Expulsions du 22 f\u00e9vrier 2018\" width=\"500\" height=\"281\" src=\"https:\/\/www.youtube.com\/embed\/Xr3bWTX0uM8?feature=oembed\" frameborder=\"0\" allow=\"accelerometer; autoplay; clipboard-write; encrypted-media; gyroscope; picture-in-picture; web-share\" referrerpolicy=\"strict-origin-when-cross-origin\" allowfullscreen><\/iframe><\/p>\n<p>Desde entonces, la gendarmer\u00eda ocupa de manera continua el bosque. El findesemana del 3-4 de marzo de 2018 un encuentro intercolectivos deb\u00eda tener lugar en el <em>bois Lejuc,<\/em> pero dada la expulsi\u00f3n, en su lugar se form\u00f3 una gran manifestaci\u00f3n en direcci\u00f3n del bosque rodeado por un dispositivo policial consecuente, que fue reforzado por decretos prefectorales aberrantes (prohibici\u00f3n de circular, de estacionar, de manifestar, de transportar material y de acercarse al <em>bois Lejuc<\/em>).<\/p>\n<p>Aqu\u00ed abajo un mapa del bosque, las caba\u00f1as (<em>cabane<\/em>) indicadas fueron integralmente destru\u00eddas despu\u00e9s de la expulsi\u00f3n.<\/p>\n<p><a href=\"https:\/\/bureburebure.info\/wp-content\/uploads\/2018\/11\/plan-bois-lejuc.jpg\"><img loading=\"lazy\" decoding=\"async\" class=\"aligncenter wp-image-977 size-thumbnail img-fluid \" src=\"https:\/\/bureburebure.info\/wp-content\/uploads\/2018\/11\/plan-bois-lejuc-640x480.jpg\" alt=\"\" width=\"640\" height=\"480\" \/><\/a><\/p>\n<p>En julio de 2019, <a href=\"https:\/\/bureburebure.info\/communique18july-fr\/\">el bosque Lejuc fue ocupado por tercera vez<\/a>, durante unos d\u00edas&#8230;<\/p>\n<p>A principios de 2021, los detectores de movimiento est\u00e1n presentes para alertar a la Gendarmer\u00eda de la llegada de caminantes. La ANDRA sigue considerando la posibilidad de construir sus galer\u00edas y otros pozos de ventilaci\u00f3n en esta zona&#8230;<\/p>\n<p>En diciembre de 2025, como parte de los trabajos preparatorios para CIG\u00c9O (DR0), las <a href=\"https:\/\/bureburebure.info\/en\/ballade-nocturne-sur-les-travaux-en-cours-au-bois-lejuc\/\">perforaciones<\/a> est\u00e1n en curso en el Bois Lejuc<\/p>\n","protected":false},"excerpt":{"rendered":"<p>El Bois Lejuc Durante junio de 2016 y del 15 de agosto de 2016 al 22 de febrero de 2018, el bosque \u00abbois Lejuc\u00bb fue habitado por personas, impidiendo as\u00ed parte de las obras preparatorias de Cig\u00e9o : el desbroce del bosque en el que deben instalarse los pozos de ventilaci\u00f3n y bajo el cual&#8230;<\/p>\n","protected":false},"author":3,"featured_media":0,"parent":0,"menu_order":0,"comment_status":"closed","ping_status":"closed","template":"","meta":{"_locale":"es_ES","_original_post":"http:\/\/bure3iqeqde7ynpluyuubochndt33wwsbkmo7kgf32bmli4zigjwvzid.onion\/?page_id=877","footnotes":""},"class_list":["post-8506","page","type-page","status-publish","hentry","es-ES"],"_links":{"self":[{"href":"https:\/\/bureburebure.info\/wp-json\/wp\/v2\/pages\/8506","targetHints":{"allow":["GET"]}}],"collection":[{"href":"https:\/\/bureburebure.info\/wp-json\/wp\/v2\/pages"}],"about":[{"href":"https:\/\/bureburebure.info\/wp-json\/wp\/v2\/types\/page"}],"author":[{"embeddable":true,"href":"https:\/\/bureburebure.info\/wp-json\/wp\/v2\/users\/3"}],"replies":[{"embeddable":true,"href":"https:\/\/bureburebure.info\/wp-json\/wp\/v2\/comments?post=8506"}],"version-history":[{"count":5,"href":"https:\/\/bureburebure.info\/wp-json\/wp\/v2\/pages\/8506\/revisions"}],"predecessor-version":[{"id":15922,"href":"https:\/\/bureburebure.info\/wp-json\/wp\/v2\/pages\/8506\/revisions\/15922"}],"wp:attachment":[{"href":"https:\/\/bureburebure.info\/wp-json\/wp\/v2\/media?parent=8506"}],"curies":[{"name":"wp","href":"https:\/\/api.w.org\/{rel}","templated":true}]}}