{"id":8546,"date":"2022-04-01T13:16:59","date_gmt":"2022-04-01T13:16:59","guid":{"rendered":"http:\/\/bure3iqeqde7ynpluyuubochndt33wwsbkmo7kgf32bmli4zigjwvzid.onion\/?page_id=8546"},"modified":"2026-04-14T07:17:10","modified_gmt":"2026-04-14T07:17:10","slug":"venir","status":"publish","type":"page","link":"https:\/\/bureburebure.info\/es\/venir\/","title":{"rendered":"Venir a Bure y alrededores y vivir aqu\u00ed"},"content":{"rendered":"<h1 class=\" shy_parent\"><a name=\"venir-a-bure-y-alrededores-y-vivir-aqu\u00ed\"><\/a>Venir a Bure y alrededores y vivir aqu\u00ed<\/h1>\n<div class=\"lightweight-accordion\"><details><summary class=\"lightweight-accordion-title\"><span>Lugares<\/span><\/summary><div class=\"lightweight-accordion-body\"><p>Al venir, existen varios lugares abiertos de acogida :<\/p>\n<ul>\n<li><strong>La \u00abMaison de R\u00e9sistance\u00bb (Casa de la resistencia), 2 rue de l&#8217;\u00c9glise, 55290 Bure<\/strong>. Es un lugar de acogida e informaci\u00f3n sobre la lucha. El alojamiento se hace en sleeping, en el lugar hay electricidad, ducha de agua caliente, internet. Accesible en todo momento en el <strong>+33(0)9.54.10.57.11<\/strong> (n\u00famero de la polic\u00eda con escuchas telef\u00f3nicas). Si no responde, prefiere llamar de nuevo, porque el correo de voz no es consultado. Es posible preguntar por adelantado si quieres venir al lugar enviando un correo electr\u00f3nico a <strong>burezonelibre (at) riseup (punto) net<\/strong><\/li>\n<\/ul>\n<p><strong>Atenci\u00f3n, dos gatos que est\u00e1n bastante asustados de otros no humanos viven en el lugar, es genial tenerlo en cuenta si quieres venir con perros o gatos, y actuar en consecuencia \ud83d\ude42<\/strong><\/p>\n<p>&nbsp;<\/p>\n<ul>\n<li><strong>L&#8217;Affranchie, 1 rue de la Croix, 55290 Mandres-en-Barrois<\/strong>. Es una casa colectiva con varios sleepings. No hay agua corriente y la electricidad de los paneles solares permite alimentar algunos led y algunos ordenadores. Hay internet en el lugar. El Andra intent\u00f3 un procedimiento para recuperar el lugar, pero <a href=\"https:\/\/bureburebure.info\/victoire-des-opposant-e-s-pour-laffranchie\/\">perdi\u00f3 este procedimiento en 2021<\/a>.<\/li>\n<\/ul>\n<p>&nbsp;<\/p>\n<ul>\n<li><strong>\u00abLa Gare\u00bb Antigua estaci\u00f3n de Lum\u00e9ville<\/strong> (a 6 km de Bure, entre las ciudades de Lum\u00e9ville en Ornois y Mandres en Barrois), que es un lugar privado comprado por opositores.es al proyecto Cig\u00e9o hace un a\u00f1o. Este lugar es actualmente un lugar de ocupaci\u00f3n que est\u00e1 amenazado de expulsi\u00f3n: m\u00e1s informaci\u00f3n en <a href=\"https:\/\/bureburebure.info\/en\/risque_expulsion_gare\/\">esta p\u00e1gina<\/a>. Este lugar no tiene agua corriente, el agua est\u00e1 en toneladas de agua, y la electricidad de los paneles solares es limitada (pero suficiente para recargar bater\u00edas). Tambi\u00e9n hay acceso a internet. Este lugar es conocido por haber acogido varios eventos, como el <a href=\"https:\/\/bureburebure.info\/les-archives-du-site-de-vmc-le-9-aout-2016\/\">campamento VMC<\/a> en 2015, el <a href=\"https:\/\/rayonnantes2021.noblogs.org\/\">campamento de las Rayonnantes<\/a> en 2021, la <a href=\"https:\/\/bureburebure.info\/es\/exposition-trainstopping\/\">exposici\u00f3n trainstopping<\/a>,&#8230; M\u00e1s informaci\u00f3n aqu\u00ed en <a href=\"https:\/\/bureburebure.info\/lutte-a-la-gare-lumeville\/\">esta p\u00e1gina<\/a>.<\/li>\n<\/ul>\n<p>&nbsp;<\/p>\n<ul>\n<li><strong>L&#8217;Augustine<\/strong>, casa de actividad agr\u00edcola, antinuclear y feminista. Es un <strong>lugar de organizaci\u00f3n antinuclear (pero no solo!)<\/strong> abierto a los grupos que lo solicitan, <strong>una base log\u00edstica para actividades campesinas<\/strong>, y en particular el colectivo de horticultores de las Semeuses que cultiva 3ha junto a la futura v\u00eda f\u00e9rrea destinada al transporte de los residuos nucleares, un <strong>lugar de sociabilidad abierto sobre el pueblo<\/strong>, en el que nos gustar\u00eda ver tejer v\u00ednculos entre diferentes mundos, el tiempo de una feria de plantas, una proyecci\u00f3n, una copa o un concierto. Un bar asso ya abre sus puertas los jueves por la noche. M\u00e1s informaci\u00f3n sobre lo que pudo haber ocurrido <a href=\"https:\/\/bureburebure.info\/search\/augustine\">aqu\u00ed<\/a>. La direcci\u00f3n :\u00a02 rue de Vinelle, 55290 Mandres-en-Barrois. Contacto : laugustine (at) herbesfolles.org<\/li>\n<\/ul>\n<\/div><\/details><\/div>\n<div class=\"lightweight-accordion\"><details><summary class=\"lightweight-accordion-title\"><span>Transportes<\/span><\/summary><div class=\"lightweight-accordion-body\"><h3>Autoestop<\/h3>\n<p>Desde Joinville : ponerse a la salida de la rotonda de Thonnance-L\u00e8s-Joinville en direcci\u00f3n del \u201cLaboratoire Andra\u201d, cruzar\u00e1s los pueblos de Montreuil sur Thonnance, Saudron y despues llegar\u00e1s a Bure o Mandres-en-Barrois.<\/p>\n<p>Desde Par\u00eds : direcci\u00f3n Nancy por la N4 (nacional 4), coger la salida St Dizier para seguir en direcci\u00f3n de Joinville (cf. arriba), o salir en Ligny-en-Barrois para seguir cruzando Longeaux, H\u00e9villiers, Biencourt y Ribeaucourt antes de llegar a Bure y despu\u00e9s a Mandres-en-Barrois). Tambi\u00e9n se puede pasar por la autopista A4 (pasando por Reims y saliendo en Ch\u00e2lons-en-Champagne) o A5 (pasando por Troyes y saliendo en Chaumont).<\/p>\n<p>Desde Nancy : ponerse en Laxou, en las afueras de Nancy, enfrente del McDonalds, coger la direcci\u00f3n de Toul y despu\u00e9s Par\u00eds por la N4 (nacional 4) hasta Void-Vacon. Desde Void-Vacon, seguir por Sauvoy, Mauvages, Delouze, Houdelaincourt, Bonnet, Mandres-en-Barrois, Bure.<\/p>\n<p>Si es necesario, un mapa participativo de buenos lugares de autoestop : <a href=\"https:\/\/hitchmap.com\/\">https:\/\/hitchmap.com\/<\/a><\/p>\n<p>Si est\u00e1s bloqueado en alguna parte (cuanto m\u00e1s te acercas de Bure, menos coches hay) no olvides <strong>el n\u00famero de tel\u00e9fono de la casa de resistencia<\/strong>, podremos ir a buscarte : <strong>+33(0)9.54.10.57.11<\/strong>. (Si no te contestamos intenta un poco mas tarde. A veces necesitamos tiempo para encontrar un coche, en este caso puedes dejar tu n\u00famero)<\/p>\n<h3>En coche<\/h3>\n<p>Desde el sur (Lyon, Dijon), sigue Chaumont y Joinville (salida Joinville Est de la N67) y despu\u00e9s la direcci\u00f3n de Vaucouleurs en la D60. Justo cuando sales de Saudron, puedes seguir recto (Mandres-en-Barrois) o girar a la izquierda (Bure).<\/p>\n<p>Desde el oeste (Par\u00eds), sigue St Dizier en la N4 y luego Chaumont\/Joinville en la N67. Toma la salida Chevillon, sigue Chevillon, Montiers-sur-Saulx, Bure (luego Mandres-en-Barrois).<\/p>\n<p>Desde el este (Nancy) sigue Toul\/Paris por la N4, sal en Void-Vacon, luego sigue Sauvoy, Houdelaincourt, Mandres-en-Barrois y Bure.<\/p>\n<h3>En coche compartido<\/h3>\n<p>Y s\u00ed existe una alternativa a blablacar que especula sobre tus trayectos. Puedes intentar pasar por mobicoop, que es un sitio de carpooling gratuito, para dejar \/ chequear si no hay trayectos :<\/p>\n<p><a href=\"https:\/\/www.mobicoop.fr\/\">https:\/\/www.mobicoop.fr\/<\/a><\/p>\n<p>Tambi\u00e9n se puede ver :<\/p>\n<p>Compartir coches a Bure <a href=\"https:\/\/www.mobicoop.fr\/communes\/covoiturages\/*\/bure\">https:\/\/www.mobicoop.fr\/communes\/covoiturages\/*\/bure<\/a><br \/>\nCompartir coches desde Bure <a href=\"https:\/\/www.mobicoop.fr\/communes\/covoiturages\/bure\">https:\/\/www.mobicoop.fr\/comunes\/covoiturages\/bure<\/a><\/p>\n<h3>En tren<\/h3>\n<p>Las estaciones m\u00e1s cercanas son Joinville (20km), Bar-le-Duc (35km), Saint-Dizier (40km), Pagny-sur-Meuse (40km).<\/p>\n<p>Si llegas a Bar-le-Duc hay l\u00edneas de autob\u00fas que se acercan a Bure en particular la l\u00ednea L18 que va hasta Gondrecourt-le-Ch\u00e2teau (13km) y la l\u00ednea 1 que va hasta Ligny-en-Barrois (25km). Atenci\u00f3n, hay muy pocos autobuses de estas dos l\u00edneas y hay que mirar bien los horarios. La parada en Houdelaincourt de la L18 se encuentra a 12 km de Bure, es la parada de transporte p\u00fablico m\u00e1s cercana a Bure.<\/p>\n<p>Llama con antelaci\u00f3n si quieres que te recojan en la estaci\u00f3n o en la parada de autob\u00fas para anticipar si habr\u00e1 personas disponibles para buscarte, o para que podamos programar carreras por ejemplo.<\/p>\n<p><div id=\"attachment_875\" style=\"width: 379px\" class=\"wp-caption aligncenter\"><a href=\"https:\/\/bureburebure.info\/wp-content\/uploads\/2018\/11\/Carte.jpg\"><img loading=\"lazy\" decoding=\"async\" aria-describedby=\"caption-attachment-875\" class=\"wp-image-875 img-fluid \" src=\"https:\/\/bureburebure.info\/wp-content\/uploads\/2018\/11\/Carte.jpg\" alt=\"\" width=\"369\" height=\"250\" srcset=\"https:\/\/bureburebure.info\/wp-content\/uploads\/2018\/11\/Carte.jpg 770w, https:\/\/bureburebure.info\/wp-content\/uploads\/2018\/11\/Carte-768x521.jpg 768w\" sizes=\"auto, (max-width: 369px) 100vw, 369px\" \/><\/a><\/p>\n<p id=\"caption-attachment-875\" class=\"wp-caption-text\">(clique en la imagen para hacerla m\u00e1s grande)<\/p>\n<\/div>\n<p>&nbsp;<\/p>\n<p><div id=\"attachment_912\" style=\"width: 410px\" class=\"wp-caption aligncenter\"><a href=\"https:\/\/bureburebure.info\/wp-content\/uploads\/2018\/11\/Capture-du-2018-11-18-18-46-40.png\"><img loading=\"lazy\" decoding=\"async\" aria-describedby=\"caption-attachment-912\" class=\"wp-image-912 img-fluid \" src=\"https:\/\/bureburebure.info\/wp-content\/uploads\/2018\/11\/Capture-du-2018-11-18-18-46-40.png\" alt=\"\" width=\"400\" height=\"250\" srcset=\"https:\/\/bureburebure.info\/wp-content\/uploads\/2018\/11\/Capture-du-2018-11-18-18-46-40.png 841w, https:\/\/bureburebure.info\/wp-content\/uploads\/2018\/11\/Capture-du-2018-11-18-18-46-40-768x480.png 768w\" sizes=\"auto, (max-width: 400px) 100vw, 400px\" \/><\/a><\/p>\n<p id=\"caption-attachment-912\" class=\"wp-caption-text\">(clique en la imagen para hacerla m\u00e1s grande)<\/p>\n<\/div>\n<\/div><\/details><\/div>\n<div class=\"lightweight-accordion\"><details><summary class=\"lightweight-accordion-title\"><span>Alojamiento<\/span><\/summary><div class=\"lightweight-accordion-body\"><p>En la casa de resistencia es posible dormir en el dormitorio colectivo (traer saco de dormir y linterna frontal) o en tienda de campa\u00f1a en el jard\u00edn. Tambi\u00e9n es posible venir con un cami\u00f3n o una caravana, hay sitio cerca de la casa.<\/p>\n<\/div><\/details><\/div>\n<div class=\"lightweight-accordion\"><details><summary class=\"lightweight-accordion-title\"><span>Vida cotidiana<\/span><\/summary><div class=\"lightweight-accordion-body\"><p>Las comidas colectivas de los lugares son veganas y siempre hay obras, jardiner\u00eda, paseos, m\u00fasica, juegos, bricolaje, reuniones \u2026 que hacer !<\/p>\n<\/div><\/details><\/div>\n<div class=\"lightweight-accordion\"><details><summary class=\"lightweight-accordion-title\"><span>Brief legal<\/span><\/summary><div class=\"lightweight-accordion-body\"><p>Venir a Bure implica un riesgo de estar confrontado con la polic\u00eda. Te invitamos a leer este <a href=\"https:\/\/bureburebure.info\/es\/brief-legal-en-contexte-burien\/\">brief legal in the context of Bure (<span class=\"tlid-translation translation\" lang=\"es\"><span class=\"\" title=\"\">en ingl\u00e9s<\/span><\/span>)<\/a>.<\/p>\n<\/div><\/details><\/div>\n","protected":false},"excerpt":{"rendered":"<p>Venir a Bure y alrededores y vivir aqu\u00ed<\/p>\n","protected":false},"author":3,"featured_media":0,"parent":0,"menu_order":0,"comment_status":"closed","ping_status":"closed","template":"","meta":{"_locale":"es_ES","_original_post":"http:\/\/bureburebure.info\/?page_id=51","footnotes":""},"class_list":["post-8546","page","type-page","status-publish","hentry","es-ES"],"_links":{"self":[{"href":"https:\/\/bureburebure.info\/wp-json\/wp\/v2\/pages\/8546","targetHints":{"allow":["GET"]}}],"collection":[{"href":"https:\/\/bureburebure.info\/wp-json\/wp\/v2\/pages"}],"about":[{"href":"https:\/\/bureburebure.info\/wp-json\/wp\/v2\/types\/page"}],"author":[{"embeddable":true,"href":"https:\/\/bureburebure.info\/wp-json\/wp\/v2\/users\/3"}],"replies":[{"embeddable":true,"href":"https:\/\/bureburebure.info\/wp-json\/wp\/v2\/comments?post=8546"}],"version-history":[{"count":9,"href":"https:\/\/bureburebure.info\/wp-json\/wp\/v2\/pages\/8546\/revisions"}],"predecessor-version":[{"id":16951,"href":"https:\/\/bureburebure.info\/wp-json\/wp\/v2\/pages\/8546\/revisions\/16951"}],"wp:attachment":[{"href":"https:\/\/bureburebure.info\/wp-json\/wp\/v2\/media?parent=8546"}],"curies":[{"name":"wp","href":"https:\/\/api.w.org\/{rel}","templated":true}]}}