{"id":8637,"date":"2022-04-01T15:41:30","date_gmt":"2022-04-01T15:41:30","guid":{"rendered":"http:\/\/bure3iqeqde7ynpluyuubochndt33wwsbkmo7kgf32bmli4zigjwvzid.onion\/?page_id=8637"},"modified":"2025-10-28T16:55:47","modified_gmt":"2025-10-28T16:55:47","slug":"contact","status":"publish","type":"page","link":"https:\/\/bureburebure.info\/es\/contact\/","title":{"rendered":"Contacto"},"content":{"rendered":"<h2>Lista de los diferentes contactos de la lucha en Bure :<\/h2>\n<p>&nbsp;<\/p>\n<ul>\n<li><strong>Contacto principal local<\/strong> (salvo para la prensa \u2013 ver abajo) : <strong>sauvonslaforet [arroba] riseup [punto] net<\/strong><\/li>\n<li><strong>Contacto para venir a Bure y alrededores : burezonelibre [arroba] riseup [punto] net<br \/>\n<\/strong><\/li>\n<\/ul>\n<p>Huella de la llave : 6767 CAF9 9E21 D1CC FD0F 6F8A 65FB 9CE9 BB8B D135<\/p>\n<ul>\n<li><strong>N\u00famero de la \u201cMaison de R\u00e9sistance\u201d (Casa de Resistencia): +33(0)9.54.10.57.11<\/strong>. Si no te contesta alguien, es mejor llamar de nuevo (los mensajes son poco escuchados) (el tel\u00e9fono est\u00e1 escuchado por la polic\u00eda, no nos gusta dar nombres por tel\u00e9fono)<\/li>\n<\/ul>\n<p>=&gt; Tambien es posible contactar la \u00abMaison de R\u00e9sistance\u00bb <strong>por Signal<\/strong> : bzl.1312<\/p>\n<ul>\n<li class=\"module--translations-translatedtext js-module--translations-translatedtext\"><strong>Contacto de La Gare (antigua estaci\u00f3n de tren de Lum\u00e9ville) : <\/strong>garealarevanche(a)riseup(.)net \/ <strong>Signal<\/strong> : @garealarevanche13.12<\/li>\n<li><strong>Contacto Prensa <\/strong>(s\u00f3lo para los\/las periodistas) :\u00a0<strong>medias-bure [at] riseup [punto] net<\/strong><\/li>\n<li><strong>Contacto para el \u201cintercomit\u00e9 de lutte\u201d (intercomit\u00e9 de lucha) : burepartout [arroba] riseup [punto] net <\/strong>(llave publica <span class=\"caps\">PGP<\/span> en los servidores de llave)<strong><br \/>\n<\/strong><\/li>\n<\/ul>\n<p>Huella de la llave : <span class=\"fingerprint\">B4DC 7CB7 57DD 39D1 A984 3F34 E465 B5F0 DA21 3912<\/span><\/p>\n<ul>\n<li><strong>Contacto de la antirepresi\u00f3n : arr [arroba] riseup [punto] net<\/strong> (llave publica <span class=\"caps\">PGP<\/span> en los servidores de llave)<\/li>\n<\/ul>\n<p>Huella de la llave : 0EB6 0DCC F821 C330 89AF DB4A 8B85 56EC D648 B3E2<\/p>\n<ul>\n<li><strong>Otros contactos vinculados con la coordinaci\u00f3n de lucha contra Cig\u00e9o<\/strong> : <a href=\"https:\/\/coordstopcigeo.noblogs.org\/\">https:\/\/coordstopcigeo.noblogs.org\/<\/a><\/li>\n<li><strong>Contacto del sitio Internet<\/strong> : si quieres publicar un texto y no tienes los c\u00f3digos o si tienes preguntas t\u00e9cnicas (por ejemplo como un comit\u00e9 de lucha puede crear una cuenta para publicar), <strong>bureburebure [at] riseup [punto] net<\/strong><\/li>\n<\/ul>\n<p>Puedes enviar un mail encriptado a esta direcci\u00f3n. Encontraras nuestra llave publica pregunt\u00e1ndonos o en un servidor de llave pgp (la huella es 9E48 D340 68C7 9CC2 93BC A989 C3B8 0FF3 <span class=\"caps\">CBCD<\/span> 1BAF).<\/p>\n<div class=\"Output INFO\" dir=\"ltr\">\n<ul>\n<li dir=\"ltr\"><strong>Contacto para traducciones : <\/strong>si desea ayudar a traducir textos del sitio web (art\u00edculos, folletos, subt\u00edtulos de pel\u00edculas, &#8230; ) <a href=\"https:\/\/bureburebure.info\/appel-a-traductions-bureburebure\/\">M<span class=\"text__translation\" dir=\"ltr\">\u00e1s informaci\u00f3n aqu\u00ed<\/span><\/a> (franc\u00e9s)<strong> : traductions-bureburebure [at] riseup [punto] net<\/strong><\/li>\n<li class=\"Output INFO\" dir=\"ltr\"><strong><span id=\"[0,9]\" class=\"word\">Colectivo<\/span> <span id=\"[10,15]\" class=\"word\">local<\/span> <span id=\"[16,18]\" class=\"word\">de<\/span> <span id=\"[19,30]\" class=\"word\">intercambio<\/span> <span id=\"[31,33]\" class=\"word\">de<\/span> <span id=\"[34,40]\" class=\"word\">equipo <\/span><\/strong>: <a href=\"https:\/\/lamatmouth.noblogs.org\/\">https:\/\/lamatmouth.noblogs.org\/<\/a> ; lamatmouth [at] riseup [.] net<\/li>\n<\/ul>\n<\/div>\n<div dir=\"ltr\"><\/div>\n<div dir=\"ltr\">&#8212;&#8212;&#8212;&#8212;&#8212;&#8212;&#8212;&#8212;&#8212;&#8212;&#8212;&#8212;&#8212;&#8212;&#8212;&#8212;&#8212;&#8212;&#8212;&#8212;&#8212;&#8212;&#8212;<\/div>\n<div dir=\"ltr\">\n<h2>Lista de correo de acontecimientos importantes<\/h2>\n<p>Hay una lista de correo de informaci\u00f3n \u00abbloquonscigeo\u00bb para recibir informaci\u00f3n importante sobre la lucha en Bure (y no para intercambiar). En \u00e9l, un@ puede recibir algunos correos electr\u00f3nicos en los a\u00f1os. Para registrarse env\u00ede un correo electr\u00f3nico a sauvonslaforet (at) riseup (punto) net con el asunto : adding to the mail list \u00abbloquons cigeo\u00bb.<\/p>\n<\/div>\n<p>&nbsp;<\/p>\n<p>&nbsp;<\/p>\n","protected":false},"excerpt":{"rendered":"<p>Lista de los diferentes contactos de la lucha en Bure : &nbsp; Contacto principal local (salvo para la prensa \u2013 ver abajo) : sauvonslaforet [arroba] riseup [punto] net Contacto para venir a Bure y alrededores : burezonelibre [arroba] riseup [punto] net Huella de la llave : 6767 CAF9 9E21 D1CC FD0F 6F8A 65FB 9CE9 BB8B&#8230;<\/p>\n","protected":false},"author":3,"featured_media":0,"parent":0,"menu_order":0,"comment_status":"closed","ping_status":"closed","template":"","meta":{"_locale":"es_ES","_original_post":"http:\/\/bure3iqeqde7ynpluyuubochndt33wwsbkmo7kgf32bmli4zigjwvzid.onion\/?page_id=757","footnotes":""},"class_list":["post-8637","page","type-page","status-publish","hentry","es-ES"],"_links":{"self":[{"href":"https:\/\/bureburebure.info\/wp-json\/wp\/v2\/pages\/8637","targetHints":{"allow":["GET"]}}],"collection":[{"href":"https:\/\/bureburebure.info\/wp-json\/wp\/v2\/pages"}],"about":[{"href":"https:\/\/bureburebure.info\/wp-json\/wp\/v2\/types\/page"}],"author":[{"embeddable":true,"href":"https:\/\/bureburebure.info\/wp-json\/wp\/v2\/users\/3"}],"replies":[{"embeddable":true,"href":"https:\/\/bureburebure.info\/wp-json\/wp\/v2\/comments?post=8637"}],"version-history":[{"count":20,"href":"https:\/\/bureburebure.info\/wp-json\/wp\/v2\/pages\/8637\/revisions"}],"predecessor-version":[{"id":15805,"href":"https:\/\/bureburebure.info\/wp-json\/wp\/v2\/pages\/8637\/revisions\/15805"}],"wp:attachment":[{"href":"https:\/\/bureburebure.info\/wp-json\/wp\/v2\/media?parent=8637"}],"curies":[{"name":"wp","href":"https:\/\/api.w.org\/{rel}","templated":true}]}}