{"id":8659,"date":"2022-04-01T16:02:32","date_gmt":"2022-04-01T16:02:32","guid":{"rendered":"http:\/\/bure3iqeqde7ynpluyuubochndt33wwsbkmo7kgf32bmli4zigjwvzid.onion\/?page_id=8659"},"modified":"2025-11-01T15:36:06","modified_gmt":"2025-11-01T15:36:06","slug":"enfouissons-poma-appel-a-actions","status":"publish","type":"page","link":"https:\/\/bureburebure.info\/es\/enfouissons-poma-appel-a-actions\/","title":{"rendered":"Enterremos a POMA : Llamamiento a acciones descentralizadas"},"content":{"rendered":"<div class=\"main\">\n<div class=\"texte surlignable\">\n<p><em>[Esta p\u00e1gina ya no est\u00e1 actualizada, art\u00edculo actualizado : en <a href=\"https:\/\/bureburebure.info\/en\/enfouissons-poma-appel-a-actions2\/\">ingl\u00e9s<\/a> o <a href=\"https:\/\/bureburebure.info\/enfouissons-poma-appel-a-actions2\/\">franc\u00e9s<\/a>]<\/em><\/p>\n<p>&nbsp;<\/p>\n<p><em>Publicado en indymedia nantes el 28 de noviembre :<\/em> <a href=\"https:\/\/nantes.indymedia.org\/articles\/54232\">https:\/\/nantes.indymedia.org\/articles\/54232<\/a><\/p>\n<hr \/>\n<p><em>En apoyo a la lucha en Bure, lanzamiento de una llamada de acciones descentralizadas contra un importante subcontratista del proyecto de entierro de residuos nucleares : POMA.<\/em><\/p>\n<p><a href=\"https:\/\/bureburebure.info\/wp-content\/uploads\/2020\/11\/poma_article_photo-medium.png\"><img loading=\"lazy\" decoding=\"async\" class=\"aligncenter size-full wp-image-4446 img-fluid \" src=\"https:\/\/bureburebure.info\/wp-content\/uploads\/2020\/11\/poma_article_photo-medium.png\" alt=\"\" width=\"480\" height=\"253\" \/><\/a><\/p>\n<p>Varias asociaciones locales y nacionales opuestas al proyecto Cig\u00e9o han lanzado hace unos d\u00edas un llamamiento para movilizarse contra la empresa POMA y su implicaci\u00f3n en el proyecto de enterramiento de los residuos radiactivos: \u00ab\u00a1POMA desvinc\u00falate! \u00ab.<\/p>\n<p>Lejos de Meuse y Haute Marne, este llamamiento ha sido escuchado y nosotrxs respondemos lanzando este llamado a una acci\u00f3n decidida y descentralizada. La lucha contra el proyecto Cig\u00e9o se ganar\u00e1 con iniciativas fuertes y m\u00faltiples contra las empresas c\u00f3mplices que, como POMA, colaboran en este mort\u00edfero proyecto.<\/p>\n<p><strong>M\u00e1s informaci\u00f3n, recursos y herramientas en el sitio: <\/strong><em><a href=\"https:\/\/www.enfouissons-poma.info\"><strong>enfouissons-poma.info<\/strong><\/a><\/em><\/p>\n<p>Texto completo del llamamiento a acciones: <a href=\"https:\/\/www.enfouissons-poma.info\/Appel-a-actions-FR\"><em>enfouissons-poma.info\/Appel-a-actions-FR<\/em><\/a><\/p>\n<p>(EXTRACTO)<\/p>\n<p>El ANDRA est\u00e1 ahora trabajando en la realizaci\u00f3n t\u00e9cnica de este proyecto fara\u00f3nico y de alto riesgo. Para hacer esto, est\u00e1 uniendo las fuerzas con las peores empresas de ingenier\u00eda, aviaci\u00f3n y construcciones para intentar inventar las milagrosas innovaciones tecnol\u00f3gicas que solucionar\u00edan sus problemas.<\/p>\n<p>Este es el caso de una de las obras maestras del proyecto: el \u00abdescenso\u00bb. \u00bfC\u00f3mo se pueden colocar los paquetes altamente radiactivos a 500 m bajo tierra, a trav\u00e9s de un gigantesco t\u00fanel inclinado de m\u00e1s de 5 km? En un intento de dar respuesta a esta espinosa pregunta, ANDRA ha llegado a un acuerdo con una empresa a\u00fan desconocida en el mundo del negocio nuclear: POMA.<\/p>\n<p>M\u00e1s conocida en los Alpes y en la regi\u00f3n de R\u00f3dano-Alpes, a POMA le gusta presentarse como una peque\u00f1a empresa local familiar, que habr\u00eda permitido al mayor n\u00famero de personas acceder a las monta\u00f1as gracias a sus estructuras de subidas. La realidad es diferente: POMA es un gigante mundial del transporte por cable que realiza casi el 80% de sus ventas a la exportaci\u00f3n. Que se trate del transporte de personas para el turismo de masa o del transporte de materiales en las minas y en las f\u00e1bricas de cemento de todo el mundo, POMA es un apasionado de los proyectos de gran tama\u00f1o y de innovaciones tecnol\u00f3gicas. Desde mayo del 2000 es propiedad del industrial italiano Michael Seeber, a trav\u00e9s de un holding holand\u00e9s HTI BV, que es el \u00fanico accionista.<\/p>\n<p>Despu\u00e9s de haber desfigurado las monta\u00f1as, POMA quiere envenenar el subsuelo. Y todos los medios son \u00abbuenos\u00bb para lograr este objetivo. Sobre pedido de ANDRA, POMA se ha instalado en Froncles, en Haute Marne, a 40 km de Bure, para construir una \u00abmaqueta\u00bb a escala 1: 1 de su proyecto de descenso. Este es el demostrador. Este modelo y los test \u2013 sobre todo aquellos de frenado- que se realizar\u00e1n son fundamentales, porque a trav\u00e9s de ellos POMA quiere demostrar la viabilidad t\u00e9cnica de su aberraci\u00f3n cient\u00edfica. Pero si no se demuestra la viabilidad de esta tecnolog\u00eda a escala industrial, el proyecto de descenso, que es una de las piedras angulares del proyecto CIGEO, no se realizar\u00e1.<\/p>\n<p><strong>Su megaloman\u00eda y su pasi\u00f3n por los desaf\u00edos tecnol\u00f3gicos han llevado a POMA al sector nuclear. Hag\u00e1mosle entender que su colaboraci\u00f3n en el delirio nuclear no quedar\u00e1 sin consecuencias.<\/strong><\/p>\n<p>POMA y sus subsidiarias deben inmediatamente desligarse del proyecto CIGEO. Hasta que no anuncien su retirada, \u00a1no los dejaremos ir!<\/p>\n<p>Se trata de una llamada de acciones descentralizadas y determinadas de todo tipo contra los locales, las infraestructuras o las obras de la empresa POMA. No les dejemos nunca en paz, ataquemos en todas partes, siempre. De la acci\u00f3n simb\u00f3lica a la acci\u00f3n directa, de la pedagog\u00eda a la intimidaci\u00f3n, es a trav\u00e9s de la repetici\u00f3n y la diversidad que los haremos doblegar.<\/p>\n<p><strong>POMA SERA ENTERRADA!<\/strong><\/p>\n<p>&nbsp;<\/p>\n<p><em>Trad : <a href=\"https:\/\/es-contrainfo.espiv.net\/2021\/02\/15\/italia-francia-enterremos-a-poma-llamamiento-a-acciones\/\">contrainfo<\/a><\/em><\/p>\n<\/div>\n<\/div>\n","protected":false},"excerpt":{"rendered":"<p>[Esta p\u00e1gina ya no est\u00e1 actualizada, art\u00edculo actualizado : en ingl\u00e9s o franc\u00e9s] &nbsp; Publicado en indymedia nantes el 28 de noviembre : https:\/\/nantes.indymedia.org\/articles\/54232 En apoyo a la lucha en Bure, lanzamiento de una llamada de acciones descentralizadas contra un importante subcontratista del proyecto de entierro de residuos nucleares : POMA. Varias asociaciones locales y&#8230;<\/p>\n","protected":false},"author":3,"featured_media":0,"parent":0,"menu_order":0,"comment_status":"closed","ping_status":"closed","template":"","meta":{"_locale":"es_ES","_original_post":"http:\/\/bure3iqeqde7ynpluyuubochndt33wwsbkmo7kgf32bmli4zigjwvzid.onion\/?page_id=8654","footnotes":""},"class_list":["post-8659","page","type-page","status-publish","hentry","es-ES"],"_links":{"self":[{"href":"https:\/\/bureburebure.info\/wp-json\/wp\/v2\/pages\/8659","targetHints":{"allow":["GET"]}}],"collection":[{"href":"https:\/\/bureburebure.info\/wp-json\/wp\/v2\/pages"}],"about":[{"href":"https:\/\/bureburebure.info\/wp-json\/wp\/v2\/types\/page"}],"author":[{"embeddable":true,"href":"https:\/\/bureburebure.info\/wp-json\/wp\/v2\/users\/3"}],"replies":[{"embeddable":true,"href":"https:\/\/bureburebure.info\/wp-json\/wp\/v2\/comments?post=8659"}],"version-history":[{"count":4,"href":"https:\/\/bureburebure.info\/wp-json\/wp\/v2\/pages\/8659\/revisions"}],"predecessor-version":[{"id":16046,"href":"https:\/\/bureburebure.info\/wp-json\/wp\/v2\/pages\/8659\/revisions\/16046"}],"wp:attachment":[{"href":"https:\/\/bureburebure.info\/wp-json\/wp\/v2\/media?parent=8659"}],"curies":[{"name":"wp","href":"https:\/\/api.w.org\/{rel}","templated":true}]}}