{"id":16073,"date":"2025-11-01T16:30:12","date_gmt":"2025-11-01T16:30:12","guid":{"rendered":"http:\/\/bure3iqeqde7ynpluyuubochndt33wwsbkmo7kgf32bmli4zigjwvzid.onion\/?page_id=16073"},"modified":"2025-11-01T16:30:12","modified_gmt":"2025-11-01T16:30:12","slug":"lutte-a-la-gare-lumeville","status":"publish","type":"page","link":"https:\/\/bureburebure.info\/it\/lutte-a-la-gare-lumeville\/","title":{"rendered":"Lotta a La Gare (Lumeville)"},"content":{"rendered":"<p><em>Articolo trovato <a href=\"https:\/\/lagaredelumeville.noblogs.org\/\">qui<\/a> (in francese) leggermente ridisegnato.<\/em><\/p>\n<p><strong>Contatto della Gare di Lumeville :<\/strong> garealarevanche [at] riseup.net<\/p>\n<p><strong>Pi\u00f9 di recente \u00e8 stato pubblicato un opuscolo che parla della Gare :<\/strong> La vecchia stazione di Lum\u00e9ville : una barricata legale e fisica contro la CIGEO (2a versione : primavera 2024) : <a href=\"https:\/\/bureburebure.info\/wp-content\/uploads\/2024\/04\/brochure-gare-V1-english-conv.cleaned.pdf\">versione quaderno<\/a>, <a href=\"https:\/\/bureburebure.info\/wp-content\/uploads\/2024\/04\/brochure-gare-V1-english.cleaned.pdf\">versione pagina in serie<\/a> (in inglese)<\/p>\n<p>&#8212;<\/p>\n<h3>LA STAZIONE, IN POCHE PAROLE<\/h3>\n<p>L&#8217;Ancienne Gare de Lum\u00e9ville (-en-Ornois) \u00e8 un sito privato e un luogo militante diretto contro Cig\u00e9o, il progetto di <a href=\"https:\/\/bureburebure.info\/it\/qu-est-ce-qui-se-passe-a-bure\/\">sepoltura dei rifiuti radioattivi a Bure<\/a> e i suoi dintorni nella Mosa e nell&#8217;Alta Marna. Si trova a 10 km dal laboratorio e si trova sul percorso della potenziale Branched Terminal Installation (ITE) : la ferrovia che ANDRA desidera creare e gestire per trasportare i rifiuti nucleari a Cig\u00e9o tramite convogli <a href=\"https:\/\/en.wikipedia.org\/wiki\/Dry_cask_storage\">CASTOR<\/a>. L&#8217;Ancienne Gare (ma qui preferiamo chiamarla &#8220;La Gare&#8221;) \u00e8 direttamente minacciata da questo progetto di un mega-bidone della spazzatura atomico.<\/p>\n<p>\u00c8 un luogo di risorse, di organizzazione e accoglienza per i curios*, i collettivi, gl* attivist* contro Cig\u00e9o&#8230; ma non solo : lottiamo contro ogni forma di autoritarismo, discriminazione, oppressione, distruzione di vite, leve del capitalismo e del produttivismo&#8230; E, naturalmente, sei libero di venire!<\/p>\n<p>Acquistato negli anni 2000 da un gruppo di attivisti, \u00e8 uno spazio di circa 8 ettari tra i villaggi di Lum\u00e9ville-en-Ornois e Mandres-en-Barrois. Ha ospitato numerosi eventi, tra cui il campo antiautoritario e anticapitalista di dieci giorni del VMC nell&#8217;agosto 2015, la Primavera delle lotte contadine nel 2016, la settimana anti-carcere dell&#8217;Anarchist Bure Cross 2020, il campo di Rayonnantes nell&#8217;agosto 2021&#8230;<\/p>\n<p>Indirizzo dell&#8217;ex stazione di Lum\u00e9ville : RD138 a Lum\u00e9ville-en-Ornois 55130 Gondrecourt-le-Ch\u00e2teau<\/p>\n<p>Per arrivare in treno : la stazione pi\u00f9 vicina \u00e8 a Joinville (52300).<\/p>\n<p>&nbsp;<\/p>\n<h3>L&#8217;INSTALLAZIONE FINALE (ITE), IN BREVE<\/h3>\n<p>L&#8217;ITE potrebbe essere una delle infrastrutture correlate del progetto del mega-bidone atomico Cig\u00e9o. Farebbe parte della rete per il trasporto dei rifiuti nucleari che Andra vuole implementare se otterr\u00e0 il decreto DUP (dichiarazione di pubblica utilit\u00e0), magari nel corso del 2022.<\/p>\n<p>Per il territorio della Mosa e dell&#8217;Alta Marna, l&#8217;agenzia prevede 2 progetti pericolosi per il trasporto ferroviario di scorie nucleari a Cig\u00e9o: l&#8217;ITE e il ripristino della linea 027000. Il loro lavoro verrebbe avviato una volta ottenuto il DUP, mentre Cig\u00e9o non \u00e8 ancora autorizzata : questo \u00e8 un altro buon esempio della politica del fatto compiuto dell&#8217;industria nucleare.<\/p>\n<p>Installazione del terminal Embranch\u00e9e : tra Gondrecourt-le-Ch\u00e2teau e Saudron (dove si trova il laboratorio), verrebbero costruiti 14 km di nuova ferrovia, in parte sul percorso ormai scomparso dalla vecchia linea. La vecchia stazione di Lum\u00e9ville si trova sul percorso del potenziale ITE e potrebbe aver luogo una procedura di espropriazione, dopo la &#8220;dichiarazione di pubblica utilit\u00e0&#8221; di Cig\u00e9o.<\/p>\n<p><img loading=\"lazy\" decoding=\"async\" class=\"alignnone size-large wp-image-8109 img-fluid \" src=\"https:\/\/bureburebure.info\/wp-content\/uploads\/2022\/01\/drilling-railway-3-1400x991.jpg\" alt=\"\" width=\"1400\" height=\"991\" srcset=\"https:\/\/bureburebure.info\/wp-content\/uploads\/2022\/01\/drilling-railway-3-1400x991.jpg 1400w, https:\/\/bureburebure.info\/wp-content\/uploads\/2022\/01\/drilling-railway-3-768x543.jpg 768w, https:\/\/bureburebure.info\/wp-content\/uploads\/2022\/01\/drilling-railway-3-1536x1087.jpg 1536w, https:\/\/bureburebure.info\/wp-content\/uploads\/2022\/01\/drilling-railway-3-2048x1449.jpg 2048w\" sizes=\"auto, (max-width: 1400px) 100vw, 1400px\" \/><\/p>\n<p>Il sentiero attraversa Gondrecourt e poi si dirama verso ovest, in direzione della zona in discesa del progetto CIGEO.<\/p>\n<p><img loading=\"lazy\" decoding=\"async\" class=\"alignnone size-large wp-image-8111 img-fluid \" src=\"https:\/\/bureburebure.info\/wp-content\/uploads\/2022\/01\/drilling-railway-1-1400x991.jpg\" alt=\"\" width=\"1400\" height=\"991\" srcset=\"https:\/\/bureburebure.info\/wp-content\/uploads\/2022\/01\/drilling-railway-1-1400x991.jpg 1400w, https:\/\/bureburebure.info\/wp-content\/uploads\/2022\/01\/drilling-railway-1-768x543.jpg 768w, https:\/\/bureburebure.info\/wp-content\/uploads\/2022\/01\/drilling-railway-1-1536x1087.jpg 1536w, https:\/\/bureburebure.info\/wp-content\/uploads\/2022\/01\/drilling-railway-1-2048x1449.jpg 2048w\" sizes=\"auto, (max-width: 1400px) 100vw, 1400px\" \/><\/p>\n<p>Questa immagine mostra la sezione del binario che verr\u00e0 costruita attraverso i campi (viola), dal vecchio binario alla futura stazione del progetto CIGEO (giallo).<\/p>\n<h3><\/h3>\n<h3>LA STORIA DELLA GARA<\/h3>\n<p>Il luogo militante si trova su un tratto della linea Jessains-Sorcy, oggi in gran parte fuori servizio. Nella vecchia stazione di Lum\u00e9ville, l&#8217;intera linea fu smantellata negli anni &#8217;70 e &#8217;80. Non ci sono pi\u00f9 tracce di balaustre e dispositivi di binario ma solo piattaforme in pietra dimensionale e alcuni piccoli edifici (sala della stazione o casa barriera).<\/p>\n<p><strong>Storia della vecchia linea ferroviaria :<\/strong> il tratto in cui si trova l&#8217;ex stazione di Lum\u00e9ville fu utilizzato dal 1892 fino alla met\u00e0 del XX secolo, principalmente durante la prima guerra mondiale, poi per il trasporto di merci. Met\u00e0 di questa linea, da Montier-en-Der (52) al capolinea di Sorcy-Saint-Martin (55), fu realizzata per ragioni puramente strategiche e militari, in seguito alla guerra franco-tedesca del 1870.<\/p>\n<p><strong>La Gare in vista di Cig\u00e9o :<\/strong> il 2006 segna l&#8217;inizio del progetto Cig\u00e9o, con la legge del 28 giugno 2006 che prevede la scelta di realizzare la discarica di rifiuti atomici a Bure\/Saudron. Esiste gi\u00e0 il laboratorio\/cavallo di Troia dal 2005. Ci\u00f2 significa anche che tutta l&#8217;attenzione dei promotori nucleari francesi sullo &#8220;smaltimento geologico profondo&#8221; sar\u00e0 apertamente rivolta a questo territorio, contrariamente alla legge Bataille del 1991 che raccomanda diverse linee di ricerca.<\/p>\n<p>Un gruppo di oppositor* acquista il terreno dell&#8217;Ancienne Gare de Lum\u00e9ville-en-Ornois e i suoi edifici.<\/p>\n<p>L\u00ec vengono organizzati diversi eventi, tra cui :<\/p>\n<p>\u2013 Azioni antinucleari, anti-laboratorio e anti-Cigeo, come il <a href=\"http:\/\/burestop.free.fr\/spip\/spip.php?article48\">Festival D\u00e9branche<\/a>!<\/p>\n<p>\u2013 Intorno agli anni 2010 viene poi organizzato l&#8217;<a href=\"http:\/\/hippiepest.herbesfolles.org\/\">Hippiepest<\/a>, un festival musicale noise-punk-grindcore, con 4 edizioni in loco.<\/p>\n","protected":false},"excerpt":{"rendered":"<p>Articolo trovato qui (in francese) leggermente ridisegnato. Contatto della Gare di Lumeville : garealarevanche [at] riseup.net Pi\u00f9 di recente \u00e8 stato pubblicato un opuscolo che parla della Gare : La vecchia stazione di Lum\u00e9ville : una barricata legale e fisica contro la CIGEO (2a versione : primavera 2024) : versione quaderno, versione pagina in serie&#8230;<\/p>\n","protected":false},"author":3,"featured_media":0,"parent":0,"menu_order":0,"comment_status":"closed","ping_status":"closed","template":"","meta":{"_locale":"it_IT","_original_post":"http:\/\/bure3iqeqde7ynpluyuubochndt33wwsbkmo7kgf32bmli4zigjwvzid.onion\/?page_id=8108","footnotes":""},"class_list":["post-16073","page","type-page","status-publish","hentry","it-IT"],"_links":{"self":[{"href":"https:\/\/bureburebure.info\/wp-json\/wp\/v2\/pages\/16073","targetHints":{"allow":["GET"]}}],"collection":[{"href":"https:\/\/bureburebure.info\/wp-json\/wp\/v2\/pages"}],"about":[{"href":"https:\/\/bureburebure.info\/wp-json\/wp\/v2\/types\/page"}],"author":[{"embeddable":true,"href":"https:\/\/bureburebure.info\/wp-json\/wp\/v2\/users\/3"}],"replies":[{"embeddable":true,"href":"https:\/\/bureburebure.info\/wp-json\/wp\/v2\/comments?post=16073"}],"version-history":[{"count":1,"href":"https:\/\/bureburebure.info\/wp-json\/wp\/v2\/pages\/16073\/revisions"}],"predecessor-version":[{"id":16075,"href":"https:\/\/bureburebure.info\/wp-json\/wp\/v2\/pages\/16073\/revisions\/16075"}],"wp:attachment":[{"href":"https:\/\/bureburebure.info\/wp-json\/wp\/v2\/media?parent=16073"}],"curies":[{"name":"wp","href":"https:\/\/api.w.org\/{rel}","templated":true}]}}