{"id":8479,"date":"2022-04-01T10:50:48","date_gmt":"2022-04-01T10:50:48","guid":{"rendered":"http:\/\/bure3iqeqde7ynpluyuubochndt33wwsbkmo7kgf32bmli4zigjwvzid.onion\/?page_id=8479"},"modified":"2026-02-11T22:12:00","modified_gmt":"2026-02-11T22:12:00","slug":"qu-est-ce-qui-se-passe-a-bure","status":"publish","type":"page","link":"https:\/\/bureburebure.info\/it\/qu-est-ce-qui-se-passe-a-bure\/","title":{"rendered":"Cosa succede a Bure?"},"content":{"rendered":"<h1>Cosa succede a Bure ?<\/h1>\n<p>Il progetto della grandissima spazzatura atomica sotterranea chiamata Cig\u00e9o \u00e8 in corso dal 1994, in seguito alla legge del 1991 relativa alla gestione dei rifiuti nucleari. Nel 1999 \u00e8 stato attivato un laboratorio di ricerca archeologica. La seconda legge del giugno 2006 ha concentrato tutto su Bure, sito argilloso, paesino nella Meuse nei pressi della Haute-Marne (regione francese), attraverso uno pseudo &#8220;laboratorio&#8221; di ricerca geologica. La terza legge del 2016 attiva l&#8217;inizio di Cig\u00e9o, attraverso una cosiddetta &#8220;fase pilota&#8221;, che non ha nulla a che vedere con la ricerca. Questa \u00e8 la prima fase industriale del progetto (circa il 25% del costo totale stimato!).<\/p>\n<p>La domanda di dichiarazione di pubblica utilit\u00e0 (DUP) \u00e8 stata presentata nel 2020. Il suo scopo \u00e8 quello di convalidare l&#8217;interesse del progetto per giustificare, in particolare, l&#8217;espropriazione di terre ambite e nuovi lavori preparatori. Nei prossimi anni, Andra (l&#8217;agenzia nazionale per la gestione dei rifiuti radioattivi) dovrebbe presentare la sua richiesta di autorizzazione di creazione (DAC) e i lavori di costruzione inizierebbero allora, se fosse concessa. Per tutto questo, un sacco di lavoro preparatorio, contestati sul terreno, sono stati lanciati dal 2015.<\/p>\n<p><a href=\"https:\/\/bureburebure.info\/wp-content\/uploads\/2021\/05\/plan_cigeo-700x450-1.png\"><img loading=\"lazy\" decoding=\"async\" class=\"aligncenter size-thumbnail wp-image-6177 img-fluid \" src=\"https:\/\/bureburebure.info\/wp-content\/uploads\/2021\/05\/plan_cigeo-700x450-1-640x480.png\" alt=\"\" width=\"640\" height=\"480\" \/><\/a><\/p>\n<div class=\"entry\">\n<div class=\"ob-section ob-section-html\">\n<div class=\"ob-section ob-section-html\">\n<p>Cig\u00e9o sarebbe ripartito tra cinque villaggi della Mosa e della Haute-Marne : Bure, Saudron, Ribeaucourt, Bonnet e Mandres-en-Barrois. Si tratterebbe di 270 ettari di installazioni nucleari in superficie e 300 km di gallerie sotterranee a 500 metri di profondit\u00e0, destinate a ricevere i rifiuti pi\u00f9 radioattivi dell&#8217;industria nucleare. Tutto questo per un costo di diverse decine di miliardi di euro.<\/p>\n<p>Un futuro no man\u2019s land? Chi potrebbe voler vivere intorno a questo luogo?<br \/>\nChi vorrebbe vivere nelle vicinanze di un tale sito?<\/p>\n<p>Questo progetto, sviluppato da Andra e dai produttori di rifiuti (EdF, Areva, CEA), \u00e8 ancora solo un progetto. Non ci sono scorie nucleari a Bure! L&#8217;arrivo dei primi pacchetti \u00e8 stato pianificato da ANDRA per il 2025.<\/p>\n<p>Tuttavia, l&#8217;acquisto di terreni da parte di Andra (gi\u00e0 3000 ha in Meuse e Haute-Marne) continua, lo sviluppo del territorio (ferrovie, strade, lavori di terra, linee elettriche&#8230;) \u00e8 iniziato, la propaganda \u00e8 diffusa&#8230;<\/p>\n<\/div>\n<\/div>\n<\/div>\n<h2 class=\"entry-title\">La Maison de R\u00e9sistance (Casa di Resistenza)<\/h2>\n<div class=\"entry-content\">\n<div class=\"ob-section ob-section-html\">\n<div class=\"ob-section ob-section-html\">\n<p align=\"justify\">Nel 2004 degli anti-nucleari da Francia e Germania hanno creato l\u2019associazione Bure Zone Libre (<span class=\"caps\">BZL<\/span>). L&#8217;anno seguente, hanno acquistato una vecchia casa colonica della Mosa da ristrutturare nel cuore del piccolo villaggio di Bure, sotto forma di una societ\u00e0 immobiliare non commerciale (SCI) con la rete Sortir Du Nucl\u00e9aire. Questa casa in rovina diventer\u00e0 la &#8220;Maison de r\u00e9sistance \u00e0 la poubelle nucl\u00e9aire&#8221; (Casa della resistenza alle scorie nucleari).<\/p>\n<p align=\"justify\"><img loading=\"lazy\" decoding=\"async\" class=\"alignnone size-medium wp-image-767 img-fluid \" src=\"https:\/\/bureburebure.info\/wp-content\/uploads\/2018\/11\/maison-de-r\u00e9sistances-2013-700x450.png\" alt=\"\" width=\"700\" height=\"450\" \/><\/p>\n<p>Oggi, la casa \u00e8 abitata tutto l\u2019anno, aperta a tutte-i. Una grande sala di riunione\/spettacolo, un dormitorio, una cucina, degli attrezzi informatici, un atelier, un giardino, ne fanno uno spazzo di accoglienza, di incontri, di organizzazione e di scambi.<\/p>\n<p>La Maison de r\u00e9sistance ha per principali obiettivi :<\/p>\n<ul>\n<li>dare informazione critiche sul nucleare e sui suoi rifiuti<\/li>\n<li>offrire una base logistica ad azioni anti-nucleari<\/li>\n<li>di sperimentare dei modi di organizzazione e di vivere insieme, in autogestione e di maniera orizzontale<\/li>\n<\/ul>\n<p>In pratica :<\/p>\n<p>La casa \u00e8 sempre aperta, \u00e8 possibile contattarci con mail (sauvonslaforet@riseup.net) o telefono <strong>(+33) 9 54 10 57 11<\/strong>. Le spese alimentari sono fatte con partecipazione libera. Potete anche portare roba da condividere.<\/p>\n<p>Il primo negozio di alimentari si trova a 10 km, la stazione ferroviaria pi\u00f9 vicina (Joinville) e i negozi pi\u00f9 grandi a 20 km.<\/p>\n<p>Gli acquisti di cibo sono fatti con la partecipazione libera di tuttx. Potete anche portare del cibo da condividere!(attenzione, preferisce il cibo vegano)<\/p>\n<p>Il buon funzionamento e l\u2019intrattenimento del luogo sono gestiti da tutte-i, abituate-i o nuove-i abitanti (non esitare a chiedere cosa e come fare per partecipare, e a proporre iniziative).<\/p>\n<p>La casa accoglie persone con sensibilit\u00e0, opinioni e pratiche diverse. Questi incontri sono molto arricchenti e richiedono gentilezza e apertura!<\/p>\n<p>La lotta contro l&#8217;interramento delle scorie nucleari \u00e8 portata avanti da molti individui, gruppi e associazioni, ed \u00e8 legata a molte lotte sociali e ambientali. La Maison de R\u00e9sistance fa parte di questa lotta contro il nucleare.<\/p>\n<p>&nbsp;<\/p>\n<p>La casa accoglie persone con sensibilit\u00e0, opinioni e pratiche diverse. Questi incontri sono molto arricchenti e richiedono gentilezza e apertura!<\/p>\n<p>La lotta contro l&#8217;interramento delle scorie nucleari \u00e8 portata avanti da molti individui, gruppi e associazioni, ed \u00e8 legata a molte lotte sociali e ambientali. La Maison de R\u00e9sistance fa parte di questa lotta contro il nucleare<\/p>\n<p>La casa accoglie persone con sensibilit\u00e0, opinioni e pratiche diverse. Questi incontri sono molto arricchenti e richiedono gentilezza e apertura!<\/p>\n<p>La lotta contro l&#8217;interramento delle scorie nucleari \u00e8 portata avanti da molti individui, gruppi e associazioni, ed \u00e8 legata a molte lotte sociali e ambientali. La Maison de R\u00e9sistance fa parte di questa lotta contro il nucleare.<\/p>\n<p>L&#8217;associazione Bure Zone Libre assicura la gestione economica e un seguito a lungo termine della maison de r\u00e9sistance. \u00c8 autonoma e indipendente. Vive solo delle donazioni dei suoi membri e simpatizzanti, cos\u00ec come delle associazioni amiche e dei partner.<\/p>\n<p>La Maison de R\u00e9sistance<br \/>\n2 rue de l\u2019\u00e9glise<br \/>\n55290 <span class=\"caps\">BURE\u00a0 \u00a0 \u00a0 \u00a0 \u00a0 \u00a0 \u00a0 \u00a0 \u00a0 \u00a0 \u00a0 \u00a0 \u00a0 \u00a0 \u00a0 \u00a0 \u00a0 \u00a0 \u00a0 \u00a0 \u00a0 \u00a0 \u00a0 \u00a0 \u00a0 \u00a0 \u00a0 \u00a0 \u00a0 \u00a0 \u00a0 \u00a0 \u00a0 \u00a0 \u00a0 \u00a0 \u00a0 \u00a0 \u00a0 \u00a0 \u00a0 \u00a0 \u00a0 \u00a0 \u00a0 \u00a0 \u00a0 \u00a0 \u00a0 \u00a0 \u00a0 \u00a0 \u00a0 \u00a0 \u00a0 \u00a0 \u00a0 \u00a0 \u00a0 \u00a0 \u00a0 \u00a0 \u00a0 \u00a0 \u00a0 \u00a0 \u00a0 \u00a0 \u00a0 \u00a0 \u00a0 \u00a0 \u00a0 \u00a0 (+33) 9 54 10 57 11<\/span><\/p>\n<\/div>\n<h2>Altri luoghi<\/h2>\n<p>Altre persone sono installate intorno a Bure, in luoghi collettivi e non. Una casa collettiva, l\u2019Affranchie, esiste da inizio 2018 a Mandres-en-Barrois. Pi\u00f9 informazione su la pagina [<a href=\"https:\/\/bureburebure.info\/venire-e-vivire-a-bure-e-intorno\/\">Venire e vivere a Bure<\/a>].<\/p>\n<h2><span class=\"caps\">Cartografia<\/span><\/h2>\n<p>Per pi\u00f9 informazione, pagina [<a href=\"https:\/\/bureburebure.info\/cartografia\/\">Cartografia<\/a>].<\/p>\n<p><img loading=\"lazy\" decoding=\"async\" class=\"alignnone size-full wp-image-915 img-fluid \" src=\"https:\/\/bureburebure.info\/wp-content\/uploads\/2018\/11\/carte.png\" alt=\"\" width=\"722\" height=\"536\" \/><\/p>\n<p>In verde, il laboratorio di Andra<br \/>\nIn viola, il progetto di ferrovia, rinnovazione di 40km di ferrovia (da Nan\u00e7ois-Tronville a Saudron) per raggiungere la linea esistente Paris-Strasbourg.<br \/>\nIn blu, possibile installazione di superficie<br \/>\nIn arancione, possibile zona di discesa rifiuti<br \/>\nIn giallo, la <span class=\"caps\">ZIRA<\/span> , zona di interessi per la ricerca approfondita. \u00c8 la zona dove pensano costruire le gallerie sotterranee.<br \/>\nIn rosso, il Bois Lejuc, sopra i potenziali pozzi di aerazione delle gallerie sotterranee. Posto strategico occupato fino a Febbraio 2018.<br \/>\nIn nero, certi luoghi di resistenza a Cig\u00e9o.<\/p>\n<\/div>\n<\/div>\n","protected":false},"excerpt":{"rendered":"<p>Cosa succede a Bure ? Il progetto della grandissima spazzatura atomica sotterranea chiamata Cig\u00e9o \u00e8 in corso dal 1994, in seguito alla legge del 1991 relativa alla gestione dei rifiuti nucleari. Nel 1999 \u00e8 stato attivato un laboratorio di ricerca archeologica. La seconda legge del giugno 2006 ha concentrato tutto su Bure, sito argilloso, paesino&#8230;<\/p>\n","protected":false},"author":3,"featured_media":0,"parent":0,"menu_order":0,"comment_status":"closed","ping_status":"closed","template":"","meta":{"_locale":"it_IT","_original_post":"http:\/\/bure3iqeqde7ynpluyuubochndt33wwsbkmo7kgf32bmli4zigjwvzid.onion\/?page_id=899","footnotes":""},"class_list":["post-8479","page","type-page","status-publish","hentry","it-IT"],"_links":{"self":[{"href":"https:\/\/bureburebure.info\/wp-json\/wp\/v2\/pages\/8479","targetHints":{"allow":["GET"]}}],"collection":[{"href":"https:\/\/bureburebure.info\/wp-json\/wp\/v2\/pages"}],"about":[{"href":"https:\/\/bureburebure.info\/wp-json\/wp\/v2\/types\/page"}],"author":[{"embeddable":true,"href":"https:\/\/bureburebure.info\/wp-json\/wp\/v2\/users\/3"}],"replies":[{"embeddable":true,"href":"https:\/\/bureburebure.info\/wp-json\/wp\/v2\/comments?post=8479"}],"version-history":[{"count":4,"href":"https:\/\/bureburebure.info\/wp-json\/wp\/v2\/pages\/8479\/revisions"}],"predecessor-version":[{"id":16621,"href":"https:\/\/bureburebure.info\/wp-json\/wp\/v2\/pages\/8479\/revisions\/16621"}],"wp:attachment":[{"href":"https:\/\/bureburebure.info\/wp-json\/wp\/v2\/media?parent=8479"}],"curies":[{"name":"wp","href":"https:\/\/api.w.org\/{rel}","templated":true}]}}