{"id":8487,"date":"2022-04-01T12:00:52","date_gmt":"2022-04-01T12:00:52","guid":{"rendered":"http:\/\/bure3iqeqde7ynpluyuubochndt33wwsbkmo7kgf32bmli4zigjwvzid.onion\/?page_id=8487"},"modified":"2026-02-11T23:07:47","modified_gmt":"2026-02-11T23:07:47","slug":"cartographie","status":"publish","type":"page","link":"https:\/\/bureburebure.info\/it\/cartographie\/","title":{"rendered":"Cartografia"},"content":{"rendered":"<h1>Cartografia<\/h1>\n<p>Per tutte le carte seguenti, le posizione dei trivellazioni vengono da un dossier dell\u2019Andra inviato all\u2019Autorit\u00e0 Ambientale.<br \/>\nAlcune trivellazioni indicate sono state costruite non nel posto indicato, altre non sono state costruite, altre sono state costruite pero non indicate.<\/p>\n<p>Sulle carte, il laboratorio di Andra \u00e8 gi\u00e0 stato segnato (\u00e8 in lavoro permanente), cosi\u2019 come lo Spazio Tecnologico e l\u2019Ecoth\u00e8que (museo ambientale\u2026). Altri lavori &#8211; zone pozzi al di sopra del bosco Lejuc, ferrovia, zona di discesa di rifiuti &#8211; non sono ancora cominciati.<\/p>\n<h2>Mappa interattiva online<\/h2>\n<p>Accedi alla mappa: <a href=\"https:\/\/map.bureburebure.info\">map.bureburebure.info<\/a><\/p>\n<p><a href=\"https:\/\/bureburebure.info\/wp-content\/uploads\/2022\/12\/map.png\"><img loading=\"lazy\" decoding=\"async\" class=\"aligncenter size-full wp-image-10267 img-fluid \" src=\"https:\/\/bureburebure.info\/wp-content\/uploads\/2022\/12\/map.png\" alt=\"\" width=\"500\" height=\"500\" \/><\/a><\/p>\n<h2>El bois Lejuc<\/h2>\n<p><a href=\"https:\/\/bureburebure.info\/it\/le-bois-lejuc\/\">Pagina del Bois Lejuc<\/a>.<\/p>\n<p><a href=\"https:\/\/bureburebure.info\/wp-content\/uploads\/2018\/12\/drilling-bois-lejuc.jpg\"><img loading=\"lazy\" decoding=\"async\" class=\"wp-image-1207 size-medium img-fluid \" src=\"https:\/\/bureburebure.info\/wp-content\/uploads\/2018\/12\/drilling-bois-lejuc-700x450.jpg\" alt=\"\" width=\"700\" height=\"450\" \/><\/a><\/p>\n<h2>La futura\/vecchia ferrovia<\/h2>\n<p>Il tracciato della strada riprende una vecchia ferrovia che \u00e8 stata utilizzata fino a 1975, da Nan\u00e7ois-tronville fino a Gondrecourt, e poi da Gondrecourt fino al laboratorio.<\/p>\n<div id=\"attachment_1210\" style=\"width: 710px\" class=\"wp-caption alignnone\"><a href=\"https:\/\/bureburebure.info\/wp-content\/uploads\/2018\/12\/drilling-railway-3.jpg\"><img loading=\"lazy\" decoding=\"async\" aria-describedby=\"caption-attachment-1210\" class=\"wp-image-1210 size-medium img-fluid \" src=\"https:\/\/bureburebure.info\/wp-content\/uploads\/2018\/12\/drilling-railway-3-700x450.jpg\" alt=\"\" width=\"700\" height=\"450\" \/><\/a><p id=\"caption-attachment-1210\" class=\"wp-caption-text\">(fare clic sul immagine per ingrandirla) la ferrovia attraversa Gondrecourt e poi biforca ad ovest per dirigersi verso la zona di discesa dei rifiuti<\/p><\/div>\n<div id=\"attachment_1209\" style=\"width: 710px\" class=\"wp-caption alignnone\"><a href=\"https:\/\/bureburebure.info\/wp-content\/uploads\/2018\/12\/drilling-railway-2.jpg\"><img loading=\"lazy\" decoding=\"async\" aria-describedby=\"caption-attachment-1209\" class=\"wp-image-1209 size-medium img-fluid \" src=\"https:\/\/bureburebure.info\/wp-content\/uploads\/2018\/12\/drilling-railway-2-700x450.jpg\" alt=\"\" width=\"700\" height=\"450\" \/><\/a><p id=\"caption-attachment-1209\" class=\"wp-caption-text\">(fare clic sul immagine per ingrandirla) nella continuit\u00e0 dell\u2019immagine precedente, la via dovrebbe attraversare la stazione di Lum\u00e9ville (la Gare, attualmente abitata da opponenti al progetto)<\/p><\/div>\n<div id=\"attachment_1208\" style=\"width: 710px\" class=\"wp-caption alignnone\"><a href=\"https:\/\/bureburebure.info\/wp-content\/uploads\/2018\/12\/drilling-railway-1.jpg\"><img loading=\"lazy\" decoding=\"async\" aria-describedby=\"caption-attachment-1208\" class=\"wp-image-1208 size-medium img-fluid \" src=\"https:\/\/bureburebure.info\/wp-content\/uploads\/2018\/12\/drilling-railway-1-700x450.jpg\" alt=\"\" width=\"700\" height=\"450\" \/><\/a><p id=\"caption-attachment-1208\" class=\"wp-caption-text\">(fare clic sul immagine per ingrandirla) questa immagine mostra il tratto di via che sar\u00e0 costruita attraverso i campi (viola) della vecchia ferrovia fino alla futura stazione del progetto Cig\u00e9o (giallo)<\/p><\/div>\n<h2>La zona di discesa dei rifiuti<\/h2>\n<div id=\"attachment_1211\" style=\"width: 710px\" class=\"wp-caption alignnone\"><a href=\"https:\/\/bureburebure.info\/wp-content\/uploads\/2018\/12\/drilling-technological-space-petit.jpg\"><img loading=\"lazy\" decoding=\"async\" aria-describedby=\"caption-attachment-1211\" class=\"wp-image-1211 size-medium img-fluid \" src=\"https:\/\/bureburebure.info\/wp-content\/uploads\/2018\/12\/drilling-technological-space-petit-700x450.jpg\" alt=\"\" width=\"700\" height=\"450\" \/><\/a><p id=\"caption-attachment-1211\" class=\"wp-caption-text\">(fare clic sul immagine per ingrandirla) al sud della zona, una stazione sar\u00e0 costruita per accogliere dei rifiuti venendo dalla ferrovia (viola) questa carta non mostra l\u2019albergo-ristorante e la panetteria (nel quadrato non giallo al nord ovest della rotonda del laboratorio)<\/p><\/div>\n<p>&nbsp;<\/p>\n<h2>Sotto sorveglianza &#8211; Mappa delle telecamere<\/h2>\n<p>Sito partecipativo che elenca le telecamere pi\u00f9 ampiamente a livello internazionale : <a href=\"https:\/\/sunders.uber.space\/?lat=48.5041154&amp;lon=5.3567737&amp;zoom=12\">sunders.uber.space<\/a><\/p>\n<h2>Mappa interattiva dei lavori preparatori<\/h2>\n<p>Una <a href=\"https:\/\/bureburebure.info\/en\/la-dr0-en-carte-interactive-surveillons-les-mefaits-de-landra\/\">mappa<\/a> elenca i vari lavori preparatori dell&#8217;ANDRA (DR0)<\/p>\n<p><a href=\"https:\/\/bureburebure.info\/wp-content\/uploads\/2026\/02\/1-1.png\"><img loading=\"lazy\" decoding=\"async\" class=\"aligncenter size-full wp-image-16628 img-fluid \" src=\"https:\/\/bureburebure.info\/wp-content\/uploads\/2026\/02\/1-1.png\" alt=\"\" width=\"700\" height=\"450\" \/><\/a><\/p>\n<h2>Altre carte<\/h2>\n<p>Carte di &#8220;uscita dal nucleare&#8221; delle centrali nucleari, vecchi siti minerari e progetti nucleari in Francia : <a href=\"https:\/\/www.sortirdunucleaire.org\/France-map-Nuclear-power-permanent-danger\">&#8220;Nucleare : pericolo ovunque&#8221;<\/a><\/p>\n<p><strong>E in francese :<\/strong><\/p>\n<p>Mappa degli scarti e itinerario degli scarti nucleari di greenpeace (2019) : <a href=\"https:\/\/www.greenpeace.fr\/carte-dechets-nucleaires\/\">https:\/\/www.greenpeace.fr\/carte-dechets-nucleaires\/<\/a><\/p>\n<p>Le altre <a href=\"https:\/\/www.sortirdunucleaire.org\/Cartes\">carte di &#8220;uscire dal nucleare&#8221; qui<\/a> (comprende tra l&#8217;altro carte europee).<\/p>\n","protected":false},"excerpt":{"rendered":"<p>Cartografia Per tutte le carte seguenti, le posizione dei trivellazioni vengono da un dossier dell\u2019Andra inviato all\u2019Autorit\u00e0 Ambientale. Alcune trivellazioni indicate sono state costruite non nel posto indicato, altre non sono state costruite, altre sono state costruite pero non indicate. Sulle carte, il laboratorio di Andra \u00e8 gi\u00e0 stato segnato (\u00e8 in lavoro permanente), cosi\u2019&#8230;<\/p>\n","protected":false},"author":3,"featured_media":0,"parent":0,"menu_order":0,"comment_status":"closed","ping_status":"closed","template":"","meta":{"_locale":"it_IT","_original_post":"http:\/\/bure3iqeqde7ynpluyuubochndt33wwsbkmo7kgf32bmli4zigjwvzid.onion\/?page_id=1204","footnotes":""},"class_list":["post-8487","page","type-page","status-publish","hentry","it-IT"],"_links":{"self":[{"href":"https:\/\/bureburebure.info\/wp-json\/wp\/v2\/pages\/8487","targetHints":{"allow":["GET"]}}],"collection":[{"href":"https:\/\/bureburebure.info\/wp-json\/wp\/v2\/pages"}],"about":[{"href":"https:\/\/bureburebure.info\/wp-json\/wp\/v2\/types\/page"}],"author":[{"embeddable":true,"href":"https:\/\/bureburebure.info\/wp-json\/wp\/v2\/users\/3"}],"replies":[{"embeddable":true,"href":"https:\/\/bureburebure.info\/wp-json\/wp\/v2\/comments?post=8487"}],"version-history":[{"count":6,"href":"https:\/\/bureburebure.info\/wp-json\/wp\/v2\/pages\/8487\/revisions"}],"predecessor-version":[{"id":16633,"href":"https:\/\/bureburebure.info\/wp-json\/wp\/v2\/pages\/8487\/revisions\/16633"}],"wp:attachment":[{"href":"https:\/\/bureburebure.info\/wp-json\/wp\/v2\/media?parent=8487"}],"curies":[{"name":"wp","href":"https:\/\/api.w.org\/{rel}","templated":true}]}}