{"id":8510,"date":"2022-04-01T12:14:47","date_gmt":"2022-04-01T12:14:47","guid":{"rendered":"http:\/\/bure3iqeqde7ynpluyuubochndt33wwsbkmo7kgf32bmli4zigjwvzid.onion\/?page_id=8510"},"modified":"2026-02-11T22:19:02","modified_gmt":"2026-02-11T22:19:02","slug":"le-bois-lejuc","status":"publish","type":"page","link":"https:\/\/bureburebure.info\/it\/le-bois-lejuc\/","title":{"rendered":"Il bosco Lejuc"},"content":{"rendered":"<h1>Il Bois Lejuc<\/h1>\n<p><a href=\"https:\/\/bureburebure.info\/wp-content\/uploads\/2018\/11\/barricade.jpeg\" rel=\"attachment wp-att-880\"><img loading=\"lazy\" decoding=\"async\" class=\"wp-image-880 aligncenter img-fluid \" src=\"https:\/\/bureburebure.info\/wp-content\/uploads\/2018\/11\/barricade.jpeg\" alt=\"\" width=\"445\" height=\"250\" \/><\/a><\/p>\n<p>Da giugno 2016 al 7 luglio 2016 ; dal 15 agosto 2016 al 22 febbraio 2018 e nel luglio 2019, il Bois Lejuc \u00e8 stato abitato da persone, impedendo i \u201clavori preparatori\u201d a Cig\u00e9o come il disboscamento necessario per mettere i pozzi di aerazione delle gallerie sotterranee e le trivellazioni per testare il seminterrato.<\/p>\n<p>Nell\u2019estate 2016, Andra stava per cominciare i lavori di disboscamento del Bois Lejuc, senza permesso. Il picnic interminabile del 19 Giunio 2016 segna l\u2019inizio della prima occupazione. Delle griglie sono state abbattute.<\/p>\n<p>Dopo 3 settimane di occupazione, lo sgombero della foresta \u00e8 avvenuto alle 6 della mattina del 7 luglio 2016.<\/p>\n<p>La protesta \u00e8 stata repressa brutalmente e il corteo \u00e8 entrato in foresta per 5 giorni.<\/p>\n<p><iframe loading=\"lazy\" title=\"Manif de re\u0301occupation du bois Lejuc\" width=\"500\" height=\"281\" src=\"https:\/\/www.youtube.com\/embed\/G0sVHaBRRvk?feature=oembed\" frameborder=\"0\" allow=\"accelerometer; autoplay; clipboard-write; encrypted-media; gyroscope; picture-in-picture; web-share\" referrerpolicy=\"strict-origin-when-cross-origin\" allowfullscreen><\/iframe><\/p>\n<p>Di seguito a questi eventi, Andra ha costruito un muro per chiudere il bois Lejuc, sempre senza permesso di costruzione.<\/p>\n<p><a href=\"https:\/\/bureburebure.info\/wp-content\/uploads\/2018\/11\/mur-debout.jpg\"><img loading=\"lazy\" decoding=\"async\" class=\"wp-image-883 img-fluid \" src=\"https:\/\/bureburebure.info\/wp-content\/uploads\/2018\/11\/mur-debout.jpg\" alt=\"\" width=\"200\" height=\"300\" \/><\/a><\/p>\n<p>Dopo che Andra \u00e8 stata condannata per lavori illegali, una protesta \u00e8 nata il 15 agosto 2016 nella quale \u00e8 stato abbattuto il muro.<\/p>\n<p><iframe loading=\"lazy\" title=\"\u00c0 Bure-les-Bains, on bois Lejuc sans mod\u00e9ration !\" src=\"https:\/\/player.vimeo.com\/video\/194173016?dnt=1&amp;app_id=122963\" width=\"500\" height=\"281\" frameborder=\"0\" allow=\"autoplay; fullscreen; picture-in-picture; clipboard-write; encrypted-media; web-share\" referrerpolicy=\"strict-origin-when-cross-origin\"><\/iframe><\/p>\n<p><a href=\"https:\/\/bureburebure.info\/wp-content\/uploads\/2018\/11\/mur.jpg\"><img loading=\"lazy\" decoding=\"async\" class=\"wp-image-884 img-fluid \" src=\"https:\/\/bureburebure.info\/wp-content\/uploads\/2018\/11\/mur-640x480.jpg\" alt=\"\" width=\"375\" height=\"250\" srcset=\"https:\/\/bureburebure.info\/wp-content\/uploads\/2018\/11\/mur-768x512.jpg 768w, https:\/\/bureburebure.info\/wp-content\/uploads\/2018\/11\/mur.jpg 1024w\" sizes=\"auto, (max-width: 375px) 100vw, 375px\" \/><\/a><\/p>\n<p>Dopo questo episodio, l\u2019occupazione della foresta \u00e8 continuata. Un abitante \u201cSven Lindstrom\u201d dichiara abitare la foresta; il suo sgombero \u00e8 ordinato dal tribunale di Bar-le-Duc nel marzo 2017. Ecco qualche immagine dei luoghi di vita di questa seconda occupazione.<\/p>\n<div id=\"attachment_639\" style=\"width: 454px\" class=\"wp-caption aligncenter\"><a href=\"https:\/\/bureburebure.info\/wp-content\/uploads\/2018\/10\/foret-3.jpg\"><img loading=\"lazy\" decoding=\"async\" aria-describedby=\"caption-attachment-639\" class=\"wp-image-639 img-fluid \" src=\"https:\/\/bureburebure.info\/wp-content\/uploads\/2018\/10\/foret-3.jpg\" alt=\"\" width=\"444\" height=\"250\" \/><\/a><p id=\"caption-attachment-639\" class=\"wp-caption-text\">La comunale, casa di Sven Lindstrom<\/p><\/div>\n<p>&nbsp;<\/p>\n<div id=\"attachment_637\" style=\"width: 455px\" class=\"wp-caption aligncenter\"><a href=\"https:\/\/bureburebure.info\/wp-content\/uploads\/2018\/10\/foret-1.jpg\"><img loading=\"lazy\" decoding=\"async\" aria-describedby=\"caption-attachment-637\" class=\"wp-image-637 img-fluid \" src=\"https:\/\/bureburebure.info\/wp-content\/uploads\/2018\/10\/foret-1.jpg\" alt=\"\" width=\"445\" height=\"250\" \/><\/a><p id=\"caption-attachment-637\" class=\"wp-caption-text\">Casa sull\u2019albero<\/p><\/div>\n<p>&nbsp;<\/p>\n<div id=\"attachment_887\" style=\"width: 310px\" class=\"wp-caption aligncenter\"><a href=\"https:\/\/bureburebure.info\/wp-content\/uploads\/2018\/11\/piraterie.jpg\"><img loading=\"lazy\" decoding=\"async\" aria-describedby=\"caption-attachment-887\" class=\"wp-image-887 size-full img-fluid \" src=\"https:\/\/bureburebure.info\/wp-content\/uploads\/2018\/11\/piraterie.jpg\" alt=\"\" width=\"300\" height=\"168\" \/><\/a><p id=\"caption-attachment-887\" class=\"wp-caption-text\">La piraterie, luogo di vita collettivo al sud della foresta<\/p><\/div>\n<p>&nbsp;<\/p>\n<div id=\"attachment_888\" style=\"width: 343px\" class=\"wp-caption aligncenter\"><a href=\"https:\/\/bureburebure.info\/wp-content\/uploads\/2018\/11\/BN2.jpg\"><img loading=\"lazy\" decoding=\"async\" aria-describedby=\"caption-attachment-888\" class=\"wp-image-888 img-fluid \" src=\"https:\/\/bureburebure.info\/wp-content\/uploads\/2018\/11\/BN2.jpg\" alt=\"\" width=\"333\" height=\"250\" srcset=\"https:\/\/bureburebure.info\/wp-content\/uploads\/2018\/11\/BN2.jpg 3648w, https:\/\/bureburebure.info\/wp-content\/uploads\/2018\/11\/BN2-640x480.jpg 640w, https:\/\/bureburebure.info\/wp-content\/uploads\/2018\/11\/BN2-768x576.jpg 768w, https:\/\/bureburebure.info\/wp-content\/uploads\/2018\/11\/BN2-1400x1050.jpg 1400w\" sizes=\"auto, (max-width: 333px) 100vw, 333px\" \/><\/a><p id=\"caption-attachment-888\" class=\"wp-caption-text\">La Barricata Nord<\/p><\/div>\n<p>&nbsp;<\/p>\n<div id=\"attachment_889\" style=\"width: 343px\" class=\"wp-caption aligncenter\"><a href=\"https:\/\/bureburebure.info\/wp-content\/uploads\/2018\/11\/dracab2.jpg\"><img loading=\"lazy\" decoding=\"async\" aria-describedby=\"caption-attachment-889\" class=\"wp-image-889 img-fluid \" src=\"https:\/\/bureburebure.info\/wp-content\/uploads\/2018\/11\/dracab2.jpg\" alt=\"\" width=\"333\" height=\"250\" srcset=\"https:\/\/bureburebure.info\/wp-content\/uploads\/2018\/11\/dracab2.jpg 3648w, https:\/\/bureburebure.info\/wp-content\/uploads\/2018\/11\/dracab2-640x480.jpg 640w, https:\/\/bureburebure.info\/wp-content\/uploads\/2018\/11\/dracab2-768x576.jpg 768w, https:\/\/bureburebure.info\/wp-content\/uploads\/2018\/11\/dracab2-1400x1050.jpg 1400w\" sizes=\"auto, (max-width: 333px) 100vw, 333px\" \/><\/a><p id=\"caption-attachment-889\" class=\"wp-caption-text\">Le Dracab<\/p><\/div>\n<p>&nbsp;<\/p>\n<div id=\"attachment_890\" style=\"width: 188px\" class=\"wp-caption aligncenter\"><a href=\"https:\/\/bureburebure.info\/wp-content\/uploads\/2018\/11\/affiche-occupation.jpg\"><img loading=\"lazy\" decoding=\"async\" aria-describedby=\"caption-attachment-890\" class=\"wp-image-890 img-fluid \" src=\"https:\/\/bureburebure.info\/wp-content\/uploads\/2018\/11\/affiche-occupation.jpg\" alt=\"\" width=\"178\" height=\"250\" \/><\/a><p id=\"caption-attachment-890\" class=\"wp-caption-text\">Dopo l\u2019annuncio della decisione di sgombero, una risposta<\/p><\/div>\n<p>Ecco un film fatto durante l\u2019estate 2017 nel Bois Lejuc.<\/p>\n<p><iframe loading=\"lazy\" title=\"Bogues !\" width=\"500\" height=\"281\" src=\"https:\/\/www.youtube.com\/embed\/P5UVHaWDbfQ?feature=oembed\" frameborder=\"0\" allow=\"accelerometer; autoplay; clipboard-write; encrypted-media; gyroscope; picture-in-picture; web-share\" referrerpolicy=\"strict-origin-when-cross-origin\" allowfullscreen><\/iframe><\/p>\n<p>Una procedura giudiziaria mette in dubito la propriet\u00e0 legale di Andra sul bois Lejuc. Il 18 maggio 2017 a Mandres-en-Barrois, il consiglio municipale conferma di nuovo la concessione della foresta comunale ad Andra. L\u2019ambiente intorno a questo consiglio assomiglia pi\u00f9 ad un ambiente di contro-summit internazionale.<\/p>\n<div id=\"attachment_891\" style=\"width: 343px\" class=\"wp-caption aligncenter\"><a href=\"https:\/\/bureburebure.info\/wp-content\/uploads\/2018\/11\/mandres.jpg\"><img loading=\"lazy\" decoding=\"async\" aria-describedby=\"caption-attachment-891\" class=\"wp-image-891 img-fluid \" src=\"https:\/\/bureburebure.info\/wp-content\/uploads\/2018\/11\/mandres.jpg\" alt=\"\" width=\"333\" height=\"250\" srcset=\"https:\/\/bureburebure.info\/wp-content\/uploads\/2018\/11\/mandres.jpg 768w, https:\/\/bureburebure.info\/wp-content\/uploads\/2018\/11\/mandres-640x480.jpg 640w\" sizes=\"auto, (max-width: 333px) 100vw, 333px\" \/><\/a><p id=\"caption-attachment-891\" class=\"wp-caption-text\">Dispositivo della polizia intorno al consiglio municipale del 18 maggio 2017 a Mandres-en-Barrois<\/p><\/div>\n<p>Un ricorso contro questa decisione \u00e8 stato depositato da una trentina di abitanti. Ancora non \u00e8 stato esaminato\u2026<\/p>\n<p>Il 22 febbraio 2018 alle 6 della mattina, lo sgombero del Bois Lejuc mobilizza 500 carabinieri (gendarmes). La maison de la resistance a Bure \u00e8 assalita dai carabinieri.<\/p>\n<p><iframe loading=\"lazy\" title=\"BURE - Expulsions du 22 f\u00e9vrier 2018\" width=\"500\" height=\"281\" src=\"https:\/\/www.youtube.com\/embed\/Xr3bWTX0uM8?feature=oembed\" frameborder=\"0\" allow=\"accelerometer; autoplay; clipboard-write; encrypted-media; gyroscope; picture-in-picture; web-share\" referrerpolicy=\"strict-origin-when-cross-origin\" allowfullscreen><\/iframe><\/p>\n<p>Il 3-4 marzo 2018, ci doveva essere un week-end inter-comitati al Bois-Lejuc. Dopo lo sgombero, una protesta si dirige verso il bosco, protetto da un dispositivo poliziotto incredibile. Dal 22 febbraio 2018, i carabinieri occupano in permanenza il Bois Lejuc\u2026<\/p>\n<p>Ecco una carta del Bois Lejuc, le capanne (cabane) indicate sono state distrutte dopo lo sgombero\u2026<\/p>\n<p><a href=\"https:\/\/bureburebure.info\/wp-content\/uploads\/2018\/11\/plan-bois-lejuc.jpg\"><img loading=\"lazy\" decoding=\"async\" class=\"aligncenter wp-image-977 size-thumbnail img-fluid \" src=\"https:\/\/bureburebure.info\/wp-content\/uploads\/2018\/11\/plan-bois-lejuc-640x480.jpg\" alt=\"\" width=\"640\" height=\"480\" \/><\/a><\/p>\n<p>&nbsp;<\/p>\n<p>Nel luglio 2019, <a href=\"https:\/\/bureburebure.info\/communique18july-it\/\">il bosco Lejuc \u00e8 stato occupato per la 3a volta<\/a>, per alcuni giorni&#8230;<\/p>\n<p>All&#8217;inizio del 2021, dei rilevatori di movimento sono presenti per avvertire la Gendarmeria dell&#8217;arrivo degli\/delle escursionist*. Andra sta ancora progettando di costruire le sue gallerie e altri pozzi di ventilazione in questa zona&#8230;<\/p>\n<p>A dicembre 2025, nell&#8217;ambito dei lavori preparatori per CIG\u00c9O (DR0), sono in corso <a href=\"https:\/\/bureburebure.info\/en\/ballade-nocturne-sur-les-travaux-en-cours-au-bois-lejuc\/\">trivellazioni<\/a> nel Bois Lejuc<\/p>\n","protected":false},"excerpt":{"rendered":"<p>Il Bois Lejuc Da giugno 2016 al 7 luglio 2016 ; dal 15 agosto 2016 al 22 febbraio 2018 e nel luglio 2019, il Bois Lejuc \u00e8 stato abitato da persone, impedendo i \u201clavori preparatori\u201d a Cig\u00e9o come il disboscamento necessario per mettere i pozzi di aerazione delle gallerie sotterranee e le trivellazioni per testare&#8230;<\/p>\n","protected":false},"author":3,"featured_media":0,"parent":0,"menu_order":0,"comment_status":"closed","ping_status":"closed","template":"","meta":{"_locale":"it_IT","_original_post":"http:\/\/bure3iqeqde7ynpluyuubochndt33wwsbkmo7kgf32bmli4zigjwvzid.onion\/?page_id=877","footnotes":""},"class_list":["post-8510","page","type-page","status-publish","hentry","it-IT"],"_links":{"self":[{"href":"https:\/\/bureburebure.info\/wp-json\/wp\/v2\/pages\/8510","targetHints":{"allow":["GET"]}}],"collection":[{"href":"https:\/\/bureburebure.info\/wp-json\/wp\/v2\/pages"}],"about":[{"href":"https:\/\/bureburebure.info\/wp-json\/wp\/v2\/types\/page"}],"author":[{"embeddable":true,"href":"https:\/\/bureburebure.info\/wp-json\/wp\/v2\/users\/3"}],"replies":[{"embeddable":true,"href":"https:\/\/bureburebure.info\/wp-json\/wp\/v2\/comments?post=8510"}],"version-history":[{"count":4,"href":"https:\/\/bureburebure.info\/wp-json\/wp\/v2\/pages\/8510\/revisions"}],"predecessor-version":[{"id":16627,"href":"https:\/\/bureburebure.info\/wp-json\/wp\/v2\/pages\/8510\/revisions\/16627"}],"wp:attachment":[{"href":"https:\/\/bureburebure.info\/wp-json\/wp\/v2\/media?parent=8510"}],"curies":[{"name":"wp","href":"https:\/\/api.w.org\/{rel}","templated":true}]}}