{"id":8516,"date":"2022-04-01T12:23:47","date_gmt":"2022-04-01T12:23:47","guid":{"rendered":"http:\/\/bure3iqeqde7ynpluyuubochndt33wwsbkmo7kgf32bmli4zigjwvzid.onion\/?page_id=8516"},"modified":"2025-11-03T19:59:38","modified_gmt":"2025-11-03T19:59:38","slug":"joinville-site-de-la-jonchere-une-blanchisserie-industrielle-nucleaire-cherche-a-simplanter","status":"publish","type":"page","link":"https:\/\/bureburebure.info\/it\/joinville-site-de-la-jonchere-une-blanchisserie-industrielle-nucleaire-cherche-a-simplanter\/","title":{"rendered":"Unitech a Joinville \u2013 Progetto di lavanderia nucleare"},"content":{"rendered":"<p><em>[Questo articolo non \u00e8 aggiornato, pi\u00f9 informazioni recenti in <a href=\"https:\/\/bureburebure.info\/en\/unitech-rode-toujours-ne-baissons-pas-la-garde\/\">inglese<\/a> o <a href=\"https:\/\/bureburebure.info\/unitech-rode-toujours-ne-baissons-pas-la-garde\/\">francese<\/a>]<\/em><\/p>\n<hr \/>\n<p><i>Testo venendo a l\u2019origine di una petizione online.<\/i><\/p>\n<p><b>Joinville, sito della Jonch\u00e8re, una lavanderia industriale nucleare cerca a impiantarsi.<\/b><\/p>\n<p><a href=\"https:\/\/bureburebure.info\/wp-content\/uploads\/2019\/07\/unitech-joinville-lave-plus-prore.jpg\"><img loading=\"lazy\" decoding=\"async\" class=\"aligncenter wp-image-1633 img-fluid \" src=\"https:\/\/bureburebure.info\/wp-content\/uploads\/2019\/07\/unitech-joinville-lave-plus-prore-640x480.jpg\" alt=\"\" width=\"400\" height=\"286\" data-wp-editing=\"1\" srcset=\"https:\/\/bureburebure.info\/wp-content\/uploads\/2019\/07\/unitech-joinville-lave-plus-prore-768x549.jpg 768w, https:\/\/bureburebure.info\/wp-content\/uploads\/2019\/07\/unitech-joinville-lave-plus-prore-1400x1000.jpg 1400w, https:\/\/bureburebure.info\/wp-content\/uploads\/2019\/07\/unitech-joinville-lave-plus-prore.jpg 1512w\" sizes=\"auto, (max-width: 400px) 100vw, 400px\" \/><\/a><\/p>\n<blockquote><p><b>UN PROGETTO PAZZO DI LAVANDERIA NUCLEARE NEL CUORE DEL BACINO DI JOINVILLE<\/b><\/p>\n<p><i><b>Ecco ci\u00f2 che ci aspetta per 2020 :<\/b><\/i><\/p>\n<ul>\n<li><i><b>pi\u00f9 di 500 tonnellate di biancheria contaminata e radioattiva venendo di tutta la Francia e di Europa (chiasso, inquinamento, accidenti\u2026)<\/b><\/i><\/li>\n<li><i><b>attivit\u00e0 industriale necessitando una grande quantit\u00e0 di acqua che minaccia nostre risorse acquatiche<\/b><\/i><\/li>\n<li><i><b>dei elementi radioattivi e dei detergenti rifiutati nel ambiente, nella Marne e il Der a prossimit\u00e0 di numerose case e di una zona commerciale di Joinville<\/b><\/i><\/li>\n<li><i><b>perdita aggiuntiva di attrazione del territorio<\/b><\/i><\/li>\n<\/ul>\n<p><i><b>Tutto questo perch\u00e9? Per qualche posti di lavori s\u00e9 la lavanderia funziona moltissimo (posti a rischi in questo genere di installazione)<\/b><\/i><\/p>\n<p><b>Mobilizziamoci! Nonostante l\u2019omert\u00e0 dei nostri eletti, il progetto non ha cominciato, una Riunione di Informazione Pubblica \u00e8 prevista, la data sar\u00e0 precisata in breve.<\/b><\/p>\n<p><a href=\"https:\/\/www.facebook.com\/joinville.lave.plus.blanc\/\"><b>https:\/\/www.facebook.com\/joinville.lave.plus.blanc\/<\/b><\/a><\/p><\/blockquote>\n<hr \/>\n<p>Suo nome : UniTech Services SAS a associato unico, impresa al passato pesante. Nel suo paese di origine, le USA, in 1991, a dovuto smantellare la sua fabbrica a Santa Fe per avere violato le legge americane sul inquinamento del aria. Con in pi\u00f9 dei rifiuti radioattivi importanti nel sistema di epurazione.<\/p>\n<p>Lo stesso a Lillyhall, Gran-Britania, in 2014 dove diluiva suoi rifiuti nelle acque del mare e del aria, risultando gravi problemi ambientale, tutto questo a 1,4 km di una scuola elementare.<\/p>\n<p>Un numero crescendo sempre di pi\u00f9 di eletti hanno accettato il progetto UniTech a Joinville e riconoscono adesso il loro <b>manco di informazione<\/b>. Le segnature sono state date sulla semplice promessa di una quarantine di posti di lavoro supposti a venire.<\/p>\n<p>Come con Cig\u00e9o a Bure, i rischi sono tenuti segreti, compreso dai \u201ccarabinieri\u201d del nucleare IRSN, ASN, e dal governamento.<\/p>\n<p>Buggie, inganni, esigenze non garantite, limite legale superate, o negoziabile perch\u00e9 ci sarebbe un \u201ccontrollo\u201d dei rischi. I colpi furbi succedono spesso nel mondo nucleocratico.<\/p>\n<p>L\u2019avvantaggio per UniTech di Joinville \u00e8 evidente : accompagnamento economico di Cig\u00e9o, prossimit\u00e0 a Soulaines e Morvilliers per il ritorno, e di Cig\u00e9o per la decontaminazione.<\/p>\n<p>A l\u2019evidenza, ecco ancora <b>un fastidio<\/b> : il trasporto dei vestiti contaminati (non parliamo di numerose migliaia di tonnellate\u2026) e il ritorno dei residui radioattivi su dei altri siti saranno permanenti. Per memoria, UniTech-Joinch\u00e8re si propone di usare sue \u201ctalenti\u201d per la Francia, ma anche per la Germania, la Svizzera e il Belgio. E chi altro?<\/p>\n<p>UniTech-Joinch\u00e8re prevede anche di rinnovare delle protezione piombate, di controllare la contaminazione delle strutture metalliche, e di creare una zona di deposito di container.<\/p>\n<p>Ecco ci\u00f2 che ci promette un<b> cocktail fumante<\/b> : C\u00e9sium137, C\u00e9sium134, Cobalt58, Cobalt60, Fer59, Mangan\u00e8se54, Strontium90, Antimoine125, Baryum137\u2026 Tra 100 a 300 miliardi di Becquerels su 2anni. Aggiuntare i detergenti e altre tensio- attivi, e avrete tutti gli ingredienti.<\/p>\n<p>UniTech a l\u2019intensione di diluire questo cocktail nelle acque della Marne, accessoriamente di evaporarla nel l\u2019aria. Trenta milioni di litri di acqua a l\u2019arrivata, 100 metri cubi di rigetti ogni giorni di acqua calda, salata, inquinata, nel <b>NOST<\/b><b>R<\/b><b>O<\/b> fiume, testa del bacino parigino.<\/p>\n<p>Tutto questo si organizza nascosto con l\u2019anticipo di <b>AREVA<\/b> che elimina 24 posti di lavoro eliminando sua lavanderia de La Hague. Benvenuti ai subappaltatore e alla diversificazione delle responsabilit\u00e0\u2026 La diluizione \u00e8 la soluzione al inquinamento secondo questi belli signori e signore.<\/p>\n<p>Ma ritorniamo ai<b> nostri <\/b><b>eletti<\/b> !<\/p>\n<p>Il terreno \u00e8 stato acquisto da Unitech in 2015, venduto dalla <b>Comunit\u00e0 di Comune del Bacino di Joinville (CCBJ)<\/b>. In 2016 una convenzione di riserve con Unitech \u00e8 stata fermata. La CCBJ rifiuta di comunicarla, nonostante l\u2019ingiunzione della Commissione di accesso ai documenti amministrativi (CADA).<\/p>\n<p><b>Una procedura davanti al Tribunale <\/b><b>Amministrativo<\/b> \u00e8 in corso dal 17 aprile 2018.<\/p>\n<p>La nuova associazione creata \u201cJoinville lave plus propre\u201d vi invita a firmare la petizione :<\/p>\n<ul>\n<li>per resistere contra questo progetto di impiotato nucleare,<\/li>\n<li>per preservare nostro ambiente,<\/li>\n<li>per impedire la corruzione e i piccoli arrangiamenti tra eletti,<\/li>\n<li>per mantenere nostra attivit\u00e0 turistica (Camping des Forges, Lac du Der, pesca\u2026) e agricola,<\/li>\n<li>per dare una possibilita a nostri bambini e nipoti di vivere altrimenti che sotto scafandro.<\/li>\n<\/ul>\n<p><b>Purch\u00e9 non ci sia arresto del nucleare, Unitech n\u00e9 qua, n\u00e9 altrove !<\/b><\/p>\n<p>&nbsp;<\/p>\n<p>&nbsp;<\/p>\n","protected":false},"excerpt":{"rendered":"<p>[Questo articolo non \u00e8 aggiornato, pi\u00f9 informazioni recenti in inglese o francese] Testo venendo a l\u2019origine di una petizione online. Joinville, sito della Jonch\u00e8re, una lavanderia industriale nucleare cerca a impiantarsi. UN PROGETTO PAZZO DI LAVANDERIA NUCLEARE NEL CUORE DEL BACINO DI JOINVILLE Ecco ci\u00f2 che ci aspetta per 2020 : pi\u00f9 di 500 tonnellate&#8230;<\/p>\n","protected":false},"author":3,"featured_media":0,"parent":0,"menu_order":0,"comment_status":"closed","ping_status":"closed","template":"","meta":{"_locale":"it_IT","_original_post":"http:\/\/bure3iqeqde7ynpluyuubochndt33wwsbkmo7kgf32bmli4zigjwvzid.onion\/?page_id=1632","footnotes":""},"class_list":["post-8516","page","type-page","status-publish","hentry","it-IT"],"_links":{"self":[{"href":"https:\/\/bureburebure.info\/wp-json\/wp\/v2\/pages\/8516","targetHints":{"allow":["GET"]}}],"collection":[{"href":"https:\/\/bureburebure.info\/wp-json\/wp\/v2\/pages"}],"about":[{"href":"https:\/\/bureburebure.info\/wp-json\/wp\/v2\/types\/page"}],"author":[{"embeddable":true,"href":"https:\/\/bureburebure.info\/wp-json\/wp\/v2\/users\/3"}],"replies":[{"embeddable":true,"href":"https:\/\/bureburebure.info\/wp-json\/wp\/v2\/comments?post=8516"}],"version-history":[{"count":3,"href":"https:\/\/bureburebure.info\/wp-json\/wp\/v2\/pages\/8516\/revisions"}],"predecessor-version":[{"id":16121,"href":"https:\/\/bureburebure.info\/wp-json\/wp\/v2\/pages\/8516\/revisions\/16121"}],"wp:attachment":[{"href":"https:\/\/bureburebure.info\/wp-json\/wp\/v2\/media?parent=8516"}],"curies":[{"name":"wp","href":"https:\/\/api.w.org\/{rel}","templated":true}]}}