{"id":8548,"date":"2022-04-01T13:19:31","date_gmt":"2022-04-01T13:19:31","guid":{"rendered":"http:\/\/bure3iqeqde7ynpluyuubochndt33wwsbkmo7kgf32bmli4zigjwvzid.onion\/?page_id=8548"},"modified":"2026-04-14T07:18:50","modified_gmt":"2026-04-14T07:18:50","slug":"venir","status":"publish","type":"page","link":"https:\/\/bureburebure.info\/it\/venir\/","title":{"rendered":"Venire e vivere a Bure e intorno"},"content":{"rendered":"<h1>Venire e vivere a Bure e intorno<\/h1>\n<div class=\"lightweight-accordion\"><details><summary class=\"lightweight-accordion-title\"><span>Luoghi<\/span><\/summary><div class=\"lightweight-accordion-body\"><p>Venendo, esistono diversi luoghi aperti di accoglienza :<\/p>\n<ul>\n<li><strong>La &#8220;Maison de R\u00e9sistance&#8221; (Casa di resistenza), 2 rue de l&#8217;\u00c9glise, 55290 Bure<\/strong>. \u00c8 un luogo di accoglienza e d&#8217;informazione sulla lotta. L&#8217;alloggio \u00e8 in sleeping, sul posto c&#8217;\u00e8 elettricit\u00e0, doccia con acqua calda, internet. Raggiungibile in qualsiasi momento al numero <strong>+33(0)9.54.10.57.11<\/strong> (numero per intercettazioni della polizia). Se non risponde, preferisce richiamare, perch\u00e9 la segreteria telefonica non viene consultata. \u00c8 possibile chiedere in anticipo se vuoi venire sul posto inviando una mail a <strong>burezonelibre (at) riseup (dot) net<\/strong><\/li>\n<\/ul>\n<p><strong>Attenzione, due gatt* che sono piuttosto spaventati da altri non umani abitano sul posto, \u00e8 bello tenerne conto se vuoi venire con can* o gatt* e agire di conseguenza \ud83d\ude42<\/strong><\/p>\n<p>&nbsp;<\/p>\n<ul>\n<li><strong>L&#8217;Affranchie, 1 rue de la Croix, 55290 Mandres-en-Barrois<\/strong>. Si tratta di una casa collettiva con diversi sleepings. Non c&#8217;\u00e8 acqua corrente e l&#8217;elettricit\u00e0 dei pannelli solari permette di alimentare alcuni led e alcuni computer. C&#8217;\u00e8 internet nel luogo. L&#8217;Andra ha tentato una procedura per recuperare il luogo, ma ha perso <a href=\"https:\/\/bureburebure.info\/victoire-des-opposant-e-s-pour-laffranchie\/\">questa procedura nel 2021<\/a>.<\/li>\n<\/ul>\n<p>&nbsp;<\/p>\n<ul>\n<li><strong>&#8220;La Gare&#8221; Vecchia stazione di Lum\u00e9ville<\/strong> (a 6 km da Bure, tra le citt\u00e0 di Lum\u00e9ville in Ornois e Mandres en Barrois), che \u00e8 un luogo privato acquistato da oppositori.es al progetto Cig\u00e9o qualche anno fa. Questo luogo \u00e8 attualmente un luogo di occupazione che \u00e8 minacciato di espulsione: maggiori informazioni su <a href=\"https:\/\/bureburebure.info\/en\/risque_expulsion_gare\/\">questa pagina<\/a>. Questo posto non ha acqua corrente, l&#8217;acqua \u00e8 in tonnellate di acqua, e l&#8217;elettricit\u00e0 dai pannelli solari \u00e8 in quantit\u00e0 limitata (ma sufficiente per ricaricare le batterie). C&#8217;\u00e8 anche accesso a internet. Questo luogo \u00e8 noto per aver ospitato diversi eventi, come il <a href=\"https:\/\/bureburebure.info\/les-archives-du-site-de-vmc-le-9-aout-2016\/\">campo VMC<\/a> nel 2025, il <a href=\"https:\/\/rayonnantes2021.noblogs.org\/\">campo delle Rayonnantes<\/a> nel 2021, l&#8217;<a href=\"https:\/\/bureburebure.info\/it\/exposition-trainstopping\/\">esposizione trainstopping<\/a>,&#8230; Maggiori informazioni qui su <a href=\"https:\/\/bureburebure.info\/lutte-a-la-gare-lumeville\/\">questa pagina<\/a>.<\/li>\n<\/ul>\n<p>&nbsp;<\/p>\n<ul>\n<li><strong>L&#8217;Augustine<\/strong>, casa di attivit\u00e0 agricola, antinucleare e femminista. Si tratta di un <strong>luogo di organizzazione antinucleare (ma non solo!)<\/strong> aperto ai gruppi che ne fanno richiesta, una <strong>base logistica per attivit\u00e0 contadine<\/strong>, e in particolare il collettivo orticoltori delle Semeuses che coltiva 3 ettari ai margini della futura ferrovia destinata a trasportare i rifiuti nucleari, di un <strong>luogo di socialit\u00e0 aperto sul villaggio<\/strong>, in cui si vorrebbe vedere intrecciarsi legami tra mondi diversi, il tempo di una fiera delle piante, una proiezione, un drink o un concerto. Un bar asso apre gi\u00e0 le sue porte il gioved\u00ec sera. Maggiori informazioni su ci\u00f2 che potrebbe essere avvenuto <a href=\"https:\/\/bureburebure.info\/search\/augustine\">qui<\/a>. L&#8217;indirizzo : 2 rue de Vinelle, 55290 Mandres-en-Barrois. Contatto : laugustine (at) herbesfolles.org<\/li>\n<\/ul>\n<\/div><\/details><\/div>\n<div class=\"lightweight-accordion\"><details><summary class=\"lightweight-accordion-title\"><span>Trasporti<\/span><\/summary><div class=\"lightweight-accordion-body\"><h3>In autostop<\/h3>\n<p>Per venire da Joinville : mettersi all\u2019uscita della rotonda di Thonnance-L\u00e8s-Joinville, direzione Laboratoire Andra (paese sulla strada : Montreuil sur Thonnance \/ Saudron) poi Bure o Mandres-en-Barrois.<\/p>\n<p>Da Parigi : direzione Nancy dalla N4 poi Saint-Dizier (o dalle autostrade che vanno a Reims uscita Ch\u00e2lon, o da Troyes uscita Chaumont), oppure passando da Joinville, oppure passare da Ligny-en-Barrois e poi scendere su Longeaux, H\u00e9villiers, Biencourt, Ribeaucourt, Bure (poi Mandres-en-Barrois).<\/p>\n<p>Da Nancy, cominciare da Laxou, davanti al McDonald, direzione Toul poi Parigi dalla N4, fino a Void-Vacon poi scendere su Sauvoy, Mauvages, Delouze, Houdelaincourt, Bonnet, Mandres-en-Barrois, Bure.<\/p>\n<p>Se necessario, una mappa partecipativa dei buoni punti per fare l&#8217;autostop : <a href=\"https:\/\/hitchmap.com\/\">https:\/\/hitchmap.com\/<\/a><\/p>\n<p>Pi\u00f9 vai vicino a Bure, meno ci sono macchine. Puoi <strong>chiamare la Maison de r\u00e9sistance<\/strong>, potremo sempre venire a cercarti : <strong>+33\u00a09.54.10.57.11<\/strong> . Se non risponde la prima volta, riprova un po\u2019 pi\u00f9 tardi. \u00c8 possibile che non ci siano macchine disponibili l\u00e0, lascia il tuo numero mentre si cerca una macchina.<\/p>\n<h3>In macchina<\/h3>\n<p>Da sud (da Lyon\/Dijon), seguire Chaumont poi Joinville (uscita Joinville Est sulla N67) poi seguire Vaucouleurs sulla D60. All\u2019uscita di Saudron, girare a sinistra direzione Bure o continuare dritto direzione Mandres-en-Barrois.<\/p>\n<p>Da Ovest (da Parigi), seguire Saint-Dizier sulla N4, poi seguire Chaumont\/Joinville sulla N67 (uscita Chevillon), seguire Chevillon, Montiers-sur-Saulx, Bure (poi Mandres en Barrois).<\/p>\n<p>Da Est (da Nancy), seguire Toul\/Parigi dalla N4, uscire a Void-Vacon, seguire Sauvoy poi Houdelaincourt, Mandres en Barrois e Bure.<\/p>\n<h3>In carpooling<\/h3>\n<p>Eh s\u00ec, c&#8217;\u00e8 un&#8217;alternativa a blablacar che specula sui tuoi viaggi. Puoi provare a usare mobicoop, che \u00e8 un sito di carpooling gratuito, per proporre\/guardare se non ci sono corse :<\/p>\n<p><a href=\"https:\/\/www.mobicoop.fr\/\">https:\/\/www.mobicoop.fr\/<\/a><\/p>\n<p>\u00c8 anche possibile vedere :<\/p>\n<p>Carpools a Bure <a href=\"https:\/\/www.mobicoop.fr\/communes\/covoiturages\/*\/bure\">https:\/\/www.mobicoop.fr\/communes\/covoiturages\/*\/bure<\/a><br \/>\nCarpools da Bure <a href=\"https:\/\/www.mobicoop.fr\/communes\/covoiturages\/bure\">https:\/\/www.mobicoop.fr\/communes\/covoiturages\/bure<\/a><\/p>\n<h3>In treno<\/h3>\n<p>Le stazioni pi\u00f9 vicine sono Joinville (20km), Bar-le-Duc (35km), St-Dizier (40km), Pagny-sur-Meuse (40km).<\/p>\n<p>Se arrivi a Bar-le-Duc ci sono linee di autobus che si avvicinano a Bure in particolare la linea L18 che va fino a Gondrecourt-le-Ch\u00e2teau (13km) e la linea 1 che va fino a Ligny-en-Barrois (25km). Attenzione, ci sono pochissimi autobus di queste due linee e bisogna guardare bene gli orari. La fermata di Houdelaincourt della L18 si trova a 12 km da Bure, \u00e8 la fermata del trasporto pubblico pi\u00f9 vicina a Bure.<\/p>\n<p>Chiama in anticipo se vuoi che ti vengano a prendere alla stazione o alla fermata dell&#8217;autobus per anticipare se ci saranno persone disponibili a cercarti, o per poter programmare delle corse ad esempio.<\/p>\n<p><a href=\"https:\/\/bureburebure.info\/wp-content\/uploads\/2018\/11\/Carte.jpg\"><img loading=\"lazy\" decoding=\"async\" class=\"wp-image-875 img-fluid \" src=\"https:\/\/bureburebure.info\/wp-content\/uploads\/2018\/11\/Carte.jpg\" alt=\"\" width=\"369\" height=\"250\" srcset=\"https:\/\/bureburebure.info\/wp-content\/uploads\/2018\/11\/Carte.jpg 770w, https:\/\/bureburebure.info\/wp-content\/uploads\/2018\/11\/Carte-768x521.jpg 768w\" sizes=\"auto, (max-width: 369px) 100vw, 369px\" \/><\/a><\/p>\n<p>&nbsp;<\/p>\n<p><a href=\"https:\/\/bureburebure.info\/wp-content\/uploads\/2018\/11\/Capture-du-2018-11-18-18-46-40.png\"><img loading=\"lazy\" decoding=\"async\" class=\"wp-image-912 img-fluid \" src=\"https:\/\/bureburebure.info\/wp-content\/uploads\/2018\/11\/Capture-du-2018-11-18-18-46-40.png\" alt=\"\" width=\"400\" height=\"250\" srcset=\"https:\/\/bureburebure.info\/wp-content\/uploads\/2018\/11\/Capture-du-2018-11-18-18-46-40.png 841w, https:\/\/bureburebure.info\/wp-content\/uploads\/2018\/11\/Capture-du-2018-11-18-18-46-40-768x480.png 768w\" sizes=\"auto, (max-width: 400px) 100vw, 400px\" \/><\/a><\/p>\n<\/div><\/details><\/div>\n<div class=\"lightweight-accordion\"><details><summary class=\"lightweight-accordion-title\"><span>Per dormire<\/span><\/summary><div class=\"lightweight-accordion-body\"><p>Alla Maison de R\u00e9sistance, \u00e8 possibile dormire in dormitorio (prendere un sacco a pelo e una lampadina) o in tenda nel giardino! \u00c8 possibile venire anche in camion\/carovana etc. Ci sono spazi per stare vicino alle case.<\/p>\n<\/div><\/details><\/div>\n<div class=\"lightweight-accordion\"><details><summary class=\"lightweight-accordion-title\"><span>Vita quotidiana<\/span><\/summary><div class=\"lightweight-accordion-body\"><p>La vita quotidiana \u00e8 fatta di cucine conviviali e vegane nei differenti luoghi, ci sono sempre dei cantieri, giardinaggio, passeggiate, musica, giochi, riunione \u2026 da fare !<\/p>\n<\/div><\/details><\/div>\n<div class=\"lightweight-accordion\"><details><summary class=\"lightweight-accordion-title\"><span>Brief legal<\/span><\/summary><div class=\"lightweight-accordion-body\"><p>Venire a Bure puo\u2019 anche rappresentare il rischio di essere confrontato-a alla polizia. Vi invitiamo a leggere questo <a href=\"https:\/\/bureburebure.info\/it\/brief-legal-en-contexte-burien\/\">brief legal nel contesto di bure<\/a>.<\/p>\n<\/div><\/details><\/div>\n","protected":false},"excerpt":{"rendered":"<p>Venire e vivere a Bure e intorno<\/p>\n","protected":false},"author":3,"featured_media":0,"parent":0,"menu_order":0,"comment_status":"closed","ping_status":"closed","template":"","meta":{"_locale":"it_IT","_original_post":"http:\/\/bureburebure.info\/?page_id=51","footnotes":""},"class_list":["post-8548","page","type-page","status-publish","hentry","it-IT"],"_links":{"self":[{"href":"https:\/\/bureburebure.info\/wp-json\/wp\/v2\/pages\/8548","targetHints":{"allow":["GET"]}}],"collection":[{"href":"https:\/\/bureburebure.info\/wp-json\/wp\/v2\/pages"}],"about":[{"href":"https:\/\/bureburebure.info\/wp-json\/wp\/v2\/types\/page"}],"author":[{"embeddable":true,"href":"https:\/\/bureburebure.info\/wp-json\/wp\/v2\/users\/3"}],"replies":[{"embeddable":true,"href":"https:\/\/bureburebure.info\/wp-json\/wp\/v2\/comments?post=8548"}],"version-history":[{"count":9,"href":"https:\/\/bureburebure.info\/wp-json\/wp\/v2\/pages\/8548\/revisions"}],"predecessor-version":[{"id":16952,"href":"https:\/\/bureburebure.info\/wp-json\/wp\/v2\/pages\/8548\/revisions\/16952"}],"wp:attachment":[{"href":"https:\/\/bureburebure.info\/wp-json\/wp\/v2\/media?parent=8548"}],"curies":[{"name":"wp","href":"https:\/\/api.w.org\/{rel}","templated":true}]}}