{"id":8564,"date":"2022-04-01T13:44:08","date_gmt":"2022-04-01T13:44:08","guid":{"rendered":"http:\/\/bure3iqeqde7ynpluyuubochndt33wwsbkmo7kgf32bmli4zigjwvzid.onion\/?page_id=8564"},"modified":"2025-11-01T12:54:32","modified_gmt":"2025-11-01T12:54:32","slug":"groupes","status":"publish","type":"page","link":"https:\/\/bureburebure.info\/it\/groupes\/","title":{"rendered":"Gruppi e progetti"},"content":{"rendered":"<h1>I nostri gruppi e progetti<\/h1>\n<p>Ecco alcuni gruppi portati da diversx gravitantx* di Bure e altri in creazione o in progetto.<\/p>\n<p>*Quellx che vivono, quellx che a volte o spesso passano per Bure!<\/p>\n<p>&nbsp;<\/p>\n<div class=\"lightweight-accordion\"><details><summary class=\"lightweight-accordion-title\"><span>Il coordinamento StopCig\u00e9o<\/span><\/summary><div class=\"lightweight-accordion-body\"><p>Il coordinamento StopCig\u00e9o, che si riunisce da diversi anni a Bar-le-Duc, funziona per cooptazione e riunisce i rappresentant* delle diverse associazioni che lottano contro il progetto Cig\u00e9o e altre componenti della lotta, cos\u00ec come persone che sono molto coinvolte e costanti nella lotta da diversi anni.Le riunioni del coordinamento sono riservate e si concentrano sugli aspetti organizzativi e decisionali della complementariet\u00e0 delle pratiche e delle posizioni all&#8217;interno della lotta contro la Cig\u00e9o.<\/p>\n<\/div><\/details><\/div>\n<div class=\"lightweight-accordion\"><details><summary class=\"lightweight-accordion-title\"><span>L'assemblea di lotta<\/span><\/summary><div class=\"lightweight-accordion-body\"><p>L&#8217;assemblea vuole essere uno spazio inclusivo aperto ai curios*, ai\/alle resident* locali cos\u00ec come agli\/alle oppositor* locali e talvolta lontan* (comitati di sostegno e gruppi antinucleari ovunque). L&#8217;assemblea di lotta non vuole essere decisionale, ma piuttosto informativa e discorsiva: \u00e8 lo spazio per la condivisione delle agende e delle informazioni delle diverse componenti della lotta e il luogo di discussione approfondita delle principali preoccupazioni<\/p>\n<\/div><\/details><\/div>\n<div class=\"lightweight-accordion\"><details><summary class=\"lightweight-accordion-title\"><span>Bure Giuridico<\/span><\/summary><div class=\"lightweight-accordion-body\"><p>Uno dei gruppi di lavoro pi\u00f9 costanti e attivi, con la partecipazione di avvocat*, professionisti forestali, geolog*, naturalisti, ecc., oltre a un buon numero di individui attivi all&#8217;interno delle associazioni e dei collettivi di lotta. Questo gruppo si concentra principalmente sui reclami amministrativi contro il progetto Cig\u00e9o e altri progetti nucleari nella zona.<\/p>\n<\/div><\/details><\/div>\n<div class=\"lightweight-accordion\"><details><summary class=\"lightweight-accordion-title\"><span>Il GRADOC<\/span><\/summary><div class=\"lightweight-accordion-body\"><p>Gruppo di studio dei documenti giuridici e amministrativi di Andra e degli affiliati \u00e8 la controparte di Bure Giuridico, un gruppo di lavoro che si riunisce trimestralmente per ordinare i documenti opposti e fornire materiale sia per il ricorso legale che per la divulgazione di informazioni tecniche<\/p>\n<\/div><\/details><\/div>\n<div class=\"lightweight-accordion\"><details><summary class=\"lightweight-accordion-title\"><span>L'anti-repressione \/ Legal Team<\/span><\/summary><div class=\"lightweight-accordion-body\"><p>Esistono due gruppi, con ruoli distinti :<\/p>\n<h3>L&#8217;anti-repressione rurale (ARR)<\/h3>\n<p>Questo \u00e8 un gruppo che agisce a sostegno delle persone che stanno affrontando la legge. Per sostenere queste persone e aiutarle a finanziare le loro procedure, inviate le vostre donazioni a Cacendr, il nostro fondo anti-rep (azione collettiva contro l&#8217;interramento dei rifiuti radioattivi). Grazie!<\/p>\n<p><a href=\"https:\/\/bureburebure.info\/sostenerci\/\">Come inviare donazioni all&#8217;anti-rep?<\/a><\/p>\n<p>Se ricevete una convocazione o avete una tassa da pagare, contattate <strong>arr (at) riseup (dot) net<\/strong>.<\/p>\n<h3>La Legal Team<\/h3>\n<p>In risposta alla repressione, abbiamo creato un team di supporto legale con una presenza permanente a Bure. Il suo obiettivo \u00e8 raccogliere informazioni sulla repressione, durante le manifestazioni o fuori, e sostenere le persone arrestate o ascoltate dalla polizia e i\/le loro car*. La legal team non \u00e8 composta da professionisti e non \u00e8 destinata a sostituire gli\/le avvocat*. D&#8217;altra parte, ha creato una rete di avvocat* e un nome di un&#8217;avvocat* da chiamare in caso di arresto sar\u00e0 distribuito per ogni azione.<\/p>\n<p>Un <a href=\"https:\/\/bureburebure.info\/wp-content\/uploads\/2019\/07\/Legal_brief_italiano.pdf\">briel legale<\/a> \u00e8 stato pubblicato dalla Legal Team, \u00e8 essenziale leggerlo. Vi troverete i principali consigli prima di passare all&#8217;azione, in caso di controllo dell&#8217;identit\u00e0, ecc. Nei giorni di mobilitazione, un numero di telefono trasmesso lo stesso giorno \u00e8 impostato per segnalare gli arresti. Per saperne di pi\u00f9 su questi temi, leggi<a href=\"https:\/\/infokiosques.net\/spip.php?article538\"> &#8220;Affrontare la polizia, affrontare la giustizia&#8221;<\/a> [in francese].<\/p>\n<\/div><\/details><\/div>\n<div class=\"lightweight-accordion\"><details><summary class=\"lightweight-accordion-title\"><span>Scuola guida, la ruota libera<\/span><\/summary><div class=\"lightweight-accordion-body\"><p>Guidare nel sud della Mosa \u00e8 una questione spinosa. Tra i controlli stradali, l&#8217;isolamento geografico e la mancanza di trasporti, avere una patente di guida \u00e8 pratico.<\/p>\n<p>Per evitare di pagare 2000\u20ac e imparare a guidare con un istruttore le cui capacit\u00e0 di insegnamento sono a volte discutibili e le cui affinit\u00e0 sono limitate, \u00e8 possibile fare l&#8217;esame di guida come candidato indipendente.<\/p>\n<p>Per prepararsi, niente di pi\u00f9 semplice, sessioni di codice di gruppo come in una scuola guida ma a casa con gli\/le amic*. Per la guida, avete bisogno di un&#8217;auto con doppio controllo (noi ne abbiamo uno, s\u00ec!) e un&#8217;accompagnatore.trice con pi\u00f9 di 5 anni di patente.<\/p>\n<p>Da quel momento in poi, tutto quello che devi fare \u00e8 andare a infestare le strade del Sud-Meusia in attesa del D-day, sperando di non imbatterti nel flagello della campagna noto anche come gendarmeria. Infatti, anche se tutto \u00e8 legale nel suddetto tubo, la marea non \u00e8 necessariamente a conoscenza degli angoli nascosti della &#8220;riforma Macron&#8221; e tendono ad essere faziosamente pignoli vicino al progetto del gabinetto nucleare.<\/p>\n<p>Maggiori informazioni nell&#8217;opuscolo dove abbiamo preso l&#8217;idea: &#8220;<a href=\"https:\/\/infokiosques.net\/spip.php?article1347\">L&#8217;auto-\u00e9cole buissonni\u00e8re<\/a>&#8221; [in francese].<\/p>\n<p><strong>Contatto : larouelibre [at] riseup.net<\/strong><\/p>\n<\/div><\/details><\/div>\n<div class=\"lightweight-accordion\"><details><summary class=\"lightweight-accordion-title\"><span>Automedia<\/span><\/summary><div class=\"lightweight-accordion-body\"><h3>Cos&#8217;\u00e8 l&#8217;automedia?<\/h3>\n<p>L&#8217;esistenza di un gruppo di automedia, sia durante i grandi eventi che nel quotidiano, ha diversi obiettivi :<\/p>\n<ul>\n<li>Produrre il proprio contenuto informativo senza dipendere dalla buona volont\u00e0 dei media tradizionali (spesso di propriet\u00e0 privata)<\/li>\n<li>Liberarci dagli stereotipi trasmessi da certi giornalisti, decidendo noi stess* come presentarci<\/li>\n<li>Evitare la trappola di essere un portavoce (spesso imposta dai formati di intervista dei grandi media) e diversificare il modo di parlare<\/li>\n<li>Moltiplicare i formati (testi, video, foto, suoni, poster, siti web&#8230;)<\/li>\n<li>Imparare collettivamente a gestire l&#8217;informazione, per uscire dall&#8217;apprensione che tutt* abbiamo nei confronti dei media e della sfida della comunicazione<\/li>\n<li>Fare un monitoraggio dei media, per sapere cosa si dice di noi nei media e poter reagire se necessario<\/li>\n<\/ul>\n<h3>Chi \u00e8?<\/h3>\n<p>Questo gruppo ha una geometria variabile: molte persone partecipano da pi\u00f9 o meno lontano, in un modo o nell&#8217;altro. Stiamo lavorando per rendere l&#8217;automedia il pi\u00f9 ampio e inclusivo possibile, il che non \u00e8 scontato e richiede una costante messa in discussione dei nostri modi di lavorare! Non \u00e8 sempre facile, ma \u00e8 cos\u00ec che si va avanti.<\/p>\n<h3>Come funziona?<\/h3>\n<p>Per raggiungere gli obiettivi un po&#8217; ambiziosi che si \u00e8 posta, l&#8217;automedia di Bure ha acquisito alcuni strumenti nel corso del tempo:<\/p>\n<ul>\n<li>Mezzi di diffusione: <strong>il sito bureburebure.info, il facebook Bure a Cuire, il twitter @ZIRAdies, mailing list come &#8220;bloquonscigeo&#8221;<\/strong><\/li>\n<li>Un&#8217;interfaccia di contatto con i giornalisti, usata il pi\u00f9 collettivamente possibile per evitare di essere un portavoce: l&#8217;indirizzo e-mail <strong>automedia.bure [at] riseup.net<\/strong><\/li>\n<li>Una fitta rubrica, reti di amici in lotta ovunque in Francia e nel mondo che possono aiutarci a far sentire la nostra voce<\/li>\n<li>Abitudini di lavoro collettivo: correzione di testi insieme, strumenti collaborativi (come il blocco online), lavorare insieme su poster, appelli, ecc.<\/li>\n<li>Software libero per produrre, modificare, anonimizzare e pubblicare contenuti.<\/li>\n<\/ul>\n<p>Finora, tutto questo ci ha permesso di dare una buona visibilit\u00e0 alla lotta contro il Cig\u00e9o. Ma dobbiamo sempre essere vigil* per mantenere una rotta giusta, evitare il sensazionalismo, rinnovare il nostro tono, non confiscare la voce delle persone che soffrono l&#8217;oppressione, non diventare smanetton* da social network, ecc. Impariamo anche dai nostri errori!<\/p>\n<\/div><\/details><\/div>\n<div class=\"lightweight-accordion\"><details><summary class=\"lightweight-accordion-title\"><span>Informatica<\/span><\/summary><div class=\"lightweight-accordion-body\"><p>C&#8217;\u00e8 un famoso proverbio che dice : &#8220;Un buon computer \u00e8 un computer che brucia&#8221;. A volte, rischiamo di usare il computer, internet, ecc. Questa non \u00e8 la nostra unica contraddizione, tuttavia cerchiamo di utilizzare il software libero il pi\u00f9 possibile. I nostri computer eseguono invece Debian o Tails, navighiamo con Tor e Bitmask in esecuzione in background, ingombriamo i server con riseup ecc. Per maggiori informazioni, leggete &#8220;<a href=\"https:\/\/infokiosques.net\/lire.php?id_article=1045\">Computer, difendere e attaccare<\/a>&#8221; e la &#8220;<a href=\"https:\/\/guide.boum.org\/\">guida all&#8217;autodifesa digitale<\/a>&#8220;. [in francese]<\/p>\n<\/div><\/details><\/div>\n<div class=\"lightweight-accordion\"><details><summary class=\"lightweight-accordion-title\"><span>Terre di Bure<\/span><\/summary><div class=\"lightweight-accordion-body\"><p>Poich\u00e9 le questioni della terra e dell&#8217;agricoltura sono al centro della lotta, ma anche dei nostri progetti di vita e di insediamento, abbiamo fondato il collettivo &#8220;Terres de Bure&#8221;. Le preoccupazioni di questo gruppo dalla composizione mutevole sono molteplici :<\/p>\n<ul>\n<li>Per allertare sulle pratiche di Andra riguardo alla terra (leggere in particolare l&#8217;opuscolo sul land grabbing, e l&#8217;intervista con Jean-Pierre)<\/li>\n<li>Difendere la riappropriazione della terra da parte di chi la coltiva, attraverso una dinamica di occupazione agricola delle terre messe da parte dalla Safer per Andra. Nel 2017, i campi occupati vicini alla vecchia stazione di Lum\u00e9ville sono piantati con grano, patate e cipolle.<\/li>\n<li>Impostare i mezzi della nostra autonomia alimentare a lungo termine.<\/li>\n<\/ul>\n<p><strong>Contatto : terresdebure [at] riseup.net<\/strong><\/p>\n<\/div><\/details><\/div>\n<div class=\"lightweight-accordion\"><details><summary class=\"lightweight-accordion-title\"><span>Les Semeuses, giardinaggio collettivo<\/span><\/summary><div class=\"lightweight-accordion-body\"><p>&#8220;<strong>Ortaggi contadini e antinucleari!<\/strong><\/p>\n<p>Les Semeuses \u00e8 un collettivo di contadini insediati nella regione della Mosa, vicino a Bure. Il nostro obiettivo \u00e8 quello di coltivare questo territorio minacciato dal progetto nucleare CIGEO per affermare concretamente che le terre agricole sono destinate a nutrire gli abitanti e non a raccogliere i peggiori rifiuti radioattivi per centinaia di migliaia di anni. Questo obiettivo centrale consente molte altre attivit\u00e0 all&#8217;interno dell&#8217;associazione: corsi di formazione sull&#8217;agricoltura ecologica, cucina, discussioni ed eventi politici e culturali intorno alla fattoria.<\/p>\n<p>Distribuiamo regolarmente a prezzo libero a Nancy e nella Mosa.<\/p>\n<p>Il prezzo libero \u00e8 una scelta politica per consentire l&#8217;accesso a cibo di qualit\u00e0 per tutte le borse, generando allo stesso tempo discussioni e riflessioni sulle sfide e i costi reali di una produzione alimentare sostenibile. Offriamo un prezzo indicativo coerente con il nostro modo di coltivare e con i prezzi degli orticoltori locali in vendita diretta.<\/p>\n<p>Organizziamo anche dei cantieri collettivi ogni gioved\u00ec dalle 14h alle 18h, nel sud della Mosa. Iscrizione su alacampagne-subscribe@lists.riseup.net<\/p>\n<p>Per ulteriori informazioni\/informazioni aggiornate su : <a href=\"https:\/\/lessemeuses.noblogs.org\/\">https:\/\/lessemeuses.noblogs.org\/<\/a><\/p>\n<p>Saremo lieti di incontrarvi nei luoghi di distribuzione, nei campi o in uno dei nostri eventi!<br \/>\nLes Semeuses.&#8221;<\/p>\n<\/div><\/details><\/div>\n<div class=\"lightweight-accordion\"><details><summary class=\"lightweight-accordion-title\"><span>Traduc'Bure<\/span><\/summary><div class=\"lightweight-accordion-body\"><p>Abbiamo bisogno di aiuto per tradurre gli articoli pubblicati su bureburebure.info, cos\u00ec come alcuni degli volantini e degli opuscoli che scriviamo e\/o condividiamo qui. Le traduzioni possono essere fatte in qualsiasi lingua.<\/p>\n<p>Comunichiamo tramite una casella di posta elettronica. Se volete partecipare, bene! Basta inviare una mail a <strong>traductions-burebure[a]riseup.net<\/strong><\/p>\n<p>Grazie in anticipo per il vostro aiuto!<\/p>\n<\/div><\/details><\/div>\n<div class=\"lightweight-accordion\"><details><summary class=\"lightweight-accordion-title\"><span>La Medic<\/span><\/summary><div class=\"lightweight-accordion-body\"><p>La Medic si riunisce soprattutto nel periodo che precede le mobilitazioni in cui le persone rischiano di essere ferite, e fornisce un primo soccorso confidenziale e il rispetto del consenso delle persone coinvolte.<\/p>\n<\/div><\/details><\/div>\n<div class=\"lightweight-accordion\"><details><summary class=\"lightweight-accordion-title\"><span>Anarchist Bure Cross<\/span><\/summary><div class=\"lightweight-accordion-body\"><p>Fondato nel 2016, questo \u00e8 un gruppo politico di sostegno alle prigioneri e anti-prigione che segue la tradizione politica anti-prigione dell&#8217;anarchist black cross, una rete anarchica che lotta dal 1900 per l&#8217;abolizione delle prigioni e il sostegno ai prigionieri politici.<\/p>\n<p><a href=\"https:\/\/anarchistburecross.noblogs.org\/anarchist-bure-cross\/\">https:\/\/anarchistburecross.noblogs.org\/anarchist-bure-cross\/<\/a><\/p>\n<p><strong>Contatto : aburecross [at] riseup.net<\/strong><\/p>\n<\/div><\/details><\/div>\n<div class=\"lightweight-accordion\"><details><summary class=\"lightweight-accordion-title\"><span>Ma anche...<\/span><\/summary><div class=\"lightweight-accordion-body\"><p>La panetteria, l&#8217;erboristeria, i diversi progetti agricoli e di orticoltura, i cantieri collettivi, le streghe di Bure (gruppo phyto)&#8230;<\/p>\n<\/div><\/details><\/div>\n","protected":false},"excerpt":{"rendered":"<p>I nostri gruppi e progetti Ecco alcuni gruppi portati da diversx gravitantx* di Bure e altri in creazione o in progetto. *Quellx che vivono, quellx che a volte o spesso passano per Bure! &nbsp;<\/p>\n","protected":false},"author":3,"featured_media":0,"parent":0,"menu_order":0,"comment_status":"closed","ping_status":"closed","template":"","meta":{"_locale":"it_IT","_original_post":"http:\/\/bure3iqeqde7ynpluyuubochndt33wwsbkmo7kgf32bmli4zigjwvzid.onion\/?page_id=924","footnotes":""},"class_list":["post-8564","page","type-page","status-publish","hentry","it-IT"],"_links":{"self":[{"href":"https:\/\/bureburebure.info\/wp-json\/wp\/v2\/pages\/8564","targetHints":{"allow":["GET"]}}],"collection":[{"href":"https:\/\/bureburebure.info\/wp-json\/wp\/v2\/pages"}],"about":[{"href":"https:\/\/bureburebure.info\/wp-json\/wp\/v2\/types\/page"}],"author":[{"embeddable":true,"href":"https:\/\/bureburebure.info\/wp-json\/wp\/v2\/users\/3"}],"replies":[{"embeddable":true,"href":"https:\/\/bureburebure.info\/wp-json\/wp\/v2\/comments?post=8564"}],"version-history":[{"count":4,"href":"https:\/\/bureburebure.info\/wp-json\/wp\/v2\/pages\/8564\/revisions"}],"predecessor-version":[{"id":16011,"href":"https:\/\/bureburebure.info\/wp-json\/wp\/v2\/pages\/8564\/revisions\/16011"}],"wp:attachment":[{"href":"https:\/\/bureburebure.info\/wp-json\/wp\/v2\/media?parent=8564"}],"curies":[{"name":"wp","href":"https:\/\/api.w.org\/{rel}","templated":true}]}}