{"id":8608,"date":"2022-04-01T14:58:21","date_gmt":"2022-04-01T14:58:21","guid":{"rendered":"http:\/\/bure3iqeqde7ynpluyuubochndt33wwsbkmo7kgf32bmli4zigjwvzid.onion\/?page_id=8608"},"modified":"2025-10-31T16:35:01","modified_gmt":"2025-10-31T16:35:01","slug":"comment-publier","status":"publish","type":"page","link":"https:\/\/bureburebure.info\/it\/comment-publier\/","title":{"rendered":"Come pubblicare ?"},"content":{"rendered":"<h1>Come pubblicare ?<\/h1>\n<p>Il sito Bureburebure.info offre la possibilit\u00e0 a tutte le persone di proporre articoli. I comitati di lotta possono avere un account per pubblicare su &#8220;m\u00e9moire d&#8217;ailleurs&#8221; e avere un inserto dedicato a tutti i loro articoli (<a href=\"https:\/\/bureburebure.info\/tag\/comite-lyon\/\">esempio per Lyon<\/a>).<\/p>\n<p><strong>Se vuoi pubblicare ci sono diverse possibilit\u00e0 :<br \/>\n<\/strong><\/p>\n<p>Sei nei dintorni di un luogo che ha la possibilit\u00e0 di pubblicare sul sito, puoi avvicinarti alle persone che hanno i codici per vedere con loro di pubblicare sul sito (non esitare a vedere se c&#8217;\u00e8 un<a href=\"https:\/\/bureburebure.info\/comites\/\"> comitato di lotta<\/a> vicino a te, o se sei nella meuse di passare in uno dei luoghi di lotta) [link in francese]<\/p>\n<p><em>Fai parte di un comitato di lotta ma che non ha ancora un codice.<\/em> Inviaci una mail a bureburebure (at) riseup (dot) net per vedere con noi come fare. La cosa migliore \u00e8 poter vedere fisicamente persone delle persone della lotta (per avere un minimo di fiducia), quindi se tu e il tuo gruppo siete motivat*, gli intercomitati sono un buon momento per scambiare su questo argomento e per chiedere codici.<\/p>\n<p><em>Sei isolat* \/ vuoi proporre un articolo puntualmente \/ altri motivi.<\/em> Puoi proporre un articolo direttamente a bureburebure (at) riseup (dot) net affinch\u00e9 lo pubblichiamo dalla nostra parte. Se lo fai non garantiamo una reattivit\u00e0 a tutti i test.<\/p>\n<p>In ogni caso, se vuoi che le tue mail siano criptate, una chiave pubblica a bureburebure (at) riseup.net pu\u00f2 essere trovata sui server di chiavi con la seguente impronta digitale: 9E48 D340 68C7 9CC2 93BC A989 C3B8 0FF3 CBCD 1BAF<\/p>\n<p><em>Hai un login e un codice?<\/em> Allora<a href=\"http:\/\/bure3iqeqde7ynpluyuubochndt33wwsbkmo7kgf32bmli4zigjwvzid.onion\/wp-login.php?redirect_to=http%3A%2F%2Fbure3iqeqde7ynpluyuubochndt33wwsbkmo7kgf32bmli4zigjwvzid.onion%2Fwp-admin%2F&amp;reauth=1\"> qui \u00e8 dove puoi fare il login<\/a>. Se stai accedendo per la prima volta, leggi il messaggio qui sotto.<\/p>\n<p><strong>Sicurezza <\/strong>:<\/p>\n<p>La lotta a bure \u00e8 particolarmente sorvegliata, fai attenzione a ci\u00f2 che pubblichi (non lasciare alcuna traccia sul tuo computer non criptato dell&#8217;articolo scritto, attento a Windows big brother, se hai il sistema operativo TAILS per pubblicare \u00e8 il migliore). L&#8217;amministrazione \u00e8 necessariamente fatta attraverso Tor (nessun altro modo possibile). Il sito \u00e8 stato ben pensato in termini di sicurezza, anche se hai un account di pubblicazione, ci sono molte cose a cui non avrai accesso ed \u00e8 normale. Quando arrivi per la prima volta all&#8217;amministrazione del sito, ricordati di<strong> consultare la guida di pubblicazione<\/strong> [in francese]. E se hai qualche domanda sulla sicurezza informatica, o se vuoi consigli tecnici \/ organizzare formazioni locali, non esitare a parlarne \/ inviare mail. (e se ti piace leggere, c&#8217;\u00e8 <a href=\"https:\/\/guide.boum.org\">la guida digitale di autodifesa<\/a>) [in francese].<\/p>\n<p>&nbsp;<\/p>\n<p><strong><del>Linea editoriale<\/del> :<\/strong><\/p>\n<p>Su questo sito non esiste una linea editoriale. Se hai un account non ci sar\u00e0 alcuna moderazione. D&#8217;altra parte non ci piacciono i contenuti oppressivi n\u00e9 ci\u00f2 che pu\u00f2 mettere in pericolo le persone che non sono state avvertite per questo (in questi casi si possono fare modifiche dopo \/ si discuteranno \/ l&#8217;account verr\u00e0 cancellato se \u00e8 grave)<\/p>\n","protected":false},"excerpt":{"rendered":"<p>Come pubblicare ? Il sito Bureburebure.info offre la possibilit\u00e0 a tutte le persone di proporre articoli. I comitati di lotta possono avere un account per pubblicare su &#8220;m\u00e9moire d&#8217;ailleurs&#8221; e avere un inserto dedicato a tutti i loro articoli (esempio per Lyon). Se vuoi pubblicare ci sono diverse possibilit\u00e0 : Sei nei dintorni di un&#8230;<\/p>\n","protected":false},"author":3,"featured_media":0,"parent":0,"menu_order":0,"comment_status":"closed","ping_status":"closed","template":"","meta":{"_locale":"it_IT","_original_post":"http:\/\/bure3iqeqde7ynpluyuubochndt33wwsbkmo7kgf32bmli4zigjwvzid.onion\/?page_id=783","footnotes":""},"class_list":["post-8608","page","type-page","status-publish","hentry","it-IT"],"_links":{"self":[{"href":"https:\/\/bureburebure.info\/wp-json\/wp\/v2\/pages\/8608","targetHints":{"allow":["GET"]}}],"collection":[{"href":"https:\/\/bureburebure.info\/wp-json\/wp\/v2\/pages"}],"about":[{"href":"https:\/\/bureburebure.info\/wp-json\/wp\/v2\/types\/page"}],"author":[{"embeddable":true,"href":"https:\/\/bureburebure.info\/wp-json\/wp\/v2\/users\/3"}],"replies":[{"embeddable":true,"href":"https:\/\/bureburebure.info\/wp-json\/wp\/v2\/comments?post=8608"}],"version-history":[{"count":2,"href":"https:\/\/bureburebure.info\/wp-json\/wp\/v2\/pages\/8608\/revisions"}],"predecessor-version":[{"id":15842,"href":"https:\/\/bureburebure.info\/wp-json\/wp\/v2\/pages\/8608\/revisions\/15842"}],"wp:attachment":[{"href":"https:\/\/bureburebure.info\/wp-json\/wp\/v2\/media?parent=8608"}],"curies":[{"name":"wp","href":"https:\/\/api.w.org\/{rel}","templated":true}]}}